{"id":1186,"date":"2021-05-01T15:09:30","date_gmt":"2021-05-01T18:09:30","guid":{"rendered":"https:\/\/fiq.unl.edu.ar\/museo\/archivo\/?page_id=1186"},"modified":"2022-05-17T19:15:46","modified_gmt":"2022-05-17T22:15:46","slug":"microscopio-2","status":"publish","type":"page","link":"https:\/\/fiq.unl.edu.ar\/museo\/archivo\/colecciones\/microscopio-2\/","title":{"rendered":"Microscopio"},"content":{"rendered":"[vc_row][vc_column][vc_empty_space height=&#8221;80px&#8221;]<div class=\"norebro-heading-sc heading text-left\"\n\tid=\"norebro-custom-69e8a5c9c7fc2\" \n\t \n\t>\n\t\n\t\n\t\n\t<h1 class=\"title\">\n\t\tMicroscopio\t<\/h1>\n\n\t\n\t\t\t<p class=\"subtitle\">\n\t\t\t\t\t<\/p>\n\t\t\n<\/div>[vc_empty_space height=&#8221;40px&#8221;][vc_separator][\/vc_column][\/vc_row][vc_row][vc_column width=&#8221;1\/5&#8243;][vc_empty_space height=&#8221;20px&#8221;]<div class=\"norebro-heading-sc heading text-left\"\n\tid=\"norebro-custom-69e8a5c9c80a0\" \n\t \n\t>\n\t\n\t\n\t\n\t<h4 class=\"title\">\n\t\tNombre del equipo\t<\/h4>\n\n\t\n\t\t\t<p class=\"subtitle\">\n\t\t\tMicroscopio \u00d3ptico\t\t<\/p>\n\t\t\n<\/div>[\/vc_column][vc_column width=&#8221;1\/5&#8243;][vc_empty_space height=&#8221;20px&#8221;]<div class=\"norebro-heading-sc heading text-left\"\n\tid=\"norebro-custom-69e8a5c9c8135\" \n\t \n\t>\n\t\n\t\n\t\n\t<h4 class=\"title\">\n\t\tDataci\u00f3n\t<\/h4>\n\n\t\n\t\t\t<p class=\"subtitle\">\n\t\t\tFabricado entre 1958-1961\t\t<\/p>\n\t\t\n<\/div>[\/vc_column][vc_column width=&#8221;1\/5&#8243;][vc_empty_space height=&#8221;20px&#8221;]<div class=\"norebro-heading-sc heading text-left\"\n\tid=\"norebro-custom-69e8a5c9c81b1\" \n\t \n\t>\n\t\n\t\n\t\n\t<h4 class=\"title\">\n\t\tLugar de procedencia\t<\/h4>\n\n\t\n\t\t\t<p class=\"subtitle\">\n\t\t\tAlemania\t\t<\/p>\n\t\t\n<\/div>[\/vc_column][vc_column width=&#8221;1\/5&#8243;][vc_empty_space height=&#8221;20px&#8221;]<div class=\"norebro-heading-sc heading text-left\"\n\tid=\"norebro-custom-69e8a5c9c8220\" \n\t \n\t>\n\t\n\t\n\t\n\t<h4 class=\"title\">\n\t\tMarca\t<\/h4>\n\n\t\n\t\t\t<p class=\"subtitle\">\n\t\t\tErnst Leitz Wetzlar\t\t<\/p>\n\t\t\n<\/div>[\/vc_column][vc_column width=&#8221;1\/5&#8243;][vc_empty_space height=&#8221;20px&#8221;]<div class=\"norebro-heading-sc heading text-left\"\n\tid=\"norebro-custom-69e8a5c9c828e\" \n\t \n\t>\n\t\n\t\n\t\n\t<h4 class=\"title\">\n\t\tEstaci\u00f3n MuSEO\t<\/h4>\n\n\t\n\t\t\t<p class=\"subtitle\">\n\t\t\tEmiliani \/ Damianovich\t\t<\/p>\n\t\t\n<\/div>[\/vc_column][\/vc_row][vc_row][vc_column][vc_empty_space height=&#8221;20px&#8221;][vc_separator][vc_empty_space height=&#8221;40px&#8221;]<div class=\"norebro-gallery-sc gallery-wrap\"\n\tid=\"norebro-custom-images-69e8a5c9c9ccb\"\n\tdata-gallery=\"norebro-custom-69e8a5c9c9cca\"\n\t\t>\n\n\t\n\t<div class=\"vc_row\" data-lazy-container=\"true\">\n\n\t\t\t<div class=\" vc_col-lg-4 vc_col-md-4 vc_col-sm-6 vc_col-xs-12 masonry-block grid-item gallery-image\" data-gallery-item=\"0\" data-lazy-item=\"true\">\n\t\t<div class=\"wrap\">\n\t\t\t\t\t\t<img class=\"gimg\" src=\"https:\/\/fiq.unl.edu.ar\/museo\/archivo\/wp-content\/uploads\/2021\/04\/00063_Microscopio_MuseoFIQ.jpg\" alt=\"\">\n\t\t\t<div class=\"overlay hidden\">\n\t\t\t\t<div class=\"content-center text-center\">\n\t\t\t\t\t<div class=\"wrap\">\n\t\t\t\t\t\t<h4 class=\"inline\">\n\t\t\t\t\t\t\t\t\t\t\t\t\tView Fullscreen\t\t\t\t\t\t\t\t\t\t\t\t<\/h4>\n\t\t\t\t\t\t<div class=\"icon inline ion-ios-plus-empty\"><\/div>\n\t\t\t\t\t<\/div>\n\t\t\t\t<\/div>\n\t\t\t<\/div>\n\t\t\t<div class=\"gallery-description\">\n\t\t\t\t<h3 class=\"title\">00063_Microscopio_MuseoFIQ<\/h3>\n\t\t\t\t<p class=\"subtitle small\">\n\t\t\t\t\t\t\t\t\t<\/p>\n\t\t\t<\/div>\n\t\t<\/div>\n\t<\/div>\n\t\t\t<div class=\" vc_col-lg-4 vc_col-md-4 vc_col-sm-6 vc_col-xs-12 masonry-block grid-item gallery-image\" data-gallery-item=\"1\" data-lazy-item=\"true\">\n\t\t<div class=\"wrap\">\n\t\t\t\t\t\t<img class=\"gimg\" src=\"https:\/\/fiq.unl.edu.ar\/museo\/archivo\/wp-content\/uploads\/2021\/04\/00062_Microscopio_MuseoFIQ.jpg\" alt=\"\">\n\t\t\t<div class=\"overlay hidden\">\n\t\t\t\t<div class=\"content-center text-center\">\n\t\t\t\t\t<div class=\"wrap\">\n\t\t\t\t\t\t<h4 class=\"inline\">\n\t\t\t\t\t\t\t\t\t\t\t\t\tView Fullscreen\t\t\t\t\t\t\t\t\t\t\t\t<\/h4>\n\t\t\t\t\t\t<div class=\"icon inline ion-ios-plus-empty\"><\/div>\n\t\t\t\t\t<\/div>\n\t\t\t\t<\/div>\n\t\t\t<\/div>\n\t\t\t<div class=\"gallery-description\">\n\t\t\t\t<h3 class=\"title\">00062_Microscopio_MuseoFIQ<\/h3>\n\t\t\t\t<p class=\"subtitle small\">\n\t\t\t\t\t\t\t\t\t<\/p>\n\t\t\t<\/div>\n\t\t<\/div>\n\t<\/div>\n\t\t\t<div class=\" vc_col-lg-4 vc_col-md-4 vc_col-sm-6 vc_col-xs-12 masonry-block grid-item gallery-image\" data-gallery-item=\"2\" data-lazy-item=\"true\">\n\t\t<div class=\"wrap\">\n\t\t\t\t\t\t<img class=\"gimg\" src=\"https:\/\/fiq.unl.edu.ar\/museo\/archivo\/wp-content\/uploads\/2021\/04\/00061_Microscopio_MuseoFIQ.jpg\" alt=\"\">\n\t\t\t<div class=\"overlay hidden\">\n\t\t\t\t<div class=\"content-center text-center\">\n\t\t\t\t\t<div class=\"wrap\">\n\t\t\t\t\t\t<h4 class=\"inline\">\n\t\t\t\t\t\t\t\t\t\t\t\t\tView Fullscreen\t\t\t\t\t\t\t\t\t\t\t\t<\/h4>\n\t\t\t\t\t\t<div class=\"icon inline ion-ios-plus-empty\"><\/div>\n\t\t\t\t\t<\/div>\n\t\t\t\t<\/div>\n\t\t\t<\/div>\n\t\t\t<div class=\"gallery-description\">\n\t\t\t\t<h3 class=\"title\">00061_Microscopio_MuseoFIQ<\/h3>\n\t\t\t\t<p class=\"subtitle small\">\n\t\t\t\t\t\t\t\t\t<\/p>\n\t\t\t<\/div>\n\t\t<\/div>\n\t<\/div>\n\t\t\t<div class=\" vc_col-lg-4 vc_col-md-4 vc_col-sm-6 vc_col-xs-12 masonry-block grid-item gallery-image\" data-gallery-item=\"3\" data-lazy-item=\"true\">\n\t\t<div class=\"wrap\">\n\t\t\t\t\t\t<img class=\"gimg\" src=\"https:\/\/fiq.unl.edu.ar\/museo\/archivo\/wp-content\/uploads\/2021\/04\/00060_Microscopio_MuseoFIQ.jpg\" alt=\"\">\n\t\t\t<div class=\"overlay hidden\">\n\t\t\t\t<div class=\"content-center text-center\">\n\t\t\t\t\t<div class=\"wrap\">\n\t\t\t\t\t\t<h4 class=\"inline\">\n\t\t\t\t\t\t\t\t\t\t\t\t\tView Fullscreen\t\t\t\t\t\t\t\t\t\t\t\t<\/h4>\n\t\t\t\t\t\t<div class=\"icon inline ion-ios-plus-empty\"><\/div>\n\t\t\t\t\t<\/div>\n\t\t\t\t<\/div>\n\t\t\t<\/div>\n\t\t\t<div class=\"gallery-description\">\n\t\t\t\t<h3 class=\"title\">00060_Microscopio_MuseoFIQ<\/h3>\n\t\t\t\t<p class=\"subtitle small\">\n\t\t\t\t\t\t\t\t\t<\/p>\n\t\t\t<\/div>\n\t\t<\/div>\n\t<\/div>\n\t\t\t<div class=\" vc_col-lg-4 vc_col-md-4 vc_col-sm-6 vc_col-xs-12 masonry-block grid-item gallery-image\" data-gallery-item=\"4\" data-lazy-item=\"true\">\n\t\t<div class=\"wrap\">\n\t\t\t\t\t\t<img class=\"gimg\" src=\"https:\/\/fiq.unl.edu.ar\/museo\/archivo\/wp-content\/uploads\/2021\/04\/00059_Microscopio_MuseoFIQ.jpg\" alt=\"\">\n\t\t\t<div class=\"overlay hidden\">\n\t\t\t\t<div class=\"content-center text-center\">\n\t\t\t\t\t<div class=\"wrap\">\n\t\t\t\t\t\t<h4 class=\"inline\">\n\t\t\t\t\t\t\t\t\t\t\t\t\tView Fullscreen\t\t\t\t\t\t\t\t\t\t\t\t<\/h4>\n\t\t\t\t\t\t<div class=\"icon inline ion-ios-plus-empty\"><\/div>\n\t\t\t\t\t<\/div>\n\t\t\t\t<\/div>\n\t\t\t<\/div>\n\t\t\t<div class=\"gallery-description\">\n\t\t\t\t<h3 class=\"title\">00059_Microscopio_MuseoFIQ<\/h3>\n\t\t\t\t<p class=\"subtitle small\">\n\t\t\t\t\t\t\t\t\t<\/p>\n\t\t\t<\/div>\n\t\t<\/div>\n\t<\/div>\n\t\t\t<div class=\" vc_col-lg-4 vc_col-md-4 vc_col-sm-6 vc_col-xs-12 masonry-block grid-item gallery-image\" data-gallery-item=\"5\" data-lazy-item=\"true\">\n\t\t<div class=\"wrap\">\n\t\t\t\t\t\t<img class=\"gimg\" src=\"https:\/\/fiq.unl.edu.ar\/museo\/archivo\/wp-content\/uploads\/2021\/04\/00058_Microscopio_MuseoFIQ.jpg\" alt=\"\">\n\t\t\t<div class=\"overlay hidden\">\n\t\t\t\t<div class=\"content-center text-center\">\n\t\t\t\t\t<div class=\"wrap\">\n\t\t\t\t\t\t<h4 class=\"inline\">\n\t\t\t\t\t\t\t\t\t\t\t\t\tView Fullscreen\t\t\t\t\t\t\t\t\t\t\t\t<\/h4>\n\t\t\t\t\t\t<div class=\"icon inline ion-ios-plus-empty\"><\/div>\n\t\t\t\t\t<\/div>\n\t\t\t\t<\/div>\n\t\t\t<\/div>\n\t\t\t<div class=\"gallery-description\">\n\t\t\t\t<h3 class=\"title\">00058_Microscopio_MuseoFIQ<\/h3>\n\t\t\t\t<p class=\"subtitle small\">\n\t\t\t\t\t\t\t\t\t<\/p>\n\t\t\t<\/div>\n\t\t<\/div>\n\t<\/div>\n\t\t\t<div class=\" vc_col-lg-4 vc_col-md-4 vc_col-sm-6 vc_col-xs-12 masonry-block grid-item gallery-image\" data-gallery-item=\"6\" data-lazy-item=\"true\">\n\t\t<div class=\"wrap\">\n\t\t\t\t\t\t<img class=\"gimg\" src=\"https:\/\/fiq.unl.edu.ar\/museo\/archivo\/wp-content\/uploads\/2021\/04\/00057_Microscopio_MuseoFIQ.jpg\" alt=\"\">\n\t\t\t<div class=\"overlay hidden\">\n\t\t\t\t<div class=\"content-center text-center\">\n\t\t\t\t\t<div class=\"wrap\">\n\t\t\t\t\t\t<h4 class=\"inline\">\n\t\t\t\t\t\t\t\t\t\t\t\t\tView Fullscreen\t\t\t\t\t\t\t\t\t\t\t\t<\/h4>\n\t\t\t\t\t\t<div class=\"icon inline ion-ios-plus-empty\"><\/div>\n\t\t\t\t\t<\/div>\n\t\t\t\t<\/div>\n\t\t\t<\/div>\n\t\t\t<div class=\"gallery-description\">\n\t\t\t\t<h3 class=\"title\">00057_Microscopio_MuseoFIQ<\/h3>\n\t\t\t\t<p class=\"subtitle small\">\n\t\t\t\t\t\t\t\t\t<\/p>\n\t\t\t<\/div>\n\t\t<\/div>\n\t<\/div>\n\t\t\t<div class=\" vc_col-lg-4 vc_col-md-4 vc_col-sm-6 vc_col-xs-12 masonry-block grid-item gallery-image\" data-gallery-item=\"7\" data-lazy-item=\"true\">\n\t\t<div class=\"wrap\">\n\t\t\t\t\t\t<img class=\"gimg\" src=\"https:\/\/fiq.unl.edu.ar\/museo\/archivo\/wp-content\/uploads\/2021\/04\/00056_Microscopio_MuseoFIQ.jpg\" alt=\"\">\n\t\t\t<div class=\"overlay hidden\">\n\t\t\t\t<div class=\"content-center text-center\">\n\t\t\t\t\t<div class=\"wrap\">\n\t\t\t\t\t\t<h4 class=\"inline\">\n\t\t\t\t\t\t\t\t\t\t\t\t\tView Fullscreen\t\t\t\t\t\t\t\t\t\t\t\t<\/h4>\n\t\t\t\t\t\t<div class=\"icon inline ion-ios-plus-empty\"><\/div>\n\t\t\t\t\t<\/div>\n\t\t\t\t<\/div>\n\t\t\t<\/div>\n\t\t\t<div class=\"gallery-description\">\n\t\t\t\t<h3 class=\"title\">00056_Microscopio_MuseoFIQ<\/h3>\n\t\t\t\t<p class=\"subtitle small\">\n\t\t\t\t\t\t\t\t\t<\/p>\n\t\t\t<\/div>\n\t\t<\/div>\n\t<\/div>\n\t\t\t<div class=\" vc_col-lg-4 vc_col-md-4 vc_col-sm-6 vc_col-xs-12 masonry-block grid-item gallery-image\" data-gallery-item=\"8\" data-lazy-item=\"true\">\n\t\t<div class=\"wrap\">\n\t\t\t\t\t\t<img class=\"gimg\" src=\"https:\/\/fiq.unl.edu.ar\/museo\/archivo\/wp-content\/uploads\/2021\/04\/00055_Microscopio_MuseoFIQ.jpg\" alt=\"\">\n\t\t\t<div class=\"overlay hidden\">\n\t\t\t\t<div class=\"content-center text-center\">\n\t\t\t\t\t<div class=\"wrap\">\n\t\t\t\t\t\t<h4 class=\"inline\">\n\t\t\t\t\t\t\t\t\t\t\t\t\tView Fullscreen\t\t\t\t\t\t\t\t\t\t\t\t<\/h4>\n\t\t\t\t\t\t<div class=\"icon inline ion-ios-plus-empty\"><\/div>\n\t\t\t\t\t<\/div>\n\t\t\t\t<\/div>\n\t\t\t<\/div>\n\t\t\t<div class=\"gallery-description\">\n\t\t\t\t<h3 class=\"title\">00055_Microscopio_MuseoFIQ<\/h3>\n\t\t\t\t<p class=\"subtitle small\">\n\t\t\t\t\t\t\t\t\t<\/p>\n\t\t\t<\/div>\n\t\t<\/div>\n\t<\/div>\n\t\t<div class=\"clear\"><\/div>\n\n\t<\/div>\n\n\t\n<\/div>\n\n<div class=\"norebro-gallery-opened-sc custom-gallery\"\n\tid=\"norebro-custom-69e8a5c9c9cca\"\n\tdata-options='{\"navClass\":\"\"}'>\n\n\t<div class=\"expand\">\n\t\t<span class=\"ion-android-expand\"><\/span>\n\t<\/div>\n\t<div class=\"close\">\n\t\t<span class=\"ion-ios-close-empty\"><\/span>\n\t<\/div>\n\n<\/div>\n<div class=\"norebro-text-sc \" \n\tid=\"norebro-custom-69e8a5c9c9e20\" \n\t \n\t>\n\n\t<p><a href=\"http:\/\/creativecommons.org\/licenses\/by-nc\/4.0\/\" rel=\"license\"><img style=\"border-width: 0;\" src=\"https:\/\/i.creativecommons.org\/l\/by-nc\/4.0\/80x15.png\" alt=\"Licencia de Creative Commons\" \/> \u00a0<\/a>Archivo Hist\u00f3rico FIQ-UNL by <a href=\"http:\/\/fiq.unl.edu.ar\/\" rel=\"cc:attributionURL\">Facultad de Ingenier\u00eda Qu\u00edmica. UNL<\/a> is licensed under a <a href=\"http:\/\/creativecommons.org\/licenses\/by-nc\/4.0\/\" rel=\"license\">Creative Commons Reconocimiento-NoComercial 4.0 Internacional License<\/a>. Fotograf\u00eda: <a href=\"http:\/\/marianatorresluyo.com.ar\/\" target=\"_blank\" rel=\"noopener\">Mariana Torres Luyo<\/a><\/p>\n\t\n<\/div>[\/vc_column][\/vc_row][vc_row][vc_column width=&#8221;1\/6&#8243;][\/vc_column][vc_column width=&#8221;2\/3&#8243;][vc_empty_space height=&#8221;40px&#8221;]<div class=\"norebro-heading-sc heading text-left\"\n\tid=\"norebro-custom-69e8a5c9c9e92\" \n\t \n\t>\n\t\n\t\n\t\n\t<h3 class=\"title\">\n\t\tDisciplina\t<\/h3>\n\n\t\n\t\t\t<p class=\"subtitle\">\n\t\t\tQu\u00edmica y Biolog\u00eda\t\t<\/p>\n\t\t\n<\/div>[vc_empty_space height=&#8221;40px&#8221;]<div class=\"norebro-heading-sc heading text-left\"\n\tid=\"norebro-custom-69e8a5c9c9f09\" \n\t \n\t>\n\t\n\t\n\t\n\t<h3 class=\"title\">\n\t\t\u00c1rea de investigaci\u00f3n\t<\/h3>\n\n\t\n\t\t\t<p class=\"subtitle\">\n\t\t\tMicrobiolog\u00eda, Qu\u00edmica Biol\u00f3gica\t\t<\/p>\n\t\t\n<\/div>[vc_empty_space height=&#8221;40px&#8221;]<div class=\"norebro-heading-sc heading text-left\"\n\tid=\"norebro-custom-69e8a5c9c9f73\" \n\t \n\t>\n\t\n\t\n\t\n\t<h3 class=\"title\">\n\t\tContexto de uso y descripci\u00f3n t\u00e9cnica\t<\/h3>\n\n\t\n\t\t\t<p class=\"subtitle\">\n\t\t\t\t\t<\/p>\n\t\t\n<\/div><div class=\"norebro-text-sc \" \n\tid=\"norebro-custom-69e8a5c9c9ff5\" \n\t \n\t>\n\n\t<p>En el a\u00f1o 1590, en Midelburg (Holanda), Juan y Zacharias Janssen construyen el que ser\u00eda el primer microscopio compuesto de la historia. De una simplicidad absoluta, consist\u00eda en dos lentes soportados en sendos tubos de lat\u00f3n de unos 25 cm de largo que se deslizaban dentro del otro, facilitando el enfoque. El primer microscopio \u00f3ptico se crea en el a\u00f1o 1696.<\/p>\n<h4><strong>Para qu\u00e9 sirve<\/strong><\/h4>\n<p>Este instrumento ha sido y sigue siendo de gran utilidad, en todos los campos de la ciencia en donde la estructura y la organizaci\u00f3n microsc\u00f3pica es importante en \u00e1reas como la qu\u00edmica para el estudio de cristales, la f\u00edsica en la investigaci\u00f3n de las propiedades f\u00edsicas de los materiales, la geolog\u00eda en \u00e9l an\u00e1lisis de la composici\u00f3n mineral\u00f3gica de algunas rocas; y sobre todo en el campo de la biolog\u00eda; en el estudio de las estructuras microsc\u00f3picas de la materia viva, entre otras.<\/p>\n<h4><strong>C\u00f3mo funciona<\/strong><\/h4>\n<p>Los microscopios \u00f3pticos o fot\u00f3nicos, como se los llama tambi\u00e9n, utilizan la luz como fuente de energ\u00eda y las propiedades de los lentes \u00f3pticos permiten aumentar el tama\u00f1o de los objetos observados. El microscopio m\u00e1s simple es la lente convexa doble con una distancia focal corta. Estas lentes pueden aumentar un objeto hasta 15 veces. Por lo general, se utilizan microscopios compuestos, que disponen de varias lentes con las que se consiguen aumentos mayores. Algunos microscopios \u00f3pticos pueden aumentar un objeto por encima de las 2000 veces.<br \/>\nEl funcionamiento, se da de la siguiente manera: una fuente luminosa env\u00eda rayos de luz a la primera lente (condensador), que concentra los rayos de luz sobre el objeto a observar. Estos rayos atraviesan el objeto y una lente (objetivo) da una imagen aumentada de \u00e9ste. Una segunda lente (ocular), vuelve a aumentar la imagen dada por el objetivo. Esta \u00faltima imagen, es que es recibida por el observador.<\/p>\n\t\n<\/div>[vc_empty_space height=&#8221;40px&#8221;]<div class=\"norebro-heading-sc heading text-left\"\n\tid=\"norebro-custom-69e8a5c9ca04f\" \n\t \n\t>\n\t\n\t\n\t\n\t<h3 class=\"title\">\n\t\tDescripci\u00f3n de materiales\t<\/h3>\n\n\t\n\t\t\t<p class=\"subtitle\">\n\t\t\t\t\t<\/p>\n\t\t\n<\/div><div class=\"norebro-text-sc \" \n\tid=\"norebro-custom-69e8a5c9ca0ed\" \n\t \n\t>\n\n\t<p>Est\u00e1 construido en hierro lacado negro, mientras que las lentes, oculares y piezas m\u00f3viles son de metal plateado. Todas las piezas se encuentran bien conservadas y funcionan de forma fluida, permitiendo la observaci\u00f3n correcta de las muestras. Se encuentra en su caja de guardado de madera.<br \/>\nUn microsc\u00f3pico \u00f3ptico, consta de dos sistemas:<\/p>\n<p><strong>Sistema \u00f3ptico<\/strong><\/p>\n<ul>\n<li>OCULAR: es un lente situado cerca del ojo del observador. Es el encargado de captar y ampliar la imagen formada en los objetivos.<\/li>\n<li>OBJETIVO: es la lenta que se encuentra situada cerca de la preparaci\u00f3n. Amplia la imagen de \u00e9sta, de manera que es un elemento vital que permite ver a trav\u00e9s de los oculares.<\/li>\n<li>CONDENSADOR: es la lente que concentra los rayos luminosos sobre la preparaci\u00f3n.<\/li>\n<li>DIAFRAGMA: regula la cantidad de luz que llega al condensador.<\/li>\n<li>FOCO: dirige los rayos luminosos al condensador.<\/li>\n<\/ul>\n<p><strong>Sistema mec\u00e1nico<\/strong><\/p>\n<ul>\n<li>CUERPO: el microscopio puede ser monocular; de manera que consta de un tubo y un ocular; o binocular, que consta de dos oculares y un tubo. Si es binocular generalmente solamente un tubo del ocular ser\u00e1 ajustable mientras que el otro es fijo.<\/li>\n<li>TUBO: es una c\u00e1mara oscura unida al brazo por medio de una cremallera.<\/li>\n<li>TORNILLOS MACRO Y MICROM\u00c9TRICO: son tornillos de enfoque, mueven la platina hacia arriba y hacia abajo. El macrom\u00e9trico lo realiza de forma r\u00e1pida y el microm\u00e9trico de forma lenta. Ambos llevan incorporados un mando de bloqueo que fija la platina a una determinada altura.<\/li>\n<li>REVOLVER: es un sistema que sostiene los objetivos, y permite la rotaci\u00f3n de los mismos para utilizar uno u otro.<\/li>\n<li>PLATINA: es una plataforma horizontal con un orificio central, sobre el que se coloca la preparaci\u00f3n, que permite el paso de los rayos procedentes de la fuente de iluminaci\u00f3n situada por debajo. Esta plataforma cuenta con dos pinzas que sirven para retener portaobjetos sobre la platina y un sistema de cremallera guiados por dos tornillos de desplazamiento que permiten mover la preparaci\u00f3n hacia delante o hacia atr\u00e1s o de izquierda a derecha y viceversa.<\/li>\n<li>BASE: es la parte inferior del microscopio que permite el sost\u00e9n del mismo.<\/li>\n<\/ul>\n\t\n<\/div>[vc_empty_space height=&#8221;40px&#8221;]<div class=\"norebro-heading-sc heading text-left\"\n\tid=\"norebro-custom-69e8a5c9ca138\" \n\t \n\t>\n\t\n\t\n\t\n\t<h3 class=\"title\">\n\t\tTrayectoria tecnol\u00f3gica\t<\/h3>\n\n\t\n\t\t\t<p class=\"subtitle\">\n\t\t\t\t\t<\/p>\n\t\t\n<\/div><div class=\"norebro-text-sc \" \n\tid=\"norebro-custom-69e8a5c9ca1b6\" \n\t \n\t>\n\n\t<p><strong>Microscopio Electr\u00f3nico:<\/strong> es uno de los microscopios m\u00e1s avanzados. Este microscopio dispone de un ca\u00f1\u00f3n de electrones que chocan contra la muestra, creando una imagen aumentada. Se utilizan lentes electromagn\u00e9ticas para crear campos que dirigen y enfocan el haz de electrones, junto con un sistema de vac\u00edo al interior del microscopio, para que las mol\u00e9culas de aire no desv\u00eden los electrones.<\/p>\n<p><strong>Microscopio Electr\u00f3nico de Barrido:<\/strong> con este microscopio se pueden obtener im\u00e1genes topogr\u00e1ficas tridimensionales del material de estudio. Este emplea un haz de electrones que act\u00faa sobre la superficie del material: all\u00ed los electrones excitan a las mol\u00e9culas de la muestra las cuales emiten un fino haz de electrones secundario que adquieren un movimiento semejante a los observados en un tubo de rayos cat\u00f3dicos, estos electrones son desviados hacia un tubo fotomultiplicador, generando una imagen en una pantalla.<\/p>\n<p><strong>Microscopio Electr\u00f3nico de transmisi\u00f3n:<\/strong> este microscopio permite conocer las ultraestructuras de las c\u00e9lulas y la matriz extracelular, ya que posee un poder de resoluci\u00f3n mayor que el microscopio \u00f3ptico. Este utiliza la propiedad que tienen los haces de electrones de ser desviados por un campo electrost\u00e1tico o electromagn\u00e9tico y de la misma forma que un rayo de luz es refractado al atravesar una lente.<\/p>\n<p><strong>Microscopio Estereosc\u00f3picos:<\/strong> este instrumentos es apropiado para observar para observar objetos de tama\u00f1o relativamente grandes, por lo que no es necesario modificar el objeto a observar. Este tipo de microscopio permite unas distancias que van desde unos pocos cent\u00edmetros a varias decenas de cent\u00edmetros desde la muestra al objetivo, lo que hace muy \u00fatil en bot\u00e1nico, mineralog\u00eda, etc.<\/p>\n<p><strong>Microscopio Fluorescente:<\/strong> es un tipo de microscopio especial. Este tipo de instrumento utiliza la fluorescencia y fosforescencia para formar im\u00e1genes.<\/p>\n\t\n<\/div>[vc_empty_space height=&#8221;40px&#8221;]<div class=\"norebro-heading-sc heading text-left\"\n\tid=\"norebro-custom-69e8a5c9ca204\" \n\t \n\t>\n\t\n\t\n\t\t\t<div class=\"divider\"><\/div>\n\t\n\t<h3 class=\"title\">\n\t\tTransferido a MuSEO\t<\/h3>\n\n\t\n\t\t\t<p class=\"subtitle\">\n\t\t\tDepartamento de Ingenier\u00eda en Alimentos. Microbiolog\u00eda. FIQ-UNL\t\t<\/p>\n\t\t\n<\/div>[\/vc_column][vc_column width=&#8221;1\/6&#8243;][\/vc_column][\/vc_row]\n","protected":false},"excerpt":{"rendered":"<p>[vc_row][vc_column][vc_empty_space height=&#8221;80px&#8221;][vc_empty_space height=&#8221;40px&#8221;][vc_separator][\/vc_column][\/vc_row][vc_row][vc_column width=&#8221;1\/5&#8243;][vc_empty_space height=&#8221;20px&#8221;][\/vc_column][vc_column width=&#8221;1\/5&#8243;][vc_empty_space height=&#8221;20px&#8221;][\/vc_column][vc_column width=&#8221;1\/5&#8243;][vc_empty_space height=&#8221;20px&#8221;][\/vc_column][vc_column width=&#8221;1\/5&#8243;][vc_empty_space height=&#8221;20px&#8221;][\/vc_column][vc_column width=&#8221;1\/5&#8243;][vc_empty_space height=&#8221;20px&#8221;][\/vc_column][\/vc_row][vc_row][vc_column][vc_empty_space height=&#8221;20px&#8221;][vc_separator][vc_empty_space&#8230;<\/p>\n","protected":false},"author":2,"featured_media":0,"parent":1709,"menu_order":0,"comment_status":"closed","ping_status":"closed","template":"","meta":[],"_links":{"self":[{"href":"https:\/\/fiq.unl.edu.ar\/museo\/archivo\/wp-json\/wp\/v2\/pages\/1186"}],"collection":[{"href":"https:\/\/fiq.unl.edu.ar\/museo\/archivo\/wp-json\/wp\/v2\/pages"}],"about":[{"href":"https:\/\/fiq.unl.edu.ar\/museo\/archivo\/wp-json\/wp\/v2\/types\/page"}],"author":[{"embeddable":true,"href":"https:\/\/fiq.unl.edu.ar\/museo\/archivo\/wp-json\/wp\/v2\/users\/2"}],"replies":[{"embeddable":true,"href":"https:\/\/fiq.unl.edu.ar\/museo\/archivo\/wp-json\/wp\/v2\/comments?post=1186"}],"version-history":[{"count":3,"href":"https:\/\/fiq.unl.edu.ar\/museo\/archivo\/wp-json\/wp\/v2\/pages\/1186\/revisions"}],"predecessor-version":[{"id":1286,"href":"https:\/\/fiq.unl.edu.ar\/museo\/archivo\/wp-json\/wp\/v2\/pages\/1186\/revisions\/1286"}],"up":[{"embeddable":true,"href":"https:\/\/fiq.unl.edu.ar\/museo\/archivo\/wp-json\/wp\/v2\/pages\/1709"}],"wp:attachment":[{"href":"https:\/\/fiq.unl.edu.ar\/museo\/archivo\/wp-json\/wp\/v2\/media?parent=1186"}],"curies":[{"name":"wp","href":"https:\/\/api.w.org\/{rel}","templated":true}]}}