{"id":1188,"date":"2021-05-01T15:11:00","date_gmt":"2021-05-01T18:11:00","guid":{"rendered":"https:\/\/fiq.unl.edu.ar\/museo\/archivo\/?page_id=1188"},"modified":"2022-05-17T19:23:00","modified_gmt":"2022-05-17T22:23:00","slug":"microtomo","status":"publish","type":"page","link":"https:\/\/fiq.unl.edu.ar\/museo\/archivo\/colecciones\/microtomo\/","title":{"rendered":"Microtomo"},"content":{"rendered":"[vc_row][vc_column][vc_empty_space height=&#8221;80px&#8221;]<div class=\"norebro-heading-sc heading text-left\"\n\tid=\"norebro-custom-69e1a6396fb1b\" \n\t \n\t>\n\t\n\t\n\t\n\t<h1 class=\"title\">\n\t\tMicr\u00f3tomo\t<\/h1>\n\n\t\n\t\t\t<p class=\"subtitle\">\n\t\t\t\t\t<\/p>\n\t\t\n<\/div>[vc_empty_space height=&#8221;40px&#8221;][vc_separator][\/vc_column][\/vc_row][vc_row][vc_column width=&#8221;1\/5&#8243;][vc_empty_space height=&#8221;20px&#8221;]<div class=\"norebro-heading-sc heading text-left\"\n\tid=\"norebro-custom-69e1a6396fba2\" \n\t \n\t>\n\t\n\t\n\t\n\t<h4 class=\"title\">\n\t\tNombre del equipo\t<\/h4>\n\n\t\n\t\t\t<p class=\"subtitle\">\n\t\t\tMicr\u00f3tomo\t\t<\/p>\n\t\t\n<\/div>[\/vc_column][vc_column width=&#8221;1\/5&#8243;][vc_empty_space height=&#8221;20px&#8221;]<div class=\"norebro-heading-sc heading text-left\"\n\tid=\"norebro-custom-69e1a6396fbd0\" \n\t \n\t>\n\t\n\t\n\t\n\t<h4 class=\"title\">\n\t\tDataci\u00f3n\t<\/h4>\n\n\t\n\t\t\t<p class=\"subtitle\">\n\t\t\tFabricado entre 1935 y 1950\t\t<\/p>\n\t\t\n<\/div>[\/vc_column][vc_column width=&#8221;1\/5&#8243;][vc_empty_space height=&#8221;20px&#8221;]<div class=\"norebro-heading-sc heading text-left\"\n\tid=\"norebro-custom-69e1a6396fbf0\" \n\t \n\t>\n\t\n\t\n\t\n\t<h4 class=\"title\">\n\t\tLugar de procedencia\t<\/h4>\n\n\t\n\t\t\t<p class=\"subtitle\">\n\t\t\tNew York, Estado Unidos\t\t<\/p>\n\t\t\n<\/div>[\/vc_column][vc_column width=&#8221;1\/5&#8243;][vc_empty_space height=&#8221;20px&#8221;]<div class=\"norebro-heading-sc heading text-left\"\n\tid=\"norebro-custom-69e1a6396fc0d\" \n\t \n\t>\n\t\n\t\n\t\n\t<h4 class=\"title\">\n\t\tMarca\t<\/h4>\n\n\t\n\t\t\t<p class=\"subtitle\">\n\t\t\tAmerican Optical\t\t<\/p>\n\t\t\n<\/div>[\/vc_column][vc_column width=&#8221;1\/5&#8243;][vc_empty_space height=&#8221;20px&#8221;]<div class=\"norebro-heading-sc heading text-left\"\n\tid=\"norebro-custom-69e1a6396fc29\" \n\t \n\t>\n\t\n\t\n\t\n\t<h4 class=\"title\">\n\t\tEstaci\u00f3n MuSEO\t<\/h4>\n\n\t\n\t\t\t<p class=\"subtitle\">\n\t\t\tEmiliani\t\t<\/p>\n\t\t\n<\/div>[\/vc_column][\/vc_row][vc_row][vc_column][vc_empty_space height=&#8221;20px&#8221;][vc_separator][vc_empty_space height=&#8221;40px&#8221;]<div class=\"norebro-gallery-sc gallery-wrap\"\n\tid=\"norebro-custom-images-69e1a63970e95\"\n\tdata-gallery=\"norebro-custom-69e1a63970e94\"\n\t\t>\n\n\t\n\t<div class=\"vc_row\" data-lazy-container=\"true\">\n\n\t\t\t<div class=\" vc_col-lg-4 vc_col-md-4 vc_col-sm-6 vc_col-xs-12 masonry-block grid-item gallery-image\" data-gallery-item=\"0\" data-lazy-item=\"true\">\n\t\t<div class=\"wrap\">\n\t\t\t\t\t\t<img class=\"gimg\" src=\"https:\/\/fiq.unl.edu.ar\/museo\/archivo\/wp-content\/uploads\/2021\/04\/00071_Microtomo_MuseoFIQ.jpg\" alt=\"\">\n\t\t\t<div class=\"overlay hidden\">\n\t\t\t\t<div class=\"content-center text-center\">\n\t\t\t\t\t<div class=\"wrap\">\n\t\t\t\t\t\t<h4 class=\"inline\">\n\t\t\t\t\t\t\t\t\t\t\t\t\tView Fullscreen\t\t\t\t\t\t\t\t\t\t\t\t<\/h4>\n\t\t\t\t\t\t<div class=\"icon inline ion-ios-plus-empty\"><\/div>\n\t\t\t\t\t<\/div>\n\t\t\t\t<\/div>\n\t\t\t<\/div>\n\t\t\t<div class=\"gallery-description\">\n\t\t\t\t<h3 class=\"title\">00071_Microtomo_MuseoFIQ<\/h3>\n\t\t\t\t<p class=\"subtitle small\">\n\t\t\t\t\t\t\t\t\t<\/p>\n\t\t\t<\/div>\n\t\t<\/div>\n\t<\/div>\n\t\t\t<div class=\" vc_col-lg-4 vc_col-md-4 vc_col-sm-6 vc_col-xs-12 masonry-block grid-item gallery-image\" data-gallery-item=\"1\" data-lazy-item=\"true\">\n\t\t<div class=\"wrap\">\n\t\t\t\t\t\t<img class=\"gimg\" src=\"https:\/\/fiq.unl.edu.ar\/museo\/archivo\/wp-content\/uploads\/2021\/04\/00070_Microtomo_MuseoFIQ.jpg\" alt=\"\">\n\t\t\t<div class=\"overlay hidden\">\n\t\t\t\t<div class=\"content-center text-center\">\n\t\t\t\t\t<div class=\"wrap\">\n\t\t\t\t\t\t<h4 class=\"inline\">\n\t\t\t\t\t\t\t\t\t\t\t\t\tView Fullscreen\t\t\t\t\t\t\t\t\t\t\t\t<\/h4>\n\t\t\t\t\t\t<div class=\"icon inline ion-ios-plus-empty\"><\/div>\n\t\t\t\t\t<\/div>\n\t\t\t\t<\/div>\n\t\t\t<\/div>\n\t\t\t<div class=\"gallery-description\">\n\t\t\t\t<h3 class=\"title\">00070_Microtomo_MuseoFIQ<\/h3>\n\t\t\t\t<p class=\"subtitle small\">\n\t\t\t\t\t\t\t\t\t<\/p>\n\t\t\t<\/div>\n\t\t<\/div>\n\t<\/div>\n\t\t\t<div class=\" vc_col-lg-4 vc_col-md-4 vc_col-sm-6 vc_col-xs-12 masonry-block grid-item gallery-image\" data-gallery-item=\"2\" data-lazy-item=\"true\">\n\t\t<div class=\"wrap\">\n\t\t\t\t\t\t<img class=\"gimg\" src=\"https:\/\/fiq.unl.edu.ar\/museo\/archivo\/wp-content\/uploads\/2021\/04\/00068_Microtomo_MuseoFIQ.jpg\" alt=\"\">\n\t\t\t<div class=\"overlay hidden\">\n\t\t\t\t<div class=\"content-center text-center\">\n\t\t\t\t\t<div class=\"wrap\">\n\t\t\t\t\t\t<h4 class=\"inline\">\n\t\t\t\t\t\t\t\t\t\t\t\t\tView Fullscreen\t\t\t\t\t\t\t\t\t\t\t\t<\/h4>\n\t\t\t\t\t\t<div class=\"icon inline ion-ios-plus-empty\"><\/div>\n\t\t\t\t\t<\/div>\n\t\t\t\t<\/div>\n\t\t\t<\/div>\n\t\t\t<div class=\"gallery-description\">\n\t\t\t\t<h3 class=\"title\">00068_Microtomo_MuseoFIQ<\/h3>\n\t\t\t\t<p class=\"subtitle small\">\n\t\t\t\t\t\t\t\t\t<\/p>\n\t\t\t<\/div>\n\t\t<\/div>\n\t<\/div>\n\t\t\t<div class=\" vc_col-lg-4 vc_col-md-4 vc_col-sm-6 vc_col-xs-12 masonry-block grid-item gallery-image\" data-gallery-item=\"3\" data-lazy-item=\"true\">\n\t\t<div class=\"wrap\">\n\t\t\t\t\t\t<img class=\"gimg\" src=\"https:\/\/fiq.unl.edu.ar\/museo\/archivo\/wp-content\/uploads\/2021\/04\/00067_Microtomo_MuseoFIQ.jpg\" alt=\"\">\n\t\t\t<div class=\"overlay hidden\">\n\t\t\t\t<div class=\"content-center text-center\">\n\t\t\t\t\t<div class=\"wrap\">\n\t\t\t\t\t\t<h4 class=\"inline\">\n\t\t\t\t\t\t\t\t\t\t\t\t\tView Fullscreen\t\t\t\t\t\t\t\t\t\t\t\t<\/h4>\n\t\t\t\t\t\t<div class=\"icon inline ion-ios-plus-empty\"><\/div>\n\t\t\t\t\t<\/div>\n\t\t\t\t<\/div>\n\t\t\t<\/div>\n\t\t\t<div class=\"gallery-description\">\n\t\t\t\t<h3 class=\"title\">00067_Microtomo_MuseoFIQ<\/h3>\n\t\t\t\t<p class=\"subtitle small\">\n\t\t\t\t\t\t\t\t\t<\/p>\n\t\t\t<\/div>\n\t\t<\/div>\n\t<\/div>\n\t\t\t<div class=\" vc_col-lg-4 vc_col-md-4 vc_col-sm-6 vc_col-xs-12 masonry-block grid-item gallery-image\" data-gallery-item=\"4\" data-lazy-item=\"true\">\n\t\t<div class=\"wrap\">\n\t\t\t\t\t\t<img class=\"gimg\" src=\"https:\/\/fiq.unl.edu.ar\/museo\/archivo\/wp-content\/uploads\/2021\/04\/00066_Microtomo_MuseoFIQ.jpg\" alt=\"\">\n\t\t\t<div class=\"overlay hidden\">\n\t\t\t\t<div class=\"content-center text-center\">\n\t\t\t\t\t<div class=\"wrap\">\n\t\t\t\t\t\t<h4 class=\"inline\">\n\t\t\t\t\t\t\t\t\t\t\t\t\tView Fullscreen\t\t\t\t\t\t\t\t\t\t\t\t<\/h4>\n\t\t\t\t\t\t<div class=\"icon inline ion-ios-plus-empty\"><\/div>\n\t\t\t\t\t<\/div>\n\t\t\t\t<\/div>\n\t\t\t<\/div>\n\t\t\t<div class=\"gallery-description\">\n\t\t\t\t<h3 class=\"title\">00066_Microtomo_MuseoFIQ<\/h3>\n\t\t\t\t<p class=\"subtitle small\">\n\t\t\t\t\t\t\t\t\t<\/p>\n\t\t\t<\/div>\n\t\t<\/div>\n\t<\/div>\n\t\t\t<div class=\" vc_col-lg-4 vc_col-md-4 vc_col-sm-6 vc_col-xs-12 masonry-block grid-item gallery-image\" data-gallery-item=\"5\" data-lazy-item=\"true\">\n\t\t<div class=\"wrap\">\n\t\t\t\t\t\t<img class=\"gimg\" src=\"https:\/\/fiq.unl.edu.ar\/museo\/archivo\/wp-content\/uploads\/2021\/04\/00065_Microtomo_MuseoFIQ.jpg\" alt=\"\">\n\t\t\t<div class=\"overlay hidden\">\n\t\t\t\t<div class=\"content-center text-center\">\n\t\t\t\t\t<div class=\"wrap\">\n\t\t\t\t\t\t<h4 class=\"inline\">\n\t\t\t\t\t\t\t\t\t\t\t\t\tView Fullscreen\t\t\t\t\t\t\t\t\t\t\t\t<\/h4>\n\t\t\t\t\t\t<div class=\"icon inline ion-ios-plus-empty\"><\/div>\n\t\t\t\t\t<\/div>\n\t\t\t\t<\/div>\n\t\t\t<\/div>\n\t\t\t<div class=\"gallery-description\">\n\t\t\t\t<h3 class=\"title\">00065_Microtomo_MuseoFIQ<\/h3>\n\t\t\t\t<p class=\"subtitle small\">\n\t\t\t\t\t\t\t\t\t<\/p>\n\t\t\t<\/div>\n\t\t<\/div>\n\t<\/div>\n\t\t<div class=\"clear\"><\/div>\n\n\t<\/div>\n\n\t\n<\/div>\n\n<div class=\"norebro-gallery-opened-sc custom-gallery\"\n\tid=\"norebro-custom-69e1a63970e94\"\n\tdata-options='{\"navClass\":\"\"}'>\n\n\t<div class=\"expand\">\n\t\t<span class=\"ion-android-expand\"><\/span>\n\t<\/div>\n\t<div class=\"close\">\n\t\t<span class=\"ion-ios-close-empty\"><\/span>\n\t<\/div>\n\n<\/div>\n<div class=\"norebro-text-sc \" \n\tid=\"norebro-custom-69e1a63970f08\" \n\t \n\t>\n\n\t<p><a href=\"http:\/\/creativecommons.org\/licenses\/by-nc\/4.0\/\" rel=\"license\"><img style=\"border-width: 0;\" src=\"https:\/\/i.creativecommons.org\/l\/by-nc\/4.0\/80x15.png\" alt=\"Licencia de Creative Commons\" \/> \u00a0<\/a>Archivo Hist\u00f3rico FIQ-UNL by <a href=\"http:\/\/fiq.unl.edu.ar\/\" rel=\"cc:attributionURL\">Facultad de Ingenier\u00eda Qu\u00edmica. UNL<\/a> is licensed under a <a href=\"http:\/\/creativecommons.org\/licenses\/by-nc\/4.0\/\" rel=\"license\">Creative Commons Reconocimiento-NoComercial 4.0 Internacional License<\/a>. Fotograf\u00eda: <a href=\"http:\/\/marianatorresluyo.com.ar\/\" target=\"_blank\" rel=\"noopener\">Mariana Torres Luyo<\/a><\/p>\n\t\n<\/div>[\/vc_column][\/vc_row][vc_row][vc_column width=&#8221;1\/6&#8243;][\/vc_column][vc_column width=&#8221;2\/3&#8243;][vc_empty_space height=&#8221;40px&#8221;]<div class=\"norebro-heading-sc heading text-left\"\n\tid=\"norebro-custom-69e1a63970f46\" \n\t \n\t>\n\t\n\t\n\t\n\t<h3 class=\"title\">\n\t\tDisciplina\t<\/h3>\n\n\t\n\t\t\t<p class=\"subtitle\">\n\t\t\tBioqu\u00edmica\t\t<\/p>\n\t\t\n<\/div>[vc_empty_space height=&#8221;40px&#8221;]<div class=\"norebro-heading-sc heading text-left\"\n\tid=\"norebro-custom-69e1a63970f66\" \n\t \n\t>\n\t\n\t\n\t\n\t<h3 class=\"title\">\n\t\t\u00c1rea de investigaci\u00f3n\t<\/h3>\n\n\t\n\t\t\t<p class=\"subtitle\">\n\t\t\tMicrobiolog\u00eda, Qu\u00edmica Biol\u00f3gica\t\t<\/p>\n\t\t\n<\/div>[vc_empty_space height=&#8221;40px&#8221;]<div class=\"norebro-heading-sc heading text-left\"\n\tid=\"norebro-custom-69e1a63970f7d\" \n\t \n\t>\n\t\n\t\n\t\n\t<h3 class=\"title\">\n\t\tContexto de uso y descripci\u00f3n t\u00e9cnica\t<\/h3>\n\n\t\n\t\t\t<p class=\"subtitle\">\n\t\t\t\t\t<\/p>\n\t\t\n<\/div><div class=\"norebro-text-sc \" \n\tid=\"norebro-custom-69e1a63970fb5\" \n\t \n\t>\n\n\t<p>Inicialmente fueron llamados m\u00e1quinas de cortar (cutting engines) hasta que en 1839, Chevalier introdujo el nombre de <strong>Micr\u00f3tomo<\/strong>. La primera m\u00e1quina de cortar, desarrollada por Cumming en 1770, funcionaba ajustando la muestra dentro de un cilindro y se proced\u00eda a cortar delgadas capas con una cuchilla. Un micr\u00f3tomo (del griego <em>mikros<\/em>, que significa &#8220;peque\u00f1o&#8221;, y <em>tomo<\/em>, que significa &#8220;parte&#8221; o &#8220;divisi\u00f3n&#8221;) es un instrumento de corte que permite obtener rebanadas muy finas de material, conocidas como <em>secciones<\/em>.<\/p>\n<h4><strong>Para qu\u00e9 sirve<\/strong><\/h4>\n<p>Los micr\u00f3tomos son un instrumento importante de la microscop\u00eda porque permiten la preparaci\u00f3n de muestras para su observaci\u00f3n. Se utilizan para preparar secciones de tejidos blandos animales o vegetales para estudios en el contexto de la histolog\u00eda o de la industria como corcho, madera balsa, y otros como arcillas h\u00famedas, gelatinas densas, poliestireno expandido para microscop\u00eda de luz.<\/p>\n<h4><strong>C\u00f3mo funciona<\/strong><\/h4>\n<p>Los micr\u00f3tomos utilizan cuchillas de acero, vidrio o diamante, dependiendo del tipo de muestra que se est\u00e9 cortado en lonjas y del grosor deseado de las secciones del corte. B\u00e1sicamente el procedimiento consiste en ajustar la muestra para un espesor deseado y realizar el corte, en forma manual o autom\u00e1tica.<br \/>\nExisten 6 tipos b\u00e1sicos de micr\u00f3tomos: <em>de rotaci\u00f3n, de oscilaci\u00f3n, de deslizamiento, de congelaci\u00f3n, con criostato, y ultramicr\u00f3tomo.<\/em><br \/>\nEn el caso del micr\u00f3tomo de mesa Spencer, se trata de un modelo de deslizamiento. Se soporta en la mesa, con la mariposa adosada al tornillo, se ajusta la muestra en el portamuestra, se determina el espesor de la capa a cortar variando la rueda de la parte inferior, y se desliza la cuchilla al ras por el portamuestra.<\/p>\n\t\n<\/div>[vc_empty_space height=&#8221;40px&#8221;]<div class=\"norebro-heading-sc heading text-left\"\n\tid=\"norebro-custom-69e1a63970fcb\" \n\t \n\t>\n\t\n\t\n\t\n\t<h3 class=\"title\">\n\t\tDescripci\u00f3n de materiales\t<\/h3>\n\n\t\n\t\t\t<p class=\"subtitle\">\n\t\t\tConstruido de metal macizo de color negro. Compuesto por una serie de tornillos de ajustes y una cuchilla de corte.\t\t<\/p>\n\t\t\n<\/div>[vc_empty_space height=&#8221;40px&#8221;]<div class=\"norebro-heading-sc heading text-left\"\n\tid=\"norebro-custom-69e1a63970fe2\" \n\t \n\t>\n\t\n\t\n\t\n\t<h3 class=\"title\">\n\t\tTrayectoria tecnol\u00f3gica\t<\/h3>\n\n\t\n\t\t\t<p class=\"subtitle\">\n\t\t\t\t\t<\/p>\n\t\t\n<\/div><div class=\"norebro-text-sc \" \n\tid=\"norebro-custom-69e1a63970ffa\" \n\t \n\t>\n\n\t<p>Originalmente funcionaban en forma manual, con mecanismos sencillos. Hubo grandes progresos en las formas de los filos de las hojas, de distintos materiales (acero, vidrio, diamante), para obtener cortes adecuados para diferentes muestras. Con los modelos m\u00e1s antiguos eran posible cortes el orden de los micrones. Actualmente, con el ultramicrotomo es posible lograr espesores de nanometros para ser usados en microscop\u00eda electr\u00f3nica.<\/p>\n\t\n<\/div>[vc_empty_space height=&#8221;40px&#8221;]<div class=\"norebro-heading-sc heading text-left\"\n\tid=\"norebro-custom-69e1a6397100d\" \n\t \n\t>\n\t\n\t\n\t\t\t<div class=\"divider\"><\/div>\n\t\n\t<h3 class=\"title\">\n\t\tTransferido para MuSEO\t<\/h3>\n\n\t\n\t\t\t<p class=\"subtitle\">\n\t\t\tLaboratorio de Microbiolog\u00eda. FIQ-UNL\t\t<\/p>\n\t\t\n<\/div>[\/vc_column][vc_column width=&#8221;1\/6&#8243;][\/vc_column][\/vc_row]\n","protected":false},"excerpt":{"rendered":"<p>[vc_row][vc_column][vc_empty_space height=&#8221;80px&#8221;][vc_empty_space height=&#8221;40px&#8221;][vc_separator][\/vc_column][\/vc_row][vc_row][vc_column width=&#8221;1\/5&#8243;][vc_empty_space height=&#8221;20px&#8221;][\/vc_column][vc_column width=&#8221;1\/5&#8243;][vc_empty_space height=&#8221;20px&#8221;][\/vc_column][vc_column width=&#8221;1\/5&#8243;][vc_empty_space height=&#8221;20px&#8221;][\/vc_column][vc_column width=&#8221;1\/5&#8243;][vc_empty_space height=&#8221;20px&#8221;][\/vc_column][vc_column width=&#8221;1\/5&#8243;][vc_empty_space height=&#8221;20px&#8221;][\/vc_column][\/vc_row][vc_row][vc_column][vc_empty_space height=&#8221;20px&#8221;][vc_separator][vc_empty_space&#8230;<\/p>\n","protected":false},"author":2,"featured_media":0,"parent":1709,"menu_order":0,"comment_status":"closed","ping_status":"closed","template":"","meta":[],"_links":{"self":[{"href":"https:\/\/fiq.unl.edu.ar\/museo\/archivo\/wp-json\/wp\/v2\/pages\/1188"}],"collection":[{"href":"https:\/\/fiq.unl.edu.ar\/museo\/archivo\/wp-json\/wp\/v2\/pages"}],"about":[{"href":"https:\/\/fiq.unl.edu.ar\/museo\/archivo\/wp-json\/wp\/v2\/types\/page"}],"author":[{"embeddable":true,"href":"https:\/\/fiq.unl.edu.ar\/museo\/archivo\/wp-json\/wp\/v2\/users\/2"}],"replies":[{"embeddable":true,"href":"https:\/\/fiq.unl.edu.ar\/museo\/archivo\/wp-json\/wp\/v2\/comments?post=1188"}],"version-history":[{"count":8,"href":"https:\/\/fiq.unl.edu.ar\/museo\/archivo\/wp-json\/wp\/v2\/pages\/1188\/revisions"}],"predecessor-version":[{"id":1635,"href":"https:\/\/fiq.unl.edu.ar\/museo\/archivo\/wp-json\/wp\/v2\/pages\/1188\/revisions\/1635"}],"up":[{"embeddable":true,"href":"https:\/\/fiq.unl.edu.ar\/museo\/archivo\/wp-json\/wp\/v2\/pages\/1709"}],"wp:attachment":[{"href":"https:\/\/fiq.unl.edu.ar\/museo\/archivo\/wp-json\/wp\/v2\/media?parent=1188"}],"curies":[{"name":"wp","href":"https:\/\/api.w.org\/{rel}","templated":true}]}}