{"id":1653,"date":"2021-05-09T17:39:50","date_gmt":"2021-05-09T20:39:50","guid":{"rendered":"https:\/\/fiq.unl.edu.ar\/museo\/archivo\/?page_id=1653"},"modified":"2021-05-09T17:54:01","modified_gmt":"2021-05-09T20:54:01","slug":"ruben-pantanali","status":"publish","type":"page","link":"https:\/\/fiq.unl.edu.ar\/museo\/archivo\/fotografias\/ruben-pantanali\/","title":{"rendered":"Rub\u00e9n H. R. Pantanali"},"content":{"rendered":"[vc_row][vc_column][vc_empty_space height=&#8221;80px&#8221;][\/vc_column][\/vc_row][vc_row][vc_column width=&#8221;1\/2&#8243;][vc_single_image image=&#8221;1658&#8243; img_size=&#8221;full&#8221; onclick=&#8221;link_image&#8221;][\/vc_column][vc_column width=&#8221;1\/2&#8243;][vc_single_image image=&#8221;1662&#8243; img_size=&#8221;full&#8221; onclick=&#8221;link_image&#8221;][\/vc_column][\/vc_row][vc_row][vc_column width=&#8221;1\/6&#8243;][\/vc_column][vc_column width=&#8221;2\/3&#8243;][vc_empty_space height=&#8221;30px&#8221;]<div class=\"norebro-heading-sc heading text-left\"\n\tid=\"norebro-custom-69e171f96d84d\" \n\t \n\t>\n\t\n\t\n\t\n\t<h3 class=\"title\">\n\t\tRub\u00e9n Hugo Ram\u00f3n Pantanali\t<\/h3>\n\n\t\n\t\t\t<p class=\"subtitle\">\n\t\t\t\t\t<\/p>\n\t\t\n<\/div><div class=\"norebro-text-sc \" \n\tid=\"norebro-custom-69e171f96d8d4\" \n\t \n\t>\n\n\t<p><strong>Trabaj\u00f3 en la FIQ-UNL desde 1959 hasta 1989.<\/strong><\/p>\n<h4><em>Rese\u00f1a de la actividad realizada por el T.C.N. Rub\u00e9n Hugo Pantanali,<\/em><br \/>\n<em>en la Facultad de Ingenier\u00eda Qu\u00edmica (UNL)<\/em><\/h4>\n<p>Egresado de la Escuela Industrial de la Naci\u00f3n, con el t\u00edtulo de T\u00e9cnico Constructor en el a\u00f1o 1945.<br \/>\nHa desarrollado una intensa labor profesional en la Construcci\u00f3n, como socio integrante de varias empresas constructoras privadas.<br \/>\nEn el \u00e1rea publicitaria ha realizado numerosos trabajos de Cat\u00e1logos y Maquetas para importantes Empresas de Instalaciones Industriales de car\u00e1cter internacional.<br \/>\nEspecializado en Fotograf\u00eda T\u00e9cnica y Cient\u00edfica.<br \/>\nEn el a\u00f1o 1958 a requerimiento del Ing. Mario Samat\u00e1n (C\u00e1tedra de Construcciones Industriales), por la FIQ, se incorpora a la misma, para efectuar dibujos en chapas de aluminio destinadas a la impresi\u00f3n de apuntes, por el sistema Rotaprint.<br \/>\nDada la creciente demanda por parte de las C\u00e1tedras e Institutos de Investigaci\u00f3n, presenta un Anteproyecto para la creaci\u00f3n de la Secci\u00f3n Material Did\u00e1ctico y Diagramaci\u00f3n siendo \u00e9ste aprobado con fecha 1\u00b0 de Diciembre de 1964, Resoluci\u00f3n 1125.<br \/>\nEn el \u00c1rea de Laboratorio Fotogr\u00e1fico, en colaboraci\u00f3n permanente y creciente de esta Secci\u00f3n a las C\u00e1tedras y Dependencias que solicitasen, como as\u00ed tambi\u00e9n, preparaci\u00f3n y exhibici\u00f3n de Audiovisuales.<br \/>\nSeria imposible enumerar la variedad y cantidad de trabajos realizados para las distintas dependencias de la Facultad y colaboraci\u00f3n a otras Instituciones particulares y estatales (Museo Etnogr\u00e1fico, Cooperativa Sanear, FIAT, etc.)<br \/>\nEn el per\u00edodo de Julio 1959 a Mayo de 1965 fueron proyectadas, para nuestra Casa de Altos Estudios y otras Cooperativas e Institutos Privados, 177 muestras cinematogr\u00e1\u00adficas, haciendo un total de 465 pel\u00edculas.<br \/>\nEn la tarea profesional como T\u00e9cnico Constructor a realizado numerosas obras interviniendo entre otros, en el proyecto y direcci\u00f3n de los dos Comedores Universitarios, Bar de la Universidad, Emisora LT 1O, Sal\u00f3n de Actos\u00ab Malvinas Argentinas\u00bb, de la FIQ, C\u00fapula y Linterna del Oct\u00f3gono de la misma, como as\u00ed tambi\u00e9n variadas Obras de Remodelaci\u00f3n de laboratorios y gabinetes de investigaci\u00f3n, etc.<br \/>\nFinalmente y por iniciativa propia, llev\u00f3 a cabo, la recopilaci\u00f3n, ordenamiento y reproducci\u00f3n de todo el material hist\u00f3rico, referente al archivo fotogr\u00e1fico de nuestra Facultad de Ingenier\u00eda Qu\u00edmica; el que consta de 595 fotograf\u00edas, fielmente estructuradas en \u00e1lbumes, dicho incomparable patrimonio fue cedido a esta Casa en fecha 31 de mayo de 1989, siendo la misma depositaria la Secci\u00f3n de Material Did\u00e1ctico, ya que es actualizada continuamente.<\/p>\n\t\n<\/div>[vc_empty_space height=&#8221;10px&#8221;][vc_single_image image=&#8221;1660&#8243; img_size=&#8221;full&#8221; onclick=&#8221;link_image&#8221;][vc_empty_space height=&#8221;30px&#8221;][\/vc_column][vc_column width=&#8221;1\/6&#8243;][\/vc_column][\/vc_row]\n","protected":false},"excerpt":{"rendered":"<p>[vc_row][vc_column][vc_empty_space height=&#8221;80px&#8221;][\/vc_column][\/vc_row][vc_row][vc_column width=&#8221;1\/2&#8243;][vc_single_image image=&#8221;1658&#8243; img_size=&#8221;full&#8221; onclick=&#8221;link_image&#8221;][\/vc_column][vc_column width=&#8221;1\/2&#8243;][vc_single_image image=&#8221;1662&#8243; img_size=&#8221;full&#8221; onclick=&#8221;link_image&#8221;][\/vc_column][\/vc_row][vc_row][vc_column width=&#8221;1\/6&#8243;][\/vc_column][vc_column width=&#8221;2\/3&#8243;][vc_empty_space height=&#8221;30px&#8221;][vc_empty_space height=&#8221;10px&#8221;][vc_single_image&#8230;<\/p>\n","protected":false},"author":2,"featured_media":0,"parent":188,"menu_order":0,"comment_status":"closed","ping_status":"closed","template":"","meta":[],"_links":{"self":[{"href":"https:\/\/fiq.unl.edu.ar\/museo\/archivo\/wp-json\/wp\/v2\/pages\/1653"}],"collection":[{"href":"https:\/\/fiq.unl.edu.ar\/museo\/archivo\/wp-json\/wp\/v2\/pages"}],"about":[{"href":"https:\/\/fiq.unl.edu.ar\/museo\/archivo\/wp-json\/wp\/v2\/types\/page"}],"author":[{"embeddable":true,"href":"https:\/\/fiq.unl.edu.ar\/museo\/archivo\/wp-json\/wp\/v2\/users\/2"}],"replies":[{"embeddable":true,"href":"https:\/\/fiq.unl.edu.ar\/museo\/archivo\/wp-json\/wp\/v2\/comments?post=1653"}],"version-history":[{"count":6,"href":"https:\/\/fiq.unl.edu.ar\/museo\/archivo\/wp-json\/wp\/v2\/pages\/1653\/revisions"}],"predecessor-version":[{"id":1665,"href":"https:\/\/fiq.unl.edu.ar\/museo\/archivo\/wp-json\/wp\/v2\/pages\/1653\/revisions\/1665"}],"up":[{"embeddable":true,"href":"https:\/\/fiq.unl.edu.ar\/museo\/archivo\/wp-json\/wp\/v2\/pages\/188"}],"wp:attachment":[{"href":"https:\/\/fiq.unl.edu.ar\/museo\/archivo\/wp-json\/wp\/v2\/media?parent=1653"}],"curies":[{"name":"wp","href":"https:\/\/api.w.org\/{rel}","templated":true}]}}