{"id":1726,"date":"2022-05-17T19:44:03","date_gmt":"2022-05-17T22:44:03","guid":{"rendered":"https:\/\/fiq.unl.edu.ar\/museo\/archivo\/?page_id=1726"},"modified":"2022-05-17T20:48:27","modified_gmt":"2022-05-17T23:48:27","slug":"venturina-catalina-broggini","status":"publish","type":"page","link":"https:\/\/fiq.unl.edu.ar\/museo\/archivo\/colecciones\/venturina-catalina-broggini\/","title":{"rendered":"Venturina Catalina Broggini"},"content":{"rendered":"[vc_row][vc_column][vc_empty_space height=&#8221;80px&#8221;][\/vc_column][\/vc_row][vc_row][vc_column width=&#8221;1\/6&#8243;][\/vc_column][vc_column width=&#8221;2\/3&#8243;]<div class=\"norebro-heading-sc heading text-left\"\n\tid=\"norebro-custom-69e194e363e10\" \n\t \n\t>\n\t\n\t\n\t\n\t<h2 class=\"title\">\n\t\tVenturina Catalina Broggini: el desaf\u00edo de romper las reglas\t<\/h2>\n\n\t\n\t\t\t<p class=\"subtitle\">\n\t\t\t\t\t<\/p>\n\t\t\n<\/div><div class=\"norebro-heading-sc heading text-left\"\n\tid=\"norebro-custom-69e194e363e75\" \n\t \n\t>\n\t\n\t\n\t\n\t<h2 class=\"title\">\n\t\tFuera de todo lo preestablecido para los estudios universitarios de la \u00e9poca, fue la primera mujer en Argentina en obtener el t\u00edtulo de Ingeniera Qu\u00edmica. Lo hizo en 1934 en la Facultad de Qu\u00edmica Industrial y Agr\u00edcola (hoy FIQ-UNL).\t<\/h2>\n\n\t\n\t\t\t<p class=\"subtitle\">\n\t\t\t\t\t<\/p>\n\t\t\n<\/div>[vc_empty_space height=&#8221;10px&#8221;][vc_single_image image=&#8221;1725&#8243; img_size=&#8221;full&#8221;][vc_empty_space height=&#8221;10px&#8221;]<div class=\"norebro-text-sc \" \n\tid=\"norebro-custom-69e194e363ec9\" \n\t \n\t>\n\n\t<p>Corr\u00eda el a\u00f1o 1934 y en Argentina transcurr\u00eda la llamada D\u00e9cada Infame, un per\u00edodo de nuestra historia pol\u00edtica que inici\u00f3 en 1930 con el golpe de estado c\u00edvico-militar que derroc\u00f3 al presidente radical Hip\u00f3lito Yrigoyen y finaliz\u00f3 en 1943 con el golpe de estado militar que derroc\u00f3 al presidente conservador Ram\u00f3n Castillo.<br \/>\nEn lo socio-econ\u00f3mico, las clases medias (en su mayor\u00eda de origen inmigratorio) se acomodaban en el pr\u00f3spero pa\u00eds agroexportador. Fue una de las etapas de mayor crecimiento econ\u00f3mico de Argentina, en el que estas familias so\u00f1aban con que sus hijos accedan a la Universidad. Tambi\u00e9n era un momento de la historia en el que no era com\u00fan ver estudiantes mujeres por los pasillos de las facultades y mucho menos, que lleguen a graduarse.<\/p>\n<p>En este contexto, una joven santafesina se aventuraba a desafiar los l\u00edmites y romp\u00eda las reglas. Venturina Catalina Broggini ingres\u00f3 en la d\u00e9cada del \u201820 como una de las pocas estudiantes mujeres de la \u00e9poca a la, por entonces, Facultad de Qu\u00edmica Industrial y Agr\u00edcola de la Universidad Nacional del Litoral (hoy Facultad de Ingenier\u00eda Qu\u00edmica). Con la fuerza del significado de su nombre (inquieta, que se aventura a los desaf\u00edos y consigue concretar sus deseos), Venturina estudi\u00f3 la carrera de Ingenier\u00eda Qu\u00edmica y se gradu\u00f3 en 1934. Se convert\u00eda as\u00ed en la primera mujer en obtener este t\u00edtulo y lo hizo tan s\u00f3lo 9 a\u00f1os despu\u00e9s del que primer hombre lo hiciera en 1925.<\/p>\n<p>Para graduarse, la hija del inmigrante italiano Manuel Broggini y de la argentina Catalina C. de Broggini, defendi\u00f3 su tesis titulada: \u201cAlgunas investigaciones sobre la influencia de la electricidad en la actividad diasta\u0301sica durante la germinacio\u0301n de la cebada\u201d. La misma fue publicada en los Anales del Instituto de Investigaci\u00f3n (Vol. III).<\/p>\n<h3><strong>De ayudante alumna a jefa de laboratorio<\/strong><\/h3>\n<p>En FIQ comenz\u00f3 su carrera acad\u00e9mica siendo Ayudante del Laboratorio de Qu\u00edmica Anal\u00edtica en el a\u00f1o 1933. Hizo toda su carrera docente en dicha facultad siendo profesora interina, profesora adjunta y profesora asociada, llegando a ser Profesora titular con dedicaci\u00f3n exclusiva en 1961. Asimismo, desde 1956 fue Profesora titular de An\u00e1lisis Industrial y de Qu\u00edmica Anal\u00edtica General en la Escuela Industrial Superior de la UNL. Su carrera docente culmin\u00f3 en 1963, a\u00f1o en el que se jubil\u00f3. Durante estos a\u00f1os (a partir de 1955) tambi\u00e9n integr\u00f3 el Consejo Consultivo del Instituto de Profesorado dependiente del Instituto Social.<\/p>\n<p>Fuera del \u00e1mbito acad\u00e9mico, luego de recibirse, se desempe\u00f1\u00f3 como Qu\u00edmica de la Oficina Qu\u00edmica Municipal de Santa Fe a partir de 1934 siendo nombrada en 1945 Qu\u00edmica jefe de Laboratorio, Ministerio de Salud P\u00fablica, Instituto Bromatol\u00f3gico de Santa Fe. Cumpli\u00f3 esta labor hasta 1954 cuando se retir\u00f3 y dedic\u00f3 todas sus horas laborales a la actividad acad\u00e9mica en la FIQ.<\/p>\n<p>\u201cLa historia de Venturina no es la de una estudiante m\u00e1s. Sin lugar a dudas, sent\u00f3 un precedente fundamental en la vida de la FIQ, pero tambi\u00e9n en la historia de la Ingenier\u00eda Qu\u00edmica en el pa\u00eds. Gracias a este hito muchas mujeres se atrevieron a imaginarse profesionales y a pensar que otro futuro era posible\u201d, expres\u00f3 Lucrecia Wilson, Secretaria General de FIQ. \u201cEs un hecho que hay que contextualizarlo en esa \u00e9poca en la que muy pocas mujeres ten\u00edan lugar en las aulas, ya sean estudiantes como docentes. No sabemos a ciencia cierta cu\u00e1l fue el camino recorrido por Venturina para obtener el t\u00edtulo, pero es -sin titubeos- una referente de esta Casa, que queremos visibilizar en el mes de la mujer\u201d.<\/p>\n<h6><a href=\"https:\/\/www.fiq.unl.edu.ar\/ver-noticia\/?nid=53960\" target=\"_blank\" rel=\"noopener\">Prensa FIQ | UNL<\/a><\/h6>\n\t\n<\/div>[vc_empty_space height=&#8221;10px&#8221;]<div class=\"norebro-button-sc btn-wrap text-left\" \n\tid=\"norebro-custom-69e194e363f04\"\n\t \n\t>\n\n\t<a href=\"https:\/\/fiq.unl.edu.ar\/museo\/archivo\/project\/asociacion-quimica-argentina\/\" \n\t\tclass=\"btn  btn-squared btn-outline\">\n\n\t\t\n\t\t<span class=\"text\">\n\t\t\tFotograf\u00eda\t\t<\/span>\n\n\t\t\n\t\t\t<\/a>\n\n<\/div>[\/vc_column][vc_column width=&#8221;1\/6&#8243;][\/vc_column][\/vc_row][vc_row][vc_column][vc_empty_space height=&#8221;80px&#8221;]<div class=\"norebro-gallery-sc gallery-wrap\"\n\tid=\"norebro-custom-images-69e194e364ff9\"\n\tdata-gallery=\"norebro-custom-69e194e364ff8\"\n\t\t>\n\n\t\n\t<div class=\"vc_row norebro-masonry\" data-lazy-container=\"true\">\n\n\t\t\t<div class=\" vc_col-lg-4 vc_col-md-4 vc_col-sm-6 vc_col-xs-12 metro-style masonry-block grid-item gallery-image\" data-gallery-item=\"0\" data-lazy-item=\"true\">\n\t\t<div class=\"wrap\">\n\t\t\t\t\t\t<div class=\"tmp-image\" data-norebro-bg-image=\"https:\/\/fiq.unl.edu.ar\/museo\/archivo\/wp-content\/uploads\/2022\/05\/Venturina-Catalina-Broggini_Ficha-individual-Hoja01-scaled.jpg\"><\/div>\n\t\t\t\t\t\t<img class=\"gimg\" src=\"https:\/\/fiq.unl.edu.ar\/museo\/archivo\/wp-content\/uploads\/2022\/05\/Venturina-Catalina-Broggini_Ficha-individual-Hoja01-scaled.jpg\" alt=\"\">\n\t\t\t<div class=\"overlay with-title\">\n\t\t\t\t<div class=\"content-center text-center\">\n\t\t\t\t\t<div class=\"wrap\">\n\t\t\t\t\t\t<h4 class=\"inline\">\n\t\t\t\t\t\t\t\t\t\t\t\t\tVenturina-Catalina-Broggini_Ficha-individual-Hoja01\t\t\t\t\t\t\t\t\t\t\t\t<\/h4>\n\t\t\t\t\t\t<div class=\"icon inline ion-ios-plus-empty\"><\/div>\n\t\t\t\t\t<\/div>\n\t\t\t\t<\/div>\n\t\t\t<\/div>\n\t\t\t<div class=\"gallery-description\">\n\t\t\t\t<h3 class=\"title\">Venturina-Catalina-Broggini_Ficha-individual-Hoja01<\/h3>\n\t\t\t\t<p class=\"subtitle small\">\n\t\t\t\t\t\t\t\t\t<\/p>\n\t\t\t<\/div>\n\t\t<\/div>\n\t<\/div>\n\t\t\t<div class=\" vc_col-lg-4 vc_col-md-4 vc_col-sm-6 vc_col-xs-12 metro-style masonry-block grid-item gallery-image\" data-gallery-item=\"1\" data-lazy-item=\"true\">\n\t\t<div class=\"wrap\">\n\t\t\t\t\t\t<div class=\"tmp-image\" data-norebro-bg-image=\"https:\/\/fiq.unl.edu.ar\/museo\/archivo\/wp-content\/uploads\/2022\/05\/Venturina-Catalina-Broggini_Ficha-individual-2-1.png\"><\/div>\n\t\t\t\t\t\t<img class=\"gimg\" src=\"https:\/\/fiq.unl.edu.ar\/museo\/archivo\/wp-content\/uploads\/2022\/05\/Venturina-Catalina-Broggini_Ficha-individual-2-1.png\" alt=\"\">\n\t\t\t<div class=\"overlay with-title\">\n\t\t\t\t<div class=\"content-center text-center\">\n\t\t\t\t\t<div class=\"wrap\">\n\t\t\t\t\t\t<h4 class=\"inline\">\n\t\t\t\t\t\t\t\t\t\t\t\t\tVenturina Catalina Broggini_Ficha individual (2)\t\t\t\t\t\t\t\t\t\t\t\t<\/h4>\n\t\t\t\t\t\t<div class=\"icon inline ion-ios-plus-empty\"><\/div>\n\t\t\t\t\t<\/div>\n\t\t\t\t<\/div>\n\t\t\t<\/div>\n\t\t\t<div class=\"gallery-description\">\n\t\t\t\t<h3 class=\"title\">Venturina Catalina Broggini_Ficha individual (2)<\/h3>\n\t\t\t\t<p class=\"subtitle small\">\n\t\t\t\t\t\t\t\t\t<\/p>\n\t\t\t<\/div>\n\t\t<\/div>\n\t<\/div>\n\t\t\t<div class=\" vc_col-lg-4 vc_col-md-4 vc_col-sm-6 vc_col-xs-12 metro-style masonry-block grid-item gallery-image\" data-gallery-item=\"2\" data-lazy-item=\"true\">\n\t\t<div class=\"wrap\">\n\t\t\t\t\t\t<div class=\"tmp-image\" data-norebro-bg-image=\"https:\/\/fiq.unl.edu.ar\/museo\/archivo\/wp-content\/uploads\/2022\/05\/Venturina-Catalina-Broggini_Ficha-individual-Hoja03-scaled.jpg\"><\/div>\n\t\t\t\t\t\t<img class=\"gimg\" src=\"https:\/\/fiq.unl.edu.ar\/museo\/archivo\/wp-content\/uploads\/2022\/05\/Venturina-Catalina-Broggini_Ficha-individual-Hoja03-scaled.jpg\" alt=\"\">\n\t\t\t<div class=\"overlay with-title\">\n\t\t\t\t<div class=\"content-center text-center\">\n\t\t\t\t\t<div class=\"wrap\">\n\t\t\t\t\t\t<h4 class=\"inline\">\n\t\t\t\t\t\t\t\t\t\t\t\t\tVenturina-Catalina-Broggini_Ficha-individual-Hoja03\t\t\t\t\t\t\t\t\t\t\t\t<\/h4>\n\t\t\t\t\t\t<div class=\"icon inline ion-ios-plus-empty\"><\/div>\n\t\t\t\t\t<\/div>\n\t\t\t\t<\/div>\n\t\t\t<\/div>\n\t\t\t<div class=\"gallery-description\">\n\t\t\t\t<h3 class=\"title\">Venturina-Catalina-Broggini_Ficha-individual-Hoja03<\/h3>\n\t\t\t\t<p class=\"subtitle small\">\n\t\t\t\t\t\t\t\t\t<\/p>\n\t\t\t<\/div>\n\t\t<\/div>\n\t<\/div>\n\t\t\t<div class=\" vc_col-lg-4 vc_col-md-4 vc_col-sm-6 vc_col-xs-12 metro-style masonry-block grid-item gallery-image\" data-gallery-item=\"3\" data-lazy-item=\"true\">\n\t\t<div class=\"wrap\">\n\t\t\t\t\t\t<div class=\"tmp-image\" data-norebro-bg-image=\"https:\/\/fiq.unl.edu.ar\/museo\/archivo\/wp-content\/uploads\/2022\/05\/Venturina-Catalina-Broggini_Ficha-individual-Hoja04-scaled.jpg\"><\/div>\n\t\t\t\t\t\t<img class=\"gimg\" src=\"https:\/\/fiq.unl.edu.ar\/museo\/archivo\/wp-content\/uploads\/2022\/05\/Venturina-Catalina-Broggini_Ficha-individual-Hoja04-scaled.jpg\" alt=\"\">\n\t\t\t<div class=\"overlay with-title\">\n\t\t\t\t<div class=\"content-center text-center\">\n\t\t\t\t\t<div class=\"wrap\">\n\t\t\t\t\t\t<h4 class=\"inline\">\n\t\t\t\t\t\t\t\t\t\t\t\t\tVenturina-Catalina-Broggini_Ficha-individual-Hoja04\t\t\t\t\t\t\t\t\t\t\t\t<\/h4>\n\t\t\t\t\t\t<div class=\"icon inline ion-ios-plus-empty\"><\/div>\n\t\t\t\t\t<\/div>\n\t\t\t\t<\/div>\n\t\t\t<\/div>\n\t\t\t<div class=\"gallery-description\">\n\t\t\t\t<h3 class=\"title\">Venturina-Catalina-Broggini_Ficha-individual-Hoja04<\/h3>\n\t\t\t\t<p class=\"subtitle small\">\n\t\t\t\t\t\t\t\t\t<\/p>\n\t\t\t<\/div>\n\t\t<\/div>\n\t<\/div>\n\t\t\t<div class=\" vc_col-lg-4 vc_col-md-4 vc_col-sm-6 vc_col-xs-12 metro-style masonry-block grid-item gallery-image\" data-gallery-item=\"4\" data-lazy-item=\"true\">\n\t\t<div class=\"wrap\">\n\t\t\t\t\t\t<div class=\"tmp-image\" data-norebro-bg-image=\"https:\/\/fiq.unl.edu.ar\/museo\/archivo\/wp-content\/uploads\/2022\/05\/Venturina-Catalina-Broggini_Cerftificado-de-servicios-1.jpeg\"><\/div>\n\t\t\t\t\t\t<img class=\"gimg\" src=\"https:\/\/fiq.unl.edu.ar\/museo\/archivo\/wp-content\/uploads\/2022\/05\/Venturina-Catalina-Broggini_Cerftificado-de-servicios-1.jpeg\" alt=\"\">\n\t\t\t<div class=\"overlay with-title\">\n\t\t\t\t<div class=\"content-center text-center\">\n\t\t\t\t\t<div class=\"wrap\">\n\t\t\t\t\t\t<h4 class=\"inline\">\n\t\t\t\t\t\t\t\t\t\t\t\t\tVenturina Catalina Broggini_Cerftificado de servicios (1)\t\t\t\t\t\t\t\t\t\t\t\t<\/h4>\n\t\t\t\t\t\t<div class=\"icon inline ion-ios-plus-empty\"><\/div>\n\t\t\t\t\t<\/div>\n\t\t\t\t<\/div>\n\t\t\t<\/div>\n\t\t\t<div class=\"gallery-description\">\n\t\t\t\t<h3 class=\"title\">Venturina Catalina Broggini_Cerftificado de servicios (1)<\/h3>\n\t\t\t\t<p class=\"subtitle small\">\n\t\t\t\t\t\t\t\t\t<\/p>\n\t\t\t<\/div>\n\t\t<\/div>\n\t<\/div>\n\t\t\t<div class=\" vc_col-lg-4 vc_col-md-4 vc_col-sm-6 vc_col-xs-12 metro-style masonry-block grid-item gallery-image\" data-gallery-item=\"5\" data-lazy-item=\"true\">\n\t\t<div class=\"wrap\">\n\t\t\t\t\t\t<div class=\"tmp-image\" data-norebro-bg-image=\"https:\/\/fiq.unl.edu.ar\/museo\/archivo\/wp-content\/uploads\/2022\/05\/Venturina-Catalina-Broggini_Registro-Diploma.png\"><\/div>\n\t\t\t\t\t\t<img class=\"gimg\" src=\"https:\/\/fiq.unl.edu.ar\/museo\/archivo\/wp-content\/uploads\/2022\/05\/Venturina-Catalina-Broggini_Registro-Diploma.png\" alt=\"\">\n\t\t\t<div class=\"overlay with-title\">\n\t\t\t\t<div class=\"content-center text-center\">\n\t\t\t\t\t<div class=\"wrap\">\n\t\t\t\t\t\t<h4 class=\"inline\">\n\t\t\t\t\t\t\t\t\t\t\t\t\tVenturina Catalina Broggini_Registro Diploma\t\t\t\t\t\t\t\t\t\t\t\t<\/h4>\n\t\t\t\t\t\t<div class=\"icon inline ion-ios-plus-empty\"><\/div>\n\t\t\t\t\t<\/div>\n\t\t\t\t<\/div>\n\t\t\t<\/div>\n\t\t\t<div class=\"gallery-description\">\n\t\t\t\t<h3 class=\"title\">Venturina Catalina Broggini_Registro Diploma<\/h3>\n\t\t\t\t<p class=\"subtitle small\">\n\t\t\t\t\t\t\t\t\t<\/p>\n\t\t\t<\/div>\n\t\t<\/div>\n\t<\/div>\n\t\t<div class=\"clear\"><\/div>\n\n\t<\/div>\n\n\t\n<\/div>\n\n<div class=\"norebro-gallery-opened-sc custom-gallery\"\n\tid=\"norebro-custom-69e194e364ff8\"\n\tdata-options='{\"navClass\":\"\"}'>\n\n\t<div class=\"expand\">\n\t\t<span class=\"ion-android-expand\"><\/span>\n\t<\/div>\n\t<div class=\"close\">\n\t\t<span class=\"ion-ios-close-empty\"><\/span>\n\t<\/div>\n\n<\/div>\n[\/vc_column][\/vc_row]\n","protected":false},"excerpt":{"rendered":"<p>[vc_row][vc_column][vc_empty_space height=&#8221;80px&#8221;][\/vc_column][\/vc_row][vc_row][vc_column width=&#8221;1\/6&#8243;][\/vc_column][vc_column width=&#8221;2\/3&#8243;][vc_empty_space height=&#8221;10px&#8221;][vc_single_image image=&#8221;1725&#8243; img_size=&#8221;full&#8221;][vc_empty_space height=&#8221;10px&#8221;][vc_empty_space height=&#8221;10px&#8221;][\/vc_column][vc_column width=&#8221;1\/6&#8243;][\/vc_column][\/vc_row][vc_row][vc_column][vc_empty_space height=&#8221;80px&#8221;][\/vc_column][\/vc_row]<\/p>\n","protected":false},"author":2,"featured_media":0,"parent":1709,"menu_order":0,"comment_status":"closed","ping_status":"closed","template":"","meta":[],"_links":{"self":[{"href":"https:\/\/fiq.unl.edu.ar\/museo\/archivo\/wp-json\/wp\/v2\/pages\/1726"}],"collection":[{"href":"https:\/\/fiq.unl.edu.ar\/museo\/archivo\/wp-json\/wp\/v2\/pages"}],"about":[{"href":"https:\/\/fiq.unl.edu.ar\/museo\/archivo\/wp-json\/wp\/v2\/types\/page"}],"author":[{"embeddable":true,"href":"https:\/\/fiq.unl.edu.ar\/museo\/archivo\/wp-json\/wp\/v2\/users\/2"}],"replies":[{"embeddable":true,"href":"https:\/\/fiq.unl.edu.ar\/museo\/archivo\/wp-json\/wp\/v2\/comments?post=1726"}],"version-history":[{"count":11,"href":"https:\/\/fiq.unl.edu.ar\/museo\/archivo\/wp-json\/wp\/v2\/pages\/1726\/revisions"}],"predecessor-version":[{"id":1752,"href":"https:\/\/fiq.unl.edu.ar\/museo\/archivo\/wp-json\/wp\/v2\/pages\/1726\/revisions\/1752"}],"up":[{"embeddable":true,"href":"https:\/\/fiq.unl.edu.ar\/museo\/archivo\/wp-json\/wp\/v2\/pages\/1709"}],"wp:attachment":[{"href":"https:\/\/fiq.unl.edu.ar\/museo\/archivo\/wp-json\/wp\/v2\/media?parent=1726"}],"curies":[{"name":"wp","href":"https:\/\/api.w.org\/{rel}","templated":true}]}}