{"id":217,"date":"2021-04-16T18:43:23","date_gmt":"2021-04-16T21:43:23","guid":{"rendered":"https:\/\/fiq.unl.edu.ar\/museo\/archivo\/?page_id=217"},"modified":"2021-04-22T00:12:47","modified_gmt":"2021-04-22T03:12:47","slug":"acerca-de","status":"publish","type":"page","link":"https:\/\/fiq.unl.edu.ar\/museo\/archivo\/acerca-de\/","title":{"rendered":"Archivo Hist\u00f3rico FIQ"},"content":{"rendered":"[vc_row gap=&#8221;30&#8243;][vc_column width=&#8221;1\/2&#8243;]<div class=\"norebro-heading-sc heading text-left\"\n\tid=\"norebro-custom-69e15864d54d2\" \n\t \n\t>\n\t\n\t\n\t\n\t<h1 class=\"title\">\n\t\tArchivo Hist\u00f3rico FIQ\t<\/h1>\n\n\t\n\t\t\t<p class=\"subtitle\">\n\t\t\t\t\t<\/p>\n\t\t\n<\/div><div class=\"norebro-text-sc \" \n\tid=\"norebro-custom-69e15864d5573\" \n\t \n\t>\n\n\t<p>Es una iniciativa de la Facultad de Ingenier\u00eda Qu\u00edmica de la UNL que se enmarca dentro de <a href=\"http:\/\/www.fiq.unl.edu.ar\/museo\/\" target=\"_blank\" rel=\"noopener\">MuSEO FIQ<\/a>. El principal prop\u00f3sito es la digitalizaci\u00f3n de documentos, fotograf\u00edas y diversos materiales que hacen al acervo patrimonial y a la construcci\u00f3n de la memoria institucional de la Facultad.<\/p>\n<p>Actualmente, el archivo cuenta con m\u00e1s de 400 fotograf\u00edas hist\u00f3ricas que han sido digitalizadas para este fin. Progresivamente, se proceder\u00e1n a digitalizar m\u00e1s documentos que revisten de un gran valor institucional y que estar\u00e1n disponibles para consulta abierta.<\/p>\n<p>El car\u00e1cter distintivo de este archivo es su apertura a la comunidad y la posibilidad de acceso libre a todos los documentos que all\u00ed se alojen. Se trata de un archivo en construcci\u00f3n permanente y progresiva, de car\u00e1cter colaborativo, con el objetivo de co-crear la memoria de esta Facultad centenaria.<\/p>\n<p>A partir de esta iniciativa y de forma paralela, la FIQ se encuentra trabajando en un proceso de preservaci\u00f3n y resguardo de todos estos documentos en un archivo f\u00edsico, que permitir\u00e1 contar con un \u00fanico espacio que re\u00fana de manera catalogada el material que se encuentra actualmente disperso en m\u00faltiples ubicaciones.<\/p>\n\t\n<\/div>[\/vc_column][vc_column width=&#8221;1\/2&#8243;][vc_single_image image=&#8221;176&#8243; img_size=&#8221;full&#8221;][\/vc_column][\/vc_row]\n","protected":false},"excerpt":{"rendered":"<p>[vc_row gap=&#8221;30&#8243;][vc_column width=&#8221;1\/2&#8243;][\/vc_column][vc_column width=&#8221;1\/2&#8243;][vc_single_image image=&#8221;176&#8243; img_size=&#8221;full&#8221;][\/vc_column][\/vc_row]<\/p>\n","protected":false},"author":2,"featured_media":0,"parent":0,"menu_order":0,"comment_status":"closed","ping_status":"closed","template":"","meta":[],"_links":{"self":[{"href":"https:\/\/fiq.unl.edu.ar\/museo\/archivo\/wp-json\/wp\/v2\/pages\/217"}],"collection":[{"href":"https:\/\/fiq.unl.edu.ar\/museo\/archivo\/wp-json\/wp\/v2\/pages"}],"about":[{"href":"https:\/\/fiq.unl.edu.ar\/museo\/archivo\/wp-json\/wp\/v2\/types\/page"}],"author":[{"embeddable":true,"href":"https:\/\/fiq.unl.edu.ar\/museo\/archivo\/wp-json\/wp\/v2\/users\/2"}],"replies":[{"embeddable":true,"href":"https:\/\/fiq.unl.edu.ar\/museo\/archivo\/wp-json\/wp\/v2\/comments?post=217"}],"version-history":[{"count":14,"href":"https:\/\/fiq.unl.edu.ar\/museo\/archivo\/wp-json\/wp\/v2\/pages\/217\/revisions"}],"predecessor-version":[{"id":399,"href":"https:\/\/fiq.unl.edu.ar\/museo\/archivo\/wp-json\/wp\/v2\/pages\/217\/revisions\/399"}],"wp:attachment":[{"href":"https:\/\/fiq.unl.edu.ar\/museo\/archivo\/wp-json\/wp\/v2\/media?parent=217"}],"curies":[{"name":"wp","href":"https:\/\/api.w.org\/{rel}","templated":true}]}}