{"id":229,"date":"2021-04-16T18:49:50","date_gmt":"2021-04-16T21:49:50","guid":{"rendered":"https:\/\/fiq.unl.edu.ar\/museo\/archivo\/?page_id=229"},"modified":"2021-05-03T10:55:04","modified_gmt":"2021-05-03T13:55:04","slug":"colaborar","status":"publish","type":"page","link":"https:\/\/fiq.unl.edu.ar\/museo\/archivo\/colaborar\/","title":{"rendered":"Colaborar"},"content":{"rendered":"[vc_row gap=&#8221;30&#8243;][vc_column width=&#8221;1\/2&#8243;]<div class=\"norebro-heading-sc heading text-left\"\n\tid=\"norebro-custom-69e1dad28d3bf\" \n\t \n\t>\n\t\n\t\n\t\n\t<h1 class=\"title\">\n\t\tColaborar con el Archivo Hist\u00f3rico FIQ-UNL\t<\/h1>\n\n\t\n\t\t\t<p class=\"subtitle\">\n\t\t\t\t\t<\/p>\n\t\t\n<\/div><div class=\"norebro-text-sc \" \n\tid=\"norebro-custom-69e1dad28d44a\" \n\t \n\t>\n\n\t<p>La Facultad de Ingenier\u00eda Qu\u00edmica de la UNL hace extensiva la invitaci\u00f3n a quienes deseen apoyar esta iniciativa y continuar con la construcci\u00f3n del Archivo Hist\u00f3rico FIQ-UNL. Las y los interesados podr\u00e1n colaborar\u00a0bajo dos modalidades: <strong>donaciones\u00a0<\/strong>o\u00a0<strong>pr\u00e9stamos para su digitalizaci\u00f3n.<br \/>\n<\/strong>En ambos casos, refieren tanto a <strong>materiales fotogr\u00e1ficos, documentales, period\u00edsticos, audiovisuales, etc.<\/strong>, como a <strong>equipos, objetos y piezas<\/strong> que representen un bien simb\u00f3lico para el enriquecimiento de nuestro acervo patrimonial.<\/p>\n<p>Para realizar la donaci\u00f3n o pr\u00e9stamo, completar el siguiente formulario seg\u00fan corresponda.<br \/>\n<strong>Estaremos en contacto a la brevedad.<\/strong><\/p>\n\t\n<\/div>[vc_empty_space height=&#8221;20px&#8221;]<div class=\"norebro-heading-sc heading text-left\"\n\tid=\"norebro-custom-69e1dad28d475\" \n\t \n\t>\n\t\n\t\n\t\n\t<h3 class=\"title\">\n\t\tComunidad FIQ\t<\/h3>\n\n\t\n\t\t\t<p class=\"subtitle\">\n\t\t\tEstudiantes \/ Docentes \/ No docentes \/ Gesti\u00f3n\t\t<\/p>\n\t\t\n<\/div>[vc_empty_space height=&#8221;20px&#8221;]<div class=\"norebro-button-sc btn-wrap text-left\" \n\tid=\"norebro-custom-69e1dad28d4b7\"\n\t \n\t>\n\n\t<a href=\"https:\/\/forms.gle\/aDLeGwJVsb9P7dkd7\" target=\"_blank\" \n\t\tclass=\"btn  btn-squared\">\n\n\t\t\n\t\t<span class=\"text\">\n\t\t\tAcceder al formulario\t\t<\/span>\n\n\t\t\n\t\t\t<\/a>\n\n<\/div>[vc_empty_space height=&#8221;30px&#8221;]<div class=\"norebro-heading-sc heading text-left\"\n\tid=\"norebro-custom-69e1dad28d59f\" \n\t \n\t>\n\t\n\t\n\t\n\t<h3 class=\"title\">\n\t\tPersonas o instituciones externas\t<\/h3>\n\n\t\n\t\t\t<p class=\"subtitle\">\n\t\t\tGraduada\/o \/ Familiares y allegados \/ Instituciones u organismos externos\t\t<\/p>\n\t\t\n<\/div>[vc_empty_space height=&#8221;20px&#8221;]<div class=\"norebro-button-sc btn-wrap text-left\" \n\tid=\"norebro-custom-69e1dad28d5cc\"\n\t \n\t>\n\n\t<a href=\"https:\/\/forms.gle\/TgDXpTSiyL83C7ec7\" target=\"_blank\" \n\t\tclass=\"btn  btn-squared\">\n\n\t\t\n\t\t<span class=\"text\">\n\t\t\tAcceder al formulario\t\t<\/span>\n\n\t\t\n\t\t\t<\/a>\n\n<\/div>[vc_empty_space]<div class=\"norebro-text-sc \" \n\tid=\"norebro-custom-69e1dad28d655\" \n\t \n\t>\n\n\t<p>Previamente a la aceptaci\u00f3n de la donaci\u00f3n o pr\u00e9stamo, la FIQ-UNL analizar\u00e1 el inter\u00e9s que puedan tener los materiales para el enriquecimiento de su acervo patrimonial.<br \/>\nUna vez aceptada la donaci\u00f3n o pr\u00e9stamo del material, la FIQ-UNL se convierte en propietaria del mismo y tiene capacidad plena para decidir sobre las condiciones de acceso y uso del citado material.<\/p>\n\t\n<\/div>[\/vc_column][vc_column width=&#8221;1\/2&#8243;][vc_single_image image=&#8221;100&#8243; img_size=&#8221;full&#8221;][\/vc_column][\/vc_row]\n","protected":false},"excerpt":{"rendered":"<p>[vc_row gap=&#8221;30&#8243;][vc_column width=&#8221;1\/2&#8243;][vc_empty_space height=&#8221;20px&#8221;][vc_empty_space height=&#8221;20px&#8221;][vc_empty_space height=&#8221;30px&#8221;][vc_empty_space height=&#8221;20px&#8221;][vc_empty_space][\/vc_column][vc_column width=&#8221;1\/2&#8243;][vc_single_image image=&#8221;100&#8243; img_size=&#8221;full&#8221;][\/vc_column][\/vc_row]<\/p>\n","protected":false},"author":2,"featured_media":0,"parent":0,"menu_order":0,"comment_status":"closed","ping_status":"closed","template":"","meta":[],"_links":{"self":[{"href":"https:\/\/fiq.unl.edu.ar\/museo\/archivo\/wp-json\/wp\/v2\/pages\/229"}],"collection":[{"href":"https:\/\/fiq.unl.edu.ar\/museo\/archivo\/wp-json\/wp\/v2\/pages"}],"about":[{"href":"https:\/\/fiq.unl.edu.ar\/museo\/archivo\/wp-json\/wp\/v2\/types\/page"}],"author":[{"embeddable":true,"href":"https:\/\/fiq.unl.edu.ar\/museo\/archivo\/wp-json\/wp\/v2\/users\/2"}],"replies":[{"embeddable":true,"href":"https:\/\/fiq.unl.edu.ar\/museo\/archivo\/wp-json\/wp\/v2\/comments?post=229"}],"version-history":[{"count":20,"href":"https:\/\/fiq.unl.edu.ar\/museo\/archivo\/wp-json\/wp\/v2\/pages\/229\/revisions"}],"predecessor-version":[{"id":1353,"href":"https:\/\/fiq.unl.edu.ar\/museo\/archivo\/wp-json\/wp\/v2\/pages\/229\/revisions\/1353"}],"wp:attachment":[{"href":"https:\/\/fiq.unl.edu.ar\/museo\/archivo\/wp-json\/wp\/v2\/media?parent=229"}],"curies":[{"name":"wp","href":"https:\/\/api.w.org\/{rel}","templated":true}]}}