{"id":363,"date":"2021-04-21T23:00:28","date_gmt":"2021-04-22T02:00:28","guid":{"rendered":"https:\/\/fiq.unl.edu.ar\/museo\/archivo\/?page_id=363"},"modified":"2022-05-17T19:41:09","modified_gmt":"2022-05-17T22:41:09","slug":"fotografias-cediap","status":"publish","type":"page","link":"https:\/\/fiq.unl.edu.ar\/museo\/archivo\/documentos\/fotografias-cediap\/","title":{"rendered":"Fotografias. Archivo CeDIAP"},"content":{"rendered":"[vc_row][vc_column][vc_empty_space height=&#8221;80px&#8221;]<div class=\"norebro-heading-sc heading text-left\"\n\tid=\"norebro-custom-69e1c67b95dea\" \n\t \n\t>\n\t\n\t\n\t\n\t<h1 class=\"title\">\n\t\tFotograf\u00edas. Archivo CeDIAP\t<\/h1>\n\n\t\n\t\t\t<p class=\"subtitle\">\n\t\t\t\t\t<\/p>\n\t\t\n<\/div><div class=\"norebro-text-sc \" \n\tid=\"norebro-custom-69e1c67b95e52\" \n\t \n\t>\n\n\t<p>Documentos pertenecientes al archivo del <a href=\"http:\/\/cdi.mecon.gob.ar\/cediap\/\" target=\"_blank\" rel=\"noopener\">Centro de Documentaci\u00f3n e Investigaci\u00f3n de la Arquitectura P\u00fablica<\/a> -CeDIAP- dependiente de la Agencia de Administraci\u00f3n de Bienes del Estado (AABE).<\/p>\n\t\n<\/div>[vc_empty_space height=&#8221;40px&#8221;]<div class=\"norebro-gallery-sc gallery-wrap\"\n\tid=\"norebro-custom-images-69e1c67b98adc\"\n\tdata-gallery=\"norebro-custom-69e1c67b98adb\"\n\t\t>\n\n\t\n\t<div class=\"vc_row norebro-masonry\" data-lazy-container=\"true\">\n\n\t\t\t<div class=\" vc_col-lg-4 vc_col-md-4 vc_col-sm-6 vc_col-xs-12 masonry-block grid-item gallery-image\" data-gallery-item=\"0\" data-lazy-item=\"true\">\n\t\t<div class=\"wrap\">\n\t\t\t\t\t\t<img class=\"gimg\" src=\"https:\/\/fiq.unl.edu.ar\/museo\/archivo\/wp-content\/uploads\/2021\/04\/0234-00855_C.jpg\" alt=\"\">\n\t\t\t<div class=\"overlay with-title\">\n\t\t\t\t<div class=\"content-center text-center\">\n\t\t\t\t\t<div class=\"wrap\">\n\t\t\t\t\t\t<h4 class=\"inline\">\n\t\t\t\t\t\t\t\t\t\t\t\t\t0234-00855_C\t\t\t\t\t\t\t\t\t\t\t\t<\/h4>\n\t\t\t\t\t\t<div class=\"icon inline ion-ios-plus-empty\"><\/div>\n\t\t\t\t\t<\/div>\n\t\t\t\t<\/div>\n\t\t\t<\/div>\n\t\t\t<div class=\"gallery-description\">\n\t\t\t\t<h3 class=\"title\">0234-00855_C<\/h3>\n\t\t\t\t<p class=\"subtitle small\">\n\t\t\t\t\t\t\t\t\t<\/p>\n\t\t\t<\/div>\n\t\t<\/div>\n\t<\/div>\n\t\t\t<div class=\" vc_col-lg-4 vc_col-md-4 vc_col-sm-6 vc_col-xs-12 masonry-block grid-item gallery-image\" data-gallery-item=\"1\" data-lazy-item=\"true\">\n\t\t<div class=\"wrap\">\n\t\t\t\t\t\t<img class=\"gimg\" src=\"https:\/\/fiq.unl.edu.ar\/museo\/archivo\/wp-content\/uploads\/2021\/04\/0234-00857_C.jpg\" alt=\"\">\n\t\t\t<div class=\"overlay with-title\">\n\t\t\t\t<div class=\"content-center text-center\">\n\t\t\t\t\t<div class=\"wrap\">\n\t\t\t\t\t\t<h4 class=\"inline\">\n\t\t\t\t\t\t\t\t\t\t\t\t\t0234-00857_C\t\t\t\t\t\t\t\t\t\t\t\t<\/h4>\n\t\t\t\t\t\t<div class=\"icon inline ion-ios-plus-empty\"><\/div>\n\t\t\t\t\t<\/div>\n\t\t\t\t<\/div>\n\t\t\t<\/div>\n\t\t\t<div class=\"gallery-description\">\n\t\t\t\t<h3 class=\"title\">0234-00857_C<\/h3>\n\t\t\t\t<p class=\"subtitle small\">\n\t\t\t\t\t\t\t\t\t<\/p>\n\t\t\t<\/div>\n\t\t<\/div>\n\t<\/div>\n\t\t\t<div class=\" vc_col-lg-4 vc_col-md-4 vc_col-sm-6 vc_col-xs-12 masonry-block grid-item gallery-image\" data-gallery-item=\"2\" data-lazy-item=\"true\">\n\t\t<div class=\"wrap\">\n\t\t\t\t\t\t<img class=\"gimg\" src=\"https:\/\/fiq.unl.edu.ar\/museo\/archivo\/wp-content\/uploads\/2021\/04\/0234-01627_C.jpg\" alt=\"\">\n\t\t\t<div class=\"overlay with-title\">\n\t\t\t\t<div class=\"content-center text-center\">\n\t\t\t\t\t<div class=\"wrap\">\n\t\t\t\t\t\t<h4 class=\"inline\">\n\t\t\t\t\t\t\t\t\t\t\t\t\t0234-01627_C\t\t\t\t\t\t\t\t\t\t\t\t<\/h4>\n\t\t\t\t\t\t<div class=\"icon inline ion-ios-plus-empty\"><\/div>\n\t\t\t\t\t<\/div>\n\t\t\t\t<\/div>\n\t\t\t<\/div>\n\t\t\t<div class=\"gallery-description\">\n\t\t\t\t<h3 class=\"title\">0234-01627_C<\/h3>\n\t\t\t\t<p class=\"subtitle small\">\n\t\t\t\t\t\t\t\t\t<\/p>\n\t\t\t<\/div>\n\t\t<\/div>\n\t<\/div>\n\t\t\t<div class=\" vc_col-lg-4 vc_col-md-4 vc_col-sm-6 vc_col-xs-12 masonry-block grid-item gallery-image\" data-gallery-item=\"3\" data-lazy-item=\"true\">\n\t\t<div class=\"wrap\">\n\t\t\t\t\t\t<img class=\"gimg\" src=\"https:\/\/fiq.unl.edu.ar\/museo\/archivo\/wp-content\/uploads\/2021\/04\/0234-01628_C.jpg\" alt=\"\">\n\t\t\t<div class=\"overlay with-title\">\n\t\t\t\t<div class=\"content-center text-center\">\n\t\t\t\t\t<div class=\"wrap\">\n\t\t\t\t\t\t<h4 class=\"inline\">\n\t\t\t\t\t\t\t\t\t\t\t\t\t0234-01628_C\t\t\t\t\t\t\t\t\t\t\t\t<\/h4>\n\t\t\t\t\t\t<div class=\"icon inline ion-ios-plus-empty\"><\/div>\n\t\t\t\t\t<\/div>\n\t\t\t\t<\/div>\n\t\t\t<\/div>\n\t\t\t<div class=\"gallery-description\">\n\t\t\t\t<h3 class=\"title\">0234-01628_C<\/h3>\n\t\t\t\t<p class=\"subtitle small\">\n\t\t\t\t\t\t\t\t\t<\/p>\n\t\t\t<\/div>\n\t\t<\/div>\n\t<\/div>\n\t\t\t<div class=\" vc_col-lg-4 vc_col-md-4 vc_col-sm-6 vc_col-xs-12 masonry-block grid-item gallery-image\" data-gallery-item=\"4\" data-lazy-item=\"true\">\n\t\t<div class=\"wrap\">\n\t\t\t\t\t\t<img class=\"gimg\" src=\"https:\/\/fiq.unl.edu.ar\/museo\/archivo\/wp-content\/uploads\/2021\/04\/0234-04424_C.jpg\" alt=\"\">\n\t\t\t<div class=\"overlay with-title\">\n\t\t\t\t<div class=\"content-center text-center\">\n\t\t\t\t\t<div class=\"wrap\">\n\t\t\t\t\t\t<h4 class=\"inline\">\n\t\t\t\t\t\t\t\t\t\t\t\t\t0234-04424_C\t\t\t\t\t\t\t\t\t\t\t\t<\/h4>\n\t\t\t\t\t\t<div class=\"icon inline ion-ios-plus-empty\"><\/div>\n\t\t\t\t\t<\/div>\n\t\t\t\t<\/div>\n\t\t\t<\/div>\n\t\t\t<div class=\"gallery-description\">\n\t\t\t\t<h3 class=\"title\">0234-04424_C<\/h3>\n\t\t\t\t<p class=\"subtitle small\">\n\t\t\t\t\t\t\t\t\t<\/p>\n\t\t\t<\/div>\n\t\t<\/div>\n\t<\/div>\n\t\t\t<div class=\" vc_col-lg-4 vc_col-md-4 vc_col-sm-6 vc_col-xs-12 masonry-block grid-item gallery-image\" data-gallery-item=\"5\" data-lazy-item=\"true\">\n\t\t<div class=\"wrap\">\n\t\t\t\t\t\t<img class=\"gimg\" src=\"https:\/\/fiq.unl.edu.ar\/museo\/archivo\/wp-content\/uploads\/2021\/04\/0234-04425_C.jpg\" alt=\"\">\n\t\t\t<div class=\"overlay with-title\">\n\t\t\t\t<div class=\"content-center text-center\">\n\t\t\t\t\t<div class=\"wrap\">\n\t\t\t\t\t\t<h4 class=\"inline\">\n\t\t\t\t\t\t\t\t\t\t\t\t\t0234-04425_C\t\t\t\t\t\t\t\t\t\t\t\t<\/h4>\n\t\t\t\t\t\t<div class=\"icon inline ion-ios-plus-empty\"><\/div>\n\t\t\t\t\t<\/div>\n\t\t\t\t<\/div>\n\t\t\t<\/div>\n\t\t\t<div class=\"gallery-description\">\n\t\t\t\t<h3 class=\"title\">0234-04425_C<\/h3>\n\t\t\t\t<p class=\"subtitle small\">\n\t\t\t\t\t\t\t\t\t<\/p>\n\t\t\t<\/div>\n\t\t<\/div>\n\t<\/div>\n\t\t\t<div class=\" vc_col-lg-4 vc_col-md-4 vc_col-sm-6 vc_col-xs-12 masonry-block grid-item gallery-image\" data-gallery-item=\"6\" data-lazy-item=\"true\">\n\t\t<div class=\"wrap\">\n\t\t\t\t\t\t<img class=\"gimg\" src=\"https:\/\/fiq.unl.edu.ar\/museo\/archivo\/wp-content\/uploads\/2021\/04\/0234-04428_C.jpg\" alt=\"\">\n\t\t\t<div class=\"overlay with-title\">\n\t\t\t\t<div class=\"content-center text-center\">\n\t\t\t\t\t<div class=\"wrap\">\n\t\t\t\t\t\t<h4 class=\"inline\">\n\t\t\t\t\t\t\t\t\t\t\t\t\t0234-04428_C\t\t\t\t\t\t\t\t\t\t\t\t<\/h4>\n\t\t\t\t\t\t<div class=\"icon inline ion-ios-plus-empty\"><\/div>\n\t\t\t\t\t<\/div>\n\t\t\t\t<\/div>\n\t\t\t<\/div>\n\t\t\t<div class=\"gallery-description\">\n\t\t\t\t<h3 class=\"title\">0234-04428_C<\/h3>\n\t\t\t\t<p class=\"subtitle small\">\n\t\t\t\t\t\t\t\t\t<\/p>\n\t\t\t<\/div>\n\t\t<\/div>\n\t<\/div>\n\t\t\t<div class=\" vc_col-lg-4 vc_col-md-4 vc_col-sm-6 vc_col-xs-12 masonry-block grid-item gallery-image\" data-gallery-item=\"7\" data-lazy-item=\"true\">\n\t\t<div class=\"wrap\">\n\t\t\t\t\t\t<img class=\"gimg\" src=\"https:\/\/fiq.unl.edu.ar\/museo\/archivo\/wp-content\/uploads\/2021\/04\/0234-04489_C-scaled.jpg\" alt=\"\">\n\t\t\t<div class=\"overlay with-title\">\n\t\t\t\t<div class=\"content-center text-center\">\n\t\t\t\t\t<div class=\"wrap\">\n\t\t\t\t\t\t<h4 class=\"inline\">\n\t\t\t\t\t\t\t\t\t\t\t\t\t0234-04489_C\t\t\t\t\t\t\t\t\t\t\t\t<\/h4>\n\t\t\t\t\t\t<div class=\"icon inline ion-ios-plus-empty\"><\/div>\n\t\t\t\t\t<\/div>\n\t\t\t\t<\/div>\n\t\t\t<\/div>\n\t\t\t<div class=\"gallery-description\">\n\t\t\t\t<h3 class=\"title\">0234-04489_C<\/h3>\n\t\t\t\t<p class=\"subtitle small\">\n\t\t\t\t\t\t\t\t\t<\/p>\n\t\t\t<\/div>\n\t\t<\/div>\n\t<\/div>\n\t\t\t<div class=\" vc_col-lg-4 vc_col-md-4 vc_col-sm-6 vc_col-xs-12 masonry-block grid-item gallery-image\" data-gallery-item=\"8\" data-lazy-item=\"true\">\n\t\t<div class=\"wrap\">\n\t\t\t\t\t\t<img class=\"gimg\" src=\"https:\/\/fiq.unl.edu.ar\/museo\/archivo\/wp-content\/uploads\/2021\/04\/0234-04490_C.jpg\" alt=\"\">\n\t\t\t<div class=\"overlay with-title\">\n\t\t\t\t<div class=\"content-center text-center\">\n\t\t\t\t\t<div class=\"wrap\">\n\t\t\t\t\t\t<h4 class=\"inline\">\n\t\t\t\t\t\t\t\t\t\t\t\t\t0234-04490_C\t\t\t\t\t\t\t\t\t\t\t\t<\/h4>\n\t\t\t\t\t\t<div class=\"icon inline ion-ios-plus-empty\"><\/div>\n\t\t\t\t\t<\/div>\n\t\t\t\t<\/div>\n\t\t\t<\/div>\n\t\t\t<div class=\"gallery-description\">\n\t\t\t\t<h3 class=\"title\">0234-04490_C<\/h3>\n\t\t\t\t<p class=\"subtitle small\">\n\t\t\t\t\t\t\t\t\t<\/p>\n\t\t\t<\/div>\n\t\t<\/div>\n\t<\/div>\n\t\t\t<div class=\" vc_col-lg-4 vc_col-md-4 vc_col-sm-6 vc_col-xs-12 masonry-block grid-item gallery-image\" data-gallery-item=\"9\" data-lazy-item=\"true\">\n\t\t<div class=\"wrap\">\n\t\t\t\t\t\t<img class=\"gimg\" src=\"https:\/\/fiq.unl.edu.ar\/museo\/archivo\/wp-content\/uploads\/2021\/04\/0234-13182_C-scaled.jpg\" alt=\"\">\n\t\t\t<div class=\"overlay with-title\">\n\t\t\t\t<div class=\"content-center text-center\">\n\t\t\t\t\t<div class=\"wrap\">\n\t\t\t\t\t\t<h4 class=\"inline\">\n\t\t\t\t\t\t\t\t\t\t\t\t\t0234-13182_C\t\t\t\t\t\t\t\t\t\t\t\t<\/h4>\n\t\t\t\t\t\t<div class=\"icon inline ion-ios-plus-empty\"><\/div>\n\t\t\t\t\t<\/div>\n\t\t\t\t<\/div>\n\t\t\t<\/div>\n\t\t\t<div class=\"gallery-description\">\n\t\t\t\t<h3 class=\"title\">0234-13182_C<\/h3>\n\t\t\t\t<p class=\"subtitle small\">\n\t\t\t\t\t\t\t\t\t<\/p>\n\t\t\t<\/div>\n\t\t<\/div>\n\t<\/div>\n\t\t\t<div class=\" vc_col-lg-4 vc_col-md-4 vc_col-sm-6 vc_col-xs-12 masonry-block grid-item gallery-image\" data-gallery-item=\"10\" data-lazy-item=\"true\">\n\t\t<div class=\"wrap\">\n\t\t\t\t\t\t<img class=\"gimg\" src=\"https:\/\/fiq.unl.edu.ar\/museo\/archivo\/wp-content\/uploads\/2021\/04\/0234-13767_C.jpg\" alt=\"\">\n\t\t\t<div class=\"overlay with-title\">\n\t\t\t\t<div class=\"content-center text-center\">\n\t\t\t\t\t<div class=\"wrap\">\n\t\t\t\t\t\t<h4 class=\"inline\">\n\t\t\t\t\t\t\t\t\t\t\t\t\t0234-13767_C\t\t\t\t\t\t\t\t\t\t\t\t<\/h4>\n\t\t\t\t\t\t<div class=\"icon inline ion-ios-plus-empty\"><\/div>\n\t\t\t\t\t<\/div>\n\t\t\t\t<\/div>\n\t\t\t<\/div>\n\t\t\t<div class=\"gallery-description\">\n\t\t\t\t<h3 class=\"title\">0234-13767_C<\/h3>\n\t\t\t\t<p class=\"subtitle small\">\n\t\t\t\t\t\t\t\t\t<\/p>\n\t\t\t<\/div>\n\t\t<\/div>\n\t<\/div>\n\t\t\t<div class=\" vc_col-lg-4 vc_col-md-4 vc_col-sm-6 vc_col-xs-12 masonry-block grid-item gallery-image\" data-gallery-item=\"11\" data-lazy-item=\"true\">\n\t\t<div class=\"wrap\">\n\t\t\t\t\t\t<img class=\"gimg\" src=\"https:\/\/fiq.unl.edu.ar\/museo\/archivo\/wp-content\/uploads\/2021\/04\/0234-13768_C-scaled.jpg\" alt=\"\">\n\t\t\t<div class=\"overlay with-title\">\n\t\t\t\t<div class=\"content-center text-center\">\n\t\t\t\t\t<div class=\"wrap\">\n\t\t\t\t\t\t<h4 class=\"inline\">\n\t\t\t\t\t\t\t\t\t\t\t\t\t0234-13768_C\t\t\t\t\t\t\t\t\t\t\t\t<\/h4>\n\t\t\t\t\t\t<div class=\"icon inline ion-ios-plus-empty\"><\/div>\n\t\t\t\t\t<\/div>\n\t\t\t\t<\/div>\n\t\t\t<\/div>\n\t\t\t<div class=\"gallery-description\">\n\t\t\t\t<h3 class=\"title\">0234-13768_C<\/h3>\n\t\t\t\t<p class=\"subtitle small\">\n\t\t\t\t\t\t\t\t\t<\/p>\n\t\t\t<\/div>\n\t\t<\/div>\n\t<\/div>\n\t\t\t<div class=\" vc_col-lg-4 vc_col-md-4 vc_col-sm-6 vc_col-xs-12 masonry-block grid-item gallery-image\" data-gallery-item=\"12\" data-lazy-item=\"true\">\n\t\t<div class=\"wrap\">\n\t\t\t\t\t\t<img class=\"gimg\" src=\"https:\/\/fiq.unl.edu.ar\/museo\/archivo\/wp-content\/uploads\/2021\/04\/0234-14668_C.jpg\" alt=\"\">\n\t\t\t<div class=\"overlay with-title\">\n\t\t\t\t<div class=\"content-center text-center\">\n\t\t\t\t\t<div class=\"wrap\">\n\t\t\t\t\t\t<h4 class=\"inline\">\n\t\t\t\t\t\t\t\t\t\t\t\t\t0234-14668_C\t\t\t\t\t\t\t\t\t\t\t\t<\/h4>\n\t\t\t\t\t\t<div class=\"icon inline ion-ios-plus-empty\"><\/div>\n\t\t\t\t\t<\/div>\n\t\t\t\t<\/div>\n\t\t\t<\/div>\n\t\t\t<div class=\"gallery-description\">\n\t\t\t\t<h3 class=\"title\">0234-14668_C<\/h3>\n\t\t\t\t<p class=\"subtitle small\">\n\t\t\t\t\t\t\t\t\t<\/p>\n\t\t\t<\/div>\n\t\t<\/div>\n\t<\/div>\n\t\t\t<div class=\" vc_col-lg-4 vc_col-md-4 vc_col-sm-6 vc_col-xs-12 masonry-block grid-item gallery-image\" data-gallery-item=\"13\" data-lazy-item=\"true\">\n\t\t<div class=\"wrap\">\n\t\t\t\t\t\t<img class=\"gimg\" src=\"https:\/\/fiq.unl.edu.ar\/museo\/archivo\/wp-content\/uploads\/2021\/04\/0234-14669_C.jpg\" alt=\"\">\n\t\t\t<div class=\"overlay with-title\">\n\t\t\t\t<div class=\"content-center text-center\">\n\t\t\t\t\t<div class=\"wrap\">\n\t\t\t\t\t\t<h4 class=\"inline\">\n\t\t\t\t\t\t\t\t\t\t\t\t\t0234-14669_C\t\t\t\t\t\t\t\t\t\t\t\t<\/h4>\n\t\t\t\t\t\t<div class=\"icon inline ion-ios-plus-empty\"><\/div>\n\t\t\t\t\t<\/div>\n\t\t\t\t<\/div>\n\t\t\t<\/div>\n\t\t\t<div class=\"gallery-description\">\n\t\t\t\t<h3 class=\"title\">0234-14669_C<\/h3>\n\t\t\t\t<p class=\"subtitle small\">\n\t\t\t\t\t\t\t\t\t<\/p>\n\t\t\t<\/div>\n\t\t<\/div>\n\t<\/div>\n\t\t\t<div class=\" vc_col-lg-4 vc_col-md-4 vc_col-sm-6 vc_col-xs-12 masonry-block grid-item gallery-image\" data-gallery-item=\"14\" data-lazy-item=\"true\">\n\t\t<div class=\"wrap\">\n\t\t\t\t\t\t<img class=\"gimg\" src=\"https:\/\/fiq.unl.edu.ar\/museo\/archivo\/wp-content\/uploads\/2021\/04\/0234-14670_C-scaled.jpg\" alt=\"\">\n\t\t\t<div class=\"overlay with-title\">\n\t\t\t\t<div class=\"content-center text-center\">\n\t\t\t\t\t<div class=\"wrap\">\n\t\t\t\t\t\t<h4 class=\"inline\">\n\t\t\t\t\t\t\t\t\t\t\t\t\t0234-14670_C\t\t\t\t\t\t\t\t\t\t\t\t<\/h4>\n\t\t\t\t\t\t<div class=\"icon inline ion-ios-plus-empty\"><\/div>\n\t\t\t\t\t<\/div>\n\t\t\t\t<\/div>\n\t\t\t<\/div>\n\t\t\t<div class=\"gallery-description\">\n\t\t\t\t<h3 class=\"title\">0234-14670_C<\/h3>\n\t\t\t\t<p class=\"subtitle small\">\n\t\t\t\t\t\t\t\t\t<\/p>\n\t\t\t<\/div>\n\t\t<\/div>\n\t<\/div>\n\t\t\t<div class=\" vc_col-lg-4 vc_col-md-4 vc_col-sm-6 vc_col-xs-12 masonry-block grid-item gallery-image\" data-gallery-item=\"15\" data-lazy-item=\"true\">\n\t\t<div class=\"wrap\">\n\t\t\t\t\t\t<img class=\"gimg\" src=\"https:\/\/fiq.unl.edu.ar\/museo\/archivo\/wp-content\/uploads\/2021\/04\/0234-Al369cpa01_C.jpg\" alt=\"\">\n\t\t\t<div class=\"overlay with-title\">\n\t\t\t\t<div class=\"content-center text-center\">\n\t\t\t\t\t<div class=\"wrap\">\n\t\t\t\t\t\t<h4 class=\"inline\">\n\t\t\t\t\t\t\t\t\t\t\t\t\t0234-Al369cpa01_C\t\t\t\t\t\t\t\t\t\t\t\t<\/h4>\n\t\t\t\t\t\t<div class=\"icon inline ion-ios-plus-empty\"><\/div>\n\t\t\t\t\t<\/div>\n\t\t\t\t<\/div>\n\t\t\t<\/div>\n\t\t\t<div class=\"gallery-description\">\n\t\t\t\t<h3 class=\"title\">0234-Al369cpa01_C<\/h3>\n\t\t\t\t<p class=\"subtitle small\">\n\t\t\t\t\t\t\t\t\t<\/p>\n\t\t\t<\/div>\n\t\t<\/div>\n\t<\/div>\n\t\t\t<div class=\" vc_col-lg-4 vc_col-md-4 vc_col-sm-6 vc_col-xs-12 masonry-block grid-item gallery-image\" data-gallery-item=\"16\" data-lazy-item=\"true\">\n\t\t<div class=\"wrap\">\n\t\t\t\t\t\t<img class=\"gimg\" src=\"https:\/\/fiq.unl.edu.ar\/museo\/archivo\/wp-content\/uploads\/2021\/04\/0234-Al369cpa08a_C.jpg\" alt=\"\">\n\t\t\t<div class=\"overlay with-title\">\n\t\t\t\t<div class=\"content-center text-center\">\n\t\t\t\t\t<div class=\"wrap\">\n\t\t\t\t\t\t<h4 class=\"inline\">\n\t\t\t\t\t\t\t\t\t\t\t\t\t0234-Al369cpa08a_C\t\t\t\t\t\t\t\t\t\t\t\t<\/h4>\n\t\t\t\t\t\t<div class=\"icon inline ion-ios-plus-empty\"><\/div>\n\t\t\t\t\t<\/div>\n\t\t\t\t<\/div>\n\t\t\t<\/div>\n\t\t\t<div class=\"gallery-description\">\n\t\t\t\t<h3 class=\"title\">0234-Al369cpa08a_C<\/h3>\n\t\t\t\t<p class=\"subtitle small\">\n\t\t\t\t\t\t\t\t\t<\/p>\n\t\t\t<\/div>\n\t\t<\/div>\n\t<\/div>\n\t\t\t<div class=\" vc_col-lg-4 vc_col-md-4 vc_col-sm-6 vc_col-xs-12 masonry-block grid-item gallery-image\" data-gallery-item=\"17\" data-lazy-item=\"true\">\n\t\t<div class=\"wrap\">\n\t\t\t\t\t\t<img class=\"gimg\" src=\"https:\/\/fiq.unl.edu.ar\/museo\/archivo\/wp-content\/uploads\/2021\/04\/0234-Al369cpa09_C.jpg\" alt=\"\">\n\t\t\t<div class=\"overlay with-title\">\n\t\t\t\t<div class=\"content-center text-center\">\n\t\t\t\t\t<div class=\"wrap\">\n\t\t\t\t\t\t<h4 class=\"inline\">\n\t\t\t\t\t\t\t\t\t\t\t\t\t0234-Al369cpa09_C\t\t\t\t\t\t\t\t\t\t\t\t<\/h4>\n\t\t\t\t\t\t<div class=\"icon inline ion-ios-plus-empty\"><\/div>\n\t\t\t\t\t<\/div>\n\t\t\t\t<\/div>\n\t\t\t<\/div>\n\t\t\t<div class=\"gallery-description\">\n\t\t\t\t<h3 class=\"title\">0234-Al369cpa09_C<\/h3>\n\t\t\t\t<p class=\"subtitle small\">\n\t\t\t\t\t\t\t\t\t<\/p>\n\t\t\t<\/div>\n\t\t<\/div>\n\t<\/div>\n\t\t<div class=\"clear\"><\/div>\n\n\t<\/div>\n\n\t\n<\/div>\n\n<div class=\"norebro-gallery-opened-sc custom-gallery\"\n\tid=\"norebro-custom-69e1c67b98adb\"\n\tdata-options='{\"navClass\":\"\"}'>\n\n\t<div class=\"expand\">\n\t\t<span class=\"ion-android-expand\"><\/span>\n\t<\/div>\n\t<div class=\"close\">\n\t\t<span class=\"ion-ios-close-empty\"><\/span>\n\t<\/div>\n\n<\/div>\n[\/vc_column][\/vc_row]\n","protected":false},"excerpt":{"rendered":"<p>[vc_row][vc_column][vc_empty_space height=&#8221;80px&#8221;][vc_empty_space height=&#8221;40px&#8221;][\/vc_column][\/vc_row]<\/p>\n","protected":false},"author":2,"featured_media":0,"parent":1717,"menu_order":0,"comment_status":"closed","ping_status":"closed","template":"","meta":[],"_links":{"self":[{"href":"https:\/\/fiq.unl.edu.ar\/museo\/archivo\/wp-json\/wp\/v2\/pages\/363"}],"collection":[{"href":"https:\/\/fiq.unl.edu.ar\/museo\/archivo\/wp-json\/wp\/v2\/pages"}],"about":[{"href":"https:\/\/fiq.unl.edu.ar\/museo\/archivo\/wp-json\/wp\/v2\/types\/page"}],"author":[{"embeddable":true,"href":"https:\/\/fiq.unl.edu.ar\/museo\/archivo\/wp-json\/wp\/v2\/users\/2"}],"replies":[{"embeddable":true,"href":"https:\/\/fiq.unl.edu.ar\/museo\/archivo\/wp-json\/wp\/v2\/comments?post=363"}],"version-history":[{"count":10,"href":"https:\/\/fiq.unl.edu.ar\/museo\/archivo\/wp-json\/wp\/v2\/pages\/363\/revisions"}],"predecessor-version":[{"id":401,"href":"https:\/\/fiq.unl.edu.ar\/museo\/archivo\/wp-json\/wp\/v2\/pages\/363\/revisions\/401"}],"up":[{"embeddable":true,"href":"https:\/\/fiq.unl.edu.ar\/museo\/archivo\/wp-json\/wp\/v2\/pages\/1717"}],"wp:attachment":[{"href":"https:\/\/fiq.unl.edu.ar\/museo\/archivo\/wp-json\/wp\/v2\/media?parent=363"}],"curies":[{"name":"wp","href":"https:\/\/api.w.org\/{rel}","templated":true}]}}