{"id":685,"date":"2021-04-27T18:23:23","date_gmt":"2021-04-27T21:23:23","guid":{"rendered":"https:\/\/fiq.unl.edu.ar\/museo\/archivo\/?page_id=685"},"modified":"2022-05-17T19:22:53","modified_gmt":"2022-05-17T22:22:53","slug":"integrafo","status":"publish","type":"page","link":"https:\/\/fiq.unl.edu.ar\/museo\/archivo\/colecciones\/integrafo\/","title":{"rendered":"Int\u00e9grafo"},"content":{"rendered":"[vc_row][vc_column][vc_empty_space height=&#8221;80px&#8221;]<div class=\"norebro-heading-sc heading text-left\"\n\tid=\"norebro-custom-69e1bb975d7a6\" \n\t \n\t>\n\t\n\t\n\t\n\t<h1 class=\"title\">\n\t\tInt\u00e9grafo\t<\/h1>\n\n\t\n\t\t\t<p class=\"subtitle\">\n\t\t\t\t\t<\/p>\n\t\t\n<\/div>[vc_empty_space height=&#8221;40px&#8221;][vc_separator][\/vc_column][\/vc_row][vc_row][vc_column width=&#8221;1\/5&#8243;][vc_empty_space height=&#8221;20px&#8221;]<div class=\"norebro-heading-sc heading text-left\"\n\tid=\"norebro-custom-69e1bb975d7db\" \n\t \n\t>\n\t\n\t\n\t\n\t<h4 class=\"title\">\n\t\tNombre del equipo\t<\/h4>\n\n\t\n\t\t\t<p class=\"subtitle\">\n\t\t\tInt\u00e9grafo de Abdank\t\t<\/p>\n\t\t\n<\/div>[\/vc_column][vc_column width=&#8221;1\/5&#8243;][vc_empty_space height=&#8221;20px&#8221;]<div class=\"norebro-heading-sc heading text-left\"\n\tid=\"norebro-custom-69e1bb975d801\" \n\t \n\t>\n\t\n\t\n\t\n\t<h4 class=\"title\">\n\t\tDataci\u00f3n\t<\/h4>\n\n\t\n\t\t\t<p class=\"subtitle\">\n\t\t\tDesconocida\t\t<\/p>\n\t\t\n<\/div>[\/vc_column][vc_column width=&#8221;1\/5&#8243;][vc_empty_space height=&#8221;20px&#8221;]<div class=\"norebro-heading-sc heading text-left\"\n\tid=\"norebro-custom-69e1bb975d81e\" \n\t \n\t>\n\t\n\t\n\t\n\t<h4 class=\"title\">\n\t\tLugar de procedencia\t<\/h4>\n\n\t\n\t\t\t<p class=\"subtitle\">\n\t\t\tSuiza\t\t<\/p>\n\t\t\n<\/div>[\/vc_column][vc_column width=&#8221;1\/5&#8243;][vc_empty_space height=&#8221;20px&#8221;]<div class=\"norebro-heading-sc heading text-left\"\n\tid=\"norebro-custom-69e1bb975d83b\" \n\t \n\t>\n\t\n\t\n\t\n\t<h4 class=\"title\">\n\t\tMarca\t<\/h4>\n\n\t\n\t\t\t<p class=\"subtitle\">\n\t\t\tDesconocida\t\t<\/p>\n\t\t\n<\/div>[\/vc_column][vc_column width=&#8221;1\/5&#8243;][vc_empty_space height=&#8221;20px&#8221;]<div class=\"norebro-heading-sc heading text-left\"\n\tid=\"norebro-custom-69e1bb975d856\" \n\t \n\t>\n\t\n\t\n\t\n\t<h4 class=\"title\">\n\t\tEstaci\u00f3n MuSEO\t<\/h4>\n\n\t\n\t\t\t<p class=\"subtitle\">\n\t\t\tBabini\t\t<\/p>\n\t\t\n<\/div>[\/vc_column][\/vc_row][vc_row][vc_column][vc_empty_space height=&#8221;20px&#8221;][vc_separator][vc_empty_space height=&#8221;40px&#8221;]<div class=\"norebro-gallery-sc gallery-wrap\"\n\tid=\"norebro-custom-images-69e1bb97601e9\"\n\tdata-gallery=\"norebro-custom-69e1bb97601e8\"\n\t\t>\n\n\t\n\t<div class=\"vc_row\" data-lazy-container=\"true\">\n\n\t\t\t<div class=\" vc_col-lg-3 vc_col-md-4 vc_col-sm-6 vc_col-xs-12 masonry-block grid-item gallery-image\" data-gallery-item=\"0\" data-lazy-item=\"true\">\n\t\t<div class=\"wrap\">\n\t\t\t\t\t\t<img class=\"gimg\" src=\"https:\/\/fiq.unl.edu.ar\/museo\/archivo\/wp-content\/uploads\/2021\/04\/00040_Integrafo_MuseoFIQ.jpg\" alt=\"\">\n\t\t\t<div class=\"overlay hidden\">\n\t\t\t\t<div class=\"content-center text-center\">\n\t\t\t\t\t<div class=\"wrap\">\n\t\t\t\t\t\t<h4 class=\"inline\">\n\t\t\t\t\t\t\t\t\t\t\t\t\tView Fullscreen\t\t\t\t\t\t\t\t\t\t\t\t<\/h4>\n\t\t\t\t\t\t<div class=\"icon inline ion-ios-plus-empty\"><\/div>\n\t\t\t\t\t<\/div>\n\t\t\t\t<\/div>\n\t\t\t<\/div>\n\t\t\t<div class=\"gallery-description\">\n\t\t\t\t<h3 class=\"title\">00040_Integrafo_MuseoFIQ<\/h3>\n\t\t\t\t<p class=\"subtitle small\">\n\t\t\t\t\t\t\t\t\t<\/p>\n\t\t\t<\/div>\n\t\t<\/div>\n\t<\/div>\n\t\t\t<div class=\" vc_col-lg-3 vc_col-md-4 vc_col-sm-6 vc_col-xs-12 masonry-block grid-item gallery-image\" data-gallery-item=\"1\" data-lazy-item=\"true\">\n\t\t<div class=\"wrap\">\n\t\t\t\t\t\t<img class=\"gimg\" src=\"https:\/\/fiq.unl.edu.ar\/museo\/archivo\/wp-content\/uploads\/2021\/04\/00041_Integrafo_MuseoFIQ.jpg\" alt=\"\">\n\t\t\t<div class=\"overlay hidden\">\n\t\t\t\t<div class=\"content-center text-center\">\n\t\t\t\t\t<div class=\"wrap\">\n\t\t\t\t\t\t<h4 class=\"inline\">\n\t\t\t\t\t\t\t\t\t\t\t\t\tView Fullscreen\t\t\t\t\t\t\t\t\t\t\t\t<\/h4>\n\t\t\t\t\t\t<div class=\"icon inline ion-ios-plus-empty\"><\/div>\n\t\t\t\t\t<\/div>\n\t\t\t\t<\/div>\n\t\t\t<\/div>\n\t\t\t<div class=\"gallery-description\">\n\t\t\t\t<h3 class=\"title\">00041_Integrafo_MuseoFIQ<\/h3>\n\t\t\t\t<p class=\"subtitle small\">\n\t\t\t\t\t\t\t\t\t<\/p>\n\t\t\t<\/div>\n\t\t<\/div>\n\t<\/div>\n\t\t\t<div class=\" vc_col-lg-3 vc_col-md-4 vc_col-sm-6 vc_col-xs-12 masonry-block grid-item gallery-image\" data-gallery-item=\"2\" data-lazy-item=\"true\">\n\t\t<div class=\"wrap\">\n\t\t\t\t\t\t<img class=\"gimg\" src=\"https:\/\/fiq.unl.edu.ar\/museo\/archivo\/wp-content\/uploads\/2021\/04\/00042_Integrafo_MuseoFIQ.jpg\" alt=\"\">\n\t\t\t<div class=\"overlay hidden\">\n\t\t\t\t<div class=\"content-center text-center\">\n\t\t\t\t\t<div class=\"wrap\">\n\t\t\t\t\t\t<h4 class=\"inline\">\n\t\t\t\t\t\t\t\t\t\t\t\t\tView Fullscreen\t\t\t\t\t\t\t\t\t\t\t\t<\/h4>\n\t\t\t\t\t\t<div class=\"icon inline ion-ios-plus-empty\"><\/div>\n\t\t\t\t\t<\/div>\n\t\t\t\t<\/div>\n\t\t\t<\/div>\n\t\t\t<div class=\"gallery-description\">\n\t\t\t\t<h3 class=\"title\">00042_Integrafo_MuseoFIQ<\/h3>\n\t\t\t\t<p class=\"subtitle small\">\n\t\t\t\t\t\t\t\t\t<\/p>\n\t\t\t<\/div>\n\t\t<\/div>\n\t<\/div>\n\t\t\t<div class=\" vc_col-lg-3 vc_col-md-4 vc_col-sm-6 vc_col-xs-12 masonry-block grid-item gallery-image\" data-gallery-item=\"3\" data-lazy-item=\"true\">\n\t\t<div class=\"wrap\">\n\t\t\t\t\t\t<img class=\"gimg\" src=\"https:\/\/fiq.unl.edu.ar\/museo\/archivo\/wp-content\/uploads\/2021\/04\/00043_Integrafo_MuseoFIQ.jpg\" alt=\"\">\n\t\t\t<div class=\"overlay hidden\">\n\t\t\t\t<div class=\"content-center text-center\">\n\t\t\t\t\t<div class=\"wrap\">\n\t\t\t\t\t\t<h4 class=\"inline\">\n\t\t\t\t\t\t\t\t\t\t\t\t\tView Fullscreen\t\t\t\t\t\t\t\t\t\t\t\t<\/h4>\n\t\t\t\t\t\t<div class=\"icon inline ion-ios-plus-empty\"><\/div>\n\t\t\t\t\t<\/div>\n\t\t\t\t<\/div>\n\t\t\t<\/div>\n\t\t\t<div class=\"gallery-description\">\n\t\t\t\t<h3 class=\"title\">00043_Integrafo_MuseoFIQ<\/h3>\n\t\t\t\t<p class=\"subtitle small\">\n\t\t\t\t\t\t\t\t\t<\/p>\n\t\t\t<\/div>\n\t\t<\/div>\n\t<\/div>\n\t\t\t<div class=\" vc_col-lg-3 vc_col-md-4 vc_col-sm-6 vc_col-xs-12 masonry-block grid-item gallery-image\" data-gallery-item=\"4\" data-lazy-item=\"true\">\n\t\t<div class=\"wrap\">\n\t\t\t\t\t\t<img class=\"gimg\" src=\"https:\/\/fiq.unl.edu.ar\/museo\/archivo\/wp-content\/uploads\/2021\/04\/00044_Integrafo_MuseoFIQ.jpg\" alt=\"\">\n\t\t\t<div class=\"overlay hidden\">\n\t\t\t\t<div class=\"content-center text-center\">\n\t\t\t\t\t<div class=\"wrap\">\n\t\t\t\t\t\t<h4 class=\"inline\">\n\t\t\t\t\t\t\t\t\t\t\t\t\tView Fullscreen\t\t\t\t\t\t\t\t\t\t\t\t<\/h4>\n\t\t\t\t\t\t<div class=\"icon inline ion-ios-plus-empty\"><\/div>\n\t\t\t\t\t<\/div>\n\t\t\t\t<\/div>\n\t\t\t<\/div>\n\t\t\t<div class=\"gallery-description\">\n\t\t\t\t<h3 class=\"title\">00044_Integrafo_MuseoFIQ<\/h3>\n\t\t\t\t<p class=\"subtitle small\">\n\t\t\t\t\t\t\t\t\t<\/p>\n\t\t\t<\/div>\n\t\t<\/div>\n\t<\/div>\n\t\t\t<div class=\" vc_col-lg-3 vc_col-md-4 vc_col-sm-6 vc_col-xs-12 masonry-block grid-item gallery-image\" data-gallery-item=\"5\" data-lazy-item=\"true\">\n\t\t<div class=\"wrap\">\n\t\t\t\t\t\t<img class=\"gimg\" src=\"https:\/\/fiq.unl.edu.ar\/museo\/archivo\/wp-content\/uploads\/2021\/04\/00045_Integrafo_MuseoFIQ.jpg\" alt=\"\">\n\t\t\t<div class=\"overlay hidden\">\n\t\t\t\t<div class=\"content-center text-center\">\n\t\t\t\t\t<div class=\"wrap\">\n\t\t\t\t\t\t<h4 class=\"inline\">\n\t\t\t\t\t\t\t\t\t\t\t\t\tView Fullscreen\t\t\t\t\t\t\t\t\t\t\t\t<\/h4>\n\t\t\t\t\t\t<div class=\"icon inline ion-ios-plus-empty\"><\/div>\n\t\t\t\t\t<\/div>\n\t\t\t\t<\/div>\n\t\t\t<\/div>\n\t\t\t<div class=\"gallery-description\">\n\t\t\t\t<h3 class=\"title\">00045_Integrafo_MuseoFIQ<\/h3>\n\t\t\t\t<p class=\"subtitle small\">\n\t\t\t\t\t\t\t\t\t<\/p>\n\t\t\t<\/div>\n\t\t<\/div>\n\t<\/div>\n\t\t\t<div class=\" vc_col-lg-3 vc_col-md-4 vc_col-sm-6 vc_col-xs-12 masonry-block grid-item gallery-image\" data-gallery-item=\"6\" data-lazy-item=\"true\">\n\t\t<div class=\"wrap\">\n\t\t\t\t\t\t<img class=\"gimg\" src=\"https:\/\/fiq.unl.edu.ar\/museo\/archivo\/wp-content\/uploads\/2021\/04\/00046_Integrafo_MuseoFIQ.jpg\" alt=\"\">\n\t\t\t<div class=\"overlay hidden\">\n\t\t\t\t<div class=\"content-center text-center\">\n\t\t\t\t\t<div class=\"wrap\">\n\t\t\t\t\t\t<h4 class=\"inline\">\n\t\t\t\t\t\t\t\t\t\t\t\t\tView Fullscreen\t\t\t\t\t\t\t\t\t\t\t\t<\/h4>\n\t\t\t\t\t\t<div class=\"icon inline ion-ios-plus-empty\"><\/div>\n\t\t\t\t\t<\/div>\n\t\t\t\t<\/div>\n\t\t\t<\/div>\n\t\t\t<div class=\"gallery-description\">\n\t\t\t\t<h3 class=\"title\">00046_Integrafo_MuseoFIQ<\/h3>\n\t\t\t\t<p class=\"subtitle small\">\n\t\t\t\t\t\t\t\t\t<\/p>\n\t\t\t<\/div>\n\t\t<\/div>\n\t<\/div>\n\t\t\t<div class=\" vc_col-lg-3 vc_col-md-4 vc_col-sm-6 vc_col-xs-12 masonry-block grid-item gallery-image\" data-gallery-item=\"7\" data-lazy-item=\"true\">\n\t\t<div class=\"wrap\">\n\t\t\t\t\t\t<img class=\"gimg\" src=\"https:\/\/fiq.unl.edu.ar\/museo\/archivo\/wp-content\/uploads\/2021\/04\/00047_Integrafo_MuseoFIQ.jpg\" alt=\"\">\n\t\t\t<div class=\"overlay hidden\">\n\t\t\t\t<div class=\"content-center text-center\">\n\t\t\t\t\t<div class=\"wrap\">\n\t\t\t\t\t\t<h4 class=\"inline\">\n\t\t\t\t\t\t\t\t\t\t\t\t\tView Fullscreen\t\t\t\t\t\t\t\t\t\t\t\t<\/h4>\n\t\t\t\t\t\t<div class=\"icon inline ion-ios-plus-empty\"><\/div>\n\t\t\t\t\t<\/div>\n\t\t\t\t<\/div>\n\t\t\t<\/div>\n\t\t\t<div class=\"gallery-description\">\n\t\t\t\t<h3 class=\"title\">00047_Integrafo_MuseoFIQ<\/h3>\n\t\t\t\t<p class=\"subtitle small\">\n\t\t\t\t\t\t\t\t\t<\/p>\n\t\t\t<\/div>\n\t\t<\/div>\n\t<\/div>\n\t\t\t<div class=\" vc_col-lg-3 vc_col-md-4 vc_col-sm-6 vc_col-xs-12 masonry-block grid-item gallery-image\" data-gallery-item=\"8\" data-lazy-item=\"true\">\n\t\t<div class=\"wrap\">\n\t\t\t\t\t\t<img class=\"gimg\" src=\"https:\/\/fiq.unl.edu.ar\/museo\/archivo\/wp-content\/uploads\/2021\/04\/00048_Integrafo_MuseoFIQ.jpg\" alt=\"\">\n\t\t\t<div class=\"overlay hidden\">\n\t\t\t\t<div class=\"content-center text-center\">\n\t\t\t\t\t<div class=\"wrap\">\n\t\t\t\t\t\t<h4 class=\"inline\">\n\t\t\t\t\t\t\t\t\t\t\t\t\tView Fullscreen\t\t\t\t\t\t\t\t\t\t\t\t<\/h4>\n\t\t\t\t\t\t<div class=\"icon inline ion-ios-plus-empty\"><\/div>\n\t\t\t\t\t<\/div>\n\t\t\t\t<\/div>\n\t\t\t<\/div>\n\t\t\t<div class=\"gallery-description\">\n\t\t\t\t<h3 class=\"title\">00048_Integrafo_MuseoFIQ<\/h3>\n\t\t\t\t<p class=\"subtitle small\">\n\t\t\t\t\t\t\t\t\t<\/p>\n\t\t\t<\/div>\n\t\t<\/div>\n\t<\/div>\n\t\t\t<div class=\" vc_col-lg-3 vc_col-md-4 vc_col-sm-6 vc_col-xs-12 masonry-block grid-item gallery-image\" data-gallery-item=\"9\" data-lazy-item=\"true\">\n\t\t<div class=\"wrap\">\n\t\t\t\t\t\t<img class=\"gimg\" src=\"https:\/\/fiq.unl.edu.ar\/museo\/archivo\/wp-content\/uploads\/2021\/04\/00049_Integrafo_MuseoFIQ.jpg\" alt=\"\">\n\t\t\t<div class=\"overlay hidden\">\n\t\t\t\t<div class=\"content-center text-center\">\n\t\t\t\t\t<div class=\"wrap\">\n\t\t\t\t\t\t<h4 class=\"inline\">\n\t\t\t\t\t\t\t\t\t\t\t\t\tView Fullscreen\t\t\t\t\t\t\t\t\t\t\t\t<\/h4>\n\t\t\t\t\t\t<div class=\"icon inline ion-ios-plus-empty\"><\/div>\n\t\t\t\t\t<\/div>\n\t\t\t\t<\/div>\n\t\t\t<\/div>\n\t\t\t<div class=\"gallery-description\">\n\t\t\t\t<h3 class=\"title\">00049_Integrafo_MuseoFIQ<\/h3>\n\t\t\t\t<p class=\"subtitle small\">\n\t\t\t\t\t\t\t\t\t<\/p>\n\t\t\t<\/div>\n\t\t<\/div>\n\t<\/div>\n\t\t\t<div class=\" vc_col-lg-3 vc_col-md-4 vc_col-sm-6 vc_col-xs-12 masonry-block grid-item gallery-image\" data-gallery-item=\"10\" data-lazy-item=\"true\">\n\t\t<div class=\"wrap\">\n\t\t\t\t\t\t<img class=\"gimg\" src=\"https:\/\/fiq.unl.edu.ar\/museo\/archivo\/wp-content\/uploads\/2021\/04\/00050_Integrafo_MuseoFIQ.jpg\" alt=\"\">\n\t\t\t<div class=\"overlay hidden\">\n\t\t\t\t<div class=\"content-center text-center\">\n\t\t\t\t\t<div class=\"wrap\">\n\t\t\t\t\t\t<h4 class=\"inline\">\n\t\t\t\t\t\t\t\t\t\t\t\t\tView Fullscreen\t\t\t\t\t\t\t\t\t\t\t\t<\/h4>\n\t\t\t\t\t\t<div class=\"icon inline ion-ios-plus-empty\"><\/div>\n\t\t\t\t\t<\/div>\n\t\t\t\t<\/div>\n\t\t\t<\/div>\n\t\t\t<div class=\"gallery-description\">\n\t\t\t\t<h3 class=\"title\">00050_Integrafo_MuseoFIQ<\/h3>\n\t\t\t\t<p class=\"subtitle small\">\n\t\t\t\t\t\t\t\t\t<\/p>\n\t\t\t<\/div>\n\t\t<\/div>\n\t<\/div>\n\t\t\t<div class=\" vc_col-lg-3 vc_col-md-4 vc_col-sm-6 vc_col-xs-12 masonry-block grid-item gallery-image\" data-gallery-item=\"11\" data-lazy-item=\"true\">\n\t\t<div class=\"wrap\">\n\t\t\t\t\t\t<img class=\"gimg\" src=\"https:\/\/fiq.unl.edu.ar\/museo\/archivo\/wp-content\/uploads\/2021\/04\/00051_Integrafo_MuseoFIQ.jpg\" alt=\"\">\n\t\t\t<div class=\"overlay hidden\">\n\t\t\t\t<div class=\"content-center text-center\">\n\t\t\t\t\t<div class=\"wrap\">\n\t\t\t\t\t\t<h4 class=\"inline\">\n\t\t\t\t\t\t\t\t\t\t\t\t\tView Fullscreen\t\t\t\t\t\t\t\t\t\t\t\t<\/h4>\n\t\t\t\t\t\t<div class=\"icon inline ion-ios-plus-empty\"><\/div>\n\t\t\t\t\t<\/div>\n\t\t\t\t<\/div>\n\t\t\t<\/div>\n\t\t\t<div class=\"gallery-description\">\n\t\t\t\t<h3 class=\"title\">00051_Integrafo_MuseoFIQ<\/h3>\n\t\t\t\t<p class=\"subtitle small\">\n\t\t\t\t\t\t\t\t\t<\/p>\n\t\t\t<\/div>\n\t\t<\/div>\n\t<\/div>\n\t\t\t<div class=\" vc_col-lg-3 vc_col-md-4 vc_col-sm-6 vc_col-xs-12 masonry-block grid-item gallery-image\" data-gallery-item=\"12\" data-lazy-item=\"true\">\n\t\t<div class=\"wrap\">\n\t\t\t\t\t\t<img class=\"gimg\" src=\"https:\/\/fiq.unl.edu.ar\/museo\/archivo\/wp-content\/uploads\/2021\/04\/00052_Integrafo_MuseoFIQ.jpg\" alt=\"\">\n\t\t\t<div class=\"overlay hidden\">\n\t\t\t\t<div class=\"content-center text-center\">\n\t\t\t\t\t<div class=\"wrap\">\n\t\t\t\t\t\t<h4 class=\"inline\">\n\t\t\t\t\t\t\t\t\t\t\t\t\tView Fullscreen\t\t\t\t\t\t\t\t\t\t\t\t<\/h4>\n\t\t\t\t\t\t<div class=\"icon inline ion-ios-plus-empty\"><\/div>\n\t\t\t\t\t<\/div>\n\t\t\t\t<\/div>\n\t\t\t<\/div>\n\t\t\t<div class=\"gallery-description\">\n\t\t\t\t<h3 class=\"title\">00052_Integrafo_MuseoFIQ<\/h3>\n\t\t\t\t<p class=\"subtitle small\">\n\t\t\t\t\t\t\t\t\t<\/p>\n\t\t\t<\/div>\n\t\t<\/div>\n\t<\/div>\n\t\t\t<div class=\" vc_col-lg-3 vc_col-md-4 vc_col-sm-6 vc_col-xs-12 masonry-block grid-item gallery-image\" data-gallery-item=\"13\" data-lazy-item=\"true\">\n\t\t<div class=\"wrap\">\n\t\t\t\t\t\t<img class=\"gimg\" src=\"https:\/\/fiq.unl.edu.ar\/museo\/archivo\/wp-content\/uploads\/2021\/04\/00053_Integrafo_MuseoFIQ.jpg\" alt=\"\">\n\t\t\t<div class=\"overlay hidden\">\n\t\t\t\t<div class=\"content-center text-center\">\n\t\t\t\t\t<div class=\"wrap\">\n\t\t\t\t\t\t<h4 class=\"inline\">\n\t\t\t\t\t\t\t\t\t\t\t\t\tView Fullscreen\t\t\t\t\t\t\t\t\t\t\t\t<\/h4>\n\t\t\t\t\t\t<div class=\"icon inline ion-ios-plus-empty\"><\/div>\n\t\t\t\t\t<\/div>\n\t\t\t\t<\/div>\n\t\t\t<\/div>\n\t\t\t<div class=\"gallery-description\">\n\t\t\t\t<h3 class=\"title\">00053_Integrafo_MuseoFIQ<\/h3>\n\t\t\t\t<p class=\"subtitle small\">\n\t\t\t\t\t\t\t\t\t<\/p>\n\t\t\t<\/div>\n\t\t<\/div>\n\t<\/div>\n\t\t\t<div class=\" vc_col-lg-3 vc_col-md-4 vc_col-sm-6 vc_col-xs-12 masonry-block grid-item gallery-image\" data-gallery-item=\"14\" data-lazy-item=\"true\">\n\t\t<div class=\"wrap\">\n\t\t\t\t\t\t<img class=\"gimg\" src=\"https:\/\/fiq.unl.edu.ar\/museo\/archivo\/wp-content\/uploads\/2021\/04\/00054_Integrafo_MuseoFIQ.jpg\" alt=\"\">\n\t\t\t<div class=\"overlay hidden\">\n\t\t\t\t<div class=\"content-center text-center\">\n\t\t\t\t\t<div class=\"wrap\">\n\t\t\t\t\t\t<h4 class=\"inline\">\n\t\t\t\t\t\t\t\t\t\t\t\t\tView Fullscreen\t\t\t\t\t\t\t\t\t\t\t\t<\/h4>\n\t\t\t\t\t\t<div class=\"icon inline ion-ios-plus-empty\"><\/div>\n\t\t\t\t\t<\/div>\n\t\t\t\t<\/div>\n\t\t\t<\/div>\n\t\t\t<div class=\"gallery-description\">\n\t\t\t\t<h3 class=\"title\">00054_Integrafo_MuseoFIQ<\/h3>\n\t\t\t\t<p class=\"subtitle small\">\n\t\t\t\t\t\t\t\t\t<\/p>\n\t\t\t<\/div>\n\t\t<\/div>\n\t<\/div>\n\t\t<div class=\"clear\"><\/div>\n\n\t<\/div>\n\n\t\n<\/div>\n\n<div class=\"norebro-gallery-opened-sc custom-gallery\"\n\tid=\"norebro-custom-69e1bb97601e8\"\n\tdata-options='{\"navClass\":\"\"}'>\n\n\t<div class=\"expand\">\n\t\t<span class=\"ion-android-expand\"><\/span>\n\t<\/div>\n\t<div class=\"close\">\n\t\t<span class=\"ion-ios-close-empty\"><\/span>\n\t<\/div>\n\n<\/div>\n<div class=\"norebro-text-sc \" \n\tid=\"norebro-custom-69e1bb9760279\" \n\t \n\t>\n\n\t<p><a href=\"http:\/\/creativecommons.org\/licenses\/by-nc\/4.0\/\" rel=\"license\"><img style=\"border-width: 0;\" src=\"https:\/\/i.creativecommons.org\/l\/by-nc\/4.0\/80x15.png\" alt=\"Licencia de Creative Commons\" \/> \u00a0<\/a>Archivo Hist\u00f3rico FIQ-UNL by <a href=\"http:\/\/fiq.unl.edu.ar\/\" rel=\"cc:attributionURL\">Facultad de Ingenier\u00eda Qu\u00edmica. UNL<\/a> is licensed under a <a href=\"http:\/\/creativecommons.org\/licenses\/by-nc\/4.0\/\" rel=\"license\">Creative Commons Reconocimiento-NoComercial 4.0 Internacional License<\/a>. Fotograf\u00eda: <a href=\"http:\/\/marianatorresluyo.com.ar\/\" target=\"_blank\" rel=\"noopener\">Mariana Torres Luyo<\/a><\/p>\n\t\n<\/div>[\/vc_column][\/vc_row][vc_row][vc_column width=&#8221;1\/6&#8243;][\/vc_column][vc_column width=&#8221;2\/3&#8243;][vc_empty_space height=&#8221;40px&#8221;]<div class=\"norebro-heading-sc heading text-left\"\n\tid=\"norebro-custom-69e1bb97602a3\" \n\t \n\t>\n\t\n\t\n\t\n\t<h3 class=\"title\">\n\t\tDisciplina\t<\/h3>\n\n\t\n\t\t\t<p class=\"subtitle\">\n\t\t\tMatem\u00e1tica\t\t<\/p>\n\t\t\n<\/div>[vc_empty_space height=&#8221;40px&#8221;]<div class=\"norebro-heading-sc heading text-left\"\n\tid=\"norebro-custom-69e1bb97602e1\" \n\t \n\t>\n\t\n\t\n\t\n\t<h3 class=\"title\">\n\t\t\u00c1rea de investigaci\u00f3n\t<\/h3>\n\n\t\n\t\t\t<p class=\"subtitle\">\n\t\t\tEcuaciones diferenciales\t\t<\/p>\n\t\t\n<\/div>[vc_empty_space height=&#8221;40px&#8221;]<div class=\"norebro-heading-sc heading text-left\"\n\tid=\"norebro-custom-69e1bb97602fa\" \n\t \n\t>\n\t\n\t\n\t\n\t<h3 class=\"title\">\n\t\tContexto de uso y descripci\u00f3n t\u00e9cnica\t<\/h3>\n\n\t\n\t\t\t<p class=\"subtitle\">\n\t\t\t\t\t<\/p>\n\t\t\n<\/div><div class=\"norebro-text-sc \" \n\tid=\"norebro-custom-69e1bb9760336\" \n\t \n\t>\n\n\t<p>Este int\u00e9grafo es un instrumento de c\u00e1lculo ideado por Bruno Abdank Abakanowick aproximadamente en 1878 bas\u00e1ndose en ideas previas de Coriolis . La materializaci\u00f3n pr\u00e1ctica y efectiva de este instrumento para su comercializaci\u00f3n llev\u00f3 varios a\u00f1os de intentos sin \u00e9xito hasta que el ingeniero suizo Gottlieb Coradi, experto en la manufacturaci\u00f3n de instrumentos de precisi\u00f3n, se hace cargo de su construcci\u00f3n logrando solucionar satisfactoriamente todos los problemas t\u00e9cnicos de dise\u00f1o que eran bastantes complejos. Esta complejidad queda reflejada en los comentarios del propio Abakanowick en una publicaci\u00f3n cient\u00edfica sobre su invenci\u00f3n en 1885: \u201cMr. Coradi tiene todo el m\u00e9rito de la extraordinaria soluci\u00f3n al problema mec\u00e1nico de la transmisi\u00f3n del movimiento de la barra directriz a la rueda de integraci\u00f3n.\u201d Bruno Abakanowick, polaco de nacimiento, logr\u00f3 acumular una considerable fortuna gracias a sus invenciones. Buena parte de su vida transcurri\u00f3 en Francia y fue condecorado con la Legi\u00f3n de Honor en 1889 , la m\u00e1xima distinci\u00f3n otorgarda por el gobierno franc\u00e9s. Bruno Abakanowick es considerado como uno de los responsables del tendido de las redes de electrificaci\u00f3n en Francia.<\/p>\n<h4><strong>Para qu\u00e9 sirve<\/strong><\/h4>\n<p>Este instrumento dibuja una curva (que se denomina curva integral) que en cada punto representa la pendiente de la recta tangente a otra curva graficada previamente (que se denomina curva fundamental). En t\u00e9rminos matem\u00e1ticos, dada una curva definida por el gr\u00e1fico de una funci\u00f3n <em>f<\/em>, el int\u00e9grafo permite hallar otra curva que representa el gr\u00e1fico de una primitiva de <em>f<\/em> bajo ciertas condiciones de diferenciabilidad (suavidad de la curva definida por la funci\u00f3n <em>f<\/em>). Esto tambi\u00e9n significa que con este instrumento se puede, en ciertos casos, encontrar gr\u00e1ficamente una soluci\u00f3n de la ecuaci\u00f3n diferencial de primer orden dy\/dx=<em>f<\/em>(x)<\/p>\n<h4>C\u00f3mo funciona<\/h4>\n<p>En cada uno de los extremos de la barra se encuentra una rueda. Sobre estas ruedas (ruedas principales) se desplaza todo el instrumento (ya que sus componentes se encuentran unidas a esta barra directa o indirectamente) de izquierda a derecha (o inversamente) sobre un eje imaginario que comunmente se denomina eje x. Sobre esta barra se encuentra una vara met\u00e1lica (directriz) con perfil de rombo. En uno de sus extremos hay un marcador, pieza de metal de punta c\u00f3nica, que recorre la curva fundamental. Mientras esto ocurre, otro marcardor, montado sobre una estructura rectangular formada por varillas cuyo movimiento depende de una rueda (rueda de integraci\u00f3n), dibuja la curva integral buscada.<\/p>\n\t\n<\/div>[vc_empty_space height=&#8221;40px&#8221;]<div class=\"norebro-heading-sc heading text-left\"\n\tid=\"norebro-custom-69e1bb976034c\" \n\t \n\t>\n\t\n\t\n\t\n\t<h3 class=\"title\">\n\t\tDescripci\u00f3n de materiales\t<\/h3>\n\n\t\n\t\t\t<p class=\"subtitle\">\n\t\t\tInstrumento que consta de ruedas de diverso tama\u00f1o, una barra, varas,  varillas y elementos punzantes construidos totalmente en metal. Guardado en caja original de madera.\t\t<\/p>\n\t\t\n<\/div>[vc_empty_space height=&#8221;40px&#8221;]<div class=\"norebro-heading-sc heading text-left\"\n\tid=\"norebro-custom-69e1bb9760367\" \n\t \n\t>\n\t\n\t\n\t\t\t<div class=\"divider\"><\/div>\n\t\n\t<h3 class=\"title\">\n\t\tTransferido a MuSEO\t<\/h3>\n\n\t\n\t\t\t<p class=\"subtitle\">\n\t\t\tDepartamento de Matem\u00e1tica FIQ-UNL\t\t<\/p>\n\t\t\n<\/div>[\/vc_column][vc_column width=&#8221;1\/6&#8243;][\/vc_column][\/vc_row]\n","protected":false},"excerpt":{"rendered":"<p>[vc_row][vc_column][vc_empty_space height=&#8221;80px&#8221;][vc_empty_space height=&#8221;40px&#8221;][vc_separator][\/vc_column][\/vc_row][vc_row][vc_column width=&#8221;1\/5&#8243;][vc_empty_space height=&#8221;20px&#8221;][\/vc_column][vc_column width=&#8221;1\/5&#8243;][vc_empty_space height=&#8221;20px&#8221;][\/vc_column][vc_column width=&#8221;1\/5&#8243;][vc_empty_space height=&#8221;20px&#8221;][\/vc_column][vc_column width=&#8221;1\/5&#8243;][vc_empty_space height=&#8221;20px&#8221;][\/vc_column][vc_column width=&#8221;1\/5&#8243;][vc_empty_space height=&#8221;20px&#8221;][\/vc_column][\/vc_row][vc_row][vc_column][vc_empty_space height=&#8221;20px&#8221;][vc_separator][vc_empty_space&#8230;<\/p>\n","protected":false},"author":2,"featured_media":0,"parent":1709,"menu_order":0,"comment_status":"closed","ping_status":"closed","template":"","meta":[],"_links":{"self":[{"href":"https:\/\/fiq.unl.edu.ar\/museo\/archivo\/wp-json\/wp\/v2\/pages\/685"}],"collection":[{"href":"https:\/\/fiq.unl.edu.ar\/museo\/archivo\/wp-json\/wp\/v2\/pages"}],"about":[{"href":"https:\/\/fiq.unl.edu.ar\/museo\/archivo\/wp-json\/wp\/v2\/types\/page"}],"author":[{"embeddable":true,"href":"https:\/\/fiq.unl.edu.ar\/museo\/archivo\/wp-json\/wp\/v2\/users\/2"}],"replies":[{"embeddable":true,"href":"https:\/\/fiq.unl.edu.ar\/museo\/archivo\/wp-json\/wp\/v2\/comments?post=685"}],"version-history":[{"count":5,"href":"https:\/\/fiq.unl.edu.ar\/museo\/archivo\/wp-json\/wp\/v2\/pages\/685\/revisions"}],"predecessor-version":[{"id":706,"href":"https:\/\/fiq.unl.edu.ar\/museo\/archivo\/wp-json\/wp\/v2\/pages\/685\/revisions\/706"}],"up":[{"embeddable":true,"href":"https:\/\/fiq.unl.edu.ar\/museo\/archivo\/wp-json\/wp\/v2\/pages\/1709"}],"wp:attachment":[{"href":"https:\/\/fiq.unl.edu.ar\/museo\/archivo\/wp-json\/wp\/v2\/media?parent=685"}],"curies":[{"name":"wp","href":"https:\/\/api.w.org\/{rel}","templated":true}]}}