{"id":842,"date":"2021-04-28T13:16:38","date_gmt":"2021-04-28T16:16:38","guid":{"rendered":"https:\/\/fiq.unl.edu.ar\/museo\/archivo\/?page_id=842"},"modified":"2022-05-17T19:20:47","modified_gmt":"2022-05-17T22:20:47","slug":"espectrometro","status":"publish","type":"page","link":"https:\/\/fiq.unl.edu.ar\/museo\/archivo\/colecciones\/espectrometro\/","title":{"rendered":"Espectr\u00f3metro"},"content":{"rendered":"[vc_row][vc_column][vc_empty_space height=&#8221;80px&#8221;]<div class=\"norebro-heading-sc heading text-left\"\n\tid=\"norebro-custom-69e1bb975d9b1\" \n\t \n\t>\n\t\n\t\n\t\n\t<h1 class=\"title\">\n\t\tEspectr\u00f3metro\t<\/h1>\n\n\t\n\t\t\t<p class=\"subtitle\">\n\t\t\t\t\t<\/p>\n\t\t\n<\/div>[vc_empty_space height=&#8221;40px&#8221;][vc_separator][\/vc_column][\/vc_row][vc_row][vc_column width=&#8221;1\/5&#8243;][vc_empty_space height=&#8221;20px&#8221;]<div class=\"norebro-heading-sc heading text-left\"\n\tid=\"norebro-custom-69e1bb975da09\" \n\t \n\t>\n\t\n\t\n\t\n\t<h4 class=\"title\">\n\t\tNombre del equipo\t<\/h4>\n\n\t\n\t\t\t<p class=\"subtitle\">\n\t\t\tEspectr\u00f3metro de Desviaci\u00f3n Constante\t\t<\/p>\n\t\t\n<\/div>[\/vc_column][vc_column width=&#8221;1\/5&#8243;][vc_empty_space height=&#8221;20px&#8221;]<div class=\"norebro-heading-sc heading text-left\"\n\tid=\"norebro-custom-69e1bb975da40\" \n\t \n\t>\n\t\n\t\n\t\n\t<h4 class=\"title\">\n\t\tDataci\u00f3n\t<\/h4>\n\n\t\n\t\t\t<p class=\"subtitle\">\n\t\t\tFabricada a finales del siglo XIX (aprox.)\t\t<\/p>\n\t\t\n<\/div>[\/vc_column][vc_column width=&#8221;1\/5&#8243;][vc_empty_space height=&#8221;20px&#8221;]<div class=\"norebro-heading-sc heading text-left\"\n\tid=\"norebro-custom-69e1bb975da63\" \n\t \n\t>\n\t\n\t\n\t\n\t<h4 class=\"title\">\n\t\tLugar de procedencia\t<\/h4>\n\n\t\n\t\t\t<p class=\"subtitle\">\n\t\t\tInglaterra\t\t<\/p>\n\t\t\n<\/div>[\/vc_column][vc_column width=&#8221;1\/5&#8243;][vc_empty_space height=&#8221;20px&#8221;]<div class=\"norebro-heading-sc heading text-left\"\n\tid=\"norebro-custom-69e1bb975da83\" \n\t \n\t>\n\t\n\t\n\t\n\t<h4 class=\"title\">\n\t\tMarca\t<\/h4>\n\n\t\n\t\t\t<p class=\"subtitle\">\n\t\t\tAdam Hilger Ltd. (posiblemente)\t\t<\/p>\n\t\t\n<\/div>[\/vc_column][vc_column width=&#8221;1\/5&#8243;][vc_empty_space height=&#8221;20px&#8221;]<div class=\"norebro-heading-sc heading text-left\"\n\tid=\"norebro-custom-69e1bb975dab5\" \n\t \n\t>\n\t\n\t\n\t\n\t<h4 class=\"title\">\n\t\tEstaci\u00f3n MuSEO\t<\/h4>\n\n\t\n\t\t\t<p class=\"subtitle\">\n\t\t\tFester\t\t<\/p>\n\t\t\n<\/div>[\/vc_column][\/vc_row][vc_row][vc_column][vc_empty_space height=&#8221;20px&#8221;][vc_separator][vc_empty_space height=&#8221;40px&#8221;]<div class=\"norebro-gallery-sc gallery-wrap\"\n\tid=\"norebro-custom-images-69e1bb975ec05\"\n\tdata-gallery=\"norebro-custom-69e1bb975ec04\"\n\t\t>\n\n\t\n\t<div class=\"vc_row\" data-lazy-container=\"true\">\n\n\t\t\t<div class=\" vc_col-lg-4 vc_col-md-4 vc_col-sm-6 vc_col-xs-12 masonry-block grid-item gallery-image\" data-gallery-item=\"0\" data-lazy-item=\"true\">\n\t\t<div class=\"wrap\">\n\t\t\t\t\t\t<img class=\"gimg\" src=\"https:\/\/fiq.unl.edu.ar\/museo\/archivo\/wp-content\/uploads\/2021\/04\/00032_Espectrofotometro_MuseoFIQ.jpg\" alt=\"\">\n\t\t\t<div class=\"overlay hidden\">\n\t\t\t\t<div class=\"content-center text-center\">\n\t\t\t\t\t<div class=\"wrap\">\n\t\t\t\t\t\t<h4 class=\"inline\">\n\t\t\t\t\t\t\t\t\t\t\t\t\tView Fullscreen\t\t\t\t\t\t\t\t\t\t\t\t<\/h4>\n\t\t\t\t\t\t<div class=\"icon inline ion-ios-plus-empty\"><\/div>\n\t\t\t\t\t<\/div>\n\t\t\t\t<\/div>\n\t\t\t<\/div>\n\t\t\t<div class=\"gallery-description\">\n\t\t\t\t<h3 class=\"title\">00032_Espectrofotometro_MuseoFIQ<\/h3>\n\t\t\t\t<p class=\"subtitle small\">\n\t\t\t\t\t\t\t\t\t<\/p>\n\t\t\t<\/div>\n\t\t<\/div>\n\t<\/div>\n\t\t\t<div class=\" vc_col-lg-4 vc_col-md-4 vc_col-sm-6 vc_col-xs-12 masonry-block grid-item gallery-image\" data-gallery-item=\"1\" data-lazy-item=\"true\">\n\t\t<div class=\"wrap\">\n\t\t\t\t\t\t<img class=\"gimg\" src=\"https:\/\/fiq.unl.edu.ar\/museo\/archivo\/wp-content\/uploads\/2021\/04\/00031_Espectrofotometro_MuseoFIQ.jpg\" alt=\"\">\n\t\t\t<div class=\"overlay hidden\">\n\t\t\t\t<div class=\"content-center text-center\">\n\t\t\t\t\t<div class=\"wrap\">\n\t\t\t\t\t\t<h4 class=\"inline\">\n\t\t\t\t\t\t\t\t\t\t\t\t\tView Fullscreen\t\t\t\t\t\t\t\t\t\t\t\t<\/h4>\n\t\t\t\t\t\t<div class=\"icon inline ion-ios-plus-empty\"><\/div>\n\t\t\t\t\t<\/div>\n\t\t\t\t<\/div>\n\t\t\t<\/div>\n\t\t\t<div class=\"gallery-description\">\n\t\t\t\t<h3 class=\"title\">00031_Espectrofotometro_MuseoFIQ<\/h3>\n\t\t\t\t<p class=\"subtitle small\">\n\t\t\t\t\t\t\t\t\t<\/p>\n\t\t\t<\/div>\n\t\t<\/div>\n\t<\/div>\n\t\t\t<div class=\" vc_col-lg-4 vc_col-md-4 vc_col-sm-6 vc_col-xs-12 masonry-block grid-item gallery-image\" data-gallery-item=\"2\" data-lazy-item=\"true\">\n\t\t<div class=\"wrap\">\n\t\t\t\t\t\t<img class=\"gimg\" src=\"https:\/\/fiq.unl.edu.ar\/museo\/archivo\/wp-content\/uploads\/2021\/04\/00029_Espectrofotometro_MuseoFIQ.jpg\" alt=\"\">\n\t\t\t<div class=\"overlay hidden\">\n\t\t\t\t<div class=\"content-center text-center\">\n\t\t\t\t\t<div class=\"wrap\">\n\t\t\t\t\t\t<h4 class=\"inline\">\n\t\t\t\t\t\t\t\t\t\t\t\t\tView Fullscreen\t\t\t\t\t\t\t\t\t\t\t\t<\/h4>\n\t\t\t\t\t\t<div class=\"icon inline ion-ios-plus-empty\"><\/div>\n\t\t\t\t\t<\/div>\n\t\t\t\t<\/div>\n\t\t\t<\/div>\n\t\t\t<div class=\"gallery-description\">\n\t\t\t\t<h3 class=\"title\">00029_Espectrofotometro_MuseoFIQ<\/h3>\n\t\t\t\t<p class=\"subtitle small\">\n\t\t\t\t\t\t\t\t\t<\/p>\n\t\t\t<\/div>\n\t\t<\/div>\n\t<\/div>\n\t\t\t<div class=\" vc_col-lg-4 vc_col-md-4 vc_col-sm-6 vc_col-xs-12 masonry-block grid-item gallery-image\" data-gallery-item=\"3\" data-lazy-item=\"true\">\n\t\t<div class=\"wrap\">\n\t\t\t\t\t\t<img class=\"gimg\" src=\"https:\/\/fiq.unl.edu.ar\/museo\/archivo\/wp-content\/uploads\/2021\/04\/00028_Espectrofotometro_MuseoFIQ.jpg\" alt=\"\">\n\t\t\t<div class=\"overlay hidden\">\n\t\t\t\t<div class=\"content-center text-center\">\n\t\t\t\t\t<div class=\"wrap\">\n\t\t\t\t\t\t<h4 class=\"inline\">\n\t\t\t\t\t\t\t\t\t\t\t\t\tView Fullscreen\t\t\t\t\t\t\t\t\t\t\t\t<\/h4>\n\t\t\t\t\t\t<div class=\"icon inline ion-ios-plus-empty\"><\/div>\n\t\t\t\t\t<\/div>\n\t\t\t\t<\/div>\n\t\t\t<\/div>\n\t\t\t<div class=\"gallery-description\">\n\t\t\t\t<h3 class=\"title\">00028_Espectrofotometro_MuseoFIQ<\/h3>\n\t\t\t\t<p class=\"subtitle small\">\n\t\t\t\t\t\t\t\t\t<\/p>\n\t\t\t<\/div>\n\t\t<\/div>\n\t<\/div>\n\t\t\t<div class=\" vc_col-lg-4 vc_col-md-4 vc_col-sm-6 vc_col-xs-12 masonry-block grid-item gallery-image\" data-gallery-item=\"4\" data-lazy-item=\"true\">\n\t\t<div class=\"wrap\">\n\t\t\t\t\t\t<img class=\"gimg\" src=\"https:\/\/fiq.unl.edu.ar\/museo\/archivo\/wp-content\/uploads\/2021\/04\/00027_Espectrofotometro_MuseoFIQ.jpg\" alt=\"\">\n\t\t\t<div class=\"overlay hidden\">\n\t\t\t\t<div class=\"content-center text-center\">\n\t\t\t\t\t<div class=\"wrap\">\n\t\t\t\t\t\t<h4 class=\"inline\">\n\t\t\t\t\t\t\t\t\t\t\t\t\tView Fullscreen\t\t\t\t\t\t\t\t\t\t\t\t<\/h4>\n\t\t\t\t\t\t<div class=\"icon inline ion-ios-plus-empty\"><\/div>\n\t\t\t\t\t<\/div>\n\t\t\t\t<\/div>\n\t\t\t<\/div>\n\t\t\t<div class=\"gallery-description\">\n\t\t\t\t<h3 class=\"title\">00027_Espectrofotometro_MuseoFIQ<\/h3>\n\t\t\t\t<p class=\"subtitle small\">\n\t\t\t\t\t\t\t\t\t<\/p>\n\t\t\t<\/div>\n\t\t<\/div>\n\t<\/div>\n\t\t\t<div class=\" vc_col-lg-4 vc_col-md-4 vc_col-sm-6 vc_col-xs-12 masonry-block grid-item gallery-image\" data-gallery-item=\"5\" data-lazy-item=\"true\">\n\t\t<div class=\"wrap\">\n\t\t\t\t\t\t<img class=\"gimg\" src=\"https:\/\/fiq.unl.edu.ar\/museo\/archivo\/wp-content\/uploads\/2021\/04\/00025_Espectrofotometro_MuseoFIQ.jpg\" alt=\"\">\n\t\t\t<div class=\"overlay hidden\">\n\t\t\t\t<div class=\"content-center text-center\">\n\t\t\t\t\t<div class=\"wrap\">\n\t\t\t\t\t\t<h4 class=\"inline\">\n\t\t\t\t\t\t\t\t\t\t\t\t\tView Fullscreen\t\t\t\t\t\t\t\t\t\t\t\t<\/h4>\n\t\t\t\t\t\t<div class=\"icon inline ion-ios-plus-empty\"><\/div>\n\t\t\t\t\t<\/div>\n\t\t\t\t<\/div>\n\t\t\t<\/div>\n\t\t\t<div class=\"gallery-description\">\n\t\t\t\t<h3 class=\"title\">00025_Espectrofotometro_MuseoFIQ<\/h3>\n\t\t\t\t<p class=\"subtitle small\">\n\t\t\t\t\t\t\t\t\t<\/p>\n\t\t\t<\/div>\n\t\t<\/div>\n\t<\/div>\n\t\t<div class=\"clear\"><\/div>\n\n\t<\/div>\n\n\t\n<\/div>\n\n<div class=\"norebro-gallery-opened-sc custom-gallery\"\n\tid=\"norebro-custom-69e1bb975ec04\"\n\tdata-options='{\"navClass\":\"\"}'>\n\n\t<div class=\"expand\">\n\t\t<span class=\"ion-android-expand\"><\/span>\n\t<\/div>\n\t<div class=\"close\">\n\t\t<span class=\"ion-ios-close-empty\"><\/span>\n\t<\/div>\n\n<\/div>\n<div class=\"norebro-text-sc \" \n\tid=\"norebro-custom-69e1bb975eca2\" \n\t \n\t>\n\n\t<p><a href=\"http:\/\/creativecommons.org\/licenses\/by-nc\/4.0\/\" rel=\"license\"><img style=\"border-width: 0;\" src=\"https:\/\/i.creativecommons.org\/l\/by-nc\/4.0\/80x15.png\" alt=\"Licencia de Creative Commons\" \/> \u00a0<\/a>Archivo Hist\u00f3rico FIQ-UNL by <a href=\"http:\/\/fiq.unl.edu.ar\/\" rel=\"cc:attributionURL\">Facultad de Ingenier\u00eda Qu\u00edmica. UNL<\/a> is licensed under a <a href=\"http:\/\/creativecommons.org\/licenses\/by-nc\/4.0\/\" rel=\"license\">Creative Commons Reconocimiento-NoComercial 4.0 Internacional License<\/a>. Fotograf\u00eda: <a href=\"http:\/\/marianatorresluyo.com.ar\/\" target=\"_blank\" rel=\"noopener\">Mariana Torres Luyo<\/a><\/p>\n\t\n<\/div>[\/vc_column][\/vc_row][vc_row][vc_column width=&#8221;1\/6&#8243;][\/vc_column][vc_column width=&#8221;2\/3&#8243;][vc_empty_space height=&#8221;40px&#8221;]<div class=\"norebro-heading-sc heading text-left\"\n\tid=\"norebro-custom-69e1bb975ecc7\" \n\t \n\t>\n\t\n\t\n\t\n\t<h3 class=\"title\">\n\t\tDisciplina\t<\/h3>\n\n\t\n\t\t\t<p class=\"subtitle\">\n\t\t\tQu\u00edmica\t\t<\/p>\n\t\t\n<\/div>[vc_empty_space height=&#8221;40px&#8221;]<div class=\"norebro-heading-sc heading text-left\"\n\tid=\"norebro-custom-69e1bb975ecea\" \n\t \n\t>\n\t\n\t\n\t\n\t<h3 class=\"title\">\n\t\t\u00c1rea de investigaci\u00f3n\t<\/h3>\n\n\t\n\t\t\t<p class=\"subtitle\">\n\t\t\t\u00d3ptica F\u00edsica \/ Qu\u00edmica Anal\u00edtica Instrumental\t\t<\/p>\n\t\t\n<\/div>[vc_empty_space height=&#8221;40px&#8221;]<div class=\"norebro-heading-sc heading text-left\"\n\tid=\"norebro-custom-69e1bb975ed04\" \n\t \n\t>\n\t\n\t\n\t\n\t<h3 class=\"title\">\n\t\tContexto de uso y descripci\u00f3n t\u00e9cnica\t<\/h3>\n\n\t\n\t\t\t<p class=\"subtitle\">\n\t\t\t\t\t<\/p>\n\t\t\n<\/div><div class=\"norebro-text-sc \" \n\tid=\"norebro-custom-69e1bb975ed4e\" \n\t \n\t>\n\n\t<p>La <strong>espectroscopia<\/strong> moderna surge a partir de los trabajos realizados en 1859 por Robert Wilhelm Eberthard Bunsen y Gustav Robert Kirchhoff, profesores de qu\u00edmica y f\u00edsica de la Universidad de Heidelberg, respectivamente. Kirchoff estaba interesado en los problemas de la \u00f3ptica, mientras que Bunsen hab\u00eda trabajado anteriormente en los an\u00e1lisis cualitativos de elementos basados en el color de la llama.<br \/>\nEl uso del espectroscopio permiti\u00f3 a los qu\u00edmicos del siglo XIX detectar sustancias que se encontraban en cantidades demasiado peque\u00f1as para ser analizadas con procedimientos qu\u00edmicos tradicionales. Los nombres de algunos elementos como el rubidio, cesio, talio e indio fueron descubiertos por la aplicaci\u00f3n de \u00e9sta nueva t\u00e9cnica de an\u00e1lisis, que permit\u00eda observar el color de las l\u00edneas espectrales caracter\u00edsticas.<\/p>\n<h4><strong>Para qu\u00e9 sirve<\/strong><\/h4>\n<p>Se utiliza para la determinaci\u00f3n de las longitudes de onda de las l\u00edneas espectrales empleando un espectr\u00f3metro graduado para longitudes de onda que pueden ser le\u00eddas directamente de la escala.<\/p>\n<h4><strong>C\u00f3mo funciona<\/strong><\/h4>\n<p>EL espectroscopio de desviaci\u00f3n constante fabricado por la empresa londinense Adam Hilger. Consta solamente de dos tubos situados perpendicularmente: un telescopio para la observaci\u00f3n y un colimador. Entre estos se encuentra el sistema de prismas, de forma trapezoidal, el cual puede ser movido mediante un tornillo asociado a un tambor graduado que indica la longitud de onda que se est\u00e1 estudiando. El sistema \u00f3ptico consta de un conjunto de tres prismas unidos seg\u00fan \u00e1ngulos adecuados, de modo que se consigue que las radiaciones que presentan un \u00e1ngulo de m\u00ednima desviaci\u00f3n salgan en direcci\u00f3n perpendicular a la de entrada y puedan ser observadas en el ocular. Dado que el \u00e1ngulo de misma desviaci\u00f3n depende de las caracter\u00edsticas del prisma, en este caso, fijas, y de la longitud de onda de la radiaci\u00f3n, con el movimiento del prisma se pueden ir obteniendo radiaciones monocrom\u00e1ticas, cuya longitud de onda se puede determinar directamente en el tambor que controla el movimiento del prisma y que ha sido previamente graduado para tal fin.<\/p>\n\t\n<\/div>[vc_empty_space height=&#8221;40px&#8221;]<div class=\"norebro-heading-sc heading text-left\"\n\tid=\"norebro-custom-69e1bb975ed69\" \n\t \n\t>\n\t\n\t\n\t\n\t<h3 class=\"title\">\n\t\tDescripci\u00f3n de materiales\t<\/h3>\n\n\t\n\t\t\t<p class=\"subtitle\">\n\t\t\tConstruido de metal macizo, est\u00e1 compuesto por: lente de campo, colimador, prisma y sistema de lente ocular. Tiene una lupa y una fuente de luz, ambas externas al equipo.\t\t<\/p>\n\t\t\n<\/div>[vc_empty_space height=&#8221;40px&#8221;]<div class=\"norebro-heading-sc heading text-left\"\n\tid=\"norebro-custom-69e1bb975ed83\" \n\t \n\t>\n\t\n\t\n\t\n\t<h3 class=\"title\">\n\t\tTrayectoria tecnol\u00f3gica\t<\/h3>\n\n\t\n\t\t\t<p class=\"subtitle\">\n\t\t\t\t\t<\/p>\n\t\t\n<\/div><div class=\"norebro-text-sc \" \n\tid=\"norebro-custom-69e1bb975ed9e\" \n\t \n\t>\n\n\t<p>A partir de estos principios se dise\u00f1aron los espectr\u00f3metros usados para analizar e identificar elemento de distinto tipo en una muestra. Estos funcionan con una amplia variedad de longitudes de onda, desde rayos gamma, rayos X hasta el infrarrojo lejano.<br \/>\nEste instrumento se utiliza tambi\u00e9n en astronom\u00eda, permite separar la luz de estrellas en sus componentes; pero el registro del resultado de la dispersi\u00f3n de la luz es a trav\u00e9s de un dispositivo digital. (Puede ser una placa fotogr\u00e1fica, una memoria digital, etc).<\/p>\n\t\n<\/div>[vc_empty_space height=&#8221;40px&#8221;]<div class=\"norebro-heading-sc heading text-left\"\n\tid=\"norebro-custom-69e1bb975edb5\" \n\t \n\t>\n\t\n\t\n\t\t\t<div class=\"divider\"><\/div>\n\t\n\t<h3 class=\"title\">\n\t\tTransferido a MuSEO\t<\/h3>\n\n\t\n\t\t\t<p class=\"subtitle\">\n\t\t\tDepartamento de Qu\u00edmica. Qu\u00edmica Anal\u00edtica Instrumental. FIQ-UNL\t\t<\/p>\n\t\t\n<\/div>[vc_empty_space height=&#8221;40px&#8221;][\/vc_column][vc_column width=&#8221;1\/6&#8243;][\/vc_column][\/vc_row][vc_row css=&#8221;.vc_custom_1619640009154{background-color: #f2f2f2 !important;}&#8221;][vc_column width=&#8221;1\/6&#8243;][\/vc_column][vc_column width=&#8221;2\/3&#8243;][vc_empty_space height=&#8221;40px&#8221;]<div class=\"norebro-heading-sc heading text-left\"\n\tid=\"norebro-custom-69e1bb975edcd\" \n\t \n\t>\n\t\n\t\n\t\n\t<h3 class=\"title\">\n\t\tMateriales externos\t<\/h3>\n\n\t\n\t\t\t<p class=\"subtitle\">\n\t\t\t\t\t<\/p>\n\t\t\n<\/div><div class=\"norebro-accordion-s\u0441 accordion-box  outline\" \n\tid=\"norebro-custom-69e1bb975ede1\"\n\tdata-norebro-accordion=\"0\"\n\t \n\t>\n\n\t<div id=\"norebro-custom-69e1bb975ef14\" class=\"item\">\n\t\n\t<div class=\"title\">\n\t\t\t\t<h4>Cat\u00e1logos de Adam Hilger, Ltd.<\/h4>\n\t\t<div class=\"control\">\n\t\t\t<span class=\"ion-plus\"><\/span>\n\t\t<\/div>\n\t<\/div>\n\n\t<div class=\"content\">\n\t\t<div class=\"wrap\">\n\t\t\t<div class=\"norebro-text-sc \" \n\tid=\"norebro-custom-69e1bb975efe8\" \n\t \n\t>\n\n\t<p>Acervo Museol\u00f3gico do MAST (Museu de Astronomia e Ci\u00eancias Afins). Brasil<\/p>\n\t\n<\/div><div class=\"norebro-button-sc btn-wrap text-left\" \n\tid=\"norebro-custom-69e1bb975f022\"\n\t \n\t>\n\n\t<a href=\"http:\/\/site.mast.br\/catalogo\/resultado_busca.asp?id_fabricante=3\" target=\"_blank\" \n\t\tclass=\"btn  btn-squared btn-large\">\n\n\t\t\n\t\t<span class=\"text\">\n\t\t\tVer cat\u00e1logos\t\t<\/span>\n\n\t\t\n\t\t\t<\/a>\n\n<\/div>[vc_empty_space height=&#8221;40px&#8221;]<\/p>\n\t\t<\/div>\n\t<\/div>\n\n<\/div><div id=\"norebro-custom-69e1bb975f0e3\" class=\"item\">\n\t\n\t<div class=\"title\">\n\t\t\t\t<h4>Espectr\u00f3metro de Desviaci\u00f3n Constantes. Texto extra\u00eddo de B. P. LEVITT<\/h4>\n\t\t<div class=\"control\">\n\t\t\t<span class=\"ion-plus\"><\/span>\n\t\t<\/div>\n\t<\/div>\n\n\t<div class=\"content\">\n\t\t<div class=\"wrap\">\n\t\t\t<div class=\"norebro-text-sc \" \n\tid=\"norebro-custom-69e1bb975f198\" \n\t \n\t>\n\n\t<p>LEVITT, B. P. (1979): <a href=\"https:\/\/books.google.com.ar\/books?id=RU-DGFei4e8C&amp;pg=PA193&amp;lpg=PA193&amp;dq=espectroscopio+de+emision+adam+hilger&amp;source=bl&amp;ots=kvUDYiJ9Qz&amp;sig=H7t9kb-_GykEYJ7OqGx3ho5TkmQ&amp;hl=es&amp;sa=X&amp;ei=xeVbUu3NCcbwkQeAl4GQAg&amp;ved=0CCsQ6AEwAA%23v=onepage&amp;q=espectroscopio%2520de%2520emision%2520adam%2520hilger&amp;f=false#v=onepage&amp;q=espectroscopio%2520de%2520emision%2520adam%2520hilger&amp;f=false\" target=\"_blank\" rel=\"noopener\">Qu\u00edmica F\u00edsica pr\u00e1ctica de Findlay<\/a>. Espa\u00f1a: Editorial Revert\u00e9, S. A. pp 193-195<\/p>\n\t\n<\/div>[vc_empty_space height=&#8221;20px&#8221;][vc_single_image image=&#8221;875&#8243; img_size=&#8221;full&#8221;][vc_single_image image=&#8221;876&#8243; img_size=&#8221;full&#8221;]<div class=\"norebro-text-sc \" \n\tid=\"norebro-custom-69e1bb975f1cd\" \n\t \n\t>\n\n\t<p>La determinaci\u00f3n de las longitudes de onda de las l\u00edneas espectrales se consi\u00adgue de forma muy sencilla empleando un espectr\u00f3metro graduado para longi\u00adtudes de onda, que pueden ser le\u00eddas directamente en la escala. Este es el caso de los espectr\u00f3metros de desviaci\u00f3n constante: su anteojo y su colimador est\u00e1n fijos seg\u00fan un \u00e1ngulo recto, mientras un prisma especial puede girar me\u00addiante un tornillo microm\u00e9trico calibrado. La Fig. 9B.1 muestra la forma del instrumento construido por Adam Hilger Ltd. (London). El tubo colimador <strong>A<\/strong> va provisto de una rendija ajustable <strong>B<\/strong> y de un obturador sencillo <strong>C<\/strong>. El prisma de desviaci\u00f3n constante <strong>D<\/strong> tiene la forma que se muestra en la <strong>Fig. 9B.2(a)<\/strong>, donde se puede observar que el rayo que pasa por el prisma exactamente para\u00adlelo a la diagonal <strong>BD,<\/strong> emerger\u00e1 formando exactamente \u00e1ngulo recto con su direcci\u00f3n original, mientras que los rayos de otras longitudes de onda, al ser difractados de forma diferente, emerger\u00e1n en direcciones diferentes. Sin embar\u00adgo, para cada longitud de onda existe una posici\u00f3n del prisma que permitir\u00e1 que uno de los rayos penetre en el anteojo <strong>E<\/strong>. Por consiguiente, la posici\u00f3n del prisma determina la longitud de onda que se observar\u00e1 en el centro del ocular <strong>G<\/strong>. La rotaci\u00f3n del soporte giratorio que contiene al prisma se efect\u00faa con un tornillo microm\u00e9trico, cuyo extremo agudo muy duro aprieta contra una placa de acero bru\u00f1ido del brazo de transmisi\u00f3n unido al soporte. El tornillo va provisto de un tambor <strong>F<\/strong> (v\u00e9ase Fig. 9B.2(b)) sobre el que est\u00e1 grabada una escala predeterminada de longitudes de onda. La escala depende de la disper\u00adsi\u00f3n del prisma, aunque en cada instrumento la longitud de onda que debe leerse est\u00e1 directamente se\u00f1alada por el \u00edndice. El enfoque del anteojo se efect\u00faa por medio de un mando giratorio <strong>H<\/strong>. El objetivo del anteojo <strong>G<\/strong> contiene un indicador que se puede ajustar lateralmente; se le sit\u00faa en foco girando el ocular.<br \/>\nUna vez que el prisma est\u00e9 colocado en su sitio ya no debe toc\u00e1rsele aun\u00adque es preciso realizar los siguientes ajustes: (1) anchura de la rendija, (2) ver\u00adticalidad de la rendija, con el fin de que la imagen de cada l\u00ednea sea paralela a la rendija en el objetivo, (3) enfoque del objetivo sobre su indicador, (4) en\u00adfoque del anteojo para aumentar la nitidez del espectro -para ello debe com\u00adprobarse que es buena la separaci\u00f3n de las l\u00edneas D del Na. La seguridad de que el instrumento est\u00e1 debidamente acondicionado debe comprobarse midien\u00addo las longitudes de onda de cierto n\u00famero de l\u00edneas espectrales bien defi\u00adnidas, como son las del sodio o las del mercurio (ap\u00e9ndice, tabla A8). Cuando ya la escala ha sido verificada (o calibrada) el instrumento ya se puede utilizar para determinar longitudes de onda de los espectros.<\/p>\n\t\n<\/div>\n\t\t<\/div>\n\t<\/div>\n\n<\/div>\t\n<\/div>[vc_empty_space height=&#8221;40px&#8221;][\/vc_column][vc_column width=&#8221;1\/6&#8243;][\/vc_column][\/vc_row]\n","protected":false},"excerpt":{"rendered":"<p>[vc_row][vc_column][vc_empty_space height=&#8221;80px&#8221;][vc_empty_space height=&#8221;40px&#8221;][vc_separator][\/vc_column][\/vc_row][vc_row][vc_column width=&#8221;1\/5&#8243;][vc_empty_space height=&#8221;20px&#8221;][\/vc_column][vc_column width=&#8221;1\/5&#8243;][vc_empty_space height=&#8221;20px&#8221;][\/vc_column][vc_column width=&#8221;1\/5&#8243;][vc_empty_space height=&#8221;20px&#8221;][\/vc_column][vc_column width=&#8221;1\/5&#8243;][vc_empty_space height=&#8221;20px&#8221;][\/vc_column][vc_column width=&#8221;1\/5&#8243;][vc_empty_space height=&#8221;20px&#8221;][\/vc_column][\/vc_row][vc_row][vc_column][vc_empty_space height=&#8221;20px&#8221;][vc_separator][vc_empty_space&#8230;<\/p>\n","protected":false},"author":2,"featured_media":0,"parent":1709,"menu_order":0,"comment_status":"closed","ping_status":"closed","template":"","meta":[],"_links":{"self":[{"href":"https:\/\/fiq.unl.edu.ar\/museo\/archivo\/wp-json\/wp\/v2\/pages\/842"}],"collection":[{"href":"https:\/\/fiq.unl.edu.ar\/museo\/archivo\/wp-json\/wp\/v2\/pages"}],"about":[{"href":"https:\/\/fiq.unl.edu.ar\/museo\/archivo\/wp-json\/wp\/v2\/types\/page"}],"author":[{"embeddable":true,"href":"https:\/\/fiq.unl.edu.ar\/museo\/archivo\/wp-json\/wp\/v2\/users\/2"}],"replies":[{"embeddable":true,"href":"https:\/\/fiq.unl.edu.ar\/museo\/archivo\/wp-json\/wp\/v2\/comments?post=842"}],"version-history":[{"count":22,"href":"https:\/\/fiq.unl.edu.ar\/museo\/archivo\/wp-json\/wp\/v2\/pages\/842\/revisions"}],"predecessor-version":[{"id":1638,"href":"https:\/\/fiq.unl.edu.ar\/museo\/archivo\/wp-json\/wp\/v2\/pages\/842\/revisions\/1638"}],"up":[{"embeddable":true,"href":"https:\/\/fiq.unl.edu.ar\/museo\/archivo\/wp-json\/wp\/v2\/pages\/1709"}],"wp:attachment":[{"href":"https:\/\/fiq.unl.edu.ar\/museo\/archivo\/wp-json\/wp\/v2\/media?parent=842"}],"curies":[{"name":"wp","href":"https:\/\/api.w.org\/{rel}","templated":true}]}}