{"id":938,"date":"2021-04-29T10:55:51","date_gmt":"2021-04-29T13:55:51","guid":{"rendered":"https:\/\/fiq.unl.edu.ar\/museo\/archivo\/?page_id=938"},"modified":"2022-05-17T19:23:08","modified_gmt":"2022-05-17T22:23:08","slug":"microscopio","status":"publish","type":"page","link":"https:\/\/fiq.unl.edu.ar\/museo\/archivo\/colecciones\/microscopio\/","title":{"rendered":"Microscopio"},"content":{"rendered":"[vc_row][vc_column][vc_empty_space height=&#8221;80px&#8221;]<div class=\"norebro-heading-sc heading text-left\"\n\tid=\"norebro-custom-6a049fe8d7346\" \n\t \n\t>\n\t\n\t\n\t\n\t<h1 class=\"title\">\n\t\tMicroscopio\t<\/h1>\n\n\t\n\t\t\t<p class=\"subtitle\">\n\t\t\t\t\t<\/p>\n\t\t\n<\/div>[vc_empty_space height=&#8221;40px&#8221;][vc_separator][\/vc_column][\/vc_row][vc_row][vc_column width=&#8221;1\/5&#8243;][vc_empty_space height=&#8221;20px&#8221;]<div class=\"norebro-heading-sc heading text-left\"\n\tid=\"norebro-custom-6a049fe8d73b0\" \n\t \n\t>\n\t\n\t\n\t\n\t<h4 class=\"title\">\n\t\tNombre del equipo\t<\/h4>\n\n\t\n\t\t\t<p class=\"subtitle\">\n\t\t\tMicroscopio \u00f3ptico\t\t<\/p>\n\t\t\n<\/div>[\/vc_column][vc_column width=&#8221;1\/5&#8243;][vc_empty_space height=&#8221;20px&#8221;]<div class=\"norebro-heading-sc heading text-left\"\n\tid=\"norebro-custom-6a049fe8d73db\" \n\t \n\t>\n\t\n\t\n\t\n\t<h4 class=\"title\">\n\t\tDataci\u00f3n\t<\/h4>\n\n\t\n\t\t\t<p class=\"subtitle\">\n\t\t\tFabricado entre 1958-1961\t\t<\/p>\n\t\t\n<\/div>[\/vc_column][vc_column width=&#8221;1\/5&#8243;][vc_empty_space height=&#8221;20px&#8221;]<div class=\"norebro-heading-sc heading text-left\"\n\tid=\"norebro-custom-6a049fe8d73fa\" \n\t \n\t>\n\t\n\t\n\t\n\t<h4 class=\"title\">\n\t\tLugar de procedencia\t<\/h4>\n\n\t\n\t\t\t<p class=\"subtitle\">\n\t\t\tAlemania\t\t<\/p>\n\t\t\n<\/div>[\/vc_column][vc_column width=&#8221;1\/5&#8243;][vc_empty_space height=&#8221;20px&#8221;]<div class=\"norebro-heading-sc heading text-left\"\n\tid=\"norebro-custom-6a049fe8d741a\" \n\t \n\t>\n\t\n\t\n\t\n\t<h4 class=\"title\">\n\t\tMarca\t<\/h4>\n\n\t\n\t\t\t<p class=\"subtitle\">\n\t\t\tErnest LeizWetzler\t\t<\/p>\n\t\t\n<\/div>[\/vc_column][vc_column width=&#8221;1\/5&#8243;][vc_empty_space height=&#8221;20px&#8221;]<div class=\"norebro-heading-sc heading text-left\"\n\tid=\"norebro-custom-6a049fe8d7436\" \n\t \n\t>\n\t\n\t\n\t\n\t<h4 class=\"title\">\n\t\tEstaci\u00f3n MuSEO\t<\/h4>\n\n\t\n\t\t\t<p class=\"subtitle\">\n\t\t\tEmiliani \u2022 Damianovich\t\t<\/p>\n\t\t\n<\/div>[\/vc_column][\/vc_row][vc_row][vc_column][vc_empty_space height=&#8221;20px&#8221;][vc_separator][vc_empty_space height=&#8221;40px&#8221;]<div class=\"norebro-gallery-sc gallery-wrap\"\n\tid=\"norebro-custom-images-6a049fe8d8b3b\"\n\tdata-gallery=\"norebro-custom-6a049fe8d8b3a\"\n\t\t>\n\n\t\n\t<div class=\"vc_row\" data-lazy-container=\"true\">\n\n\t\t\t<div class=\" vc_col-lg-4 vc_col-md-4 vc_col-sm-6 vc_col-xs-12 masonry-block grid-item gallery-image\" data-gallery-item=\"0\" data-lazy-item=\"true\">\n\t\t<div class=\"wrap\">\n\t\t\t\t\t\t<img class=\"gimg\" src=\"https:\/\/fiq.unl.edu.ar\/museo\/archivo\/wp-content\/uploads\/2021\/04\/00064_Microscopio_MuseoFIQ.jpg\" alt=\"\">\n\t\t\t<div class=\"overlay hidden\">\n\t\t\t\t<div class=\"content-center text-center\">\n\t\t\t\t\t<div class=\"wrap\">\n\t\t\t\t\t\t<h4 class=\"inline\">\n\t\t\t\t\t\t\t\t\t\t\t\t\tView Fullscreen\t\t\t\t\t\t\t\t\t\t\t\t<\/h4>\n\t\t\t\t\t\t<div class=\"icon inline ion-ios-plus-empty\"><\/div>\n\t\t\t\t\t<\/div>\n\t\t\t\t<\/div>\n\t\t\t<\/div>\n\t\t\t<div class=\"gallery-description\">\n\t\t\t\t<h3 class=\"title\">00064_Microscopio_MuseoFIQ<\/h3>\n\t\t\t\t<p class=\"subtitle small\">\n\t\t\t\t\t\t\t\t\t<\/p>\n\t\t\t<\/div>\n\t\t<\/div>\n\t<\/div>\n\t\t\t<div class=\" vc_col-lg-4 vc_col-md-4 vc_col-sm-6 vc_col-xs-12 masonry-block grid-item gallery-image\" data-gallery-item=\"1\" data-lazy-item=\"true\">\n\t\t<div class=\"wrap\">\n\t\t\t\t\t\t<img class=\"gimg\" src=\"https:\/\/fiq.unl.edu.ar\/museo\/archivo\/wp-content\/uploads\/2021\/04\/00063_Microscopio_MuseoFIQ.jpg\" alt=\"\">\n\t\t\t<div class=\"overlay hidden\">\n\t\t\t\t<div class=\"content-center text-center\">\n\t\t\t\t\t<div class=\"wrap\">\n\t\t\t\t\t\t<h4 class=\"inline\">\n\t\t\t\t\t\t\t\t\t\t\t\t\tView Fullscreen\t\t\t\t\t\t\t\t\t\t\t\t<\/h4>\n\t\t\t\t\t\t<div class=\"icon inline ion-ios-plus-empty\"><\/div>\n\t\t\t\t\t<\/div>\n\t\t\t\t<\/div>\n\t\t\t<\/div>\n\t\t\t<div class=\"gallery-description\">\n\t\t\t\t<h3 class=\"title\">00063_Microscopio_MuseoFIQ<\/h3>\n\t\t\t\t<p class=\"subtitle small\">\n\t\t\t\t\t\t\t\t\t<\/p>\n\t\t\t<\/div>\n\t\t<\/div>\n\t<\/div>\n\t\t\t<div class=\" vc_col-lg-4 vc_col-md-4 vc_col-sm-6 vc_col-xs-12 masonry-block grid-item gallery-image\" data-gallery-item=\"2\" data-lazy-item=\"true\">\n\t\t<div class=\"wrap\">\n\t\t\t\t\t\t<img class=\"gimg\" src=\"https:\/\/fiq.unl.edu.ar\/museo\/archivo\/wp-content\/uploads\/2021\/04\/00062_Microscopio_MuseoFIQ.jpg\" alt=\"\">\n\t\t\t<div class=\"overlay hidden\">\n\t\t\t\t<div class=\"content-center text-center\">\n\t\t\t\t\t<div class=\"wrap\">\n\t\t\t\t\t\t<h4 class=\"inline\">\n\t\t\t\t\t\t\t\t\t\t\t\t\tView Fullscreen\t\t\t\t\t\t\t\t\t\t\t\t<\/h4>\n\t\t\t\t\t\t<div class=\"icon inline ion-ios-plus-empty\"><\/div>\n\t\t\t\t\t<\/div>\n\t\t\t\t<\/div>\n\t\t\t<\/div>\n\t\t\t<div class=\"gallery-description\">\n\t\t\t\t<h3 class=\"title\">00062_Microscopio_MuseoFIQ<\/h3>\n\t\t\t\t<p class=\"subtitle small\">\n\t\t\t\t\t\t\t\t\t<\/p>\n\t\t\t<\/div>\n\t\t<\/div>\n\t<\/div>\n\t\t\t<div class=\" vc_col-lg-4 vc_col-md-4 vc_col-sm-6 vc_col-xs-12 masonry-block grid-item gallery-image\" data-gallery-item=\"3\" data-lazy-item=\"true\">\n\t\t<div class=\"wrap\">\n\t\t\t\t\t\t<img class=\"gimg\" src=\"https:\/\/fiq.unl.edu.ar\/museo\/archivo\/wp-content\/uploads\/2021\/04\/00061_Microscopio_MuseoFIQ.jpg\" alt=\"\">\n\t\t\t<div class=\"overlay hidden\">\n\t\t\t\t<div class=\"content-center text-center\">\n\t\t\t\t\t<div class=\"wrap\">\n\t\t\t\t\t\t<h4 class=\"inline\">\n\t\t\t\t\t\t\t\t\t\t\t\t\tView Fullscreen\t\t\t\t\t\t\t\t\t\t\t\t<\/h4>\n\t\t\t\t\t\t<div class=\"icon inline ion-ios-plus-empty\"><\/div>\n\t\t\t\t\t<\/div>\n\t\t\t\t<\/div>\n\t\t\t<\/div>\n\t\t\t<div class=\"gallery-description\">\n\t\t\t\t<h3 class=\"title\">00061_Microscopio_MuseoFIQ<\/h3>\n\t\t\t\t<p class=\"subtitle small\">\n\t\t\t\t\t\t\t\t\t<\/p>\n\t\t\t<\/div>\n\t\t<\/div>\n\t<\/div>\n\t\t\t<div class=\" vc_col-lg-4 vc_col-md-4 vc_col-sm-6 vc_col-xs-12 masonry-block grid-item gallery-image\" data-gallery-item=\"4\" data-lazy-item=\"true\">\n\t\t<div class=\"wrap\">\n\t\t\t\t\t\t<img class=\"gimg\" src=\"https:\/\/fiq.unl.edu.ar\/museo\/archivo\/wp-content\/uploads\/2021\/04\/00060_Microscopio_MuseoFIQ.jpg\" alt=\"\">\n\t\t\t<div class=\"overlay hidden\">\n\t\t\t\t<div class=\"content-center text-center\">\n\t\t\t\t\t<div class=\"wrap\">\n\t\t\t\t\t\t<h4 class=\"inline\">\n\t\t\t\t\t\t\t\t\t\t\t\t\tView Fullscreen\t\t\t\t\t\t\t\t\t\t\t\t<\/h4>\n\t\t\t\t\t\t<div class=\"icon inline ion-ios-plus-empty\"><\/div>\n\t\t\t\t\t<\/div>\n\t\t\t\t<\/div>\n\t\t\t<\/div>\n\t\t\t<div class=\"gallery-description\">\n\t\t\t\t<h3 class=\"title\">00060_Microscopio_MuseoFIQ<\/h3>\n\t\t\t\t<p class=\"subtitle small\">\n\t\t\t\t\t\t\t\t\t<\/p>\n\t\t\t<\/div>\n\t\t<\/div>\n\t<\/div>\n\t\t\t<div class=\" vc_col-lg-4 vc_col-md-4 vc_col-sm-6 vc_col-xs-12 masonry-block grid-item gallery-image\" data-gallery-item=\"5\" data-lazy-item=\"true\">\n\t\t<div class=\"wrap\">\n\t\t\t\t\t\t<img class=\"gimg\" src=\"https:\/\/fiq.unl.edu.ar\/museo\/archivo\/wp-content\/uploads\/2021\/04\/00059_Microscopio_MuseoFIQ.jpg\" alt=\"\">\n\t\t\t<div class=\"overlay hidden\">\n\t\t\t\t<div class=\"content-center text-center\">\n\t\t\t\t\t<div class=\"wrap\">\n\t\t\t\t\t\t<h4 class=\"inline\">\n\t\t\t\t\t\t\t\t\t\t\t\t\tView Fullscreen\t\t\t\t\t\t\t\t\t\t\t\t<\/h4>\n\t\t\t\t\t\t<div class=\"icon inline ion-ios-plus-empty\"><\/div>\n\t\t\t\t\t<\/div>\n\t\t\t\t<\/div>\n\t\t\t<\/div>\n\t\t\t<div class=\"gallery-description\">\n\t\t\t\t<h3 class=\"title\">00059_Microscopio_MuseoFIQ<\/h3>\n\t\t\t\t<p class=\"subtitle small\">\n\t\t\t\t\t\t\t\t\t<\/p>\n\t\t\t<\/div>\n\t\t<\/div>\n\t<\/div>\n\t\t\t<div class=\" vc_col-lg-4 vc_col-md-4 vc_col-sm-6 vc_col-xs-12 masonry-block grid-item gallery-image\" data-gallery-item=\"6\" data-lazy-item=\"true\">\n\t\t<div class=\"wrap\">\n\t\t\t\t\t\t<img class=\"gimg\" src=\"https:\/\/fiq.unl.edu.ar\/museo\/archivo\/wp-content\/uploads\/2021\/04\/00058_Microscopio_MuseoFIQ.jpg\" alt=\"\">\n\t\t\t<div class=\"overlay hidden\">\n\t\t\t\t<div class=\"content-center text-center\">\n\t\t\t\t\t<div class=\"wrap\">\n\t\t\t\t\t\t<h4 class=\"inline\">\n\t\t\t\t\t\t\t\t\t\t\t\t\tView Fullscreen\t\t\t\t\t\t\t\t\t\t\t\t<\/h4>\n\t\t\t\t\t\t<div class=\"icon inline ion-ios-plus-empty\"><\/div>\n\t\t\t\t\t<\/div>\n\t\t\t\t<\/div>\n\t\t\t<\/div>\n\t\t\t<div class=\"gallery-description\">\n\t\t\t\t<h3 class=\"title\">00058_Microscopio_MuseoFIQ<\/h3>\n\t\t\t\t<p class=\"subtitle small\">\n\t\t\t\t\t\t\t\t\t<\/p>\n\t\t\t<\/div>\n\t\t<\/div>\n\t<\/div>\n\t\t\t<div class=\" vc_col-lg-4 vc_col-md-4 vc_col-sm-6 vc_col-xs-12 masonry-block grid-item gallery-image\" data-gallery-item=\"7\" data-lazy-item=\"true\">\n\t\t<div class=\"wrap\">\n\t\t\t\t\t\t<img class=\"gimg\" src=\"https:\/\/fiq.unl.edu.ar\/museo\/archivo\/wp-content\/uploads\/2021\/04\/00057_Microscopio_MuseoFIQ.jpg\" alt=\"\">\n\t\t\t<div class=\"overlay hidden\">\n\t\t\t\t<div class=\"content-center text-center\">\n\t\t\t\t\t<div class=\"wrap\">\n\t\t\t\t\t\t<h4 class=\"inline\">\n\t\t\t\t\t\t\t\t\t\t\t\t\tView Fullscreen\t\t\t\t\t\t\t\t\t\t\t\t<\/h4>\n\t\t\t\t\t\t<div class=\"icon inline ion-ios-plus-empty\"><\/div>\n\t\t\t\t\t<\/div>\n\t\t\t\t<\/div>\n\t\t\t<\/div>\n\t\t\t<div class=\"gallery-description\">\n\t\t\t\t<h3 class=\"title\">00057_Microscopio_MuseoFIQ<\/h3>\n\t\t\t\t<p class=\"subtitle small\">\n\t\t\t\t\t\t\t\t\t<\/p>\n\t\t\t<\/div>\n\t\t<\/div>\n\t<\/div>\n\t\t\t<div class=\" vc_col-lg-4 vc_col-md-4 vc_col-sm-6 vc_col-xs-12 masonry-block grid-item gallery-image\" data-gallery-item=\"8\" data-lazy-item=\"true\">\n\t\t<div class=\"wrap\">\n\t\t\t\t\t\t<img class=\"gimg\" src=\"https:\/\/fiq.unl.edu.ar\/museo\/archivo\/wp-content\/uploads\/2021\/04\/00056_Microscopio_MuseoFIQ.jpg\" alt=\"\">\n\t\t\t<div class=\"overlay hidden\">\n\t\t\t\t<div class=\"content-center text-center\">\n\t\t\t\t\t<div class=\"wrap\">\n\t\t\t\t\t\t<h4 class=\"inline\">\n\t\t\t\t\t\t\t\t\t\t\t\t\tView Fullscreen\t\t\t\t\t\t\t\t\t\t\t\t<\/h4>\n\t\t\t\t\t\t<div class=\"icon inline ion-ios-plus-empty\"><\/div>\n\t\t\t\t\t<\/div>\n\t\t\t\t<\/div>\n\t\t\t<\/div>\n\t\t\t<div class=\"gallery-description\">\n\t\t\t\t<h3 class=\"title\">00056_Microscopio_MuseoFIQ<\/h3>\n\t\t\t\t<p class=\"subtitle small\">\n\t\t\t\t\t\t\t\t\t<\/p>\n\t\t\t<\/div>\n\t\t<\/div>\n\t<\/div>\n\t\t<div class=\"clear\"><\/div>\n\n\t<\/div>\n\n\t\n<\/div>\n\n<div class=\"norebro-gallery-opened-sc custom-gallery\"\n\tid=\"norebro-custom-6a049fe8d8b3a\"\n\tdata-options='{\"navClass\":\"\"}'>\n\n\t<div class=\"expand\">\n\t\t<span class=\"ion-android-expand\"><\/span>\n\t<\/div>\n\t<div class=\"close\">\n\t\t<span class=\"ion-ios-close-empty\"><\/span>\n\t<\/div>\n\n<\/div>\n<div class=\"norebro-text-sc \" \n\tid=\"norebro-custom-6a049fe8d8bb2\" \n\t \n\t>\n\n\t<p><a href=\"http:\/\/creativecommons.org\/licenses\/by-nc\/4.0\/\" rel=\"license\"><img style=\"border-width: 0;\" src=\"https:\/\/i.creativecommons.org\/l\/by-nc\/4.0\/80x15.png\" alt=\"Licencia de Creative Commons\" \/> \u00a0<\/a>Archivo Hist\u00f3rico FIQ-UNL by <a href=\"http:\/\/fiq.unl.edu.ar\/\" rel=\"cc:attributionURL\">Facultad de Ingenier\u00eda Qu\u00edmica. UNL<\/a> is licensed under a <a href=\"http:\/\/creativecommons.org\/licenses\/by-nc\/4.0\/\" rel=\"license\">Creative Commons Reconocimiento-NoComercial 4.0 Internacional License<\/a>. Fotograf\u00eda: <a href=\"http:\/\/marianatorresluyo.com.ar\/\" target=\"_blank\" rel=\"noopener\">Mariana Torres Luyo<\/a><\/p>\n\t\n<\/div>[\/vc_column][\/vc_row][vc_row][vc_column width=&#8221;1\/6&#8243;][\/vc_column][vc_column width=&#8221;2\/3&#8243;][vc_empty_space height=&#8221;40px&#8221;]<div class=\"norebro-heading-sc heading text-left\"\n\tid=\"norebro-custom-6a049fe8d8be4\" \n\t \n\t>\n\t\n\t\n\t\n\t<h3 class=\"title\">\n\t\tDisciplina\t<\/h3>\n\n\t\n\t\t\t<p class=\"subtitle\">\n\t\t\tQu\u00edmica\t\t<\/p>\n\t\t\n<\/div>[vc_empty_space height=&#8221;40px&#8221;]<div class=\"norebro-heading-sc heading text-left\"\n\tid=\"norebro-custom-6a049fe8d8c04\" \n\t \n\t>\n\t\n\t\n\t\n\t<h3 class=\"title\">\n\t\t\u00c1rea de investigaci\u00f3n\t<\/h3>\n\n\t\n\t\t\t<p class=\"subtitle\">\n\t\t\tQu\u00edmica de los Alimentos\t\t<\/p>\n\t\t\n<\/div>[vc_empty_space height=&#8221;40px&#8221;]<div class=\"norebro-heading-sc heading text-left\"\n\tid=\"norebro-custom-6a049fe8d8c1d\" \n\t \n\t>\n\t\n\t\n\t\n\t<h3 class=\"title\">\n\t\tContexto de uso y descripci\u00f3n t\u00e9cnica\t<\/h3>\n\n\t\n\t\t\t<p class=\"subtitle\">\n\t\t\t\t\t<\/p>\n\t\t\n<\/div><div class=\"norebro-text-sc \" \n\tid=\"norebro-custom-6a049fe8d8c52\" \n\t \n\t>\n\n\t<p>La <strong>centrifugaci\u00f3n<\/strong> es un procedimiento f\u00edsico que permite la separaci\u00f3n de part\u00edculas, bien sean c\u00e9lulas, org\u00e1nulos, mol\u00e9culas, etc. en base a la diferente velocidad a la que sedimentan en un medio acuoso bajo la acci\u00f3n de un campo centr\u00edfugo. Este campo se aplica en unos aparatos denominados: <strong>centr\u00edfugas<\/strong>. Por medio de la rotaci\u00f3n de una de las piezas, llamada rotor, a gran velocidad dentro de una c\u00e1mara acorazada en la que puede estar la temperatura controlada (para evitar la degradaci\u00f3n de muestras termosensibles) y en ocasiones bajo vac\u00edo (para evitar el calentamiento del rotor por el rozamiento con el aire), se produce la separaci\u00f3n.<\/p>\n<h4><strong>Para qu\u00e9 sirve<\/strong><\/h4>\n<p>La centr\u00edfuga sirve para separar mezclas l\u00edquido-l\u00edquido o s\u00f3lido-l\u00edquido. Las mezclas se introducen dentro de la centr\u00edfuga y se someten a la acci\u00f3n de la fuerza centr\u00edfuga por efecto del r\u00e1pido giro del tambor. Esta fuerza inercial es comparable a la aceleraci\u00f3n de la gravedad que causa la sedimentaci\u00f3n de las suspensiones. Bajo este efecto, las part\u00edculas de materia s\u00f3lida suspendidas en un l\u00edquido son forzadas a depositarse sobre las paredes del tambor o de un medio filtrante, permeable al l\u00edquido, que las retiene como en las filtraciones (m\u00e9todo separativo). <span style=\"font-weight: 400;\">Cuando se centrifuga una soluci\u00f3n, se rompe la homogeneidad y se produce la separaci\u00f3n del soluto y del disolvente. Las primeras part\u00edculas en sedimentar son las de mayor masa.<\/span><\/p>\n<p><span style=\"color: #3366ff;\">La centr\u00edfuga es un instrumento de uso frecuente tanto en la industria como en laboratorios. <\/span>Por ejemplo, en la industria alimentaria, se utiliza en la fabricaci\u00f3n de aceites de oliva<span style=\"color: #3366ff;\"> para&#8230;.<\/span>; y en la industria del petr\u00f3leo, para quitar los s\u00f3lidos del l\u00edquido que perfora. Tambi\u00e9n, sirve para separar cristales de aguas madres (az\u00facar o sales) o escurrido de fibras; y en los an\u00e1lisis de laboratorio cl\u00ednico, se utiliza para la separaci\u00f3n de suero y plasma sangu\u00edneo o bien, para determinar grupos sangu\u00edneos.<\/p>\n\t\n<\/div>[vc_empty_space height=&#8221;40px&#8221;]<div class=\"norebro-heading-sc heading text-left\"\n\tid=\"norebro-custom-6a049fe8d8c68\" \n\t \n\t>\n\t\n\t\n\t\n\t<h3 class=\"title\">\n\t\tDescripci\u00f3n de materiales\t<\/h3>\n\n\t\n\t\t\t<p class=\"subtitle\">\n\t\t\tCentr\u00edfuga con pie de cobre, tapa a rosca. Velocidad de centrifugaci\u00f3n baja.\t\t<\/p>\n\t\t\n<\/div>[vc_empty_space height=&#8221;40px&#8221;]<div class=\"norebro-heading-sc heading text-left\"\n\tid=\"norebro-custom-6a049fe8d8c80\" \n\t \n\t>\n\t\n\t\n\t\n\t<h3 class=\"title\">\n\t\tTrayectoria tecnol\u00f3gica\t<\/h3>\n\n\t\n\t\t\t<p class=\"subtitle\">\n\t\t\t\t\t<\/p>\n\t\t\n<\/div><div class=\"norebro-text-sc \" \n\tid=\"norebro-custom-6a049fe8d8ca9\" \n\t \n\t>\n\n\t<p>A partir de estos principios se desarrollaron distintitos tipos de centr\u00edfugas:<\/p>\n<ul>\n<li><em>Cl\u00ednicas,<\/em> \u00fatiles para part\u00edculas grandes (c\u00e9lulas, precipitados de sales insolubles, etc).<\/li>\n<li><em>De baja velocidad<\/em><\/li>\n<li><em>De alta velocidad,<\/em> \u00fatiles en la separaci\u00f3n de funciones celulares.<\/li>\n<li><em>Ultracentr\u00edfugas,<\/em>\u00a0permiten separar part\u00edculas de masas muy similares, debido a las altas velocidades.<\/li>\n<\/ul>\n\t\n<\/div>[vc_empty_space height=&#8221;40px&#8221;]<div class=\"norebro-heading-sc heading text-left\"\n\tid=\"norebro-custom-6a049fe8d8cbe\" \n\t \n\t>\n\t\n\t\n\t\t\t<div class=\"divider\"><\/div>\n\t\n\t<h3 class=\"title\">\n\t\tTransferido a MuSEO\t<\/h3>\n\n\t\n\t\t\t<p class=\"subtitle\">\n\t\t\tDepartamento de Ingenier\u00eda en Alimentos. Qu\u00edmica, Nutrici\u00f3n y Legislaci\u00f3n de los Alimentos. FIQ, UNL\t\t<\/p>\n\t\t\n<\/div>[\/vc_column][vc_column width=&#8221;1\/6&#8243;][\/vc_column][\/vc_row]\n","protected":false},"excerpt":{"rendered":"<p>[vc_row][vc_column][vc_empty_space height=&#8221;80px&#8221;][vc_empty_space height=&#8221;40px&#8221;][vc_separator][\/vc_column][\/vc_row][vc_row][vc_column width=&#8221;1\/5&#8243;][vc_empty_space height=&#8221;20px&#8221;][\/vc_column][vc_column width=&#8221;1\/5&#8243;][vc_empty_space height=&#8221;20px&#8221;][\/vc_column][vc_column width=&#8221;1\/5&#8243;][vc_empty_space height=&#8221;20px&#8221;][\/vc_column][vc_column width=&#8221;1\/5&#8243;][vc_empty_space height=&#8221;20px&#8221;][\/vc_column][vc_column width=&#8221;1\/5&#8243;][vc_empty_space height=&#8221;20px&#8221;][\/vc_column][\/vc_row][vc_row][vc_column][vc_empty_space height=&#8221;20px&#8221;][vc_separator][vc_empty_space&#8230;<\/p>\n","protected":false},"author":2,"featured_media":0,"parent":1709,"menu_order":0,"comment_status":"closed","ping_status":"closed","template":"","meta":[],"_links":{"self":[{"href":"https:\/\/fiq.unl.edu.ar\/museo\/archivo\/wp-json\/wp\/v2\/pages\/938"}],"collection":[{"href":"https:\/\/fiq.unl.edu.ar\/museo\/archivo\/wp-json\/wp\/v2\/pages"}],"about":[{"href":"https:\/\/fiq.unl.edu.ar\/museo\/archivo\/wp-json\/wp\/v2\/types\/page"}],"author":[{"embeddable":true,"href":"https:\/\/fiq.unl.edu.ar\/museo\/archivo\/wp-json\/wp\/v2\/users\/2"}],"replies":[{"embeddable":true,"href":"https:\/\/fiq.unl.edu.ar\/museo\/archivo\/wp-json\/wp\/v2\/comments?post=938"}],"version-history":[{"count":1,"href":"https:\/\/fiq.unl.edu.ar\/museo\/archivo\/wp-json\/wp\/v2\/pages\/938\/revisions"}],"predecessor-version":[{"id":941,"href":"https:\/\/fiq.unl.edu.ar\/museo\/archivo\/wp-json\/wp\/v2\/pages\/938\/revisions\/941"}],"up":[{"embeddable":true,"href":"https:\/\/fiq.unl.edu.ar\/museo\/archivo\/wp-json\/wp\/v2\/pages\/1709"}],"wp:attachment":[{"href":"https:\/\/fiq.unl.edu.ar\/museo\/archivo\/wp-json\/wp\/v2\/media?parent=938"}],"curies":[{"name":"wp","href":"https:\/\/api.w.org\/{rel}","templated":true}]}}