{"id":4707,"date":"2019-08-28T21:35:27","date_gmt":"2019-08-28T21:35:27","guid":{"rendered":"https:\/\/fiq.unl.edu.ar\/vivilafiq\/?page_id=4707"},"modified":"2021-12-13T15:12:18","modified_gmt":"2021-12-13T15:12:18","slug":"biblioteca-fiq","status":"publish","type":"page","link":"https:\/\/fiq.unl.edu.ar\/vivilafiq\/biblioteca-fiq\/","title":{"rendered":"Biblioteca FIQ"},"content":{"rendered":"<p>[vc_row u_row_style=\u00bb0&#8243; u_row_paralax=\u00bb0&#8243; u_row_scheme=\u00bb0&#8243;][vc_column][vc_empty_space][vc_custom_heading text=\u00bbBiblioteca FIQ\u00bb font_container=\u00bbtag:h1|font_size:48|text_align:left|color:%23dd3333&#8243; google_fonts=\u00bbfont_family:Lato%3A100%2C100italic%2C300%2C300italic%2Cregular%2Citalic%2C700%2C700italic%2C900%2C900italic|font_style:900%20bold%20regular%3A900%3Anormal\u00bb][vc_empty_space height=\u00bb50px\u00bb][\/vc_column][\/vc_row][vc_row][vc_column][vc_images_carousel images=\u00bb4902,4903,4904,4907,4908&#8243; img_size=\u00bb1140&#215;450&#8243; autoplay=\u00bbyes\u00bb][\/vc_column][\/vc_row][vc_row][vc_column][vc_empty_space height=\u00bb40px\u00bb][vc_column_text]<\/p>\n<h2>La Biblioteca de la Facultad de Ingenier\u00eda Qu\u00edmica se encuentra comprometida en satisfacer eficazmente la demanda de informaci\u00f3n, ser el apoyo de los docentes en la ense\u00f1anza, formaci\u00f3n y transmisi\u00f3n de conocimientos a la sociedad.<\/h2>\n<p>[\/vc_column_text][vc_empty_space height=\u00bb20px\u00bb][vc_column_text]<\/p>\n<h3>Biblioteca \u201cDr. Ezio Emiliani\u201d<\/h3>\n<p><strong>Horario de atenci\u00f3n:<\/strong> lunes a viernes de\u00a07.00 a 21.00hs.<br \/>\n<strong>Pr\u00e9stamos:<\/strong> de 7.00 a 20.00hs<br \/>\n<strong>Devoluciones:<\/strong> de 7.00 a 19.00hs.<strong><br \/>\n<\/strong>&#8211;<br \/>\nPlanta baja del edificio Goll\u00e1n, FIQ-UNL<br \/>\nSantiago del Estero 2829, Santa Fe.<br \/>\n(0342) 4571164 &#8211; int. 2513<br \/>\nbiblio@fiq.unl.edu.ar[\/vc_column_text]    \t<a class=\"btn button-13023 btn-primary btn-lg \" href=\"http:\/\/www.bibliotecas.unl.edu.ar\/biblioteca-dr-ezio-emiliani-fiq\/\" data-delay=0  target=\"_blank\" >\r\n        Biblioteca FIQ&nbsp;&nbsp;<i class=\"fa fa-angle-right\"><\/i>        <\/a>\r\n        \t\t\t<style scoped=\"scoped\">\r\n\t\t\t\t.button-13023{\r\n\t\t\t\t\t\t\t\t\t\tbackground-color: #e80032;\r\n\t\t\t\t\t\t\t\t\t\tborder-color: #e80032\t\t\t\t}\r\n\t\t\t<\/style>\r\n\t\t[vc_empty_space height=\u00bb40&#8243;][vc_tta_accordion style=\u00bboutline\u00bb shape=\u00bbsquare\u00bb color=\u00bbblack\u00bb gap=\u00bb25&#8243; active_section=\u00bb1&#8243; collapsible_all=\u00bbtrue\u00bb][vc_tta_section title=\u00bb\u00bfC\u00f3mo me asocio a la Biblioteca de la Facultad?\u00bb tab_id=\u00bb1639407701089-117f03b3-393f\u00bb][vc_empty_space height=\u00bb10px\u00bb][vc_column_text]<strong>Ten\u00e9s que presentar DNI y 2 fotos impresas de 4 x 4 cm.<br \/>\n<\/strong>S\u00f3lo siendo socio se pueden gestionar pr\u00e9stamos a domicilio.<\/p>\n<p><strong>Para realizar consultas en sala, no es necesario ser socio.<br \/>\n<\/strong>S\u00f3lo de deber\u00e1 presentar el DNI.[\/vc_column_text][vc_empty_space height=\u00bb10px\u00bb][\/vc_tta_section][vc_tta_section title=\u00bb\u00bfC\u00f3mo es el r\u00e9gimen de pr\u00e9stamos de la Biblioteca?\u00bb tab_id=\u00bb1639407701108-6bd4e2a3-3270&#8243;][vc_empty_space height=\u00bb10px\u00bb][vc_column_text]<strong>Siendo socio-lector, podr\u00e1s retirar hasta 3 (tres) libros por vez, con un m\u00e1ximo de 2 (dos) por disciplina. <\/strong><\/p>\n<p>El pr\u00e9stamo es estrictamente personal e intransferible. El tiempo de pr\u00e9stamo es de una semana, con opci\u00f3n a renovarlo. Los d\u00edas se reducen seg\u00fan la demanda y reserva de otros lectores. Para la renovaci\u00f3n del pr\u00e9stamo, es necesario realizar la nueva reserva del material con 1 (un) d\u00eda de anticipaci\u00f3n a la fecha de devoluci\u00f3n. Los pr\u00e9stamos caducan en la fecha indicada en la boleta de devoluci\u00f3n. En caso de retraso se aplicar\u00e1n las sanciones correspondientes.<\/p>\n<p><strong>Importante:<\/strong> las Obras de Referencias, Publicaciones peri\u00f3dicas y las utilizadas en las tareas del personal de biblioteca no pueden ser retiradas en pr\u00e9stamo[\/vc_column_text][vc_empty_space height=\u00bb10px\u00bb][\/vc_tta_section][\/vc_tta_accordion][\/vc_column][\/vc_row][vc_row][vc_column][vc_empty_space height=\u00bb40&#8243;][vc_custom_heading text=\u00bbB\u00fasqueda de libros online\u00bb font_container=\u00bbtag:h1|font_size:32|text_align:left|color:%23000000&#8243; google_fonts=\u00bbfont_family:Lato%3A100%2C100italic%2C300%2C300italic%2Cregular%2Citalic%2C700%2C700italic%2C900%2C900italic|font_style:900%20bold%20regular%3A900%3Anormal\u00bb][vc_separator color=\u00bbblack\u00bb style=\u00bbdotted\u00bb border_width=\u00bb2&#8243;][vc_column_text]A trav\u00e9s de la Red de bibliotecas de la UNL, pod\u00e9s realizar b\u00fasquedas online y hacer reservas.[\/vc_column_text]    \t<a class=\"btn button-68190 btn-primary btn-lg \" href=\"http:\/\/www.bibliotecas.unl.edu.ar\/\" data-delay=0  target=\"_blank\" >\r\n        Acced\u00e9 a la b\u00fasqueda de libros&nbsp;&nbsp;<i class=\"fa fa-angle-right\"><\/i>        <\/a>\r\n        \t\t\t<style scoped=\"scoped\">\r\n\t\t\t\t.button-68190{\r\n\t\t\t\t\t\t\t\t\t\tbackground-color: #e80032;\r\n\t\t\t\t\t\t\t\t\t\tborder-color: #e80032\t\t\t\t}\r\n\t\t\t<\/style>\r\n\t\t[\/vc_column][\/vc_row][vc_row][vc_column][vc_empty_space height=\u00bb60&#8243;][vc_custom_heading text=\u00bbBiblioteca digital\u00bb font_container=\u00bbtag:h1|font_size:32|text_align:left|color:%23000000&#8243; google_fonts=\u00bbfont_family:Lato%3A100%2C100italic%2C300%2C300italic%2Cregular%2Citalic%2C700%2C700italic%2C900%2C900italic|font_style:900%20bold%20regular%3A900%3Anormal\u00bb][vc_separator color=\u00bbblack\u00bb style=\u00bbdotted\u00bb border_width=\u00bb2&#8243;][\/vc_column][\/vc_row][vc_row][vc_column width=\u00bb1\/2&#8243;][vc_column_text]La Biblioteca Digital brinda servicios de pr\u00e9stamos y reservas las 24 hs. del d\u00eda los 365 d\u00edas del a\u00f1o. Se podr\u00e1 acceder a libros digitales de todas las unidades acad\u00e9micas de la UNL (m\u00e1s de 600 t\u00edtulos). Para comenzar a utilizarla deber\u00e1s entrar a la p\u00e1gina de la Biblioteca \u00abDr. Ezio Emiliani\u00bb y hacer click en \u201cBiblioteca Digital\u00bb Para m\u00e1s informaci\u00f3n segu\u00ed el tutorial ubicado en la p\u00e1gina principal de la FIQ<\/p>\n<p><strong>Permite el acceso a m\u00e1s de 600 libros digitales de todas las unidades acad\u00e9micas de la UNL.<\/strong>[\/vc_column_text][\/vc_column][vc_column width=\u00bb1\/2&#8243;][vc_video link=\u00bbhttps:\/\/youtu.be\/MVr6_hJFQwc\u00bb][\/vc_column][\/vc_row][vc_row][vc_column][vc_separator][\/vc_column][\/vc_row][vc_row][vc_column][vc_empty_space height=\u00bb40&#8243;][vc_column_text]<\/p>\n<h2>\u00bfPor qu\u00e9 Ezio Emiliani?<br \/>\nTe contamos un poco de historia<\/h2>\n<p>[\/vc_column_text][vc_column_text]1908 (Bolonia, Italia) \/ 1981 (Santa Fe, Arg.)<\/p>\n<p>\u201cDestacado docente e investigador que con\u00a0 seriedad y disciplina trascendi\u00f3 el \u00e1mbito nacional\u201d<\/p>\n<p>Fue Dr. en Ciencias Agrarias , Dr. en Qu\u00edmica Pura, Profesor de Industrias Qu\u00edmicas y Agrarias. Docente universitario e investigador.\u00a0En 1949 fue contratado como Profesor de Qu\u00edmica Agr\u00edcola y Microbiolog\u00eda en la Facultad de Ingenier\u00eda Qu\u00edmica (FIQ)<\/p>\n<h4><strong>Sus principales m\u00e9ritos\u2026<\/strong><\/h4>\n<p>Fue designado Profesor Em\u00e9rito luego de haberse desempe\u00f1ado como Profesor dedicaci\u00f3n exclusiva y como Director del Departamento de Microbiolog\u00eda. Integr\u00f3 el Consejo Directivo de la FIQ.\u00a0Presidente del Consejo de Investigaciones de la UNL y representante de la misma ante la Comisi\u00f3n Asesora de Investigaciones Cient\u00edficas del Consejo de rectores de la Universidades Nacionales.<\/p>\n<h4><strong>Sus principales estudios\u2026<\/strong><\/h4>\n<p>Los procesos fermentativos para la producci\u00f3n de solventes , de \u00e1cidos org\u00e1nicos , de etanol y de antibi\u00f3ticos de origen f\u00fangico y bacteriano.\u00a0El dise\u00f1o de biorreactores con agitaci\u00f3n neum\u00e1tica para la fermentaci\u00f3n con microorganismos sensibles a la agitaci\u00f3n mec\u00e1nica,\u00a0dise\u00f1o de tecnolog\u00eda y de reactores para la fermentaci\u00f3n en sustrato s\u00f3lido de subproductos de la agroindustria, con destino a la nutrici\u00f3n animal.\u00a0Las bacterias l\u00e1cticas y su empleo en la industria que dio lugar al desarrollo de lo que hoy se conoce como leche cultivada.<\/p>\n<p>Las sustancias bioactivas producidas por microorganismos, con acci\u00f3n sobre animales sanos en crecimiento.\u00a0La microflora intestinal de los animales y su relaci\u00f3n con la salud y la utilizaci\u00f3n de los alimentos en relaci\u00f3n con la contaminaci\u00f3n alimentaria.\u00a0Las toxinas f\u00fangicas (micotoxinas).[\/vc_column_text][vc_empty_space height=\u00bb40&#8243;][\/vc_column][\/vc_row]<\/p>\n","protected":false},"excerpt":{"rendered":"<p>[vc_row u_row_style=\u00bb0&#8243; u_row_paralax=\u00bb0&#8243; u_row_scheme=\u00bb0&#8243;][vc_column][vc_empty_space][vc_custom_heading text=\u00bbBiblioteca FIQ\u00bb font_container=\u00bbtag:h1|font_size:48|text_align:left|color:%23dd3333&#8243; google_fonts=\u00bbfont_family:Lato%3A100%2C100italic%2C300%2C300italic%2Cregular%2Citalic%2C700%2C700italic%2C900%2C900italic|font_style:900%20bold%20regular%3A900%3Anormal\u00bb][vc_empty_space height=\u00bb50px\u00bb][\/vc_column][\/vc_row][vc_row][vc_column][vc_images_carousel images=\u00bb4902,4903,4904,4907,4908&#8243; img_size=\u00bb1140&#215;450&#8243; autoplay=\u00bbyes\u00bb][\/vc_column][\/vc_row][vc_row][vc_column][vc_empty_space height=\u00bb40px\u00bb][vc_column_text] La Biblioteca de la Facultad de Ingenier\u00eda Qu\u00edmica se encuentra comprometida en satisfacer eficazmente la demanda de informaci\u00f3n, ser el apoyo de los docentes en la ense\u00f1anza, formaci\u00f3n y transmisi\u00f3n de conocimientos a la sociedad. [\/vc_column_text][vc_empty_space height=\u00bb20px\u00bb][vc_column_text] Biblioteca \u201cDr. Ezio Emiliani\u201d Horario [&hellip;]<\/p>\n","protected":false},"author":6,"featured_media":0,"parent":0,"menu_order":0,"comment_status":"closed","ping_status":"closed","template":"page-templates\/front-page.php","meta":[],"_links":{"self":[{"href":"https:\/\/fiq.unl.edu.ar\/vivilafiq\/wp-json\/wp\/v2\/pages\/4707"}],"collection":[{"href":"https:\/\/fiq.unl.edu.ar\/vivilafiq\/wp-json\/wp\/v2\/pages"}],"about":[{"href":"https:\/\/fiq.unl.edu.ar\/vivilafiq\/wp-json\/wp\/v2\/types\/page"}],"author":[{"embeddable":true,"href":"https:\/\/fiq.unl.edu.ar\/vivilafiq\/wp-json\/wp\/v2\/users\/6"}],"replies":[{"embeddable":true,"href":"https:\/\/fiq.unl.edu.ar\/vivilafiq\/wp-json\/wp\/v2\/comments?post=4707"}],"version-history":[{"count":29,"href":"https:\/\/fiq.unl.edu.ar\/vivilafiq\/wp-json\/wp\/v2\/pages\/4707\/revisions"}],"predecessor-version":[{"id":6761,"href":"https:\/\/fiq.unl.edu.ar\/vivilafiq\/wp-json\/wp\/v2\/pages\/4707\/revisions\/6761"}],"wp:attachment":[{"href":"https:\/\/fiq.unl.edu.ar\/vivilafiq\/wp-json\/wp\/v2\/media?parent=4707"}],"curies":[{"name":"wp","href":"https:\/\/api.w.org\/{rel}","templated":true}]}}