{"id":6118,"date":"2021-03-24T02:29:16","date_gmt":"2021-03-24T02:29:16","guid":{"rendered":"https:\/\/fiq.unl.edu.ar\/vivilafiq\/?page_id=6118"},"modified":"2022-03-03T19:35:46","modified_gmt":"2022-03-03T19:35:46","slug":"introduccion-a-las-ingenierias-3","status":"publish","type":"page","link":"https:\/\/fiq.unl.edu.ar\/vivilafiq\/introduccion-a-las-ingenierias-3\/","title":{"rendered":"Introducci\u00f3n a las Ingenier\u00edas"},"content":{"rendered":"<p>[vc_row][vc_column][vc_custom_heading text=\u00bbIntroducci\u00f3n a las Ingenier\u00edas\u00bb font_container=\u00bbtag:h2|font_size:36|text_align:left|color:%23dd3333&#8243; google_fonts=\u00bbfont_family:Lato%3A100%2C100italic%2C300%2C300italic%2Cregular%2Citalic%2C700%2C700italic%2C900%2C900italic|font_style:900%20bold%20regular%3A900%3Anormal\u00bb][vc_separator][vc_column_text]<strong>Asignatura obligatoria<\/strong><br \/>\nPrimer cuatrimestre[\/vc_column_text][vc_separator][\/vc_column][\/vc_row][vc_row u_row_style=\u00bb0&#8243; u_row_paralax=\u00bb0&#8243; u_row_scheme=\u00bb0&#8243;][vc_column][vc_video link=\u00bbhttps:\/\/youtu.be\/5DkkLx-lS5A\u00bb][\/vc_column][\/vc_row][vc_row][vc_column][vc_empty_space height=\u00bb30px\u00bb][vc_separator][vc_column_text]<\/p>\n<h4>Qui\u00e9nes cursan<\/h4>\n<p>Estudiantes de las carreras de Ingenier\u00eda Qu\u00edmica y en Alimentos.[\/vc_column_text][vc_separator][vc_column_text]<\/p>\n<h4>PRIMER ENCUENTRO<\/h4>\n<p><strong>Citaci\u00f3n<\/strong><br \/>\nMi\u00e9rcoles 9 de marzo, a las 15 hs[\/vc_column_text][vc_btn title=\u00bbInscripci\u00f3n\u00bb style=\u00bb3d\u00bb color=\u00bbmulled-wine\u00bb link=\u00bburl:https%3A%2F%2Fzoom.us%2Fmeeting%2Fregister%2FtJEucO6vqj8sGdGUsPLPIv5cv0WD9ojm2Wdx%20||target:%20_blank|\u00bb][vc_empty_space height=\u00bb15px\u00bb][\/vc_column][\/vc_row][vc_row][vc_column][vc_separator][vc_empty_space height=\u00bb15px\u00bb][vc_btn title=\u00bbAcceder al Entorno Virtual\u00bb style=\u00bb3d\u00bb color=\u00bbjuicy-pink\u00bb size=\u00bblg\u00bb align=\u00bbleft\u00bb i_icon_fontawesome=\u00bbfa fa-television\u00bb add_icon=\u00bbtrue\u00bb][\/vc_column][\/vc_row][vc_row][vc_column][vc_empty_space height=\u00bb40px\u00bb][vc_separator color=\u00bbblack\u00bb style=\u00bbdotted\u00bb border_width=\u00bb2&#8243;][vc_empty_space height=\u00bb40px\u00bb][\/vc_column][\/vc_row][vc_row disable_element=\u00bbyes\u00bb u_row_style=\u00bb0&#8243; u_row_paralax=\u00bb0&#8243; u_row_scheme=\u00bb0&#8243;][vc_column][vc_custom_heading text=\u00bbEQUIPO DOCENTE\u00bb font_container=\u00bbtag:h2|font_size:24|text_align:center|color:%23dd3333&#8243; google_fonts=\u00bbfont_family:Lato%3A100%2C100italic%2C300%2C300italic%2Cregular%2Citalic%2C700%2C700italic%2C900%2C900italic|font_style:900%20bold%20regular%3A900%3Anormal\u00bb][vc_empty_space height=\u00bb40px\u00bb][\/vc_column][\/vc_row][vc_row disable_element=\u00bbyes\u00bb u_row_style=\u00bb0&#8243; u_row_paralax=\u00bb0&#8243; u_row_scheme=\u00bb0&#8243;][vc_column width=\u00bb1\/6&#8243;][vc_single_image image=\u00bb6049&#8243; img_size=\u00bbfull\u00bb][vc_column_text]<\/p>\n<p style=\"text-align: center;\">Sergio Ackermann<\/p>\n<p>[\/vc_column_text][\/vc_column][vc_column width=\u00bb1\/6&#8243;][vc_single_image image=\u00bb6044&#8243; img_size=\u00bbfull\u00bb][vc_column_text]<\/p>\n<p style=\"text-align: center;\">Marcelo Actis<\/p>\n<p>[\/vc_column_text][\/vc_column][vc_column width=\u00bb1\/6&#8243;][vc_single_image image=\u00bb6039&#8243; img_size=\u00bbfull\u00bb][vc_column_text]<\/p>\n<p style=\"text-align: center;\">Alejandro Anderson<\/p>\n<p>[\/vc_column_text][\/vc_column][vc_column width=\u00bb1\/6&#8243;][vc_single_image image=\u00bb6046&#8243; img_size=\u00bbfull\u00bb][vc_column_text]<\/p>\n<p style=\"text-align: center;\">Marta Bergallo (Responsable)<\/p>\n<p>[\/vc_column_text][\/vc_column][vc_column width=\u00bb1\/6&#8243;][vc_single_image image=\u00bb6040&#8243; img_size=\u00bbfull\u00bb][vc_column_text]<\/p>\n<p style=\"text-align: center;\">Andrea Bergesio<\/p>\n<p>[\/vc_column_text][\/vc_column][vc_column width=\u00bb1\/6&#8243;][vc_single_image image=\u00bb6041&#8243; img_size=\u00bbfull\u00bb][vc_column_text]<\/p>\n<p style=\"text-align: center;\">Bruno Bongioanni<\/p>\n<p>[\/vc_column_text][\/vc_column][\/vc_row][vc_row disable_element=\u00bbyes\u00bb u_row_style=\u00bb0&#8243; u_row_paralax=\u00bb0&#8243; u_row_scheme=\u00bb0&#8243;][vc_column][vc_empty_space height=\u00bb40px\u00bb][vc_separator color=\u00bbblack\u00bb style=\u00bbdotted\u00bb border_width=\u00bb2&#8243;][vc_empty_space height=\u00bb30px\u00bb][\/vc_column][\/vc_row][vc_row disable_element=\u00bbyes\u00bb u_row_style=\u00bb0&#8243; u_row_paralax=\u00bb0&#8243; u_row_scheme=\u00bb0&#8243;][vc_column][vc_custom_heading text=\u00bbMODALIDAD DE CURSADO Y EVALUACI\u00d3N\u00bb font_container=\u00bbtag:h2|font_size:24|text_align:left|color:%23dd3333&#8243; google_fonts=\u00bbfont_family:Lato%3A100%2C100italic%2C300%2C300italic%2Cregular%2Citalic%2C700%2C700italic%2C900%2C900italic|font_style:900%20bold%20regular%3A900%3Anormal\u00bb][vc_column_text]<\/p>\n<h3>Modalidad de cursado<\/h3>\n<p><strong>Te\u00f3ricas:<\/strong> grabadas en videos cargadas en entorno virtual.<br \/>\n<strong>Pr\u00e1cticas:<\/strong> videos y dos encuentros sincr\u00f3nicos virtuales semanales de dos horas.<\/p>\n<h3>Requisitos para obtener la regularidad<\/h3>\n<p>Al finalizar el cuatrimestre un\/a estudiante ser\u00e1 considerado\/a regular si:<br \/>\n(1) tiene un 75% de aprobaci\u00f3n en las entregas solicitadas durante el cursado de cada m\u00f3dulo, y<br \/>\n(2) aprueba un control de regularidad de cada m\u00f3dulo (habr\u00e1 dos controles por m\u00f3dulo).<\/p>\n<h3>R\u00e9gimen de aprobaci\u00f3n de la asignatura<\/h3>\n<p>Se tomar\u00e1n dos parciales, uno por cada m\u00f3dulo, y para promover la asignatura un alumno deber\u00e1 obtener como m\u00ednimo, en cada parcial, 50 puntos y un promedio entre ambos parciales de, por lo menos, 58 puntos. Se podr\u00e1 recuperar uno solo de los dos parciales. Esto se har\u00e1 durante el primer turno ordinario de ex\u00e1menes inmediato a la finalizaci\u00f3n del cursado. La recuperaci\u00f3n de uno de los parciales ser\u00e1 solamente para aquellos alumnos que obtuvieron la regularidad durante el cuatrimestre en curso.[\/vc_column_text][vc_empty_space height=\u00bb40px\u00bb][\/vc_column][\/vc_row]<\/p>\n","protected":false},"excerpt":{"rendered":"<p>[vc_row][vc_column][vc_custom_heading text=\u00bbIntroducci\u00f3n a las Ingenier\u00edas\u00bb font_container=\u00bbtag:h2|font_size:36|text_align:left|color:%23dd3333&#8243; google_fonts=\u00bbfont_family:Lato%3A100%2C100italic%2C300%2C300italic%2Cregular%2Citalic%2C700%2C700italic%2C900%2C900italic|font_style:900%20bold%20regular%3A900%3Anormal\u00bb][vc_separator][vc_column_text]Asignatura obligatoria Primer cuatrimestre[\/vc_column_text][vc_separator][\/vc_column][\/vc_row][vc_row u_row_style=\u00bb0&#8243; u_row_paralax=\u00bb0&#8243; u_row_scheme=\u00bb0&#8243;][vc_column][vc_video link=\u00bbhttps:\/\/youtu.be\/5DkkLx-lS5A\u00bb][\/vc_column][\/vc_row][vc_row][vc_column][vc_empty_space height=\u00bb30px\u00bb][vc_separator][vc_column_text] Qui\u00e9nes cursan Estudiantes de las carreras de Ingenier\u00eda Qu\u00edmica y en Alimentos.[\/vc_column_text][vc_separator][vc_column_text] PRIMER ENCUENTRO Citaci\u00f3n Mi\u00e9rcoles 9 de marzo, a las 15 hs[\/vc_column_text][vc_btn title=\u00bbInscripci\u00f3n\u00bb style=\u00bb3d\u00bb color=\u00bbmulled-wine\u00bb link=\u00bburl:https%3A%2F%2Fzoom.us%2Fmeeting%2Fregister%2FtJEucO6vqj8sGdGUsPLPIv5cv0WD9ojm2Wdx%20||target:%20_blank|\u00bb][vc_empty_space height=\u00bb15px\u00bb][\/vc_column][\/vc_row][vc_row][vc_column][vc_separator][vc_empty_space height=\u00bb15px\u00bb][vc_btn title=\u00bbAcceder al Entorno Virtual\u00bb style=\u00bb3d\u00bb color=\u00bbjuicy-pink\u00bb size=\u00bblg\u00bb align=\u00bbleft\u00bb i_icon_fontawesome=\u00bbfa fa-television\u00bb add_icon=\u00bbtrue\u00bb][\/vc_column][\/vc_row][vc_row][vc_column][vc_empty_space [&hellip;]<\/p>\n","protected":false},"author":2,"featured_media":0,"parent":0,"menu_order":0,"comment_status":"closed","ping_status":"closed","template":"page-templates\/front-page.php","meta":[],"_links":{"self":[{"href":"https:\/\/fiq.unl.edu.ar\/vivilafiq\/wp-json\/wp\/v2\/pages\/6118"}],"collection":[{"href":"https:\/\/fiq.unl.edu.ar\/vivilafiq\/wp-json\/wp\/v2\/pages"}],"about":[{"href":"https:\/\/fiq.unl.edu.ar\/vivilafiq\/wp-json\/wp\/v2\/types\/page"}],"author":[{"embeddable":true,"href":"https:\/\/fiq.unl.edu.ar\/vivilafiq\/wp-json\/wp\/v2\/users\/2"}],"replies":[{"embeddable":true,"href":"https:\/\/fiq.unl.edu.ar\/vivilafiq\/wp-json\/wp\/v2\/comments?post=6118"}],"version-history":[{"count":5,"href":"https:\/\/fiq.unl.edu.ar\/vivilafiq\/wp-json\/wp\/v2\/pages\/6118\/revisions"}],"predecessor-version":[{"id":7003,"href":"https:\/\/fiq.unl.edu.ar\/vivilafiq\/wp-json\/wp\/v2\/pages\/6118\/revisions\/7003"}],"wp:attachment":[{"href":"https:\/\/fiq.unl.edu.ar\/vivilafiq\/wp-json\/wp\/v2\/media?parent=6118"}],"curies":[{"name":"wp","href":"https:\/\/api.w.org\/{rel}","templated":true}]}}