{"id":6562,"date":"2021-11-19T12:47:35","date_gmt":"2021-11-19T12:47:35","guid":{"rendered":"https:\/\/fiq.unl.edu.ar\/vivilafiq\/?page_id=6562"},"modified":"2025-07-10T18:01:03","modified_gmt":"2025-07-10T18:01:03","slug":"gestion-del-estudiante","status":"publish","type":"page","link":"https:\/\/fiq.unl.edu.ar\/vivilafiq\/gestion-del-estudiante\/","title":{"rendered":"Gesti\u00f3n del estudiante"},"content":{"rendered":"<p>[vc_row][vc_column][vc_custom_heading text=\u00bbGesti\u00f3n del estudiante\u00bb font_container=\u00bbtag:h2|font_size:35|text_align:left|color:%23e22f05&#8243; google_fonts=\u00bbfont_family:Lato%3A100%2C100italic%2C300%2C300italic%2Cregular%2Citalic%2C700%2C700italic%2C900%2C900italic|font_style:700%20bold%20regular%3A700%3Anormal\u00bb][vc_column_text]<\/p>\n<h2>En este espacio la comunidad de estudiantes cuenta con informaci\u00f3n referida a diferentes gestiones acad\u00e9micas y administrativas vinculadas a las carreras de pregrado y grado.<\/h2>\n<p>[\/vc_column_text][vc_empty_space height=\u00bb40px\u00bb][\/vc_column][\/vc_row][vc_row][vc_column width=\u00bb1\/3&#8243;][vc_single_image image=\u00bb7256&#8243; img_size=\u00bbfull\u00bb][vc_custom_heading text=\u00bbSIU Guaran\u00ed\u00bb font_container=\u00bbtag:h2|font_size:28|text_align:left|color:%23e32213&#8243; google_fonts=\u00bbfont_family:Lato%3A100%2C100italic%2C300%2C300italic%2Cregular%2Citalic%2C700%2C700italic%2C900%2C900italic|font_style:700%20bold%20regular%3A700%3Anormal\u00bb][vc_column_text]Preguntas frecuentes acerca de este sistema on-line de gesti\u00f3n acad\u00e9mica.[\/vc_column_text][vc_custom_heading text=\u00bb&gt; + info\u00bb font_container=\u00bbtag:h2|font_size:20|text_align:left|color:%233c05cc\u00bb google_fonts=\u00bbfont_family:Lato%3A100%2C100italic%2C300%2C300italic%2Cregular%2Citalic%2C700%2C700italic%2C900%2C900italic|font_style:900%20bold%20regular%3A900%3Anormal\u00bb link=\u00bburl:https%3A%2F%2Ffiq.unl.edu.ar%2Fvivilafiq%2Fgestion-del-estudiante%2Fsiu-guarani-2%2F|||\u00bb][\/vc_column][vc_column width=\u00bb1\/3&#8243;][vc_single_image image=\u00bb7263&#8243; img_size=\u00bbfull\u00bb][vc_custom_heading text=\u00bbCalendario FIQ\u00bb font_container=\u00bbtag:h2|font_size:28|text_align:left|color:%23e32213&#8243; google_fonts=\u00bbfont_family:Lato%3A100%2C100italic%2C300%2C300italic%2Cregular%2Citalic%2C700%2C700italic%2C900%2C900italic|font_style:700%20bold%20regular%3A700%3Anormal\u00bb][vc_column_text]Calendario acad\u00e9mico de pregrado y grado, y\u00a0\u00a0Google Calendar FIQ-UNL.[\/vc_column_text][vc_custom_heading text=\u00bb&gt; + info\u00bb font_container=\u00bbtag:h2|font_size:20|text_align:left|color:%233c05cc\u00bb google_fonts=\u00bbfont_family:Lato%3A100%2C100italic%2C300%2C300italic%2Cregular%2Citalic%2C700%2C700italic%2C900%2C900italic|font_style:900%20bold%20regular%3A900%3Anormal\u00bb link=\u00bburl:http%3A%2F%2Ffiq.unl.edu.ar%2Fvivilafiq%2Fgestion-del-estudiante%2Fcalendario-fiq%2F|||\u00bb][\/vc_column][vc_column width=\u00bb1\/3&#8243;][vc_single_image image=\u00bb7267&#8243; img_size=\u00bbfull\u00bb][vc_custom_heading text=\u00bbIngreso\u00bb font_container=\u00bbtag:h2|font_size:28|text_align:left|color:%23e32213&#8243; google_fonts=\u00bbfont_family:Lato%3A100%2C100italic%2C300%2C300italic%2Cregular%2Citalic%2C700%2C700italic%2C900%2C900italic|font_style:700%20bold%20regular%3A700%3Anormal\u00bb][vc_column_text]Preguntas frecuentes acerca del ingreso: plazos, documentaci\u00f3n, etc.[\/vc_column_text][vc_custom_heading text=\u00bb&gt; + info\u00bb font_container=\u00bbtag:h2|font_size:20|text_align:left|color:%233c05cc\u00bb google_fonts=\u00bbfont_family:Lato%3A100%2C100italic%2C300%2C300italic%2Cregular%2Citalic%2C700%2C700italic%2C900%2C900italic|font_style:900%20bold%20regular%3A900%3Anormal\u00bb link=\u00bburl:https%3A%2F%2Ffiq.unl.edu.ar%2Fvivilafiq%2Fgestion-del-estudiante%2Fingreso%2F|||\u00bb][\/vc_column][\/vc_row][vc_row][vc_column][vc_empty_space height=\u00bb10px\u00bb][\/vc_column][\/vc_row][vc_row][vc_column width=\u00bb1\/3&#8243;][vc_single_image image=\u00bb7265&#8243; img_size=\u00bbfull\u00bb][vc_custom_heading text=\u00bbCursado\u00bb font_container=\u00bbtag:h2|font_size:28|text_align:left|color:%23e32213&#8243; google_fonts=\u00bbfont_family:Lato%3A100%2C100italic%2C300%2C300italic%2Cregular%2Citalic%2C700%2C700italic%2C900%2C900italic|font_style:700%20bold%20regular%3A700%3Anormal\u00bb][vc_column_text]Comisiones; planes de estudio, correlatividades y regularizaci\u00f3n; asignaturas; pr\u00e1cticas.[\/vc_column_text][vc_custom_heading text=\u00bb&gt; + info\u00bb font_container=\u00bbtag:h2|font_size:20|text_align:left|color:%233c05cc\u00bb google_fonts=\u00bbfont_family:Lato%3A100%2C100italic%2C300%2C300italic%2Cregular%2Citalic%2C700%2C700italic%2C900%2C900italic|font_style:900%20bold%20regular%3A900%3Anormal\u00bb link=\u00bburl:http%3A%2F%2Ffiq.unl.edu.ar%2Fvivilafiq%2Fgestion-del-estudiante%2Fcursado%2F|||\u00bb][\/vc_column][vc_column width=\u00bb1\/3&#8243;][vc_single_image image=\u00bb7266&#8243; img_size=\u00bbfull\u00bb][vc_custom_heading text=\u00bbEx\u00e1menes\u00bb font_container=\u00bbtag:h2|font_size:28|text_align:left|color:%23e32213&#8243; google_fonts=\u00bbfont_family:Lato%3A100%2C100italic%2C300%2C300italic%2Cregular%2Citalic%2C700%2C700italic%2C900%2C900italic|font_style:700%20bold%20regular%3A700%3Anormal\u00bb][vc_column_text]Preguntas frecuentes acerca de turnos, ex\u00e1menes finales e inscripciones.[\/vc_column_text][vc_custom_heading text=\u00bb&gt; + info\u00bb font_container=\u00bbtag:h2|font_size:20|text_align:left|color:%233c05cc\u00bb google_fonts=\u00bbfont_family:Lato%3A100%2C100italic%2C300%2C300italic%2Cregular%2Citalic%2C700%2C700italic%2C900%2C900italic|font_style:900%20bold%20regular%3A900%3Anormal\u00bb link=\u00bburl:http%3A%2F%2Ffiq.unl.edu.ar%2Fvivilafiq%2Fgestion-del-estudiante%2Fexamenes%2F|||\u00bb][\/vc_column][vc_column width=\u00bb1\/3&#8243;][vc_single_image image=\u00bb7264&#8243; img_size=\u00bbfull\u00bb][vc_custom_heading text=\u00bbCertificados\u00bb font_container=\u00bbtag:h2|font_size:28|text_align:left|color:%23e32213&#8243; google_fonts=\u00bbfont_family:Lato%3A100%2C100italic%2C300%2C300italic%2Cregular%2Citalic%2C700%2C700italic%2C900%2C900italic|font_style:700%20bold%20regular%3A700%3Anormal\u00bb][vc_column_text]Indicaciones para solicitar diferentes tipos de certificados y constancias.[\/vc_column_text][vc_custom_heading text=\u00bb&gt; + info\u00bb font_container=\u00bbtag:h2|font_size:20|text_align:left|color:%233c05cc\u00bb google_fonts=\u00bbfont_family:Lato%3A100%2C100italic%2C300%2C300italic%2Cregular%2Citalic%2C700%2C700italic%2C900%2C900italic|font_style:900%20bold%20regular%3A900%3Anormal\u00bb link=\u00bburl:https%3A%2F%2Ffiq.unl.edu.ar%2Fvivilafiq%2Fgestion-del-estudiante%2Fcertificaciones%2F|||\u00bb][\/vc_column][\/vc_row][vc_row][vc_column][vc_empty_space height=\u00bb10px\u00bb][\/vc_column][\/vc_row][vc_row][vc_column width=\u00bb1\/3&#8243;][vc_single_image image=\u00bb7272&#8243; img_size=\u00bbfull\u00bb][vc_custom_heading text=\u00bbTrabajos y Pr\u00e1cticas Finales\u00bb font_container=\u00bbtag:h2|font_size:28|text_align:left|color:%23e32213&#8243; google_fonts=\u00bbfont_family:Lato%3A100%2C100italic%2C300%2C300italic%2Cregular%2Citalic%2C700%2C700italic%2C900%2C900italic|font_style:700%20bold%20regular%3A700%3Anormal\u00bb][vc_column_text]Consultas sobre la Pr\u00e1ctica Profesional Supervisada u Obligatoria y Pr\u00e1ctica en F\u00e1brica.[\/vc_column_text][vc_custom_heading text=\u00bb&gt; + info\u00bb font_container=\u00bbtag:h2|font_size:20|text_align:left|color:%233c05cc\u00bb google_fonts=\u00bbfont_family:Lato%3A100%2C100italic%2C300%2C300italic%2Cregular%2Citalic%2C700%2C700italic%2C900%2C900italic|font_style:900%20bold%20regular%3A900%3Anormal\u00bb link=\u00bburl:https%3A%2F%2Ffiq.unl.edu.ar%2Fvivilafiq%2Ftrabajos-y-practicas-finales%2F||target:%20_blank|\u00bb][\/vc_column][vc_column width=\u00bb1\/3&#8243;][vc_single_image image=\u00bb7271&#8243; img_size=\u00bbfull\u00bb][vc_custom_heading text=\u00bbHomologaciones\u00bb font_container=\u00bbtag:h2|font_size:28|text_align:left|color:%23e32213&#8243; google_fonts=\u00bbfont_family:Lato%3A100%2C100italic%2C300%2C300italic%2Cregular%2Citalic%2C700%2C700italic%2C900%2C900italic|font_style:700%20bold%20regular%3A700%3Anormal\u00bb][vc_column_text]Preguntas frecuentes para solicitar homologaci\u00f3n de carreras o asignaturas.[\/vc_column_text][vc_custom_heading text=\u00bb&gt; + info\u00bb font_container=\u00bbtag:h2|font_size:20|text_align:left|color:%233c05cc\u00bb google_fonts=\u00bbfont_family:Lato%3A100%2C100italic%2C300%2C300italic%2Cregular%2Citalic%2C700%2C700italic%2C900%2C900italic|font_style:900%20bold%20regular%3A900%3Anormal\u00bb link=\u00bburl:http%3A%2F%2Ffiq.unl.edu.ar%2Fvivilafiq%2Fgestion-del-estudiante%2Fhomologaciones%2F|||\u00bb][\/vc_column][vc_column width=\u00bb1\/3&#8243;][vc_single_image image=\u00bb7270&#8243; img_size=\u00bbfull\u00bb][vc_custom_heading text=\u00bbDiplomas\u00bb font_container=\u00bbtag:h2|font_size:28|text_align:left|color:%23e32213&#8243; google_fonts=\u00bbfont_family:Lato%3A100%2C100italic%2C300%2C300italic%2Cregular%2Citalic%2C700%2C700italic%2C900%2C900italic|font_style:700%20bold%20regular%3A700%3Anormal\u00bb][vc_column_text]Paso a paso para solicitar diploma de carreras de pregrado y grado.[\/vc_column_text][vc_custom_heading text=\u00bb&gt; + info\u00bb font_container=\u00bbtag:h2|font_size:20|text_align:left|color:%233c05cc\u00bb google_fonts=\u00bbfont_family:Lato%3A100%2C100italic%2C300%2C300italic%2Cregular%2Citalic%2C700%2C700italic%2C900%2C900italic|font_style:900%20bold%20regular%3A900%3Anormal\u00bb link=\u00bburl:http%3A%2F%2Ffiq.unl.edu.ar%2Fvivilafiq%2Fgestion-del-estudiante%2Fdiploma%2F|||\u00bb][\/vc_column][\/vc_row][vc_row][vc_column width=\u00bb1\/2&#8243;][vc_empty_space height=\u00bb70px\u00bb][vc_text_separator title=\u00bb&gt; Contactos de inter\u00e9s\u00bb title_align=\u00bbseparator_align_left\u00bb color=\u00bbcustom\u00bb border_width=\u00bb3&#8243; accent_color=\u00bb#e22f05&#8243;][vc_column_text]<\/p>\n<h3><strong>DEPARTAMENTO DE ALUMNADO<\/strong><\/h3>\n<p><strong>Atenci\u00f3n por ventanilla<br \/>\n<\/strong>De 10:00 a 16:00 hs.<\/p>\n<p><strong>Tel:<\/strong> 4571164 int. 2512<br \/>\n<strong> Mail:<\/strong> <a href=\"mailto:alumnado@fiq.unl.edu.ar\">alumnado@fiq.unl.edu.ar<\/a>[\/vc_column_text][vc_column_text]<\/p>\n<h3><strong>ASUNTOS ESTUDIANTILES<\/strong><\/h3>\n<p><strong>Mail: <\/strong><a href=\"mailto:estudiantiles@fiq.unl.edu.ar\">estudiantiles@fiq.unl.edu.ar<\/a>[\/vc_column_text][\/vc_column][vc_column width=\u00bb1\/2&#8243;][vc_empty_space height=\u00bb70px\u00bb][vc_text_separator title=\u00bb&gt; Accesos directos\u00bb title_align=\u00bbseparator_align_left\u00bb color=\u00bbcustom\u00bb border_width=\u00bb3&#8243; accent_color=\u00bb#e22f05&#8243;][vc_btn title=\u00bb&gt; R\u00e9gimen de ense\u00f1anza \u00bb style=\u00bbgradient-custom\u00bb gradient_custom_color_1=\u00bb#3c05cc\u00bb gradient_custom_color_2=\u00bb#3c05cc\u00bb shape=\u00bbsquare\u00bb size=\u00bblg\u00bb align=\u00bbleft\u00bb i_icon_fontawesome=\u00bbfa fa-graduation-cap\u00bb button_block=\u00bbtrue\u00bb add_icon=\u00bbtrue\u00bb link=\u00bburl:https%3A%2F%2Fwww.fiq.unl.edu.ar%2Facademica%2Fwp-content%2Fuploads%2Fsites%2F6%2F2021%2F09%2FRegimen-de-ense%25C3%25B1anza-ordenado-2021.pdf|||\u00bb][vc_btn title=\u00bb&gt; Mesa de entrada :: Seguimiento de Expedientes\u00bb style=\u00bbgradient-custom\u00bb gradient_custom_color_1=\u00bb#3c05cc\u00bb gradient_custom_color_2=\u00bb#3c05cc\u00bb shape=\u00bbsquare\u00bb size=\u00bblg\u00bb align=\u00bbleft\u00bb i_icon_fontawesome=\u00bbfa fa-search\u00bb button_block=\u00bbtrue\u00bb add_icon=\u00bbtrue\u00bb link=\u00bburl:https%3A%2F%2Fservicios.unl.edu.ar%2Fexpedientes%2F|||\u00bb][vc_btn title=\u00bb&gt; Pr\u00e1cticas Extracurriculares\u00bb style=\u00bbgradient-custom\u00bb gradient_custom_color_1=\u00bb#3c05cc\u00bb gradient_custom_color_2=\u00bb#3c05cc\u00bb shape=\u00bbsquare\u00bb size=\u00bblg\u00bb align=\u00bbleft\u00bb i_icon_fontawesome=\u00bbfa fa-calendar-check-o\u00bb button_block=\u00bbtrue\u00bb add_icon=\u00bbtrue\u00bb link=\u00bburl:https%3A%2F%2Fwww.fiq.unl.edu.ar%2Facademica%2Fpracticas-extracurriculares%2F|||\u00bb][vc_btn title=\u00bb&gt; Biblioteca FIQ\u00bb style=\u00bbgradient-custom\u00bb gradient_custom_color_1=\u00bb#3c05cc\u00bb gradient_custom_color_2=\u00bb#3c05cc\u00bb shape=\u00bbsquare\u00bb size=\u00bblg\u00bb align=\u00bbleft\u00bb i_icon_fontawesome=\u00bbfa fa-book\u00bb button_block=\u00bbtrue\u00bb add_icon=\u00bbtrue\u00bb link=\u00bburl:https%3A%2F%2Ffiq.unl.edu.ar%2Fvivilafiq%2Fbiblioteca-fiq%2F|||\u00bb][\/vc_column][\/vc_row][vc_row][vc_column][vc_empty_space height=\u00bb60px\u00bb][\/vc_column][\/vc_row]<\/p>\n","protected":false},"excerpt":{"rendered":"<p>[vc_row][vc_column][vc_custom_heading text=\u00bbGesti\u00f3n del estudiante\u00bb font_container=\u00bbtag:h2|font_size:35|text_align:left|color:%23e22f05&#8243; google_fonts=\u00bbfont_family:Lato%3A100%2C100italic%2C300%2C300italic%2Cregular%2Citalic%2C700%2C700italic%2C900%2C900italic|font_style:700%20bold%20regular%3A700%3Anormal\u00bb][vc_column_text] En este espacio la comunidad de estudiantes cuenta con informaci\u00f3n referida a diferentes gestiones acad\u00e9micas y administrativas vinculadas a las carreras de pregrado y grado. [\/vc_column_text][vc_empty_space height=\u00bb40px\u00bb][\/vc_column][\/vc_row][vc_row][vc_column width=\u00bb1\/3&#8243;][vc_single_image image=\u00bb7256&#8243; img_size=\u00bbfull\u00bb][vc_custom_heading text=\u00bbSIU Guaran\u00ed\u00bb font_container=\u00bbtag:h2|font_size:28|text_align:left|color:%23e32213&#8243; google_fonts=\u00bbfont_family:Lato%3A100%2C100italic%2C300%2C300italic%2Cregular%2Citalic%2C700%2C700italic%2C900%2C900italic|font_style:700%20bold%20regular%3A700%3Anormal\u00bb][vc_column_text]Preguntas frecuentes acerca de este sistema on-line de gesti\u00f3n acad\u00e9mica.[\/vc_column_text][vc_custom_heading text=\u00bb&gt; + info\u00bb font_container=\u00bbtag:h2|font_size:20|text_align:left|color:%233c05cc\u00bb google_fonts=\u00bbfont_family:Lato%3A100%2C100italic%2C300%2C300italic%2Cregular%2Citalic%2C700%2C700italic%2C900%2C900italic|font_style:900%20bold%20regular%3A900%3Anormal\u00bb link=\u00bburl:https%3A%2F%2Ffiq.unl.edu.ar%2Fvivilafiq%2Fgestion-del-estudiante%2Fsiu-guarani-2%2F|||\u00bb][\/vc_column][vc_column [&hellip;]<\/p>\n","protected":false},"author":2,"featured_media":0,"parent":0,"menu_order":0,"comment_status":"closed","ping_status":"closed","template":"page-templates\/front-page.php","meta":[],"_links":{"self":[{"href":"https:\/\/fiq.unl.edu.ar\/vivilafiq\/wp-json\/wp\/v2\/pages\/6562"}],"collection":[{"href":"https:\/\/fiq.unl.edu.ar\/vivilafiq\/wp-json\/wp\/v2\/pages"}],"about":[{"href":"https:\/\/fiq.unl.edu.ar\/vivilafiq\/wp-json\/wp\/v2\/types\/page"}],"author":[{"embeddable":true,"href":"https:\/\/fiq.unl.edu.ar\/vivilafiq\/wp-json\/wp\/v2\/users\/2"}],"replies":[{"embeddable":true,"href":"https:\/\/fiq.unl.edu.ar\/vivilafiq\/wp-json\/wp\/v2\/comments?post=6562"}],"version-history":[{"count":43,"href":"https:\/\/fiq.unl.edu.ar\/vivilafiq\/wp-json\/wp\/v2\/pages\/6562\/revisions"}],"predecessor-version":[{"id":9865,"href":"https:\/\/fiq.unl.edu.ar\/vivilafiq\/wp-json\/wp\/v2\/pages\/6562\/revisions\/9865"}],"wp:attachment":[{"href":"https:\/\/fiq.unl.edu.ar\/vivilafiq\/wp-json\/wp\/v2\/media?parent=6562"}],"curies":[{"name":"wp","href":"https:\/\/api.w.org\/{rel}","templated":true}]}}