{"id":6589,"date":"2021-11-24T19:27:21","date_gmt":"2021-11-24T19:27:21","guid":{"rendered":"https:\/\/fiq.unl.edu.ar\/vivilafiq\/?page_id=6589"},"modified":"2023-01-31T16:12:06","modified_gmt":"2023-01-31T16:12:06","slug":"siu-guarani-2","status":"publish","type":"page","link":"https:\/\/fiq.unl.edu.ar\/vivilafiq\/gestion-del-estudiante\/siu-guarani-2\/","title":{"rendered":"Siu Guaran\u00ed"},"content":{"rendered":"<p>[vc_row][vc_column][vc_column_text]<\/p>\n<h2><strong>El SIU Guaran\u00ed es un sistema on-line de gesti\u00f3n acad\u00e9mica de la UNL<\/strong><\/h2>\n<p><strong>La comunidad de estudiantes puede realizar los siguientes tr\u00e1mites y gestiones acad\u00e9micas:<\/strong><\/p>\n<p><span style=\"color: #ff0000;\">\u2022 <\/span>Realizar la reinscripci\u00f3n anual.<br \/>\n<span style=\"color: #ff0000;\">\u2022 <\/span>Inscribirse a las asignaturas que desean cursar en el cuatrimestre.<br \/>\n<span style=\"color: #ff0000;\">\u2022 <\/span>Inscribirse a las mesas de ex\u00e1menes.<br \/>\n<span style=\"color: #ff0000;\">\u2022 <\/span>Solicitar certificado de alumno regular, certificado anal\u00edtico y otras certificaciones.<br \/>\n<span style=\"color: #ff0000;\">\u2022 <\/span>Consultar su Plan de estudios, historial acad\u00e9mico.<br \/>\n<span style=\"color: #ff0000;\">\u2022 <\/span>Actualizar datos, etc.[\/vc_column_text][\/vc_column][\/vc_row][vc_row][vc_column][vc_empty_space height=\u00bb40px\u00bb][vc_custom_heading text=\u00bbACCESO\u00bb font_container=\u00bbtag:h2|font_size:20|text_align:left|color:%23e32213&#8243; google_fonts=\u00bbfont_family:Lato%3A100%2C100italic%2C300%2C300italic%2Cregular%2Citalic%2C700%2C700italic%2C900%2C900italic|font_style:700%20bold%20regular%3A700%3Anormal\u00bb][vc_btn title=\u00bb&gt; SIU Guaran\u00ed\u00bb style=\u00bbgradient-custom\u00bb gradient_custom_color_1=\u00bb#3c05cc\u00bb gradient_custom_color_2=\u00bb#3c05cc\u00bb shape=\u00bbsquare\u00bb size=\u00bblg\u00bb align=\u00bbleft\u00bb link=\u00bburl:https%3A%2F%2Fservicios.unl.edu.ar%2Fguarani3%2Fautogestion%2F||target:%20_blank|\u00bb][vc_column_text]<strong>Al ingresar, completar con los siguientes datos:<\/strong><\/p>\n<p><strong>Usuario:<\/strong> n\u00famero de DNI (sin puntos).<br \/>\n<strong>Contrase\u00f1a:<\/strong> los cinco primeros n\u00fameros del DNI.[\/vc_column_text][\/vc_column][\/vc_row][vc_row][vc_column][vc_empty_space height=\u00bb40px\u00bb][vc_custom_heading text=\u00bbPREGUNTAS FRECUENTES\u00bb font_container=\u00bbtag:h2|font_size:20|text_align:left|color:%23e32213&#8243; google_fonts=\u00bbfont_family:Lato%3A100%2C100italic%2C300%2C300italic%2Cregular%2Citalic%2C700%2C700italic%2C900%2C900italic|font_style:700%20bold%20regular%3A700%3Anormal\u00bb][vc_tta_accordion style=\u00bboutline\u00bb shape=\u00bbsquare\u00bb color=\u00bbblack\u00bb gap=\u00bb15&#8243; active_section=\u00bb\u00bb no_fill=\u00bbtrue\u00bb collapsible_all=\u00bbtrue\u00bb][vc_tta_section title=\u00bb\u00bfEs necesario tener una cuenta de correo electr\u00f3nico declarada en mis datos personales?\u00bb tab_id=\u00bb1637783225551-6c01a453-4561&#8243;][vc_empty_space height=\u00bb10px\u00bb][vc_column_text]S\u00ed. Las comunicaciones importantes dentro de la Facultad se realizan v\u00eda correo electr\u00f3nico, por lo que es indispensable que tengas una cuenta de correo electr\u00f3nico declarada y activa. Adem\u00e1s, esta cuenta es necesaria para recuperar la clave de acceso al Sistema SIU-Guaran\u00ed.<\/p>\n<p>OBSERVACIONES: aconsejamos que en el nombre de la cuenta de email se pueda identificar tu nombre y apellido.[\/vc_column_text][vc_empty_space height=\u00bb10px\u00bb][\/vc_tta_section][vc_tta_section title=\u00bb\u00bfQu\u00e9 debo hacer si se me bloque\u00f3 el ingreso al Sistema SIU Guaran\u00ed?\u00bb tab_id=\u00bb1637782663159-bece78fa-d636&#8243;][vc_empty_space height=\u00bb10px\u00bb][vc_column_text]Al ingresar al sistema SIU GUARAN\u00cd vas a encontrar el link <strong>\u00ab\u00bfOlvidaste tu contrase\u00f1a?\u00bb<\/strong>. Ten\u00e9s que clickear all\u00ed para solicitar una nueva clave, que te ser\u00e1 enviada al email que declaraste.<\/p>\n<p><strong>OBSERVACIONES:<\/strong> en caso de que no hayas asociado una cuenta de email, comunicate con el Departamento Alumnado (<span style=\"color: #ff0000;\"><a style=\"color: #ff0000;\" href=\"mailto:alumnado@fiq.unl.edu.ar\">alumnado@fiq.unl.edu.ar<\/a><\/span>) y ped\u00ed que incorporen una direcci\u00f3n de correo electr\u00f3nico al Sistema.[\/vc_column_text][vc_empty_space height=\u00bb10px\u00bb][\/vc_tta_section][vc_tta_section title=\u00bb\u00bfQu\u00e9 debo hacer si no me aparece una mesa de ex\u00e1menes para inscribirme a rendir?\u00bb tab_id=\u00bb1637782746276-7d2cbfd2-3310&#8243;][vc_empty_space height=\u00bb10px\u00bb][vc_column_text]Pod\u00e9s consultar personalmente en el <strong>Departamento Alumnado<\/strong>, v\u00eda telef\u00f3nica (4571164 int. 2512) o comunicate mediante v\u00eda email (alumnado@fiq.unl.edu.ar)[\/vc_column_text][vc_empty_space height=\u00bb10px\u00bb][\/vc_tta_section][vc_tta_section title=\u00bbPromocion\u00e9 una materia, \u00bfme tengo que anotar el turno de examen?\u00bb tab_id=\u00bb1637782798745-b399a409-86b2&#8243;][vc_empty_space height=\u00bb10px\u00bb][vc_column_text]No. En los \u00faltimos a\u00f1os se implement\u00f3 la opci\u00f3n de inscribirse a parciales mediante el siguiente <span style=\"color: #ff0000;\"><a style=\"color: #ff0000;\" href=\"https:\/\/docs.google.com\/forms\/d\/1ym_6VZi7xDJvE2HrKyciV9lRTsEh5mC274MQE6Wh4SU\/\">formulario<\/a><\/span> para aquellos estudiantes regulares de cuatrimestres anteriores, mientras que para estudiantes que se inscriben por SIU-Guaran\u00ed al cursado, la inscripci\u00f3n a las actas de promoci\u00f3n es autom\u00e1tica.<br \/>\nEsto permite que el docente cuente con la informaci\u00f3n necesaria, durante el cursado, de aquellos alumnos que desean promocionar la asignatura, confeccion\u00e1ndose un acta a tal fin, la cual el docente completa y entrega al finalizar el cuatrimestre.[\/vc_column_text][vc_empty_space height=\u00bb10px\u00bb][\/vc_tta_section][vc_tta_section title=\u00bbPromocion\u00e9 una materia y no me aparece la nota en el SIU Guaran\u00ed\u00bb tab_id=\u00bb1639398989594-e9833ed7-5185&#8243;][vc_empty_space height=\u00bb10px\u00bb][vc_column_text]En primer lugar, consulta al docente responsable de la asignatura promocionada si ya entreg\u00f3 el acta correspondiente. En caso de una respuesta afirmativa, y si ha pasado m\u00e1s de una semana h\u00e1bil de dicha entrega, debes comunicarte mediante v\u00eda email (alumnado@fiq.unl.edu.ar), indicando todos tus datos personales, asignatura promocionada y per\u00edodo en el que promocionaste la misma.[\/vc_column_text][vc_empty_space height=\u00bb10px\u00bb][\/vc_tta_section][vc_tta_section title=\u00bb\u00bfC\u00f3mo me inscribo a los ex\u00e1menes finales?\u00bb tab_id=\u00bb1637782941311-415f348e-b81a\u00bb][vc_empty_space height=\u00bb10px\u00bb][vc_column_text]La inscripci\u00f3n a ex\u00e1menes finales se realiza a trav\u00e9s del Sistema SIU GUARAN\u00cd de cada alumno. En caso de que el sistema te informe un error y no puedas inscribirte, debes comunicarte mediante v\u00eda email (alumnado@fiq.unl.edu.ar), dentro de los periodos de inscripci\u00f3n establecidos.<\/p>\n<p>Los turnos de ex\u00e1menes est\u00e1n definidos en el <span style=\"color: #ff0000;\"><strong><a style=\"color: #ff0000;\" href=\"https:\/\/fiq.unl.edu.ar\/vivilafiq\/gestion-del-estudiante\/calendario-fiq\/\">Calendario Acad\u00e9mico de Grado y Pregrado<\/a>.<\/strong><\/span> Los per\u00edodos de inscripci\u00f3n y baja a ex\u00e1menes est\u00e1n definidos por Resoluci\u00f3n del Decano y se realizan en la semana previa a los turnos de ex\u00e1menes.<\/p>\n<p>Adem\u00e1s, pod\u00e9s suscribirte al<span style=\"color: #ff0000;\"> <strong><a style=\"color: #ff0000;\" href=\"https:\/\/calendar.google.com\/calendar\/u\/0\/embed?src=lafiqunl@gmail.com&amp;ctz=America\/Argentina\/Buenos_Aires\" target=\"_blank\" rel=\"noopener noreferrer\">Google Calendar FIQ-UNL.<\/a><\/strong><\/span><br \/>\nDesde tu calendar de google agregas el de la FIQ con la cuenta <span style=\"color: #ff0000;\"><a style=\"color: #ff0000;\" href=\"lafiqunl@gmail.com\">lafiqunl@gmail.com<\/a><\/span> en \u201cotros calendarios\u201d, sobre el margen derecho. Luego en \u201cConfiguraci\u00f3n\u201d de calendarios, modificas y estableces que tipo de notificaciones deseas recibir.<\/p>\n<p>No se inscribir\u00e1 a ex\u00e1menes fuera de los plazos establecidos.[\/vc_column_text][vc_empty_space height=\u00bb10px\u00bb][\/vc_tta_section][vc_tta_section title=\u00bb\u00bfPor qu\u00e9 no me aparece en el SIU Guaran\u00ed una asignatura que me homologaron?\u00bb tab_id=\u00bb1637782878440-8eb6a485-3ba6&#8243;][vc_empty_space height=\u00bb10px\u00bb][vc_column_text]En primer lugar, ten\u00e9s que consultar el estado del expediente a trav\u00e9s de <strong>Mesa de entrada <\/strong>(<span style=\"color: #ff0000;\"><a style=\"color: #ff0000;\" href=\"https:\/\/servicios.unl.edu.ar\/expedientes\/\">https:\/\/servicios.unl.edu.ar\/expedientes\/<\/a><\/span>).<\/p>\n<p>En <strong>palabra clave<\/strong> deber\u00e1s completar con tu nombre y apellido (el apellido debe ir en may\u00fasculas).<br \/>\nA continuaci\u00f3n aparecer\u00e1 el expediente e ingresando, podr\u00e1s corroborar en qu\u00e9 oficina se encuentra.<br \/>\nSi el expediente figura en <strong>Alumnado<\/strong>, podr\u00e1s consultar mediante v\u00eda email (alumnado@fiq.unl.edu.ar), indicando todos tus datos personales y el n\u00famero de expediente, o bien dirigirte personalmente a esta oficina en el horario de atenci\u00f3n de ventanilla (8:00 a 10:30hs o de 15:00 a 18:00 hs) para averiguar cu\u00e1l es el inconveniente y poder incluirlo en el SIU Guaran\u00ed.<\/p>\n<p>Las homologaciones se ver\u00e1n reflejadas en el sistema SIU-Guaran\u00ed una vez cumplimentadas las correlativas requeridas.[\/vc_column_text][vc_empty_space height=\u00bb10px\u00bb][vc_btn title=\u00bb&gt; Mesa de entrada\u00bb style=\u00bbgradient-custom\u00bb gradient_custom_color_1=\u00bb#3c05cc\u00bb gradient_custom_color_2=\u00bb#3c05cc\u00bb shape=\u00bbsquare\u00bb size=\u00bblg\u00bb align=\u00bbleft\u00bb link=\u00bburl:https%3A%2F%2Fservicios.unl.edu.ar%2Fexpedientes%2F||target:%20_blank|\u00bb][vc_empty_space height=\u00bb10px\u00bb][\/vc_tta_section][\/vc_tta_accordion][\/vc_column][\/vc_row][vc_row][vc_column][vc_empty_space height=\u00bb60px\u00bb][\/vc_column][\/vc_row]<\/p>\n","protected":false},"excerpt":{"rendered":"<p>[vc_row][vc_column][vc_column_text] El SIU Guaran\u00ed es un sistema on-line de gesti\u00f3n acad\u00e9mica de la UNL La comunidad de estudiantes puede realizar los siguientes tr\u00e1mites y gestiones acad\u00e9micas: \u2022 Realizar la reinscripci\u00f3n anual. \u2022 Inscribirse a las asignaturas que desean cursar en el cuatrimestre. \u2022 Inscribirse a las mesas de ex\u00e1menes. \u2022 Solicitar certificado de alumno regular, [&hellip;]<\/p>\n","protected":false},"author":4,"featured_media":0,"parent":6562,"menu_order":0,"comment_status":"closed","ping_status":"closed","template":"","meta":[],"_links":{"self":[{"href":"https:\/\/fiq.unl.edu.ar\/vivilafiq\/wp-json\/wp\/v2\/pages\/6589"}],"collection":[{"href":"https:\/\/fiq.unl.edu.ar\/vivilafiq\/wp-json\/wp\/v2\/pages"}],"about":[{"href":"https:\/\/fiq.unl.edu.ar\/vivilafiq\/wp-json\/wp\/v2\/types\/page"}],"author":[{"embeddable":true,"href":"https:\/\/fiq.unl.edu.ar\/vivilafiq\/wp-json\/wp\/v2\/users\/4"}],"replies":[{"embeddable":true,"href":"https:\/\/fiq.unl.edu.ar\/vivilafiq\/wp-json\/wp\/v2\/comments?post=6589"}],"version-history":[{"count":44,"href":"https:\/\/fiq.unl.edu.ar\/vivilafiq\/wp-json\/wp\/v2\/pages\/6589\/revisions"}],"predecessor-version":[{"id":8597,"href":"https:\/\/fiq.unl.edu.ar\/vivilafiq\/wp-json\/wp\/v2\/pages\/6589\/revisions\/8597"}],"up":[{"embeddable":true,"href":"https:\/\/fiq.unl.edu.ar\/vivilafiq\/wp-json\/wp\/v2\/pages\/6562"}],"wp:attachment":[{"href":"https:\/\/fiq.unl.edu.ar\/vivilafiq\/wp-json\/wp\/v2\/media?parent=6589"}],"curies":[{"name":"wp","href":"https:\/\/api.w.org\/{rel}","templated":true}]}}