{"id":6598,"date":"2021-11-24T20:15:52","date_gmt":"2021-11-24T20:15:52","guid":{"rendered":"https:\/\/fiq.unl.edu.ar\/vivilafiq\/?page_id=6598"},"modified":"2025-12-22T14:39:23","modified_gmt":"2025-12-22T14:39:23","slug":"calendario-fiq","status":"publish","type":"page","link":"https:\/\/fiq.unl.edu.ar\/vivilafiq\/gestion-del-estudiante\/calendario-fiq\/","title":{"rendered":"Calendario FIQ"},"content":{"rendered":"<p>[vc_row][vc_column][vc_column_text]Todas las fechas de inicio y fin de cuatrimestre, turnos de ex\u00e1menes, entre otras, fechas est\u00e1n establecidas en el Calendario Acad\u00e9mico de Pregrado y Grado, que aprueba el Consejo Directivo de la Facultad de Ingenier\u00eda Qu\u00edmica en el mes de diciembre del a\u00f1o anterior al inicio del cursado.[\/vc_column_text][\/vc_column][\/vc_row][vc_row][vc_column][vc_empty_space height=\u00bb40px\u00bb][vc_custom_heading text=\u00bbCALENDARIO ACAD\u00c9MICO DE GRADO Y PREGRADO\u00bb font_container=\u00bbtag:h2|font_size:20|text_align:left|color:%23e32213&#8243; google_fonts=\u00bbfont_family:Lato%3A100%2C100italic%2C300%2C300italic%2Cregular%2Citalic%2C700%2C700italic%2C900%2C900italic|font_style:700%20bold%20regular%3A700%3Anormal\u00bb][vc_btn title=\u00bb&gt; Calendario 2026&#8243; style=\u00bbgradient-custom\u00bb gradient_custom_color_1=\u00bb#3c05cc\u00bb gradient_custom_color_2=\u00bb#3c05cc\u00bb shape=\u00bbsquare\u00bb size=\u00bblg\u00bb align=\u00bbleft\u00bb link=\u00bburl:https%3A%2F%2Fservicios.unl.edu.ar%2Fboletinoficial%2Fbuscar%2FFIQ-1267698-25%2F701||target:%20_blank|\u00bb][\/vc_column][\/vc_row][vc_row][vc_column][vc_empty_space height=\u00bb40px\u00bb][vc_custom_heading text=\u00bbGOOGLE CALENDAR FIQ-UNL\u00bb font_container=\u00bbtag:h2|font_size:20|text_align:left|color:%23e32213&#8243; google_fonts=\u00bbfont_family:Lato%3A100%2C100italic%2C300%2C300italic%2Cregular%2Citalic%2C700%2C700italic%2C900%2C900italic|font_style:700%20bold%20regular%3A700%3Anormal\u00bb][vc_column_text]Adem\u00e1s, pod\u00e9s suscribirte al <a href=\"https:\/\/goo.gl\/nSgvzK\" target=\"_blank\" rel=\"noopener noreferrer\">Google Calendar FIQ-UNL.<\/a> Desde tu calendar de google agregas el de la FIQ con la cuenta lafiqunl@gmail.com en \u00abotros calendarios\u00bb, sobre el margen derecho. Luego en \u00abConfiguraci\u00f3n\u00bb de calendarios, modificas y estableces que tipo de notificaciones deseas recibir.[\/vc_column_text][vc_btn title=\u00bb&gt; Google Calendar FIQ-UNL\u00bb style=\u00bbgradient-custom\u00bb gradient_custom_color_1=\u00bb#3c05cc\u00bb gradient_custom_color_2=\u00bb#3c05cc\u00bb shape=\u00bbsquare\u00bb size=\u00bblg\u00bb align=\u00bbleft\u00bb link=\u00bburl:https%3A%2F%2Fcalendar.google.com%2Fcalendar%2Fu%2F0%2Fembed%3Fsrc%3Dlafiqunl%40gmail.com%26ctz%3DAmerica%2FArgentina%2FBuenos_Aires||target:%20_blank|\u00bb][\/vc_column][\/vc_row][vc_row][vc_column][vc_empty_space height=\u00bb60px\u00bb][\/vc_column][\/vc_row]<\/p>\n","protected":false},"excerpt":{"rendered":"<p>[vc_row][vc_column][vc_column_text]Todas las fechas de inicio y fin de cuatrimestre, turnos de ex\u00e1menes, entre otras, fechas est\u00e1n establecidas en el Calendario Acad\u00e9mico de Pregrado y Grado, que aprueba el Consejo Directivo de la Facultad de Ingenier\u00eda Qu\u00edmica en el mes de diciembre del a\u00f1o anterior al inicio del cursado.[\/vc_column_text][\/vc_column][\/vc_row][vc_row][vc_column][vc_empty_space height=\u00bb40px\u00bb][vc_custom_heading text=\u00bbCALENDARIO ACAD\u00c9MICO DE GRADO Y PREGRADO\u00bb [&hellip;]<\/p>\n","protected":false},"author":4,"featured_media":0,"parent":6562,"menu_order":0,"comment_status":"closed","ping_status":"closed","template":"","meta":[],"_links":{"self":[{"href":"https:\/\/fiq.unl.edu.ar\/vivilafiq\/wp-json\/wp\/v2\/pages\/6598"}],"collection":[{"href":"https:\/\/fiq.unl.edu.ar\/vivilafiq\/wp-json\/wp\/v2\/pages"}],"about":[{"href":"https:\/\/fiq.unl.edu.ar\/vivilafiq\/wp-json\/wp\/v2\/types\/page"}],"author":[{"embeddable":true,"href":"https:\/\/fiq.unl.edu.ar\/vivilafiq\/wp-json\/wp\/v2\/users\/4"}],"replies":[{"embeddable":true,"href":"https:\/\/fiq.unl.edu.ar\/vivilafiq\/wp-json\/wp\/v2\/comments?post=6598"}],"version-history":[{"count":32,"href":"https:\/\/fiq.unl.edu.ar\/vivilafiq\/wp-json\/wp\/v2\/pages\/6598\/revisions"}],"predecessor-version":[{"id":10085,"href":"https:\/\/fiq.unl.edu.ar\/vivilafiq\/wp-json\/wp\/v2\/pages\/6598\/revisions\/10085"}],"up":[{"embeddable":true,"href":"https:\/\/fiq.unl.edu.ar\/vivilafiq\/wp-json\/wp\/v2\/pages\/6562"}],"wp:attachment":[{"href":"https:\/\/fiq.unl.edu.ar\/vivilafiq\/wp-json\/wp\/v2\/media?parent=6598"}],"curies":[{"name":"wp","href":"https:\/\/api.w.org\/{rel}","templated":true}]}}