{"id":6605,"date":"2021-11-24T20:50:08","date_gmt":"2021-11-24T20:50:08","guid":{"rendered":"https:\/\/fiq.unl.edu.ar\/vivilafiq\/?page_id=6605"},"modified":"2025-02-16T23:09:49","modified_gmt":"2025-02-16T23:09:49","slug":"ingreso","status":"publish","type":"page","link":"https:\/\/fiq.unl.edu.ar\/vivilafiq\/gestion-del-estudiante\/ingreso\/","title":{"rendered":"Ingreso"},"content":{"rendered":"<p>[vc_row][vc_column][vc_btn title=\u00bb&gt; Inscripciones, Cursos de Articulaci\u00f3n, Material de Estudio\u00bb style=\u00bbgradient-custom\u00bb gradient_custom_color_1=\u00bb#3c05cc\u00bb gradient_custom_color_2=\u00bb#3c05cc\u00bb shape=\u00bbsquare\u00bb size=\u00bblg\u00bb align=\u00bbleft\u00bb link=\u00bburl:https%3A%2F%2Fwww.unl.edu.ar%2Fingresounl%2F||target:%20_blank|\u00bb][\/vc_column][\/vc_row][vc_row][vc_column width=\u00bb1\/2&#8243;][vc_empty_space height=\u00bb40px\u00bb][vc_text_separator title=\u00bb&gt; Contactos de inter\u00e9s\u00bb title_align=\u00bbseparator_align_left\u00bb color=\u00bbcustom\u00bb border_width=\u00bb3&#8243; accent_color=\u00bb#e22f05&#8243;][vc_column_text]<\/p>\n<h3><strong>DEPARTAMENTO DE ALUMNADO<\/strong><\/h3>\n<p><strong>Atenci\u00f3n por ventanilla<br \/>\n<\/strong>De 10:00 a 16:00 hs.<\/p>\n<p><strong>Tel:<\/strong> 4571164 int. 2512<br \/>\n<strong> Mail:<\/strong> <a href=\"mailto:alumnado@fiq.unl.edu.ar\">alumnado@fiq.unl.edu.ar<\/a>[\/vc_column_text][vc_column_text]<\/p>\n<h3><strong>INGRESO<\/strong><\/h3>\n<p><strong>Mail:<\/strong> <span style=\"color: #ff0000;\"><a style=\"color: #ff0000;\" href=\"mailto:ingreso@fiq.unl.edu.ar\">ingreso@fiq.unl.edu.ar<\/a><\/span>[\/vc_column_text][vc_column_text]<\/p>\n<h3><strong>ASUNTOS ESTUDIANTILES<\/strong><\/h3>\n<p><strong>Mail:\u00a0<\/strong><span style=\"color: #ff0000;\"><a style=\"color: #ff0000;\" href=\"mailto:estudiantiles@fiq.unl.edu.ar\">estudiantiles@fiq.unl.edu.ar<\/a><\/span>[\/vc_column_text][\/vc_column][vc_column width=\u00bb1\/2&#8243;][vc_empty_space height=\u00bb40px\u00bb][vc_text_separator title=\u00bb&gt; Accesos directos\u00bb title_align=\u00bbseparator_align_left\u00bb color=\u00bbcustom\u00bb border_width=\u00bb3&#8243; accent_color=\u00bb#e22f05&#8243;][vc_btn title=\u00bb&gt; SIU Guaran\u00ed\u00bb style=\u00bbgradient-custom\u00bb gradient_custom_color_1=\u00bb#3c05cc\u00bb gradient_custom_color_2=\u00bb#3c05cc\u00bb shape=\u00bbsquare\u00bb size=\u00bblg\u00bb align=\u00bbleft\u00bb button_block=\u00bbtrue\u00bb link=\u00bburl:https%3A%2F%2Fservicios.unl.edu.ar%2Fguarani3%2Fautogestion%2F||target:%20_blank|\u00bb][vc_btn title=\u00bb&gt; Mesa de Entrada :: Seguimiento de Expedientes\u00bb style=\u00bbgradient-custom\u00bb gradient_custom_color_1=\u00bb#3c05cc\u00bb gradient_custom_color_2=\u00bb#3c05cc\u00bb shape=\u00bbsquare\u00bb size=\u00bblg\u00bb align=\u00bbleft\u00bb button_block=\u00bbtrue\u00bb link=\u00bburl:https%3A%2F%2Fservicios.unl.edu.ar%2Fexpedientes%2F||target:%20_blank|\u00bb][vc_btn title=\u00bb&gt; Calendarios FIQ\u00bb style=\u00bbgradient-custom\u00bb gradient_custom_color_1=\u00bb#3c05cc\u00bb gradient_custom_color_2=\u00bb#3c05cc\u00bb shape=\u00bbsquare\u00bb size=\u00bblg\u00bb align=\u00bbleft\u00bb button_block=\u00bbtrue\u00bb link=\u00bburl:https%3A%2F%2Ffiq.unl.edu.ar%2Fvivilafiq%2Fgestion-del-estudiante%2Fcalendario-fiq%2F|||\u00bb][\/vc_column][\/vc_row][vc_row][vc_column][vc_empty_space height=\u00bb40px\u00bb][vc_custom_heading text=\u00bbPREGUNTAS FRECUENTES\u00bb font_container=\u00bbtag:h2|font_size:20|text_align:left|color:%23e32213&#8243; google_fonts=\u00bbfont_family:Lato%3A100%2C100italic%2C300%2C300italic%2Cregular%2Citalic%2C700%2C700italic%2C900%2C900italic|font_style:700%20bold%20regular%3A700%3Anormal\u00bb][vc_tta_accordion style=\u00bboutline\u00bb shape=\u00bbsquare\u00bb color=\u00bbblack\u00bb gap=\u00bb15&#8243; active_section=\u00bb\u00bb no_fill=\u00bbtrue\u00bb collapsible_all=\u00bbtrue\u00bb][vc_tta_section title=\u00bb\u00bfCu\u00e1les son los plazos l\u00edmites para la presentaci\u00f3n de la documentaci\u00f3n referida a los estudios secundarios?\u00bb tab_id=\u00bb1637783225551-6c01a453-456181b6-cd89&#8243;][vc_empty_space height=\u00bb10px\u00bb][vc_column_text]<span style=\"color: #ff0000;\"><strong>\u2022 <\/strong><\/span>Si ya entregaste la <strong>constancia de alumno regular o una <\/strong><strong>constancia de finalizaci\u00f3n de estudios adeudando materias,<\/strong> deber\u00e1s subir al Sistema de Gesti\u00f3n del Estudiante la <span style=\"color: #008080;\"><strong>constancia de t\u00edtulo en tr\u00e1mite antes del \u00faltimo d\u00eda h\u00e1bil del mes de abril<\/strong><\/span> y validar en el Departamento de Alumnado. De no cumplir con este requisito, no se considerar\u00e1 la inscripci\u00f3n a la carrera, y se te dar\u00e1 de baja de las actividades que hayas realizado al momento.<\/p>\n<p><span style=\"color: #ff0000;\"><strong>\u2022 <\/strong><\/span>Si presentaste la <strong>constancia de t\u00edtulo en tr\u00e1mite,<\/strong> deber\u00e1s subir al Sistema de Gesti\u00f3n del Estudiante la <span style=\"color: #008080;\"><strong>fotocopia del t\u00edtulo original legalizada por la UNL antes del \u00faltimo d\u00eda h\u00e1bil del mes de noviembre<\/strong> <\/span>y validar en el Departamento de Alumnado.[\/vc_column_text][vc_empty_space height=\u00bb10px\u00bb][\/vc_tta_section][vc_tta_section title=\u00bb\u00bfQu\u00e9 sucede si no entrego en tiempo y forma toda la documentaci\u00f3n requerida para el ingreso a la Facultad?\u00bb tab_id=\u00bb1637782056800-f0167cd6-e5c781b6-cd89&#8243;][vc_empty_space height=\u00bb10px\u00bb][vc_column_text]Los ingresantes DEBEN validar la documentaci\u00f3n obligatoria<span style=\"color: #ff0000;\"><strong>*<\/strong><\/span> que subieron digitalmente, llevando el original al Departamento de Alumnado en el momento que se comunique. Dicho tr\u00e1mite servir\u00e1 para generar los legajos con los cuales podr\u00e1n inscribirse a cursado y ex\u00e1menes.<\/p>\n<p><span style=\"color: #ff0000;\"><b style=\"color: #ff0000;\">*Record\u00e1 que la documentaci\u00f3n <\/b><span style=\"color: #ff0000;\"><b>obligatoria<\/b><\/span><b style=\"color: #ff0000;\"> es la siguiente: <\/b><\/span>Documentaci\u00f3n de los estudios secundarios, constancia de CUIL y DNI.<\/p>\n<p>Adem\u00e1s, tenes que terminar la secundaria antes del \u00faltimo d\u00eda h\u00e1bil del mes de abril, para poder tener la constancia de t\u00edtulo en tr\u00e1mite validada y que no se te de de baja en el sistema.[\/vc_column_text][vc_empty_space height=\u00bb10px\u00bb][\/vc_tta_section][vc_tta_section title=\u00bb\u00bfC\u00f3mo se realiza el tr\u00e1mite de legalizaci\u00f3n del t\u00edtulo secundario?\u00bb tab_id=\u00bb1637782746276-7d2cbfd2-331081b6-cd89&#8243;][vc_empty_space height=\u00bb10px\u00bb][vc_column_text]1. Ingresar a Sistema de Gesti\u00f3n del Estudiante en el siguiente<a href=\"https:\/\/servicios.unl.edu.ar\/bienestar\/Controlador?hand=unl.presencial.administracion.LogonAdministracion\"> link<\/a>.<br \/>\n2. En el apartado Digitalizaci\u00f3n INGRESO, oprima el bot\u00f3n \u201cir a digitalizar\u201d.<br \/>\n3. En el apartado Titulo Secundario o Constancia, oprima el bot\u00f3n \u201cAgregar Documentos\u201d. Seleccionar el<br \/>\narchivo digitalizado del t\u00edtulo secundario en formato PDF y coloque \u201cSubir\u201d.<br \/>\nObservaciones: En el caso que no se visualice inicialmente el bot\u00f3n \u201cAgregar Documentos\u201d, oprima<br \/>\n\u201cBuscar Documentos\u201d y luego cerrar.<br \/>\n4. Verifique que haya subido el documento correspondiente.<br \/>\n5. Efect\u00fae el pago de la tasa en el link de pago que encuentra en el siguiente sitio:<br \/>\nwww.unl.edu.ar\/institucional\/tramites-para-estudiantes\/<br \/>\n6. Comunique a diplomas@rectorado.unl.edu.ar que efectu\u00f3 la operaci\u00f3n.<\/p>\n<p>En caso de omitir cualquiera de los pasos, el tr\u00e1mite NO ser\u00e1 considerado como finalizado y esto podr\u00e1<br \/>\nimpactar en la baja de la carrera luego del mes de noviembre del a\u00f1o de inscripci\u00f3n.[\/vc_column_text][vc_empty_space height=\u00bb10px\u00bb][\/vc_tta_section][vc_tta_section title=\u00bb\u00bfCu\u00e1les son los plazos para la entrega del Certificado de Aptitud F\u00edsica en el Departamento Alumnado?\u00bb tab_id=\u00bb1637782663159-bece78fa-d63681b6-cd89&#8243;][vc_empty_space height=\u00bb10px\u00bb][vc_column_text]Por el momento no hay plazo de entrega, pero luego de Julio tendr\u00e1s que solicitar un turno al Centro de Salud de la UNL para poder realizar el control m\u00e9dico completo.[\/vc_column_text][vc_empty_space height=\u00bb10px\u00bb][\/vc_tta_section][vc_tta_section title=\u00bbSoy egresado\/a de la Escuela Industrial Superior: \u00bfme homologan algunas asignaturas de la carrera?\u00bb tab_id=\u00bb1637782878440-8eb6a485-3ba681b6-cd89&#8243;][vc_empty_space height=\u00bb10px\u00bb][vc_column_text]La homologaci\u00f3n de asignaturas para los egresados de la Escuela Industrial Superior depende de la terminalidad en la que hayan finalizado los estudios y la carrera de la Facultad en la que se desee ingresar.<\/p>\n<p>En general, las asignaturas que se homologan son:<br \/>\n<strong><span style=\"color: #ff0000;\">\u2022 <\/span>Introducci\u00f3n a las Ingenier\u00edas<\/strong> (Ver Resoluciones CD Nros.<a href=\"https:\/\/fiq.unl.edu.ar\/vivilafiq\/wp-content\/uploads\/2021\/11\/Res-150.pdf\" target=\"_blank\" rel=\"noopener noreferrer\"> 150\/99<\/a>\u00a0y\u00a0<a href=\"https:\/\/fiq.unl.edu.ar\/vivilafiq\/wp-content\/uploads\/2021\/11\/Res-503.pdf\" target=\"_blank\" rel=\"noopener noreferrer\">503\/10<\/a>)<br \/>\n<span style=\"color: #ff0000;\"><strong>\u2022 <\/strong><\/span><strong>Dibujo y Documentos de Ingenier\u00eda<\/strong> (Ver Resoluci\u00f3n CD Nro. <a href=\"https:\/\/fiq.unl.edu.ar\/vivilafiq\/wp-content\/uploads\/2021\/11\/Res-CD-402.pdf\" target=\"_blank\" rel=\"noopener noreferrer\">402\/12<\/a>)<br \/>\n<strong><span style=\"color: #ff0000;\">\u2022 <\/span>Taller de Lectura y Producci\u00f3n de Textos<\/strong> (Ver Resoluci\u00f3n CD Nro. <a href=\"https:\/\/fiq.unl.edu.ar\/vivilafiq\/wp-content\/uploads\/2017\/03\/CD_258_22-TALLER-DE-LECT-Y-PROD-DE-TEXTOS-PAUTAS.pdf\" target=\"_blank\" rel=\"noopener noreferrer\">258\/22<\/a>)<br \/>\n<strong><span style=\"color: #ff0000;\">\u2022 <\/span>Ingl\u00e9s<\/strong> (Ver Resoluci\u00f3n CS Nro. <a href=\"https:\/\/fiq.unl.edu.ar\/vivilafiq\/wp-content\/uploads\/2021\/11\/Res_-303-15-C_S_-Homologacion-Idioma-Extrajero.pdf\" target=\"_blank\" rel=\"noopener noreferrer\">303\/15<\/a> y <a href=\"https:\/\/fiq.unl.edu.ar\/vivilafiq\/wp-content\/uploads\/2024\/03\/2023-Homologacion-Idioma-Extranjero-Ingles_Portugues_Escuelas_preuniversitarias-CS_538_23.pdf\">538\/22<\/a>)[\/vc_column_text][vc_empty_space height=\u00bb10px\u00bb][vc_btn title=\u00bb&gt; Pedido de homologaci\u00f3n seg\u00fan normativa\u00bb style=\u00bb3d\u00bb shape=\u00bbsquare\u00bb color=\u00bbjuicy-pink\u00bb link=\u00bburl:https%3A%2F%2Fforms.gle%2FRUEALQYitskkTReB7||target:%20_blank|\u00bb][vc_empty_space height=\u00bb10px\u00bb][\/vc_tta_section][vc_tta_section title=\u00bbSoy egresado de otra Escuela T\u00e9cnica. \u00bfPuedo pedir la homologaci\u00f3n de la asignatura \u201cDibujo y Documentos de Ingenier\u00eda?\u00bb tab_id=\u00bb1637782941311-415f348e-b81a81b6-cd89&#8243;][vc_empty_space height=\u00bb10px\u00bb][vc_column_text]La Resoluci\u00f3n CD Nro.\u00a0<a href=\"https:\/\/fiq.unl.edu.ar\/vivilafiq\/wp-content\/uploads\/2021\/11\/Res-CD-402.pdf\" target=\"_blank\" rel=\"noopener noreferrer\">402\/12<\/a> establece que los egresados de Escuelas T\u00e9cnicas con planes de estudio de 6 (seis) o m\u00e1s a\u00f1os, que incluyan como m\u00ednimo 3 (tres) niveles de Dibujo T\u00e9cnico, pueden solicitar la homologaci\u00f3n de la asignatura \u201cDibujo y Documentos de Ingenier\u00eda\u201d. Para solicitarla,\u00a0se debe presentar en el Departamento Alumnado el certificado anal\u00edtico de la Escuela donde conste lo establecido en la Resoluci\u00f3n.<\/p>\n<p><strong>OBSERVACIONES:<\/strong><em> dependiendo la carrera, la homologaci\u00f3n podr\u00e1 solicitarse una vez que el alumno haya cumplido con lo establecido por el r\u00e9gimen de correlatividades del plan de estudios. (Por ejemplo, los alumnos de Ingenier\u00eda Industrial s\u00f3lo podr\u00e1n solicitar la homologaci\u00f3n de esta asignatura una vez que hayan aprobado \u201cInform\u00e1tica\u201d).<\/em>[\/vc_column_text][vc_empty_space height=\u00bb10px\u00bb][\/vc_tta_section][vc_tta_section title=\u00bb\u00bfC\u00f3mo conozco las fechas de inicio y fin de cuatrimestre, turnos de ex\u00e1menes, etc.?\u00bb tab_id=\u00bb1639401781736-26d5688d-a772&#8243;][vc_empty_space height=\u00bb10px\u00bb][vc_column_text]Todas estas fechas est\u00e1n establecidas en el Calendario Acad\u00e9mico de Pregrado y Grado, que aprueba el Consejo Directivo de la Facultad en el mes de diciembre del a\u00f1o anterior al inicio del cursado.[\/vc_column_text][vc_empty_space height=\u00bb10px\u00bb][vc_btn title=\u00bb&gt; Consultar calendario\u00bb style=\u00bbgradient-custom\u00bb gradient_custom_color_1=\u00bb#3c05cc\u00bb gradient_custom_color_2=\u00bb#3c05cc\u00bb shape=\u00bbsquare\u00bb align=\u00bbleft\u00bb link=\u00bburl:https%3A%2F%2Ffiq.unl.edu.ar%2Fvivilafiq%2Fgestion-del-estudiante%2Fcalendario-fiq%2F|||\u00bb][vc_empty_space height=\u00bb10px\u00bb][\/vc_tta_section][vc_tta_section title=\u00bb\u00bfC\u00f3mo conozco las comisiones, d\u00edas y horarios de cursado de las asignaturas del primer cuatrimestre? \u00bb tab_id=\u00bb1639401815024-c263ddf2-d67f\u00bb][vc_empty_space height=\u00bb10px\u00bb][vc_column_text]<strong>Seg\u00fan el cronograma de cada cuatrimestre, TODOS los ingresantes est\u00e1n citados a la Semana del ingresante. <\/strong><\/p>\n<p>En el marco de estas actividades les informamos todo lo referido a las asignaturas iniciales, caracter\u00edsticas del cursado, horarios y comisiones.<\/p>\n<p>El programa de la Semana del Ingresante se publicar\u00e1 en el sitio web de la Facultad y en las redes sociales institucionales:<br \/>\n<a href=\"http:\/\/www.facebook.com\/FIQUNL\" target=\"_blank\" rel=\"noopener noreferrer\">facebook.com\/FIQUNL<\/a><br \/>\n<a href=\"http:\/\/www.twitter.com\/FIQUNL\" target=\"_blank\" rel=\"noopener noreferrer\">twitter.com\/FIQUNL<\/a><br \/>\n<a href=\"http:\/\/www.instagram.com\/fiqunl\" target=\"_blank\" rel=\"noopener noreferrer\">instagram.com\/fiqunl<\/a>[\/vc_column_text][vc_empty_space height=\u00bb10px\u00bb][\/vc_tta_section][vc_tta_section title=\u00bbNo aparezco en las comisiones de cursado de las asignaturas del primer cuatrimestre. \u00bfQu\u00e9 debo hacer?\u00bb tab_id=\u00bb1639401840643-7adfe0f2-16d7&#8243;][vc_empty_space height=\u00bb10px\u00bb][vc_column_text]Una vez publicadas las comisiones, deber\u00e1s escribir un correo a la <strong>Direcci\u00f3n de Asuntos Estudiantiles<\/strong> de Secretar\u00eda Acad\u00e9mica: <a href=\"mailto:estudiantiles@fiq.unl.edu.ar\">estudiantiles@fiq.unl.edu.ar<\/a>[\/vc_column_text][vc_empty_space height=\u00bb10px\u00bb][\/vc_tta_section][\/vc_tta_accordion][\/vc_column][\/vc_row][vc_row][vc_column][vc_empty_space height=\u00bb50px\u00bb][\/vc_column][\/vc_row]<\/p>\n","protected":false},"excerpt":{"rendered":"<p>[vc_row][vc_column][vc_btn title=\u00bb&gt; Inscripciones, Cursos de Articulaci\u00f3n, Material de Estudio\u00bb style=\u00bbgradient-custom\u00bb gradient_custom_color_1=\u00bb#3c05cc\u00bb gradient_custom_color_2=\u00bb#3c05cc\u00bb shape=\u00bbsquare\u00bb size=\u00bblg\u00bb align=\u00bbleft\u00bb link=\u00bburl:https%3A%2F%2Fwww.unl.edu.ar%2Fingresounl%2F||target:%20_blank|\u00bb][\/vc_column][\/vc_row][vc_row][vc_column width=\u00bb1\/2&#8243;][vc_empty_space height=\u00bb40px\u00bb][vc_text_separator title=\u00bb&gt; Contactos de inter\u00e9s\u00bb title_align=\u00bbseparator_align_left\u00bb color=\u00bbcustom\u00bb border_width=\u00bb3&#8243; accent_color=\u00bb#e22f05&#8243;][vc_column_text] DEPARTAMENTO DE ALUMNADO Atenci\u00f3n por ventanilla De 10:00 a 16:00 hs. Tel: 4571164 int. 2512 Mail: alumnado@fiq.unl.edu.ar[\/vc_column_text][vc_column_text] INGRESO Mail: ingreso@fiq.unl.edu.ar[\/vc_column_text][vc_column_text] ASUNTOS ESTUDIANTILES Mail:\u00a0estudiantiles@fiq.unl.edu.ar[\/vc_column_text][\/vc_column][vc_column width=\u00bb1\/2&#8243;][vc_empty_space height=\u00bb40px\u00bb][vc_text_separator title=\u00bb&gt; Accesos directos\u00bb title_align=\u00bbseparator_align_left\u00bb [&hellip;]<\/p>\n","protected":false},"author":4,"featured_media":0,"parent":6562,"menu_order":0,"comment_status":"closed","ping_status":"closed","template":"","meta":[],"_links":{"self":[{"href":"https:\/\/fiq.unl.edu.ar\/vivilafiq\/wp-json\/wp\/v2\/pages\/6605"}],"collection":[{"href":"https:\/\/fiq.unl.edu.ar\/vivilafiq\/wp-json\/wp\/v2\/pages"}],"about":[{"href":"https:\/\/fiq.unl.edu.ar\/vivilafiq\/wp-json\/wp\/v2\/types\/page"}],"author":[{"embeddable":true,"href":"https:\/\/fiq.unl.edu.ar\/vivilafiq\/wp-json\/wp\/v2\/users\/4"}],"replies":[{"embeddable":true,"href":"https:\/\/fiq.unl.edu.ar\/vivilafiq\/wp-json\/wp\/v2\/comments?post=6605"}],"version-history":[{"count":27,"href":"https:\/\/fiq.unl.edu.ar\/vivilafiq\/wp-json\/wp\/v2\/pages\/6605\/revisions"}],"predecessor-version":[{"id":9607,"href":"https:\/\/fiq.unl.edu.ar\/vivilafiq\/wp-json\/wp\/v2\/pages\/6605\/revisions\/9607"}],"up":[{"embeddable":true,"href":"https:\/\/fiq.unl.edu.ar\/vivilafiq\/wp-json\/wp\/v2\/pages\/6562"}],"wp:attachment":[{"href":"https:\/\/fiq.unl.edu.ar\/vivilafiq\/wp-json\/wp\/v2\/media?parent=6605"}],"curies":[{"name":"wp","href":"https:\/\/api.w.org\/{rel}","templated":true}]}}