{"id":6616,"date":"2021-11-25T13:52:02","date_gmt":"2021-11-25T13:52:02","guid":{"rendered":"https:\/\/fiq.unl.edu.ar\/vivilafiq\/?page_id=6616"},"modified":"2025-08-11T15:47:18","modified_gmt":"2025-08-11T15:47:18","slug":"cursado","status":"publish","type":"page","link":"https:\/\/fiq.unl.edu.ar\/vivilafiq\/gestion-del-estudiante\/cursado\/","title":{"rendered":"Cursado"},"content":{"rendered":"<p>[vc_row][vc_column][vc_empty_space height=\u00bb40px\u00bb][vc_custom_heading text=\u00bbPlanes de Estudio, Correlatividades y Regularizaci\u00f3n de Asignaturas\u00bb font_container=\u00bbtag:h2|font_size:30|text_align:left|color:%23000000&#8243; google_fonts=\u00bbfont_family:Lato%3A100%2C100italic%2C300%2C300italic%2Cregular%2Citalic%2C700%2C700italic%2C900%2C900italic|font_style:700%20bold%20regular%3A700%3Anormal\u00bb][vc_separator color=\u00bbblack\u00bb border_width=\u00bb2&#8243;][vc_btn title=\u00bb&gt; Carreras FIQ-UNL\u00bb style=\u00bbgradient-custom\u00bb gradient_custom_color_1=\u00bb#3c05cc\u00bb gradient_custom_color_2=\u00bb#3c05cc\u00bb shape=\u00bbsquare\u00bb size=\u00bblg\u00bb align=\u00bbleft\u00bb link=\u00bburl:https%3A%2F%2Ffiq.unl.edu.ar%2Fvivilafiq%2Ffiq_carreras%2F|||\u00bb][vc_empty_space height=\u00bb40px\u00bb][vc_empty_space height=\u00bb20px\u00bb][vc_custom_heading text=\u00bbPREGUNTAS FRECUENTES\u00bb font_container=\u00bbtag:h2|font_size:20|text_align:left|color:%23e32213&#8243; google_fonts=\u00bbfont_family:Lato%3A100%2C100italic%2C300%2C300italic%2Cregular%2Citalic%2C700%2C700italic%2C900%2C900italic|font_style:700%20bold%20regular%3A700%3Anormal\u00bb][vc_custom_heading text=\u00bbComisiones\u00bb font_container=\u00bbtag:h2|font_size:20|text_align:left|color:%23e32213&#8243; google_fonts=\u00bbfont_family:Lato%3A100%2C100italic%2C300%2C300italic%2Cregular%2Citalic%2C700%2C700italic%2C900%2C900italic|font_style:700%20bold%20regular%3A700%3Anormal\u00bb][vc_tta_accordion style=\u00bboutline\u00bb shape=\u00bbsquare\u00bb color=\u00bbblack\u00bb gap=\u00bb15&#8243; active_section=\u00bb\u00bb no_fill=\u00bbtrue\u00bb collapsible_all=\u00bbtrue\u00bb][vc_tta_section title=\u00bb\u00bfC\u00f3mo conozco las comisiones, d\u00edas y horarios de cursado de las asignaturas del cuatrimestre?\u00bb tab_id=\u00bb1637781702221-a63c9c21-cb771e47-fd76&#8243;][vc_empty_space height=\u00bb10px\u00bb][vc_column_text]<strong>El \u00faltimo d\u00eda del turno anterior al cuatrimestre, se publica en este blog toda la informaci\u00f3n para el cursado. En el caso de los ingresantes, TODOS los est\u00e1n citados a diferentes actividades en la Semana de ingresantes, donde se brinda la informaci\u00f3n de las asignaturas iniciales, caracter\u00edsticas del cursado, horarios y comisiones.<\/strong><\/p>\n<p>El programa de la Semana de Ingresantes se publicar\u00e1 en el sitio web de la Facultad y en las redes sociales institucionales:<br \/>\n<a href=\"http:\/\/www.facebook.com\/FIQUNL\" target=\"_blank\" rel=\"noopener noreferrer\">facebook.com\/FIQUNL<\/a><br \/>\n<a href=\"http:\/\/www.twitter.com\/FIQUNL\" target=\"_blank\" rel=\"noopener noreferrer\">twitter.com\/FIQUNL<\/a><br \/>\n<a href=\"http:\/\/www.instagram.com\/fiqunl\" target=\"_blank\" rel=\"noopener noreferrer\">instagram.com\/fiqunl<\/a>[\/vc_column_text][vc_empty_space height=\u00bb10px\u00bb][\/vc_tta_section][vc_tta_section title=\u00bbNo aparezco en las comisiones de cursado de las asignaturas del primer cuatrimestre. \u00bfQu\u00e9 debo hacer?\u00bb tab_id=\u00bb1637848984997-d65f2b2f-5d15&#8243;][vc_empty_space height=\u00bb10px\u00bb][vc_column_text]Una vez publicadas las comisiones, deber\u00e1s escribir un correo a la\u00a0<strong>Direcci\u00f3n de Asuntos Estudiantiles<\/strong>\u00a0de Secretar\u00eda Acad\u00e9mica:\u00a0<a href=\"mailto:estudiantiles@fiq.unl.edu.ar\">estudiantiles@fiq.unl.edu.ar<\/a>[\/vc_column_text][vc_empty_space height=\u00bb10px\u00bb][\/vc_tta_section][\/vc_tta_accordion][vc_empty_space height=\u00bb20px\u00bb][vc_custom_heading text=\u00bbRegularidad, Condicional, Oyente\u00bb font_container=\u00bbtag:h2|font_size:20|text_align:left|color:%23e32213&#8243; google_fonts=\u00bbfont_family:Lato%3A100%2C100italic%2C300%2C300italic%2Cregular%2Citalic%2C700%2C700italic%2C900%2C900italic|font_style:700%20bold%20regular%3A700%3Anormal\u00bb][vc_tta_accordion style=\u00bboutline\u00bb shape=\u00bbsquare\u00bb color=\u00bbblack\u00bb gap=\u00bb15&#8243; active_section=\u00bb\u00bb no_fill=\u00bbtrue\u00bb collapsible_all=\u00bbtrue\u00bb][vc_tta_section title=\u00bb\u00bfCu\u00e1nto dura la regularidad de una asignatura?\u00bb tab_id=\u00bb1637848900778-01eb38d1-0288&#8243;][vc_empty_space height=\u00bb10px\u00bb][vc_column_text]La duraci\u00f3n de las regularidades se encuentran establecidas en el R\u00e9gimen de Ense\u00f1anza de la FIQ.<\/p>\n<p>Dependiendo de la etapa de la carrera en la que te encuentres las regularidades var\u00edan:<\/p>\n<p>Si la actividad regularizada se encuentra contemplada dentro del Ciclo Inicial de tu carrera, la regularidad es de dos (2) cuatrimestres incluyendo los turnos de ex\u00e1menes previos al inicio del cuatrimestre siguiente.<\/p>\n<p>Si la actividad regularizada se encuentra contemplada dentro del Ciclo Intermedio y\/o superior, la regularidad es de cuatro (4) cuatrimestres incluyendo los turnos de ex\u00e1menes previos al inicio del cuatrimestre siguiente.<\/p>\n<p>Es importante que siempre tengas en cuenta el Plan de Estudio y el R\u00e9gimen de correlatividades, para que planifiques de manera ordenada tus estudios. En tu historia acad\u00e9mica, obtenida a trav\u00e9s del SIU-Guaran\u00ed, pod\u00e9s verificar el estado de las regularidades en las asignaturas.[\/vc_column_text][vc_empty_space height=\u00bb10px\u00bb][\/vc_tta_section][vc_tta_section title=\u00bb\u00bfPuedo renunciar a la regularidad de una asignatura?\u00bb tab_id=\u00bb1637848900980-40bdad7e-d07d\u00bb][vc_empty_space height=\u00bb10px\u00bb][vc_column_text]S\u00ed. Para hacerlo ten\u00e9s que presentar una nota por Mesa de Entradas (<span style=\"color: #ff0000;\"><a style=\"color: #ff0000;\" href=\"mailto:mentrada@fiq.unl.edu.ar\">mentrada@fiq.unl.edu.ar<\/a><\/span>), dirigida al Se\u00f1or Decano, indicando todos tus datos personales, la materia y carrera, y los motivos que conllevan a tu renuncia. Dicha nota debe ser firmada y enviada en formato PDF[\/vc_column_text][vc_empty_space height=\u00bb10px\u00bb][\/vc_tta_section][vc_tta_section title=\u00bbVeo mal mi regularidad, \u00bfQu\u00e9 tengo que hacer?\u00bb tab_id=\u00bb1683321229666-c077522f-8f3b\u00bb][vc_empty_space height=\u00bb10px\u00bb][vc_column_text]Si consider\u00e1s que tu regularidad est\u00e1 mal finalizada, porque por ejemplo vence en enero, NO inicies un expediente. Escribi un email a alumnado@fiq.unl.edu.ar con todos tus datos (Nombre y Apellido, DNI, nombre completo asignatura y alg\u00fan comprobante si es necesario) que te van a indicar como proseguir.[\/vc_column_text][vc_empty_space height=\u00bb10px\u00bb][\/vc_tta_section][vc_tta_section title=\u00bb\u00bfC\u00f3mo hago para que me otorguen pr\u00f3rroga de regularidad?\u00bb tab_id=\u00bb1638277965634-0f3882c4-027f\u00bb][vc_empty_space height=\u00bb10px\u00bb][vc_column_text]Ten\u00e9s que presentar la nota \u201cSolicitud de pr\u00f3rroga de regularidad\u201d debidamente completada, justificada, firmada y en formato PDF por Mesa de Entradas (<span style=\"color: #ff0000;\"><a style=\"color: #ff0000;\" href=\"mailto:mentrada@fiq.unl.edu.ar\">mentrada@fiq.unl.edu.ar<\/a><\/span>)<\/p>\n<p><strong>IMPORTANTE:<\/strong><\/p>\n<ol>\n<li>Las solicitudes de pr\u00f3rrogas de regularidad deben ingresarse mientras la regularidad de la<strong> asignatura a\u00fan est\u00e9 vigente (durante el mes de vencimiento)<\/strong>.<\/li>\n<li><strong>NO se aceptar\u00e1n pedidos sin certificaci\u00f3n correspondiente<\/strong>, ya que se trata de un pedido en caracter de excepci\u00f3n.<\/li>\n<li>Si deseas solicitar la pr\u00f3rroga en m\u00e1s de una asignatura, ahora deb\u00e9s realizarlo en el<strong> mismo formulario<\/strong>.<\/li>\n<\/ol>\n<p>[\/vc_column_text][vc_empty_space height=\u00bb10px\u00bb][vc_btn title=\u00bbSolicitud de Pr\u00f3rroga de regularidad\u00bb style=\u00bb3d\u00bb shape=\u00bbsquare\u00bb color=\u00bbprimary\u00bb size=\u00bblg\u00bb align=\u00bbleft\u00bb link=\u00bburl:https%3A%2F%2Ffiq.unl.edu.ar%2Fvivilafiq%2Fwp-content%2Fuploads%2F2017%2F03%2FSolicitud-de-prorroga-de-regularidad.doc||target:%20_blank|\u00bb][vc_empty_space height=\u00bb10px\u00bb][vc_column_text]<strong>ESTUDIANTES QUE REALIZARON UN INTERCAMBIO<\/strong><\/p>\n<p>Aquellos estudiantes que realizaron una estancia en el exterior bajo <a href=\"https:\/\/www.unl.edu.ar\/internacionalizacion\/wp-content\/uploads\/sites\/11\/2018\/11\/Resoluci%C3%B3n_Reglamento-PROINMES-2015.pdf\">PROINMES (Programa Internacional de Movilidad de Estudiantes) UNL<\/a>, pueden solicitar la suspensi\u00f3n de la regularidad en el formulario a continuaci\u00f3n.<\/p>\n<p>[\/vc_column_text][vc_empty_space height=\u00bb10px\u00bb][vc_btn title=\u00bbSuspensi\u00f3n de regularidad para estudiantes PROINMES\u00bb style=\u00bb3d\u00bb shape=\u00bbsquare\u00bb color=\u00bbviolet\u00bb size=\u00bblg\u00bb align=\u00bbleft\u00bb link=\u00bburl:https%3A%2F%2Fdocs.google.com%2Fforms%2Fd%2Fe%2F1FAIpQLSc2MvoLsdCXnaJGz_upuNnwPpl3vYLgjx8Th1AuOTcI8CnSJg%2Fviewform%3Fusp%3Dsf_link||target:%20_blank|\u00bb][vc_empty_space height=\u00bb10px\u00bb][\/vc_tta_section][vc_tta_section title=\u00bb\u00bfC\u00f3mo tramito mi solicitud de cursado condicional?\u00bb tab_id=\u00bb1638281206755-9fe85937-972e\u00bb][vc_empty_space height=\u00bb10px\u00bb][vc_column_text]Las solicitudes de cursado condicional <strong>son excepcionalidades<\/strong> y s\u00f3lo se eval\u00faan cuando el estudiante adeuda UNA correlativa\u00a0 que impide el cursado de una asignatura del ciclo superior, dado alguna de estas situaciones:<br \/>\n<span style=\"color: #ff0000;\"><strong>\u2022 <\/strong><\/span>Para cursar asignaturas que se ofrezcan solamente en uno de los dos cuatrimestres de cada a\u00f1o acad\u00e9mico.<br \/>\n<span style=\"color: #ff0000;\"><strong>\u2022 <\/strong><\/span>Adeuda tr\u00e1mite de homologaci\u00f3n de una movilidad nacional o internacional.<br \/>\n<span style=\"color: #ff0000;\"><strong>\u2022 <\/strong><\/span>Desea retomar sus actividades acad\u00e9micas luego de haberlas pospuesto por razones inhabilitantes de salud o de maternidad y paternidad (deber\u00e1n acompa\u00f1arse con los correspondientes certificados m\u00e9dicos).<\/p>\n<p><em><strong>Cada caso es revisado de manera particular.<\/strong><\/em><\/p>\n<p>Para solicitarla, deb\u00e9s completar la Solicitud de Cursado Condicional e ingresarla por Mesa de Entradas (<span style=\"color: #ff0000;\"><a style=\"color: #ff0000;\" href=\"mailto:mentrada@fiq.unl.edu.ar\">mentrada@fiq.unl.edu.ar<\/a><\/span>) dentro del per\u00edodo de inscripci\u00f3n al cursado del cuatrimestre. Si necesit\u00e1s solicitar el cursado condicional en m\u00e1s de una asignatura, deb\u00e9s realizarlo en el mismo formulario.[\/vc_column_text][vc_empty_space height=\u00bb10px\u00bb][vc_btn title=\u00bbSolicitud de Cursado Condicional\u00bb style=\u00bb3d\u00bb shape=\u00bbsquare\u00bb color=\u00bbprimary\u00bb size=\u00bblg\u00bb align=\u00bbleft\u00bb link=\u00bburl:https%3A%2F%2Ffiq.unl.edu.ar%2Fvivilafiq%2Fwp-content%2Fuploads%2F2023%2F03%2FSolicitud-de-cursado-condicional.docx||target:%20_blank|\u00bb][vc_empty_space height=\u00bb10px\u00bb][\/vc_tta_section][vc_tta_section title=\u00bb\u00bfQu\u00e9 es ser Alumno Oyente? \u00bfC\u00f3mo realizo mi solicitud?\u00bb tab_id=\u00bb1638283011952-74601878-7f74&#8243;][vc_empty_space height=\u00bb10px\u00bb][vc_column_text]<span style=\"font-weight: 400;\">Seg\u00fan el <strong>Art\u00edculo 33\u00b0<\/strong> del<a href=\"https:\/\/www.fiq.unl.edu.ar\/academica\/wp-content\/uploads\/sites\/6\/2021\/09\/Regimen-de-ense%C3%B1anza-ordenado-2021.pdf\"> R\u00e9gimen de ense\u00f1anza<\/a>: \u00abSon alumnos oyentes de la Facultad de Ingenier\u00eda Qu\u00edmica quienes soliciten ser inscriptos en cualquier asignatura sin estar registrados en la carrera a la que pertenece esta \u00faltima. Habiendo cumplido con las obligaciones de cursado de la misma para alumnos regulares, tendr\u00e1n derecho a presentarse a examen y solicitar certificado de curso aprobado. Podr\u00e1n acudir a los Departamentos a solicitar el apoyo que requieran dentro de las disponibilidades de la asignatura. Los ex\u00e1menes rendidos no dar\u00e1n derecho a t\u00edtulo Universitario alguno.\u00bb<\/span><\/p>\n<p>&nbsp;<\/p>\n<p><span style=\"font-weight: 400;\">Para acceder al cursado como Alumno Oyente, ten\u00e9s que presentar en Mesa de Entradas (<span style=\"color: #ff0000;\"><a style=\"color: #ff0000;\" href=\"mailto:mentrada@fiq.unl.edu.ar\">mentrada@fiq.unl.edu.ar<\/a><\/span>) la <\/span><strong>Nota Alumno Oyente. <\/strong>Dicha nota debe ser firmada, \u00a0debidamente completada (indicando todos tus datos personales) y enviada en formato PDF, adjuntando <span style=\"font-weight: 400;\">fotocopia de tu DNI (frente y dorso).<\/span>[\/vc_column_text][vc_empty_space height=\u00bb10px\u00bb][vc_btn title=\u00bb&gt; Solicitud Alumno Oyente\u00bb style=\u00bbgradient-custom\u00bb gradient_custom_color_1=\u00bb#3c05cc\u00bb gradient_custom_color_2=\u00bb#3c05cc\u00bb shape=\u00bbsquare\u00bb size=\u00bblg\u00bb align=\u00bbleft\u00bb link=\u00bburl:https%3A%2F%2Ffiq.unl.edu.ar%2Fvivilafiq%2Fwp-content%2Fuploads%2F2017%2F03%2FNota-Alumno-Oyente.doc||target:%20_blank|\u00bb][vc_empty_space height=\u00bb10px\u00bb][\/vc_tta_section][\/vc_tta_accordion][vc_empty_space height=\u00bb20px\u00bb][vc_custom_heading text=\u00bbAsignaturas optativas y electivas\u00bb font_container=\u00bbtag:h2|font_size:20|text_align:left|color:%23e32213&#8243; google_fonts=\u00bbfont_family:Lato%3A100%2C100italic%2C300%2C300italic%2Cregular%2Citalic%2C700%2C700italic%2C900%2C900italic|font_style:700%20bold%20regular%3A700%3Anormal\u00bb][vc_tta_accordion style=\u00bboutline\u00bb shape=\u00bbsquare\u00bb color=\u00bbblack\u00bb gap=\u00bb15&#8243; active_section=\u00bb\u00bb no_fill=\u00bbtrue\u00bb collapsible_all=\u00bbtrue\u00bb][vc_tta_section title=\u00bb\u00bfC\u00f3mo s\u00e9 si cumplo con la carga horaria requerida para las electivas y\/o para las optativas?\u00bb tab_id=\u00bb1637849174776-bfb394f1-e646&#8243;][vc_empty_space height=\u00bb10px\u00bb][vc_column_text]Para consultar esta informaci\u00f3n, ten\u00e9s que ingresar al SIU GUARAN\u00cd y verificar la cantidad de horas de la asignatura optativa o electiva que cursaste o quer\u00e9s cursar.<\/p>\n<p>Luego, pod\u00e9s corroborar si se cumple con la carga horaria exigida en el Plan de Estudios de tu carrera.[\/vc_column_text][vc_empty_space height=\u00bb10px\u00bb][vc_btn title=\u00bb&gt; SIU Guaran\u00ed\u00bb style=\u00bbgradient-custom\u00bb gradient_custom_color_1=\u00bb#3c05cc\u00bb gradient_custom_color_2=\u00bb#3c05cc\u00bb shape=\u00bbsquare\u00bb size=\u00bblg\u00bb align=\u00bbleft\u00bb link=\u00bburl:https%3A%2F%2Fservicios.unl.edu.ar%2Fguarani3%2Fautogestion%2F||target:%20_blank|\u00bb][vc_empty_space height=\u00bb10px\u00bb][\/vc_tta_section][\/vc_tta_accordion][\/vc_column][\/vc_row]<\/p>\n","protected":false},"excerpt":{"rendered":"<p>[vc_row][vc_column][vc_empty_space height=\u00bb40px\u00bb][vc_custom_heading text=\u00bbPlanes de Estudio, Correlatividades y Regularizaci\u00f3n de Asignaturas\u00bb font_container=\u00bbtag:h2|font_size:30|text_align:left|color:%23000000&#8243; google_fonts=\u00bbfont_family:Lato%3A100%2C100italic%2C300%2C300italic%2Cregular%2Citalic%2C700%2C700italic%2C900%2C900italic|font_style:700%20bold%20regular%3A700%3Anormal\u00bb][vc_separator color=\u00bbblack\u00bb border_width=\u00bb2&#8243;][vc_btn title=\u00bb&gt; Carreras FIQ-UNL\u00bb style=\u00bbgradient-custom\u00bb gradient_custom_color_1=\u00bb#3c05cc\u00bb gradient_custom_color_2=\u00bb#3c05cc\u00bb shape=\u00bbsquare\u00bb size=\u00bblg\u00bb align=\u00bbleft\u00bb link=\u00bburl:https%3A%2F%2Ffiq.unl.edu.ar%2Fvivilafiq%2Ffiq_carreras%2F|||\u00bb][vc_empty_space height=\u00bb40px\u00bb][vc_empty_space height=\u00bb20px\u00bb][vc_custom_heading text=\u00bbPREGUNTAS FRECUENTES\u00bb font_container=\u00bbtag:h2|font_size:20|text_align:left|color:%23e32213&#8243; google_fonts=\u00bbfont_family:Lato%3A100%2C100italic%2C300%2C300italic%2Cregular%2Citalic%2C700%2C700italic%2C900%2C900italic|font_style:700%20bold%20regular%3A700%3Anormal\u00bb][vc_custom_heading text=\u00bbComisiones\u00bb font_container=\u00bbtag:h2|font_size:20|text_align:left|color:%23e32213&#8243; google_fonts=\u00bbfont_family:Lato%3A100%2C100italic%2C300%2C300italic%2Cregular%2Citalic%2C700%2C700italic%2C900%2C900italic|font_style:700%20bold%20regular%3A700%3Anormal\u00bb][vc_tta_accordion style=\u00bboutline\u00bb shape=\u00bbsquare\u00bb color=\u00bbblack\u00bb gap=\u00bb15&#8243; active_section=\u00bb\u00bb no_fill=\u00bbtrue\u00bb collapsible_all=\u00bbtrue\u00bb][vc_tta_section title=\u00bb\u00bfC\u00f3mo conozco las comisiones, d\u00edas y horarios de cursado de las asignaturas del cuatrimestre?\u00bb tab_id=\u00bb1637781702221-a63c9c21-cb771e47-fd76&#8243;][vc_empty_space [&hellip;]<\/p>\n","protected":false},"author":4,"featured_media":0,"parent":6562,"menu_order":0,"comment_status":"closed","ping_status":"closed","template":"","meta":[],"_links":{"self":[{"href":"https:\/\/fiq.unl.edu.ar\/vivilafiq\/wp-json\/wp\/v2\/pages\/6616"}],"collection":[{"href":"https:\/\/fiq.unl.edu.ar\/vivilafiq\/wp-json\/wp\/v2\/pages"}],"about":[{"href":"https:\/\/fiq.unl.edu.ar\/vivilafiq\/wp-json\/wp\/v2\/types\/page"}],"author":[{"embeddable":true,"href":"https:\/\/fiq.unl.edu.ar\/vivilafiq\/wp-json\/wp\/v2\/users\/4"}],"replies":[{"embeddable":true,"href":"https:\/\/fiq.unl.edu.ar\/vivilafiq\/wp-json\/wp\/v2\/comments?post=6616"}],"version-history":[{"count":42,"href":"https:\/\/fiq.unl.edu.ar\/vivilafiq\/wp-json\/wp\/v2\/pages\/6616\/revisions"}],"predecessor-version":[{"id":9957,"href":"https:\/\/fiq.unl.edu.ar\/vivilafiq\/wp-json\/wp\/v2\/pages\/6616\/revisions\/9957"}],"up":[{"embeddable":true,"href":"https:\/\/fiq.unl.edu.ar\/vivilafiq\/wp-json\/wp\/v2\/pages\/6562"}],"wp:attachment":[{"href":"https:\/\/fiq.unl.edu.ar\/vivilafiq\/wp-json\/wp\/v2\/media?parent=6616"}],"curies":[{"name":"wp","href":"https:\/\/api.w.org\/{rel}","templated":true}]}}