{"id":6628,"date":"2021-11-25T20:31:32","date_gmt":"2021-11-25T20:31:32","guid":{"rendered":"https:\/\/fiq.unl.edu.ar\/vivilafiq\/?page_id=6628"},"modified":"2024-09-11T18:04:52","modified_gmt":"2024-09-11T18:04:52","slug":"certificaciones","status":"publish","type":"page","link":"https:\/\/fiq.unl.edu.ar\/vivilafiq\/gestion-del-estudiante\/certificaciones\/","title":{"rendered":"Certificaciones"},"content":{"rendered":"<p>[vc_row][vc_column][vc_column_text]<strong>Aclaraci\u00f3n importante: <\/strong>Las certificaciones ser\u00e1n confeccionadas con la informaci\u00f3n referida a la situaci\u00f3n acad\u00e9mica que posea el\/a interesado\/a a la fecha de inicio del expediente.[\/vc_column_text][vc_custom_heading text=\u00bbSolicitudes SIU-Guaran\u00ed\u00bb font_container=\u00bbtag:h2|font_size:30|text_align:left|color:%23000000&#8243; google_fonts=\u00bbfont_family:Lato%3A100%2C100italic%2C300%2C300italic%2Cregular%2Citalic%2C700%2C700italic%2C900%2C900italic|font_style:700%20bold%20regular%3A700%3Anormal\u00bb][vc_separator color=\u00bbblack\u00bb border_width=\u00bb2&#8243;][vc_column_text]<strong>Los siguientes certificados y constancias se solicitan a trav\u00e9s del sistema <span style=\"color: #ff0000;\"><a style=\"color: #ff0000;\" href=\"https:\/\/servicios.unl.edu.ar\/guarani3\/autogestion\/\">SIU Guaran\u00ed<\/a>:<\/span><\/strong><\/p>\n<p><span style=\"color: #ff0000;\">\u2022 <\/span>Certificado Anal\u00edtico de Estudios<br \/>\n<span style=\"color: #ff0000;\">\u2022 <\/span>Certificado de Requisitos entregados<br \/>\n<span style=\"color: #ff0000;\">\u2022 <\/span>Constancias de Asignaturas Aprobadas<br \/>\n<span style=\"color: #ff0000;\">\u2022 <\/span>Constancia de Alumno Regular<br \/>\n<span style=\"color: #ff0000;\">\u2022 <\/span>Constancia de Historia Acad\u00e9mica<br \/>\n<span style=\"color: #ff0000;\">\u2022 <\/span>Constancia de Sanciones<\/p>\n<p><strong>Para acceder: <\/strong>Tr\u00e1mites <span style=\"color: #ff0000;\">\u2023<\/span> Solicitar Constancias y Certificaciones\u00a0(Ej. Certificado de Alumno Regular \/ Emitir Certificado (PDF) \/ Luego imprimir).[\/vc_column_text][vc_empty_space height=\u00bb25px\u00bb][vc_custom_heading text=\u00bbCERTIFICACI\u00d3N MINISTERIAL\u00bb font_container=\u00bbtag:h2|font_size:20|text_align:left|color:%23e32213&#8243; google_fonts=\u00bbfont_family:Lato%3A100%2C100italic%2C300%2C300italic%2Cregular%2Citalic%2C700%2C700italic%2C900%2C900italic|font_style:700%20bold%20regular%3A700%3Anormal\u00bb][vc_column_text]Historia Acad\u00e9mica o materias aprobadas que van a ser presentados en el Exterior, deben estar legalizadas por el Ministerio. Siempre deben aclarar el organismo o instituci\u00f3n que van a presentar esa documentaci\u00f3n y el pa\u00eds (por ejemplo: Consejer\u00eda de Educaci\u00f3n, Reino de Espa\u00f1a). No es v\u00e1lido para estos casos la leyenda \u00abpara ser presentada ante qui\u00e9n corresponda\u00bb. <strong>Es un tr\u00e1mite arancelado.<\/strong>[\/vc_column_text][\/vc_column][\/vc_row][vc_row][vc_column][vc_empty_space height=\u00bb40px\u00bb][vc_custom_heading text=\u00bbOtras certificaciones\u00bb font_container=\u00bbtag:h2|font_size:30|text_align:left|color:%23000000&#8243; google_fonts=\u00bbfont_family:Lato%3A100%2C100italic%2C300%2C300italic%2Cregular%2Citalic%2C700%2C700italic%2C900%2C900italic|font_style:700%20bold%20regular%3A700%3Anormal\u00bb][vc_separator color=\u00bbblack\u00bb border_width=\u00bb2&#8243;][vc_empty_space height=\u00bb15px\u00bb][vc_tta_accordion style=\u00bboutline\u00bb shape=\u00bbsquare\u00bb color=\u00bbblack\u00bb gap=\u00bb15&#8243; active_section=\u00bb\u00bb no_fill=\u00bbtrue\u00bb collapsible_all=\u00bbtrue\u00bb][vc_tta_section title=\u00bbCertificados anal\u00edticos que NO pueden ser tramitados por SIU Guaran\u00ed\u00bb tab_id=\u00bb1638285972424-c4623551-78c6&#8243;][vc_empty_space height=\u00bb10px\u00bb][vc_column_text]<span style=\"font-weight: 400;\">Este tipo de tr\u00e1mite est\u00e1 dirigido a <strong>egresados de la FIQ-UNL que no poseen usuario de SIU Guaran\u00ed.<\/strong><\/span><\/p>\n<p><strong>Paso a paso:<\/strong><\/p>\n<p><strong><span style=\"color: #ff0000;\">1.<\/span> <\/strong>Descargar el formulario \u00abSolicitud de certificaciones\u00bb<span style=\"font-weight: 400;\">.<br \/>\nCompletar con todos los datos personales. Firmar y convertir dicho formulario en archivo PDF.<br \/>\n<\/span><em><span style=\"font-weight: 400;\"><strong>Importante:<\/strong> Indicar que solicita Certificado Anal\u00edtico.<\/span><\/em><\/p>\n<p><span style=\"font-weight: 400;\"><strong><span style=\"color: #ff0000;\">2. <\/span><\/strong>Ingresar a Tr\u00e1mites estudiantiles &#8211; UNL (<span style=\"color: #ff0000;\"><a style=\"color: #ff0000;\" href=\"https:\/\/www.unl.edu.ar\/institucional\/tramites-para-estudiantes\/\" target=\"_blank\" rel=\"noopener noreferrer\">acceder<\/a><\/span>)<br \/>\n<\/span><span style=\"font-weight: 400;\">Pagar el arancel \u00abTasas \u2013 Certificado Anal\u00edtico\u00bb (solo en casos que no puedan tramitarlo por el SIU Guaran\u00ed).\u00a0<\/span><span style=\"font-weight: 400;\"><br \/>\n<em><strong>Importante:<\/strong> En caso de no abonar el arancel indicado, el tr\u00e1mite no seguir\u00e1 su curso y no se reintegrar\u00e1 el monto abonado err\u00f3neamente.<\/em><\/span><\/p>\n<p><span style=\"font-weight: 400;\"><strong><span style=\"color: #ff0000;\">3.<\/span><\/strong> Enviar a Mesa de Entradas FIQ (<span style=\"color: #ff0000;\"><a style=\"color: #ff0000;\" href=\"http:\/\/mentrada@fiq.unl.edu.ar\">mentrada@fiq.unl.edu.ar<\/a><\/span>), el Formulario PDF y el comprobante de pago.<\/span><\/p>\n<p><span style=\"font-weight: 400;\"><strong><span style=\"color: #ff0000;\">4.<\/span> <\/strong>Siendo que estos casos son para tr\u00e1mites anteriores a la implementaci\u00f3n del diploma digital, para tener los certificados anal\u00edticos intervenidos por el Ministerio de Educaci\u00f3n, una vez que gestione el certificado, deber\u00e1 enviar fotocopias de su t\u00edtulo (formato PDF) a <span style=\"color: #ff0000;\"><a style=\"color: #ff0000;\" href=\"diplomas@unl.edu.ar\">diplomas@unl.edu.ar<\/a><\/span> para validar su certificado.<\/span>[\/vc_column_text][vc_empty_space height=\u00bb10px\u00bb][vc_btn title=\u00bb&gt; Formulario \u00abSolicitud de certificaciones\u00ab\u00bb style=\u00bbgradient-custom\u00bb gradient_custom_color_1=\u00bb#3c05cc\u00bb gradient_custom_color_2=\u00bb#3c05cc\u00bb shape=\u00bbsquare\u00bb size=\u00bblg\u00bb align=\u00bbleft\u00bb link=\u00bburl:https%3A%2F%2Ffiq.unl.edu.ar%2Fvivilafiq%2Fwp-content%2Fuploads%2F2017%2F03%2FSolicitud-de-certificacionesFIQ-1.docx||target:%20_blank|\u00bb][vc_empty_space height=\u00bb10px\u00bb][\/vc_tta_section][vc_tta_section title=\u00bbCertificaci\u00f3n de Bachiller Universitario\u00bb tab_id=\u00bb1643982790750-4654ba8e-93e8&#8243;][vc_empty_space height=\u00bb10px\u00bb][vc_column_text]Al finalizar el Ciclo Inicial de alguna de las carreras de Ingenier\u00eda, es posible solicitar la Certificaci\u00f3n de Bachiller Universitario.<br \/>\n<em><strong>Importante: <\/strong>Esta certificaci\u00f3n no habilita para el ejercicio profesional.<\/em><\/p>\n<p><strong>Pasos a paso<\/strong><\/p>\n<p><strong><span style=\"color: #ff0000;\">1.<\/span> <\/strong>Descargar y completar el \u00abFormulario de Certificaci\u00f3n de Bachiller Universitario\u00bb<\/p>\n<p><span style=\"color: #ff0000;\"><strong>2.<\/strong><\/span> Presentar el formulario completo en el Departamento Alumnado de la Facultad o enviarlo a: alumnado@fiq.unl.edu.ar, para su visado.<\/p>\n<p><span style=\"color: #ff0000;\"><strong>3.<\/strong> <\/span>Con el formulario ya controlado, abonar el arancel correspondiente <a href=\"https:\/\/www.unl.edu.ar\/diplomasylegalizaciones\/2024\/07\/01\/tramites-excepcionales-que-se-solicitan-en-cada-unidad-academica\/\" target=\"_blank\" rel=\"noopener noreferrer\">AQU\u00cd<\/a>.<\/p>\n<p><span style=\"color: #ff0000;\"><strong>4.<\/strong> <\/span>Entregar en Mesa de Entradas de la FIQ (mentrada@fiq.unl.edu.ar) la siguiente documentaci\u00f3n:<\/p>\n<p><span style=\"color: #ff0000;\">\u2022 <\/span>Nota de Solicitud de Certificaci\u00f3n de Bachiller Universitario (descargar modelo).<\/p>\n<p><span style=\"color: #ff0000;\">\u2022 <\/span>Formulario de Certificaci\u00f3n de Bachiller Universitario visado por el Departamento de Alumnado.<\/p>\n<p><span style=\"color: #ff0000;\">\u2022 <\/span>Comprobante de pago del arancel correspondiente.<\/p>\n<p><span style=\"color: #ff0000;\">\u2022 <\/span>Fotocopia de Partida de Nacimiento.<\/p>\n<p><span style=\"color: #ff0000;\">\u2022 <\/span>Fotocopia de la 1ra. y 2da. hoja del DNI.[\/vc_column_text][vc_empty_space height=\u00bb10px\u00bb][vc_btn title=\u00bb&gt; Formulario de Certificaci\u00f3n de Bachiller Universitario\u00bb style=\u00bbgradient-custom\u00bb gradient_custom_color_1=\u00bb#3c05cc\u00bb gradient_custom_color_2=\u00bb#3c05cc\u00bb shape=\u00bbsquare\u00bb size=\u00bblg\u00bb align=\u00bbleft\u00bb link=\u00bburl:https%3A%2F%2Ffiq.unl.edu.ar%2Fvivilafiq%2Fwp-content%2Fuploads%2F2017%2F03%2FSolicitud-Certificacion-Bachiller-Universitario-1.docx||target:%20_blank|\u00bb][vc_btn title=\u00bb&gt; Nota de solicitud\u00bb style=\u00bbgradient-custom\u00bb gradient_custom_color_1=\u00bb#3c05cc\u00bb gradient_custom_color_2=\u00bb#3c05cc\u00bb shape=\u00bbsquare\u00bb size=\u00bblg\u00bb align=\u00bbleft\u00bb link=\u00bburl:https%3A%2F%2Ffiq.unl.edu.ar%2Fvivilafiq%2Fwp-content%2Fuploads%2F2017%2F03%2FSolicitud-de-Certificacion-de-Bachiller-Universitario.docx||target:%20_blank|\u00bb][vc_empty_space height=\u00bb10px\u00bb][\/vc_tta_section][vc_tta_section title=\u00bbSolicitud de incumbencias profesionales\u00bb tab_id=\u00bb1638285854433-0b4e0ccb-285d\u00bb][vc_empty_space height=\u00bb10px\u00bb][vc_column_text]Las <span style=\"font-weight: 400;\">constancias de incumbencias o atribuciones profesionales<\/span> est\u00e1n dirigidas a <strong>egresados\/as de la FIQ-UNL.<\/strong><\/p>\n<p><strong>Paso a paso:<\/strong><\/p>\n<p><span style=\"color: #ff0000;\"><strong>1. <\/strong><\/span>Descargar el formulario \u00ab<span style=\"font-weight: 400;\">Solicitud de Incumbencias Profesionales<\/span>\u00bb. Completar con todos los datos personales. Firmar y convertir dicho formulario en archivo PDF.<\/p>\n<p><span style=\"color: #ff0000;\"><strong>2. <\/strong><\/span>Ingresar a Diplomas y Legalizaciones, al \u00faltimo apartado \u00abTr\u00e1mites excepcionales que se solicitan en cada Unidad Acad\u00e9mica\u00bb (<a href=\"https:\/\/www.unl.edu.ar\/institucional\/diplomas-y-legalizaciones\/\"><span style=\"color: #ff0000;\">acceder<\/span><\/a>).<br \/>\nPagar el arancel \u00abTASAS-Alcances profesionales o Incumbencias\u00bb.<br \/>\n<em><strong>Importante:<\/strong>\u00a0En caso de no abonar el arancel indicado, el tr\u00e1mite no seguir\u00e1 su curso y no se reintegrar\u00e1 el monto abonado err\u00f3neamente.<\/em><\/p>\n<p><span style=\"color: #ff0000;\"><strong>3.<\/strong><\/span> Enviar a Mesa de Entradas FIQ (<span style=\"color: #ff0000;\"><a style=\"color: #ff0000;\" href=\"http:\/\/mentrada@fiq.unl.edu.ar\">mentrada@fiq.unl.edu.ar<\/a><\/span>), el Formulario PDF y el comprobante de pago.[\/vc_column_text][vc_empty_space height=\u00bb10px\u00bb][vc_btn title=\u00bb&gt; Formulario \u00abSolicitud de incumbencia profesionales\u00ab\u00bb style=\u00bbgradient-custom\u00bb gradient_custom_color_1=\u00bb#3c05cc\u00bb gradient_custom_color_2=\u00bb#3c05cc\u00bb shape=\u00bbsquare\u00bb size=\u00bblg\u00bb align=\u00bbleft\u00bb link=\u00bburl:https%3A%2F%2Ffiq.unl.edu.ar%2Fvivilafiq%2Fwp-content%2Fuploads%2F2021%2F11%2FSolicitud-de-Incumbencias-Profesionales.pdf||target:%20_blank|\u00bb][vc_empty_space height=\u00bb10px\u00bb][\/vc_tta_section][vc_tta_section i_icon_fontawesome=\u00bbfa fa-question-circle-o\u00bb add_icon=\u00bbtrue\u00bb title=\u00bb\u00bfPuedo enviar a un tercero a retirar las certificaciones generales que solicit\u00e9?\u00bb tab_id=\u00bb1643982848844-afdee66e-06fa\u00bb][vc_empty_space height=\u00bb10px\u00bb][vc_column_text]S\u00ed, siempre y cuando env\u00edes con anticipaci\u00f3n un correo a <span style=\"color: #ff0000;\"><a style=\"color: #ff0000;\" href=\"mailto:alumnado@fiq.unl.edu.ar\">alumnado@fiq.unl.edu.ar<\/a><\/span>, avisando que autoriz\u00e1s a un tercer a retirar la documentaci\u00f3n.<\/p>\n<p>En el caso de las certificaciones que llevan el pago de un arancel, pod\u00e9s autorizar a un tercero si lo agreg\u00e1s en el formulario que presentaste.<\/p>\n<p>En ambos casos, el tercero autorizado debe concurrir con su DNI.[\/vc_column_text][vc_empty_space height=\u00bb10px\u00bb][\/vc_tta_section][\/vc_tta_accordion][\/vc_column][\/vc_row][vc_row][vc_column][vc_empty_space height=\u00bb40px\u00bb][vc_custom_heading text=\u00bbTr\u00e1mite para cambio de Facultad o Universidad\u00bb font_container=\u00bbtag:h2|font_size:30|text_align:left|color:%23000000&#8243; google_fonts=\u00bbfont_family:Lato%3A100%2C100italic%2C300%2C300italic%2Cregular%2Citalic%2C700%2C700italic%2C900%2C900italic|font_style:700%20bold%20regular%3A700%3Anormal\u00bb][vc_separator color=\u00bbblack\u00bb border_width=\u00bb2&#8243;][vc_column_text]<span style=\"font-weight: 400;\">Para cambios de carreras a otras Facultades y\/o Universidades, verifique en la Unidad Acad\u00e9mica de destino toda la documentaci\u00f3n requerida para el cambio, a fin de abonar un \u00fanico importe y de una sola vez.<\/span>[\/vc_column_text][vc_tta_accordion style=\u00bboutline\u00bb shape=\u00bbsquare\u00bb color=\u00bbblack\u00bb gap=\u00bb15&#8243; active_section=\u00bb\u00bb no_fill=\u00bbtrue\u00bb collapsible_all=\u00bbtrue\u00bb][vc_tta_section title=\u00bbCertificados de Historia Acad\u00e9mica para alumnos con SIU Guaran\u00ed\u00bb tab_id=\u00bb1652121123845-b0cfb16c-30f9&#8243;][vc_empty_space height=\u00bb10px\u00bb][vc_column_text]Ingresar al <a href=\"https:\/\/servicios.unl.edu.ar\/guarani3\/autogestion\/\"><span style=\"color: #ff0000;\">SIU Guaran\u00ed<\/span><\/a>\u00a0y acceder a: <strong>\u00a0<\/strong>Tr\u00e1mites <span style=\"color: #ff0000;\">\u2023<\/span> Solicitar Constancias y Certificaciones . <em><span style=\"font-weight: 400;\">El sistema lo guiar\u00e1 al pago del arancel.<\/span><\/em>[\/vc_column_text][vc_empty_space height=\u00bb10px\u00bb][\/vc_tta_section][vc_tta_section title=\u00bbN\u00f3mina de trabajos pr\u00e1cticos \/ Programas legalizados \/ Plan de estudios legalizados\u00bb tab_id=\u00bb1652121125456-c97d8318-92f3&#8243;][vc_empty_space height=\u00bb10px\u00bb][vc_column_text]<strong>Paso a paso<\/strong><\/p>\n<p><strong><span style=\"color: #ff0000;\">1.<\/span> <\/strong>Descargar el formulario \u00abSolicitud de certificaciones\u00bb. Completar con todos los datos personales. Firmar y convertir dicho formulario en archivo PDF.<br \/>\n<em><strong>Importante:<\/strong>\u00a0si solicitaste el Certificado de Historia Acad\u00e9mica a trav\u00e9s del SIU Guaran\u00ed , escribir en el \u00edtem\u00a0Observaciones\u00a0del formulario la siguiente leyenda: \u201csolicitud de Historia Acad\u00e9mica gestionada y abonada por el SIU Guaran\u00ed\u201d. NO tildar Certificado de historia acad\u00e9mica (incluye insuficientes) con la observaci\u00f3n de que no poseo sanci\u00f3n disciplinaria.<\/em><\/p>\n<p><span style=\"color: #ff0000;\"><strong>2. <\/strong><\/span>Ingresar a Tr\u00e1mites estudiantiles \u2013 UNL (<span style=\"color: #ff0000;\"><a style=\"color: #ff0000;\" href=\"https:\/\/www.unl.edu.ar\/institucional\/tramites-para-estudiantes\/\" target=\"_blank\" rel=\"noopener noreferrer\">acceder<\/a><\/span>)<br \/>\nPagar el arancel \u00abTasas \u2013 Programas y Plan de Estudio\u00bb.<br \/>\n<em><strong>Importante:<\/strong>\u00a0En caso de no abonar el arancel indicado, el tr\u00e1mite no seguir\u00e1 su curso y no se reintegrar\u00e1 el monto abonado err\u00f3neamente.<\/em><\/p>\n<p><span style=\"color: #ff0000;\"><strong>3.<\/strong>\u00a0<\/span>Enviar a Mesa de Entradas FIQ (<span style=\"color: #ff0000;\"><a style=\"color: #ff0000;\" href=\"http:\/\/mentrada@fiq.unl.edu.ar\">mentrada@fiq.unl.edu.ar<\/a><\/span>) un adjunto con la siguiente documentaci\u00f3n:<\/p>\n<p><span style=\"color: #ff0000;\">\u2022 <\/span>Constancia de Historia Acad\u00e9mica o, en caso de egresados Certificado Anal\u00edtico; gestionado a trav\u00e9s del SIU Guaran\u00ed.<\/p>\n<p><span style=\"color: #ff0000;\">\u2022 <\/span>Formulario PDF de Solicitud de Certificaciones.<\/p>\n<p><span style=\"color: #ff0000;\">\u2022 <\/span>Comprobante de pago del arancel.[\/vc_column_text][vc_empty_space height=\u00bb10px\u00bb][vc_btn title=\u00bb&gt; Formulario \u00abSolicitud de certificaciones\u00ab\u00bb style=\u00bbgradient-custom\u00bb gradient_custom_color_1=\u00bb#3c05cc\u00bb gradient_custom_color_2=\u00bb#3c05cc\u00bb shape=\u00bbsquare\u00bb size=\u00bblg\u00bb align=\u00bbleft\u00bb link=\u00bburl:https%3A%2F%2Ffiq.unl.edu.ar%2Fvivilafiq%2Fwp-content%2Fuploads%2F2017%2F03%2FSolicitud-de-certificacionesFIQ-1.docx||target:%20_blank|\u00bb][vc_empty_space height=\u00bb10px\u00bb][\/vc_tta_section][\/vc_tta_accordion][\/vc_column][\/vc_row][vc_row][vc_column][vc_empty_space height=\u00bb60px\u00bb][\/vc_column][\/vc_row]<\/p>\n","protected":false},"excerpt":{"rendered":"<p>[vc_row][vc_column][vc_column_text]Aclaraci\u00f3n importante: Las certificaciones ser\u00e1n confeccionadas con la informaci\u00f3n referida a la situaci\u00f3n acad\u00e9mica que posea el\/a interesado\/a a la fecha de inicio del expediente.[\/vc_column_text][vc_custom_heading text=\u00bbSolicitudes SIU-Guaran\u00ed\u00bb font_container=\u00bbtag:h2|font_size:30|text_align:left|color:%23000000&#8243; google_fonts=\u00bbfont_family:Lato%3A100%2C100italic%2C300%2C300italic%2Cregular%2Citalic%2C700%2C700italic%2C900%2C900italic|font_style:700%20bold%20regular%3A700%3Anormal\u00bb][vc_separator color=\u00bbblack\u00bb border_width=\u00bb2&#8243;][vc_column_text]Los siguientes certificados y constancias se solicitan a trav\u00e9s del sistema SIU Guaran\u00ed: \u2022 Certificado Anal\u00edtico de Estudios \u2022 Certificado de Requisitos entregados \u2022 Constancias [&hellip;]<\/p>\n","protected":false},"author":4,"featured_media":0,"parent":6562,"menu_order":0,"comment_status":"closed","ping_status":"closed","template":"","meta":[],"_links":{"self":[{"href":"https:\/\/fiq.unl.edu.ar\/vivilafiq\/wp-json\/wp\/v2\/pages\/6628"}],"collection":[{"href":"https:\/\/fiq.unl.edu.ar\/vivilafiq\/wp-json\/wp\/v2\/pages"}],"about":[{"href":"https:\/\/fiq.unl.edu.ar\/vivilafiq\/wp-json\/wp\/v2\/types\/page"}],"author":[{"embeddable":true,"href":"https:\/\/fiq.unl.edu.ar\/vivilafiq\/wp-json\/wp\/v2\/users\/4"}],"replies":[{"embeddable":true,"href":"https:\/\/fiq.unl.edu.ar\/vivilafiq\/wp-json\/wp\/v2\/comments?post=6628"}],"version-history":[{"count":50,"href":"https:\/\/fiq.unl.edu.ar\/vivilafiq\/wp-json\/wp\/v2\/pages\/6628\/revisions"}],"predecessor-version":[{"id":9518,"href":"https:\/\/fiq.unl.edu.ar\/vivilafiq\/wp-json\/wp\/v2\/pages\/6628\/revisions\/9518"}],"up":[{"embeddable":true,"href":"https:\/\/fiq.unl.edu.ar\/vivilafiq\/wp-json\/wp\/v2\/pages\/6562"}],"wp:attachment":[{"href":"https:\/\/fiq.unl.edu.ar\/vivilafiq\/wp-json\/wp\/v2\/media?parent=6628"}],"curies":[{"name":"wp","href":"https:\/\/api.w.org\/{rel}","templated":true}]}}