{"id":6683,"date":"2021-11-30T14:27:08","date_gmt":"2021-11-30T14:27:08","guid":{"rendered":"https:\/\/fiq.unl.edu.ar\/vivilafiq\/?page_id=6683"},"modified":"2026-03-11T00:16:50","modified_gmt":"2026-03-11T00:16:50","slug":"practicasfinales","status":"publish","type":"page","link":"https:\/\/fiq.unl.edu.ar\/vivilafiq\/gestion-del-estudiante\/practicasfinales\/","title":{"rendered":"Pr\u00e1cticas finales"},"content":{"rendered":"<p>[vc_row][vc_column][vc_column_text]Para comenzar la <strong>Pr\u00e1ctica en F\u00e1brica,<\/strong> <strong>Pr\u00e1ctica Profesional Supervisada<\/strong> o <strong>Pr\u00e1ctica Profesional Obligatoria <\/strong>es <em>requisito adeudar seis (6) o menos asignaturas<\/em>, sin incluir los requisitos como: Taller de Lectura y Escritura de Textos, Ingl\u00e9s y la propia pr\u00e1ctica. (Repasa las asignaturas de tu carrera <span style=\"color: #ff0000;\"><a style=\"color: #ff0000;\" href=\"https:\/\/fiq.unl.edu.ar\/vivilafiq\/alumnos\/correlatividades\/\">ac\u00e1<\/a><\/span>).[\/vc_column_text][vc_btn title=\u00bb&gt; VACANTES para realizar las pr\u00e1cticas finales\u00bb style=\u00bbgradient-custom\u00bb gradient_custom_color_1=\u00bb#3c05cc\u00bb gradient_custom_color_2=\u00bb#3c05cc\u00bb shape=\u00bbsquare\u00bb size=\u00bblg\u00bb align=\u00bbleft\u00bb link=\u00bburl:%20https%3A%2F%2Ffiq.unl.edu.ar%2Fvivilafiq%2Fvacantes-practicas-finales-grado%2F||target:%20_blank|\u00bb][\/vc_column][\/vc_row][vc_row][vc_column width=\u00bb2\/3&#8243;][vc_empty_space height=\u00bb40px\u00bb][vc_custom_heading text=\u00bbTR\u00c1MITE\u00bb font_container=\u00bbtag:h2|font_size:20|text_align:left|color:%23e32213&#8243; google_fonts=\u00bbfont_family:Lato%3A100%2C100italic%2C300%2C300italic%2Cregular%2Citalic%2C700%2C700italic%2C900%2C900italic|font_style:700%20bold%20regular%3A700%3Anormal\u00bb][vc_column_text]<span style=\"font-weight: 400;\">Para poder solicitar la autorizaci\u00f3n u homologaci\u00f3n de la pr\u00e1ctica, se debe iniciar el tr\u00e1mite por Mesa de Entradas (<a href=\"mailto:mentrada@fiq.unl.edu.ar\"><span style=\"color: #ff0000;\">mentrada@fiq.unl.edu.ar<\/span><\/a>). Ten\u00e9s que completar el \u00abPedido de autorizaci\u00f3n\u00bb, seg\u00fan corresponda a las siguientes condiciones:<\/span><\/p>\n<p><span style=\"font-weight: 400;\"><strong><span style=\"color: #ff0000;\">1- <\/span>A\u00fan no ten\u00e9s lugar de realizaci\u00f3n de las actividades:<\/strong> present\u00e1s el pedido de autorizaci\u00f3n solamente con tu CV actualizado. La facultad lo enviar\u00e1 seg\u00fan las distintas vacantes, donde se comunicar\u00e1n con vos a los datos de tu CV.<\/span><\/p>\n<p><span style=\"font-weight: 400;\"><strong><span style=\"color: #ff0000;\">2- <\/span>Ya acordaste con una empresa que comenzar\u00e1s las actividades correspondientes a la pr\u00e1ctica en sus instalaciones.<\/strong> La empresa debe completar los datos y el Plan de Trabajo y tenes adjuntar esta informaci\u00f3n al pedido. (unir todos los documentos en un pdf y enviar a mesa de entradas)<\/span><\/p>\n<p><strong><span style=\"color: #ff0000;\">3- <\/span>Ya realizaste actividades que podes acreditar como pr\u00e1ctica:<\/strong> ten\u00e9s que presentar una nota solicitando el reconocimiento de las mismas (pod\u00e9s modificar el modelo de pedido) y deb\u00e9s adjuntar la documentaci\u00f3n de finalizaci\u00f3n que se describe a continuaci\u00f3n.<\/p>\n<p>[\/vc_column_text][vc_separator][vc_empty_space height=\u00bb12px\u00bb][vc_column_text]Si ya acordaste con una empresa el comienzo, y formalizaste los tr\u00e1mite seg\u00fan 1 y 2, se te notificar\u00e1 al email la nota de autorizaci\u00f3n del decano, extendiendo la cobertura del seguro de accidentes personales, indicando que estas en condiciones de comenzar.<\/p>\n<p>Finalmente, cuando cumplas las horas reglamentarias por Plan de Estudio deber\u00e1s enviar a Mesa de Entradas:<\/p>\n<p><span style=\"color: #ff0000;\">\u2022 <\/span>Informe de actividades realizadas<\/p>\n<p><span style=\"color: #ff0000;\">\u2022 <\/span>Nota de certificaci\u00f3n de la cantidad de horas cumplidas con la firma de la empresa<\/p>\n<p><span style=\"color: #ff0000;\">\u2022 <\/span>Planilla de evaluaci\u00f3n del tutor<\/p>\n<p>Con eso pasar\u00e1 a la Junta de Evaluaci\u00f3n, la cual es la que realiza la aprobaci\u00f3n final.[\/vc_column_text][\/vc_column][vc_column width=\u00bb1\/3&#8243;][vc_text_separator title=\u00bb&gt; Reglamentos\u00bb title_align=\u00bbseparator_align_left\u00bb color=\u00bbcustom\u00bb border_width=\u00bb3&#8243; accent_color=\u00bb#e22f05&#8243;][vc_btn title=\u00bb&gt; Reglamento Com\u00fan\u00bb style=\u00bbgradient-custom\u00bb gradient_custom_color_1=\u00bb#3c05cc\u00bb gradient_custom_color_2=\u00bb#3c05cc\u00bb shape=\u00bbsquare\u00bb size=\u00bblg\u00bb align=\u00bbleft\u00bb link=\u00bburl:https%3A%2F%2Ffiq.unl.edu.ar%2Fvivilafiq%2Fwp-content%2Fuploads%2F2017%2F03%2FReglamento-Comun-de-Practicas-Finales.pdf||target:%20_blank|\u00bb][vc_empty_space height=\u00bb10px\u00bb][vc_text_separator title=\u00bb&gt; Accesos directos\u00bb title_align=\u00bbseparator_align_left\u00bb color=\u00bbcustom\u00bb border_width=\u00bb3&#8243; accent_color=\u00bb#e22f05&#8243;][vc_btn title=\u00bb&gt; Pedido de autorizaci\u00f3n de Pr\u00e1ctica Profesional\u00bb style=\u00bbgradient-custom\u00bb gradient_custom_color_1=\u00bb#3c05cc\u00bb gradient_custom_color_2=\u00bb#3c05cc\u00bb shape=\u00bbsquare\u00bb size=\u00bblg\u00bb align=\u00bbleft\u00bb button_block=\u00bbtrue\u00bb link=\u00bburl:https%3A%2F%2Ffiq.unl.edu.ar%2Fvivilafiq%2Fwp-content%2Fuploads%2F2017%2F03%2FPedido-de-Autorizacion-de-Practica-Profesional.doc|||\u00bb][vc_btn title=\u00bb&gt; Planilla de evaluaci\u00f3n\u00bb style=\u00bbgradient-custom\u00bb gradient_custom_color_1=\u00bb#3c05cc\u00bb gradient_custom_color_2=\u00bb#3c05cc\u00bb shape=\u00bbsquare\u00bb size=\u00bblg\u00bb align=\u00bbleft\u00bb button_block=\u00bbtrue\u00bb link=\u00bburl:https%3A%2F%2Ffiq.unl.edu.ar%2Fvivilafiq%2Fwp-content%2Fuploads%2F2021%2F11%2FPlanilla-de-Evaluacion.doc|||\u00bb][\/vc_column][\/vc_row][vc_row][vc_column width=\u00bb1\/2&#8243;][\/vc_column][vc_column width=\u00bb1\/3&#8243;][\/vc_column][\/vc_row][vc_row][vc_column][vc_empty_space height=\u00bb60px\u00bb][\/vc_column][\/vc_row]<\/p>\n","protected":false},"excerpt":{"rendered":"<p>[vc_row][vc_column][vc_column_text]Para comenzar la Pr\u00e1ctica en F\u00e1brica, Pr\u00e1ctica Profesional Supervisada o Pr\u00e1ctica Profesional Obligatoria es requisito adeudar seis (6) o menos asignaturas, sin incluir los requisitos como: Taller de Lectura y Escritura de Textos, Ingl\u00e9s y la propia pr\u00e1ctica. (Repasa las asignaturas de tu carrera ac\u00e1).[\/vc_column_text][vc_btn title=\u00bb&gt; VACANTES para realizar las pr\u00e1cticas finales\u00bb style=\u00bbgradient-custom\u00bb gradient_custom_color_1=\u00bb#3c05cc\u00bb gradient_custom_color_2=\u00bb#3c05cc\u00bb [&hellip;]<\/p>\n","protected":false},"author":4,"featured_media":0,"parent":6562,"menu_order":0,"comment_status":"closed","ping_status":"closed","template":"","meta":[],"_links":{"self":[{"href":"https:\/\/fiq.unl.edu.ar\/vivilafiq\/wp-json\/wp\/v2\/pages\/6683"}],"collection":[{"href":"https:\/\/fiq.unl.edu.ar\/vivilafiq\/wp-json\/wp\/v2\/pages"}],"about":[{"href":"https:\/\/fiq.unl.edu.ar\/vivilafiq\/wp-json\/wp\/v2\/types\/page"}],"author":[{"embeddable":true,"href":"https:\/\/fiq.unl.edu.ar\/vivilafiq\/wp-json\/wp\/v2\/users\/4"}],"replies":[{"embeddable":true,"href":"https:\/\/fiq.unl.edu.ar\/vivilafiq\/wp-json\/wp\/v2\/comments?post=6683"}],"version-history":[{"count":40,"href":"https:\/\/fiq.unl.edu.ar\/vivilafiq\/wp-json\/wp\/v2\/pages\/6683\/revisions"}],"predecessor-version":[{"id":9855,"href":"https:\/\/fiq.unl.edu.ar\/vivilafiq\/wp-json\/wp\/v2\/pages\/6683\/revisions\/9855"}],"up":[{"embeddable":true,"href":"https:\/\/fiq.unl.edu.ar\/vivilafiq\/wp-json\/wp\/v2\/pages\/6562"}],"wp:attachment":[{"href":"https:\/\/fiq.unl.edu.ar\/vivilafiq\/wp-json\/wp\/v2\/media?parent=6683"}],"curies":[{"name":"wp","href":"https:\/\/api.w.org\/{rel}","templated":true}]}}