{"id":7146,"date":"2022-04-29T14:52:12","date_gmt":"2022-04-29T14:52:12","guid":{"rendered":"https:\/\/fiq.unl.edu.ar\/vivilafiq\/?page_id=7146"},"modified":"2026-03-10T16:35:59","modified_gmt":"2026-03-10T16:35:59","slug":"bienvenidos","status":"publish","type":"page","link":"https:\/\/fiq.unl.edu.ar\/vivilafiq\/","title":{"rendered":"Home &#8211; Pagina de inicio"},"content":{"rendered":"<p>[vc_row u_row_style=\u00bb1&#8243; u_row_paralax=\u00bb0&#8243; u_row_scheme=\u00bb0&#8243;][vc_column][rev_slider_vc alias=\u00bbhomevivilafiq\u00bb][\/vc_column][\/vc_row][vc_row][vc_column][vc_empty_space][vc_column_text]<\/p>\n<h2><span style=\"vertical-align: inherit;\"><span style=\"vertical-align: inherit;\">La Facultad de Ingenier\u00eda Qu\u00edmica cuenta con una amplia oferta acad\u00e9mica de grado y posgrado que, sumada a excelencia de los estudios impartidos, la calidad de sus egresados y su aporte destacado al desarrollo cient\u00edfico-tecnol\u00f3gico, la hacen merecedora de un alto reconocimiento social y la posicionan como un referente indiscutido a nivel nacional e internacional.<\/span><\/span><\/h2>\n<p>[\/vc_column_text][vc_empty_space height=\u00bb40px\u00bb][\/vc_column][\/vc_row][vc_row disable_element=\u00bbyes\u00bb u_row_style=\u00bb0&#8243; u_row_paralax=\u00bb0&#8243; u_row_scheme=\u00bb0&#8243;][vc_column][vc_single_image image=\u00bb9325&#8243; img_size=\u00bbfull\u00bb alignment=\u00bbcenter\u00bb onclick=\u00bbcustom_link\u00bb link=\u00bbhttps:\/\/fiq.unl.edu.ar\/vivilafiq\/semanaingresantes\/\u00bb][vc_empty_space height=\u00bb15px\u00bb][\/vc_column][\/vc_row][vc_row disable_element=\u00bbyes\u00bb u_row_style=\u00bb0&#8243; u_row_paralax=\u00bb0&#8243; u_row_scheme=\u00bb0&#8243;][vc_column][vc_single_image image=\u00bb9981&#8243; img_size=\u00bbfull\u00bb alignment=\u00bbcenter\u00bb onclick=\u00bbcustom_link\u00bb link=\u00bbhttps:\/\/fiq.unl.edu.ar\/vivilafiq\/elegi-futuro\/\u00bb][vc_empty_space height=\u00bb15px\u00bb][\/vc_column][\/vc_row][vc_row u_row_style=\u00bb0&#8243; u_row_paralax=\u00bb0&#8243; u_row_scheme=\u00bb0&#8243;][vc_column][vc_single_image image=\u00bb7245&#8243; img_size=\u00bbfull\u00bb alignment=\u00bbcenter\u00bb onclick=\u00bbcustom_link\u00bb link=\u00bbhttps:\/\/fiq.unl.edu.ar\/vivilafiq\/inscripciones-y-horarios-de-asignaturas-del-1-cuatrimestre-2026&#8243;][vc_empty_space height=\u00bb15px\u00bb][\/vc_column][\/vc_row][vc_row u_row_style=\u00bb0&#8243; u_row_paralax=\u00bb0&#8243; u_row_scheme=\u00bb0&#8243;][vc_column width=\u00bb1\/2&#8243;][vc_single_image image=\u00bb7252&#8243; img_size=\u00bbfull\u00bb onclick=\u00bbcustom_link\u00bb link=\u00bbhttps:\/\/fiq.unl.edu.ar\/vivilafiq\/gestion-del-estudiante\/\u00bb][vc_empty_space height=\u00bb15px\u00bb][\/vc_column][vc_column width=\u00bb1\/2&#8243;][vc_single_image image=\u00bb7253&#8243; img_size=\u00bbfull\u00bb onclick=\u00bbcustom_link\u00bb img_link_target=\u00bb_blank\u00bb link=\u00bbhttps:\/\/cursado.fiq.unl.edu.ar\u00bb][vc_empty_space height=\u00bb15px\u00bb][\/vc_column][\/vc_row][vc_row u_row_style=\u00bb0&#8243; u_row_paralax=\u00bb0&#8243; u_row_scheme=\u00bb0&#8243;][vc_column width=\u00bb1\/3&#8243;][vc_single_image image=\u00bb7249&#8243; img_size=\u00bbfull\u00bb onclick=\u00bbcustom_link\u00bb link=\u00bbhttps:\/\/fiq.unl.edu.ar\/vivilafiq\/ingreso\/\u00bb][vc_empty_space height=\u00bb40px\u00bb][\/vc_column][vc_column width=\u00bb1\/3&#8243;][vc_single_image image=\u00bb7248&#8243; img_size=\u00bbfull\u00bb onclick=\u00bbcustom_link\u00bb link=\u00bbhttps:\/\/fiq.unl.edu.ar\/vivilafiq\/fiq_carreras\/\u00bb][vc_empty_space height=\u00bb40px\u00bb][\/vc_column][vc_column width=\u00bb1\/3&#8243;][vc_single_image image=\u00bb7250&#8243; img_size=\u00bbfull\u00bb onclick=\u00bbcustom_link\u00bb link=\u00bbhttps:\/\/fiq.unl.edu.ar\/vivilafiq\/ser-universitario\/\u00bb][vc_empty_space height=\u00bb40px\u00bb][\/vc_column][\/vc_row][vc_row][vc_column][vc_empty_space height=\u00bb20px\u00bb][vc_custom_heading text=\u00bb\/\/\/ NOTICIAS \/\/\/\u00bb font_container=\u00bbtag:h2|font_size:36|text_align:center|color:%23e22f05&#8243; google_fonts=\u00bbfont_family:Lato%3A100%2C100italic%2C300%2C300italic%2Cregular%2Citalic%2C700%2C700italic%2C900%2C900italic|font_style:400%20regular%3A400%3Anormal\u00bb][vc_empty_space height=\u00bb10px\u00bb][\/vc_column][\/vc_row][vc_row equal_height=\u00bbyes\u00bb content_placement=\u00bbtop\u00bb u_row_style=\u00bb0&#8243; u_row_paralax=\u00bb0&#8243; u_row_scheme=\u00bb0&#8243;][vc_column][vc_basic_grid post_type=\u00bbpost\u00bb max_items=\u00bb3&#8243; gap=\u00bb10&#8243; item=\u00bb3013&#8243; initial_loading_animation=\u00bbnone\u00bb grid_id=\u00bbvc_gid:1773160521697-db2b4063-d6b9-9&#8243; taxonomies=\u00bb31&#8243;][vc_btn title=\u00bbVER TODAS LAS NOTICIAS\u00bb style=\u00bbgradient-custom\u00bb gradient_custom_color_1=\u00bb#ebebeb\u00bb gradient_custom_color_2=\u00bb#ebebeb\u00bb gradient_text_color=\u00bb#3300cc\u00bb shape=\u00bbsquare\u00bb align=\u00bbcenter\u00bb css_animation=\u00bbnone\u00bb button_block=\u00bbtrue\u00bb css=\u00bb.vc_custom_1651511975464{background-color: #ebebeb !important;}\u00bb link=\u00bburl:https%3A%2F%2Ffiq.unl.edu.ar%2Fvivilafiq%2Fcategory%2Fnoticias%2F|||\u00bb][vc_empty_space height=\u00bb30px\u00bb][\/vc_column][\/vc_row][vc_row disable_element=\u00bbyes\u00bb u_row_style=\u00bb0&#8243; u_row_paralax=\u00bb0&#8243; u_row_scheme=\u00bb0&#8243;][vc_column][vc_single_image image=\u00bb7794&#8243; img_size=\u00bbfull\u00bb onclick=\u00bbcustom_link\u00bb img_link_target=\u00bb_blank\u00bb link=\u00bbhttps:\/\/www.fiq.unl.edu.ar\/culturacientifica\/festivalfiq-convocatoria-a-guias\/\u00bb][vc_empty_space height=\u00bb20&#8243;][\/vc_column][\/vc_row][vc_row][vc_column][vc_text_separator title=\u00bb&gt; Accesos directos\u00bb title_align=\u00bbseparator_align_left\u00bb color=\u00bbcustom\u00bb border_width=\u00bb3&#8243; accent_color=\u00bb#e22f05&#8243;][vc_empty_space height=\u00bb10px\u00bb][\/vc_column][\/vc_row][vc_row][vc_column width=\u00bb1\/3&#8243;][vc_btn title=\u00bb&gt; BIBLIOTECA\u00bb style=\u00bbgradient-custom\u00bb gradient_custom_color_1=\u00bb#e22f05&#8243; gradient_custom_color_2=\u00bb#e22f05&#8243; shape=\u00bbsquare\u00bb size=\u00bblg\u00bb align=\u00bbcenter\u00bb button_block=\u00bbtrue\u00bb link=\u00bburl:https%3A%2F%2Ffiq.unl.edu.ar%2Fvivilafiq%2Fbiblioteca-fiq%2F|||\u00bb][\/vc_column][vc_column width=\u00bb1\/3&#8243;][vc_btn title=\u00bb&gt; CALENDARIO FIQ\u00bb style=\u00bbgradient-custom\u00bb gradient_custom_color_1=\u00bb#e22f05&#8243; gradient_custom_color_2=\u00bb#e22f05&#8243; shape=\u00bbsquare\u00bb size=\u00bblg\u00bb align=\u00bbcenter\u00bb button_block=\u00bbtrue\u00bb link=\u00bburl:https%3A%2F%2Ffiq.unl.edu.ar%2Fvivilafiq%2Fgestion-del-estudiante%2Fcalendario-fiq%2F|||\u00bb][\/vc_column][vc_column width=\u00bb1\/3&#8243;][vc_btn title=\u00bb&gt; SIU GUARAN\u00cd\u00bb style=\u00bbgradient-custom\u00bb gradient_custom_color_1=\u00bb#e22f05&#8243; gradient_custom_color_2=\u00bb#e22f05&#8243; shape=\u00bbsquare\u00bb size=\u00bblg\u00bb align=\u00bbcenter\u00bb button_block=\u00bbtrue\u00bb link=\u00bburl:https%3A%2F%2Fservicios.unl.edu.ar%2Fguarani3%2Fautogestion%2Facceso|||\u00bb][\/vc_column][\/vc_row][vc_row equal_height=\u00bbyes\u00bb content_placement=\u00bbmiddle\u00bb u_row_style=\u00bb0&#8243; u_row_paralax=\u00bb0&#8243; u_row_scheme=\u00bb0&#8243;][vc_column width=\u00bb1\/4&#8243;][vc_btn title=\u00bb\/ fiqunl\u00bb style=\u00bboutline-custom\u00bb outline_custom_color=\u00bb#e22f05&#8243; outline_custom_hover_background=\u00bb#ffffff\u00bb outline_custom_hover_text=\u00bb#3300cc\u00bb shape=\u00bbsquare\u00bb size=\u00bblg\u00bb align=\u00bbcenter\u00bb i_icon_fontawesome=\u00bbfa fa-instagram\u00bb button_block=\u00bbtrue\u00bb add_icon=\u00bbtrue\u00bb link=\u00bburl:https%3A%2F%2Fwww.instagram.com%2Ffiqunl%2F||target:%20_blank|\u00bb][\/vc_column][vc_column width=\u00bb1\/4&#8243;][vc_btn title=\u00bb\/ FIQvideos\u00bb style=\u00bboutline-custom\u00bb outline_custom_color=\u00bb#e22f05&#8243; outline_custom_hover_background=\u00bb#ffffff\u00bb outline_custom_hover_text=\u00bb#3300cc\u00bb shape=\u00bbsquare\u00bb size=\u00bblg\u00bb align=\u00bbcenter\u00bb i_icon_fontawesome=\u00bbfa fa-youtube-play\u00bb button_block=\u00bbtrue\u00bb add_icon=\u00bbtrue\u00bb link=\u00bburl:https%3A%2F%2Fwww.youtube.com%2FFIQVideos||target:%20_blank|\u00bb][\/vc_column][vc_column width=\u00bb1\/4&#8243;][vc_btn title=\u00bb\/ FIQUNL\u00bb style=\u00bboutline-custom\u00bb outline_custom_color=\u00bb#e22f05&#8243; outline_custom_hover_background=\u00bb#ffffff\u00bb outline_custom_hover_text=\u00bb#3300cc\u00bb shape=\u00bbsquare\u00bb size=\u00bblg\u00bb align=\u00bbcenter\u00bb i_icon_fontawesome=\u00bbfa fa-facebook-official\u00bb button_block=\u00bbtrue\u00bb add_icon=\u00bbtrue\u00bb link=\u00bburl:https%3A%2F%2Fwww.facebook.com%2FFIQUNL%2F||target:%20_blank|\u00bb][\/vc_column][vc_column width=\u00bb1\/4&#8243;][vc_btn title=\u00bb\/ fiqunl\u00bb style=\u00bboutline-custom\u00bb outline_custom_color=\u00bb#e22f05&#8243; outline_custom_hover_background=\u00bb#ffffff\u00bb outline_custom_hover_text=\u00bb#3300cc\u00bb shape=\u00bbsquare\u00bb size=\u00bblg\u00bb align=\u00bbcenter\u00bb i_icon_fontawesome=\u00bbfa fa-twitter\u00bb button_block=\u00bbtrue\u00bb add_icon=\u00bbtrue\u00bb link=\u00bburl:https%3A%2F%2Ftwitter.com%2Ffiqunl||target:%20_blank|\u00bb][\/vc_column][\/vc_row][vc_row][vc_column][vc_empty_space height=\u00bb40&#8243;][\/vc_column][\/vc_row][vc_row disable_element=\u00bbyes\u00bb u_row_style=\u00bb0&#8243; u_row_paralax=\u00bb0&#8243; u_row_scheme=\u00bb0&#8243;][vc_column][vc_empty_space height=\u00bb25px\u00bb][vc_single_image image=\u00bb5433&#8243; img_size=\u00bbfull\u00bb onclick=\u00bbcustom_link\u00bb img_link_target=\u00bb_blank\u00bb link=\u00bbhttps:\/\/www.unl.edu.ar\/bienestar\/salud\/\u00bb][vc_empty_space height=\u00bb60px\u00bb][\/vc_column][\/vc_row][vc_column width=\u00bb1\/3&#8243;][\/vc_column][vc_column width=\u00bb1\/3&#8243;][\/vc_column]<\/p>\n","protected":false},"excerpt":{"rendered":"<p>[vc_row u_row_style=\u00bb1&#8243; u_row_paralax=\u00bb0&#8243; u_row_scheme=\u00bb0&#8243;][vc_column][rev_slider_vc alias=\u00bbhomevivilafiq\u00bb][\/vc_column][\/vc_row][vc_row][vc_column][vc_empty_space][vc_column_text] La Facultad de Ingenier\u00eda Qu\u00edmica cuenta con una amplia oferta acad\u00e9mica de grado y posgrado que, sumada a excelencia de los estudios impartidos, la calidad de sus egresados y su aporte destacado al desarrollo cient\u00edfico-tecnol\u00f3gico, la hacen merecedora de un alto reconocimiento social y la posicionan como un referente indiscutido [&hellip;]<\/p>\n","protected":false},"author":2,"featured_media":0,"parent":0,"menu_order":0,"comment_status":"closed","ping_status":"closed","template":"page-templates\/front-page.php","meta":[],"_links":{"self":[{"href":"https:\/\/fiq.unl.edu.ar\/vivilafiq\/wp-json\/wp\/v2\/pages\/7146"}],"collection":[{"href":"https:\/\/fiq.unl.edu.ar\/vivilafiq\/wp-json\/wp\/v2\/pages"}],"about":[{"href":"https:\/\/fiq.unl.edu.ar\/vivilafiq\/wp-json\/wp\/v2\/types\/page"}],"author":[{"embeddable":true,"href":"https:\/\/fiq.unl.edu.ar\/vivilafiq\/wp-json\/wp\/v2\/users\/2"}],"replies":[{"embeddable":true,"href":"https:\/\/fiq.unl.edu.ar\/vivilafiq\/wp-json\/wp\/v2\/comments?post=7146"}],"version-history":[{"count":129,"href":"https:\/\/fiq.unl.edu.ar\/vivilafiq\/wp-json\/wp\/v2\/pages\/7146\/revisions"}],"predecessor-version":[{"id":10388,"href":"https:\/\/fiq.unl.edu.ar\/vivilafiq\/wp-json\/wp\/v2\/pages\/7146\/revisions\/10388"}],"wp:attachment":[{"href":"https:\/\/fiq.unl.edu.ar\/vivilafiq\/wp-json\/wp\/v2\/media?parent=7146"}],"curies":[{"name":"wp","href":"https:\/\/api.w.org\/{rel}","templated":true}]}}