{"id":9774,"date":"2025-05-26T18:43:45","date_gmt":"2025-05-26T18:43:45","guid":{"rendered":"https:\/\/fiq.unl.edu.ar\/vivilafiq\/?page_id=9774"},"modified":"2025-06-04T20:26:32","modified_gmt":"2025-06-04T20:26:32","slug":"trabajos-y-practicas-finales","status":"publish","type":"page","link":"https:\/\/fiq.unl.edu.ar\/vivilafiq\/trabajos-y-practicas-finales\/","title":{"rendered":"Trabajos y Pr\u00e1cticas Finales"},"content":{"rendered":"<p>[vc_row][vc_column][vc_column_text]<em>En esta secci\u00f3n encontrar\u00e1s informaci\u00f3n relevante sobre las pr\u00e1cticas y trabajos finales requeridos para completar las carreras de grado en la Facultad de Ingenier\u00eda Qu\u00edmica. Estas instancias son fundamentales para aplicar los conocimientos adquiridos y facilitar la inserci\u00f3n en el \u00e1mbito profesional.<\/em>[\/vc_column_text][vc_empty_space][\/vc_column][\/vc_row][vc_row][vc_column width=\u00bb1\/2&#8243;][vc_single_image image=\u00bb9785&#8243; img_size=\u00bbfull\u00bb onclick=\u00bbcustom_link\u00bb link=\u00bbhttps:\/\/fiq.unl.edu.ar\/vivilafiq\/gestion-del-estudiante\/practicasfinales\/\u00bb][\/vc_column][vc_column width=\u00bb1\/2&#8243;][vc_single_image image=\u00bb9786&#8243; img_size=\u00bbfull\u00bb onclick=\u00bbcustom_link\u00bb link=\u00bbhttps:\/\/fiq.unl.edu.ar\/vivilafiq\/trabajo-y-tesinas-finales\/\u00bb][\/vc_column][\/vc_row][vc_row][vc_column][vc_empty_space height=\u00bb60px\u00bb][\/vc_column][\/vc_row]<\/p>\n","protected":false},"excerpt":{"rendered":"<p>[vc_row][vc_column][vc_column_text]En esta secci\u00f3n encontrar\u00e1s informaci\u00f3n relevante sobre las pr\u00e1cticas y trabajos finales requeridos para completar las carreras de grado en la Facultad de Ingenier\u00eda Qu\u00edmica. Estas instancias son fundamentales para aplicar los conocimientos adquiridos y facilitar la inserci\u00f3n en el \u00e1mbito profesional.[\/vc_column_text][vc_empty_space][\/vc_column][\/vc_row][vc_row][vc_column width=\u00bb1\/2&#8243;][vc_single_image image=\u00bb9785&#8243; img_size=\u00bbfull\u00bb onclick=\u00bbcustom_link\u00bb link=\u00bbhttps:\/\/fiq.unl.edu.ar\/vivilafiq\/gestion-del-estudiante\/practicasfinales\/\u00bb][\/vc_column][vc_column width=\u00bb1\/2&#8243;][vc_single_image image=\u00bb9786&#8243; img_size=\u00bbfull\u00bb onclick=\u00bbcustom_link\u00bb link=\u00bbhttps:\/\/fiq.unl.edu.ar\/vivilafiq\/trabajo-y-tesinas-finales\/\u00bb][\/vc_column][\/vc_row][vc_row][vc_column][vc_empty_space height=\u00bb60px\u00bb][\/vc_column][\/vc_row]<\/p>\n","protected":false},"author":3,"featured_media":0,"parent":0,"menu_order":0,"comment_status":"closed","ping_status":"closed","template":"","meta":[],"_links":{"self":[{"href":"https:\/\/fiq.unl.edu.ar\/vivilafiq\/wp-json\/wp\/v2\/pages\/9774"}],"collection":[{"href":"https:\/\/fiq.unl.edu.ar\/vivilafiq\/wp-json\/wp\/v2\/pages"}],"about":[{"href":"https:\/\/fiq.unl.edu.ar\/vivilafiq\/wp-json\/wp\/v2\/types\/page"}],"author":[{"embeddable":true,"href":"https:\/\/fiq.unl.edu.ar\/vivilafiq\/wp-json\/wp\/v2\/users\/3"}],"replies":[{"embeddable":true,"href":"https:\/\/fiq.unl.edu.ar\/vivilafiq\/wp-json\/wp\/v2\/comments?post=9774"}],"version-history":[{"count":14,"href":"https:\/\/fiq.unl.edu.ar\/vivilafiq\/wp-json\/wp\/v2\/pages\/9774\/revisions"}],"predecessor-version":[{"id":9816,"href":"https:\/\/fiq.unl.edu.ar\/vivilafiq\/wp-json\/wp\/v2\/pages\/9774\/revisions\/9816"}],"wp:attachment":[{"href":"https:\/\/fiq.unl.edu.ar\/vivilafiq\/wp-json\/wp\/v2\/media?parent=9774"}],"curies":[{"name":"wp","href":"https:\/\/api.w.org\/{rel}","templated":true}]}}