{"id":9790,"date":"2025-05-26T19:39:22","date_gmt":"2025-05-26T19:39:22","guid":{"rendered":"https:\/\/fiq.unl.edu.ar\/vivilafiq\/?page_id=9790"},"modified":"2025-12-16T12:55:35","modified_gmt":"2025-12-16T12:55:35","slug":"trabajo-y-tesinas-finales","status":"publish","type":"page","link":"https:\/\/fiq.unl.edu.ar\/vivilafiq\/trabajo-y-tesinas-finales\/","title":{"rendered":"Trabajo y tesinas finales"},"content":{"rendered":"<p>[vc_row u_row_style=\u00bb0&#8243; u_row_paralax=\u00bb0&#8243; u_row_scheme=\u00bb0&#8243;][vc_column][vc_column_text]<\/p>\n<p data-start=\"312\" data-end=\"698\">Los Trabajos Finales representan una instancia acad\u00e9mica integradora y obligatoria para la obtenci\u00f3n del t\u00edtulo en las carreras de Licenciatura que se dictan en la Facultad de Ingenier\u00eda Qu\u00edmica. Esta etapa tiene como objetivo aplicar los conocimientos adquiridos a lo largo de la carrera en el desarrollo de un problema concreto, con orientaci\u00f3n investigativa, experimental o aplicada.<\/p>\n<p data-start=\"700\" data-end=\"882\">A continuaci\u00f3n, les dejamos informaci\u00f3n sobre pasos generales que deben seguir los y las estudiantes para llevar adelante su Trabajo Final, conforme a los reglamentos espec\u00edficos de cada carrera.<\/p>\n<p>[\/vc_column_text][vc_empty_space height=\u00bb40px\u00bb][vc_btn title=\u00bb&gt; VACANTES para realizar los trabajos y tesinas finales\u00bb style=\u00bbgradient-custom\u00bb gradient_custom_color_1=\u00bb#3c05cc\u00bb gradient_custom_color_2=\u00bb#3c05cc\u00bb shape=\u00bbsquare\u00bb size=\u00bblg\u00bb align=\u00bbleft\u00bb link=\u00bburl:https%3A%2F%2Ffiq.unl.edu.ar%2Fvivilafiq%2Fvacantes-trabajos-finales-y-tesinas%2F||target:%20_blank|\u00bb][vc_empty_space height=\u00bb40px\u00bb][\/vc_column][\/vc_row][vc_row][vc_column width=\u00bb1\/2&#8243;][vc_column_text]<\/p>\n<h3 data-start=\"1010\" data-end=\"1025\">\ud83d\udccc Carreras<\/h3>\n<h4 data-start=\"1027\" data-end=\"1058\">\ud83d\udd2c Licenciatura en Qu\u00edmica<\/h4>\n<ul data-start=\"1059\" data-end=\"1301\">\n<li data-start=\"1059\" data-end=\"1088\">\n<p data-start=\"1061\" data-end=\"1088\">\u2714 Trabajo Final (Plan 2022)<\/p>\n<\/li>\n<li data-start=\"1059\" data-end=\"1088\">\n<p data-start=\"1061\" data-end=\"1088\">Carga horaria: 200 h<\/p>\n<\/li>\n<li data-start=\"1059\" data-end=\"1088\">\n<p data-start=\"1061\" data-end=\"1088\">Presentaci\u00f3n del plan por Mesa de Entradas<\/p>\n<\/li>\n<li data-start=\"1059\" data-end=\"1088\">\n<p data-start=\"1061\" data-end=\"1088\">\ud83d\udcc4 <a href=\"https:\/\/fiq.unl.edu.ar\/vivilafiq\/wp-content\/uploads\/2017\/03\/Reglamento-de-Trabajo-Final-LQ-2022-CD_709-23.pdf\">Reglamento de Trabajo Final \u2013 LQ<\/a><\/p>\n<\/li>\n<li data-start=\"1112\" data-end=\"1156\">\ud83d\udce5 <span class=\"\" data-state=\"closed\"><a class=\"cursor-pointer\" data-start=\"1211\" data-end=\"1301\">Modelo editable de nota y plan de trabajo \u2013 LQ<\/a><\/span><\/li>\n<\/ul>\n<p>&nbsp;<\/p>\n<h4 data-start=\"1303\" data-end=\"1333\">\ud83e\uddf2 Licenciatura en F\u00edsica<\/h4>\n<ul data-start=\"1334\" data-end=\"1573\">\n<li data-start=\"1334\" data-end=\"1360\">\n<p data-start=\"1336\" data-end=\"1360\">\u2714 Tesina de Licenciatura<\/p>\n<\/li>\n<li data-start=\"1361\" data-end=\"1383\">\n<p data-start=\"1363\" data-end=\"1383\">Carga horaria: 360 h<\/p>\n<\/li>\n<li data-start=\"1384\" data-end=\"1436\">\n<p data-start=\"1386\" data-end=\"1436\">Presentaci\u00f3n por Mesa de Entradas (aval, plan, CV)<\/p>\n<\/li>\n<li>\ud83d\udcc4 <a href=\"https:\/\/fiq.unl.edu.ar\/vivilafiq\/wp-content\/uploads\/2017\/03\/Reglamento-de-Tesina-LF-CD_343_23.pdf\">Reglamento de Tesina \u2013 LF<\/a><\/li>\n<li data-start=\"1479\" data-end=\"1573\">\n<p data-start=\"1481\" data-end=\"1573\">\ud83d\udce5 <span class=\"\" data-state=\"closed\"><a class=\"cursor-pointer\" data-start=\"1484\" data-end=\"1573\">Modelo editable de nota y plan de trabajo \u2013 LF<\/a><\/span><\/p>\n<\/li>\n<\/ul>\n<p>&nbsp;<\/p>\n<h4 data-start=\"2210\" data-end=\"2270\">\ud83e\udd7c Lic. en Ciencias y Tecnolog\u00eda de los Alimentos (LCTA)<\/h4>\n<ul data-start=\"2271\" data-end=\"2435\">\n<li data-start=\"2271\" data-end=\"2320\">\n<p data-start=\"2273\" data-end=\"2320\">\u2714 Tesina de Licenciatura<\/p>\n<\/li>\n<li data-start=\"2271\" data-end=\"2320\">\n<p data-start=\"2273\" data-end=\"2320\">Presentaci\u00f3n por Mesa de Entradas (nota + plan + aval direcci\u00f3n)<\/p>\n<\/li>\n<li data-start=\"2271\" data-end=\"2320\">\n<p data-start=\"2273\" data-end=\"2320\">\ud83d\udcc4 <a href=\"https:\/\/fiq.unl.edu.ar\/vivilafiq\/wp-content\/uploads\/2017\/03\/Reglamento-de-Tesina-para-LCTA-Res-CD_231_19.pdf\">Reglamento de Trabajo Final \u2013 LCTA<\/a><\/p>\n<\/li>\n<li>\ud83d\udce5 [Modelo editable de nota, plan y solicitud de reconocimiento \u2013 LCTA]<\/li>\n<\/ul>\n<p>[\/vc_column_text][vc_separator][\/vc_column][vc_column width=\u00bb1\/2&#8243;][vc_empty_space][vc_column_text]<\/p>\n<h4 data-start=\"1575\" data-end=\"1618\">\ud83d\udcd0 Licenciatura en Matem\u00e1tica Aplicada<\/h4>\n<ul data-start=\"1619\" data-end=\"1882\">\n<li data-start=\"1619\" data-end=\"1649\">\n<p data-start=\"1621\" data-end=\"1649\">\u2714 Trabajo Final (Asignatura)<\/p>\n<\/li>\n<li data-start=\"1650\" data-end=\"1682\">\n<p data-start=\"1652\" data-end=\"1682\">Carga horaria seg\u00fan asignatura<\/p>\n<\/li>\n<li data-start=\"1683\" data-end=\"1723\">\n<p data-start=\"1685\" data-end=\"1723\">Presentaci\u00f3n a trav\u00e9s del aula virtual<\/p>\n<\/li>\n<li>\ud83d\udcc4 <a href=\"https:\/\/fiq.unl.edu.ar\/vivilafiq\/wp-content\/uploads\/2017\/03\/Reglamento-Trabajo-Final-LMA2018-CD_712_23.pdf\">Reglamento de Trabajo Final \u2013 LMA<\/a><\/li>\n<li data-start=\"1774\" data-end=\"1882\">\n<p data-start=\"1776\" data-end=\"1882\">\ud83d\udce5 <span class=\"\" data-state=\"closed\">Modelo editable de nota y plan de trabajo \u2013 LMA<\/span><\/p>\n<\/li>\n<\/ul>\n<p>&nbsp;<\/p>\n<h4 data-start=\"1884\" data-end=\"1917\">\ud83e\uddd1\u200d\ud83c\udfeb Profesorado en Qu\u00edmica<\/h4>\n<ul data-start=\"1918\" data-end=\"2208\">\n<li data-start=\"1918\" data-end=\"1958\">\n<p data-start=\"1920\" data-end=\"1958\">\u2714 Pr\u00e1ctica Docente Universitaria (PDU)<\/p>\n<\/li>\n<li data-start=\"1959\" data-end=\"1998\">\n<p data-start=\"1961\" data-end=\"1998\">Carga horaria: 90 h (m\u00edn. 40 \u00e1ulicas)<\/p>\n<\/li>\n<li data-start=\"1999\" data-end=\"2065\">\n<p data-start=\"2001\" data-end=\"2065\">Presentaci\u00f3n por Mesa de Entradas (nota + plan + aval direcci\u00f3n)<\/p>\n<\/li>\n<li>\ud83d\udcc4 <a href=\"https:\/\/fiq.unl.edu.ar\/vivilafiq\/wp-content\/uploads\/2017\/03\/2024-Reglamento-PDU-de-PQ-CD_176_24-1.pdf\">Reglamento de PDU &#8211; PQ<\/a><\/li>\n<li data-start=\"2108\" data-end=\"2208\">\n<p data-start=\"2110\" data-end=\"2208\">\ud83d\udce5 Modelo editable de nota, plan y solicitud de reconocimiento \u2013 PQ<\/p>\n<\/li>\n<\/ul>\n<p>[\/vc_column_text][vc_separator][\/vc_column][\/vc_row][vc_row][vc_column][vc_text_separator title=\u00bb&gt; Accesos directos\u00bb title_align=\u00bbseparator_align_left\u00bb color=\u00bbcustom\u00bb border_width=\u00bb3&#8243; accent_color=\u00bb#e22f05&#8243;][vc_empty_space height=\u00bb60px\u00bb][\/vc_column][\/vc_row][vc_row][vc_column width=\u00bb1\/2&#8243;][vc_btn title=\u00bb&gt; Reglamento LQ\u00bb style=\u00bbgradient-custom\u00bb gradient_custom_color_1=\u00bb#3c05cc\u00bb gradient_custom_color_2=\u00bb#3c05cc\u00bb shape=\u00bbsquare\u00bb size=\u00bblg\u00bb align=\u00bbleft\u00bb link=\u00bburl:https%3A%2F%2Ffiq.unl.edu.ar%2Fvivilafiq%2Fwp-content%2Fuploads%2F2017%2F03%2FReglamento-de-Trabajo-Final-LQ-2022-CD_709-23.pdf||target:%20_blank|\u00bb][vc_btn title=\u00bb&gt; Reglamento LF\u00bb style=\u00bbgradient-custom\u00bb gradient_custom_color_1=\u00bb#3c05cc\u00bb gradient_custom_color_2=\u00bb#3c05cc\u00bb shape=\u00bbsquare\u00bb size=\u00bblg\u00bb align=\u00bbleft\u00bb link=\u00bburl:https%3A%2F%2Ffiq.unl.edu.ar%2Fvivilafiq%2Fwp-content%2Fuploads%2F2017%2F03%2FReglamento-de-Tesina-LF-CD_343_23.pdf||target:%20_blank|\u00bb][vc_btn title=\u00bb&gt; Reglamento LTCA\u00bb style=\u00bbgradient-custom\u00bb gradient_custom_color_1=\u00bb#3c05cc\u00bb gradient_custom_color_2=\u00bb#3c05cc\u00bb shape=\u00bbsquare\u00bb size=\u00bblg\u00bb align=\u00bbleft\u00bb link=\u00bburl:https%3A%2F%2Ffiq.unl.edu.ar%2Fvivilafiq%2Fwp-content%2Fuploads%2F2017%2F03%2FReglamento-de-Tesina-para-LCTA-Res-CD_231_19.pdf||target:%20_blank|\u00bb][\/vc_column][vc_column width=\u00bb1\/2&#8243;][vc_btn title=\u00bb&gt; Reglamento LMA\u00bb style=\u00bbgradient-custom\u00bb gradient_custom_color_1=\u00bb#3c05cc\u00bb gradient_custom_color_2=\u00bb#3c05cc\u00bb shape=\u00bbsquare\u00bb size=\u00bblg\u00bb align=\u00bbleft\u00bb link=\u00bburl:https%3A%2F%2Ffiq.unl.edu.ar%2Fvivilafiq%2Fwp-content%2Fuploads%2F2017%2F03%2FReglamento-Trabajo-Final-LMA2018-CD_712_23.pdf||target:%20_blank|\u00bb][vc_btn title=\u00bb&gt; Reglamento PQ\u00bb style=\u00bbgradient-custom\u00bb gradient_custom_color_1=\u00bb#3c05cc\u00bb gradient_custom_color_2=\u00bb#3c05cc\u00bb shape=\u00bbsquare\u00bb size=\u00bblg\u00bb align=\u00bbleft\u00bb link=\u00bburl:https%3A%2F%2Ffiq.unl.edu.ar%2Fvivilafiq%2Fwp-content%2Fuploads%2F2017%2F03%2F2024-Reglamento-PDU-de-PQ-CD_176_24-1.pdf||target:%20_blank|\u00bb][\/vc_column][\/vc_row]<\/p>\n","protected":false},"excerpt":{"rendered":"<p>[vc_row u_row_style=\u00bb0&#8243; u_row_paralax=\u00bb0&#8243; u_row_scheme=\u00bb0&#8243;][vc_column][vc_column_text] Los Trabajos Finales representan una instancia acad\u00e9mica integradora y obligatoria para la obtenci\u00f3n del t\u00edtulo en las carreras de Licenciatura que se dictan en la Facultad de Ingenier\u00eda Qu\u00edmica. Esta etapa tiene como objetivo aplicar los conocimientos adquiridos a lo largo de la carrera en el desarrollo de un problema concreto, [&hellip;]<\/p>\n","protected":false},"author":3,"featured_media":0,"parent":0,"menu_order":0,"comment_status":"closed","ping_status":"closed","template":"","meta":[],"_links":{"self":[{"href":"https:\/\/fiq.unl.edu.ar\/vivilafiq\/wp-json\/wp\/v2\/pages\/9790"}],"collection":[{"href":"https:\/\/fiq.unl.edu.ar\/vivilafiq\/wp-json\/wp\/v2\/pages"}],"about":[{"href":"https:\/\/fiq.unl.edu.ar\/vivilafiq\/wp-json\/wp\/v2\/types\/page"}],"author":[{"embeddable":true,"href":"https:\/\/fiq.unl.edu.ar\/vivilafiq\/wp-json\/wp\/v2\/users\/3"}],"replies":[{"embeddable":true,"href":"https:\/\/fiq.unl.edu.ar\/vivilafiq\/wp-json\/wp\/v2\/comments?post=9790"}],"version-history":[{"count":13,"href":"https:\/\/fiq.unl.edu.ar\/vivilafiq\/wp-json\/wp\/v2\/pages\/9790\/revisions"}],"predecessor-version":[{"id":10073,"href":"https:\/\/fiq.unl.edu.ar\/vivilafiq\/wp-json\/wp\/v2\/pages\/9790\/revisions\/10073"}],"wp:attachment":[{"href":"https:\/\/fiq.unl.edu.ar\/vivilafiq\/wp-json\/wp\/v2\/media?parent=9790"}],"curies":[{"name":"wp","href":"https:\/\/api.w.org\/{rel}","templated":true}]}}