{"id":9857,"date":"2025-07-10T17:40:54","date_gmt":"2025-07-10T17:40:54","guid":{"rendered":"https:\/\/fiq.unl.edu.ar\/vivilafiq\/?page_id=9857"},"modified":"2026-04-08T15:14:31","modified_gmt":"2026-04-08T15:14:31","slug":"vacantes-trabajos-finales-y-tesinas","status":"publish","type":"page","link":"https:\/\/fiq.unl.edu.ar\/vivilafiq\/vacantes-trabajos-finales-y-tesinas\/","title":{"rendered":"Vacantes trabajos finales y tesinas"},"content":{"rendered":"<p>[vc_row][vc_column][vc_column_text]A continuaci\u00f3n, se detallan vacantes para postularse a realizar las tesinas y trabajos finales de las carreras de grado de FIQ-UNL[\/vc_column_text][vc_empty_space height=\u00bb10&#8243;][\/vc_column][\/vc_row][vc_row][vc_column][vc_separator style=\u00bbdotted\u00bb border_width=\u00bb2&#8243;][vc_empty_space height=\u00bb10&#8243;][vc_custom_heading text=\u00bbLicenciatura en Ciencias y Tecnolog\u00eda de los Alimentos\u00bb font_container=\u00bbtag:h2|font_size:30|text_align:left|color:%23dd3333&#8243; google_fonts=\u00bbfont_family:Lato%3A100%2C100italic%2C300%2C300italic%2Cregular%2Citalic%2C700%2C700italic%2C900%2C900italic|font_style:700%20bold%20regular%3A700%3Anormal\u00bb][vc_empty_space height=\u00bb10&#8243;][\/vc_column][\/vc_row][vc_row][vc_column width=\u00bb1\/2&#8243;][vc_tta_accordion style=\u00bbmodern\u00bb shape=\u00bbsquare\u00bb color=\u00bbwhite\u00bb spacing=\u00bb3&#8243; gap=\u00bb3&#8243; active_section=\u00bb0&#8243; no_fill=\u00bbtrue\u00bb collapsible_all=\u00bbtrue\u00bb][vc_tta_section title=\u00bbInstituto de Tecnolog\u00eda de Alimentos (FIQ-UNL)\u00bb tab_id=\u00bb1715611857345-8178a474-9d222557-00e5&#8243;][vc_column_text]<strong>Tema de estudio:<\/strong> Caracterizaci\u00f3n de sistemas de encapsulaci\u00f3n para derivado de CBD con potenciales efectos ben\u00e9ficos para la salud.<\/p>\n<p><strong>Lugar de trabajo:<\/strong> Instituto de Tecnolog\u00eda de Alimentos FIQ-UNL<\/p>\n<p><strong>Director<\/strong>: Visentini Flavia<\/p>\n<p><strong>Enviar CV<\/strong>, incluyendo el grado de avance de carrera, promedio y certificado anal\u00edtico de estudios a: flavisentini@yahoo.com<\/p>\n<p><strong>Postulaciones<\/strong> hasta el 30\/4\/2026[\/vc_column_text][\/vc_tta_section][\/vc_tta_accordion][\/vc_column][vc_column width=\u00bb1\/2&#8243;][\/vc_column][\/vc_row][vc_row disable_element=\u00bbyes\u00bb u_row_style=\u00bb0&#8243; u_row_paralax=\u00bb0&#8243; u_row_scheme=\u00bb0&#8243;][vc_column][vc_separator style=\u00bbdotted\u00bb border_width=\u00bb2&#8243;][vc_empty_space height=\u00bb10px\u00bb][vc_custom_heading text=\u00bbIngenier\u00eda Industrial\u00bb font_container=\u00bbtag:h2|font_size:30|text_align:left|color:%23dd3333&#8243; google_fonts=\u00bbfont_family:Lato%3A100%2C100italic%2C300%2C300italic%2Cregular%2Citalic%2C700%2C700italic%2C900%2C900italic|font_style:700%20bold%20regular%3A700%3Anormal\u00bb][vc_empty_space height=\u00bb10px\u00bb][\/vc_column][\/vc_row]<\/p>\n","protected":false},"excerpt":{"rendered":"<p>[vc_row][vc_column][vc_column_text]A continuaci\u00f3n, se detallan vacantes para postularse a realizar las tesinas y trabajos finales de las carreras de grado de FIQ-UNL[\/vc_column_text][vc_empty_space height=\u00bb10&#8243;][\/vc_column][\/vc_row][vc_row][vc_column][vc_separator style=\u00bbdotted\u00bb border_width=\u00bb2&#8243;][vc_empty_space height=\u00bb10&#8243;][vc_custom_heading text=\u00bbLicenciatura en Ciencias y Tecnolog\u00eda de los Alimentos\u00bb font_container=\u00bbtag:h2|font_size:30|text_align:left|color:%23dd3333&#8243; google_fonts=\u00bbfont_family:Lato%3A100%2C100italic%2C300%2C300italic%2Cregular%2Citalic%2C700%2C700italic%2C900%2C900italic|font_style:700%20bold%20regular%3A700%3Anormal\u00bb][vc_empty_space height=\u00bb10&#8243;][\/vc_column][\/vc_row][vc_row][vc_column width=\u00bb1\/2&#8243;][vc_tta_accordion style=\u00bbmodern\u00bb shape=\u00bbsquare\u00bb color=\u00bbwhite\u00bb spacing=\u00bb3&#8243; gap=\u00bb3&#8243; active_section=\u00bb0&#8243; no_fill=\u00bbtrue\u00bb collapsible_all=\u00bbtrue\u00bb][vc_tta_section title=\u00bbInstituto de Tecnolog\u00eda de Alimentos (FIQ-UNL)\u00bb tab_id=\u00bb1715611857345-8178a474-9d222557-00e5&#8243;][vc_column_text]Tema de estudio: Caracterizaci\u00f3n [&hellip;]<\/p>\n","protected":false},"author":6,"featured_media":0,"parent":0,"menu_order":0,"comment_status":"closed","ping_status":"closed","template":"","meta":[],"_links":{"self":[{"href":"https:\/\/fiq.unl.edu.ar\/vivilafiq\/wp-json\/wp\/v2\/pages\/9857"}],"collection":[{"href":"https:\/\/fiq.unl.edu.ar\/vivilafiq\/wp-json\/wp\/v2\/pages"}],"about":[{"href":"https:\/\/fiq.unl.edu.ar\/vivilafiq\/wp-json\/wp\/v2\/types\/page"}],"author":[{"embeddable":true,"href":"https:\/\/fiq.unl.edu.ar\/vivilafiq\/wp-json\/wp\/v2\/users\/6"}],"replies":[{"embeddable":true,"href":"https:\/\/fiq.unl.edu.ar\/vivilafiq\/wp-json\/wp\/v2\/comments?post=9857"}],"version-history":[{"count":15,"href":"https:\/\/fiq.unl.edu.ar\/vivilafiq\/wp-json\/wp\/v2\/pages\/9857\/revisions"}],"predecessor-version":[{"id":10562,"href":"https:\/\/fiq.unl.edu.ar\/vivilafiq\/wp-json\/wp\/v2\/pages\/9857\/revisions\/10562"}],"wp:attachment":[{"href":"https:\/\/fiq.unl.edu.ar\/vivilafiq\/wp-json\/wp\/v2\/media?parent=9857"}],"curies":[{"name":"wp","href":"https:\/\/api.w.org\/{rel}","templated":true}]}}